{"id":25972,"date":"2026-03-17T15:38:39","date_gmt":"2026-03-17T14:38:39","guid":{"rendered":"https:\/\/frnix.org\/?page_id=25972"},"modified":"2026-04-09T17:48:47","modified_gmt":"2026-04-09T15:48:47","slug":"idees-recues","status":"publish","type":"page","link":"https:\/\/frnix.org\/de\/ressources\/idees-recues\/","title":{"rendered":"Id\u00e9es Re\u00e7ues"},"content":{"rendered":"<div data-elementor-type=\"wp-page\" data-elementor-id=\"25972\" class=\"elementor elementor-25972\" data-elementor-post-type=\"page\">\n\t\t\t\t<div class=\"elementor-element elementor-element-ffe5795 e-flex e-con-boxed e-con e-parent\" data-id=\"ffe5795\" data-element_type=\"container\" data-e-type=\"container\">\n\t\t\t\t\t<div class=\"e-con-inner\">\n\t\t<div class=\"elementor-element elementor-element-2aeef6a e-grid e-con-full e-con e-child\" data-id=\"2aeef6a\" data-element_type=\"container\" data-e-type=\"container\">\n\t\t\t\t<\/div>\n\t\t\t\t\t<\/div>\n\t\t\t\t<\/div>\n\t\t<div class=\"elementor-element elementor-element-b6a05db e-flex e-con-boxed e-con e-parent\" data-id=\"b6a05db\" data-element_type=\"container\" data-e-type=\"container\">\n\t\t\t\t\t<div class=\"e-con-inner\">\n\t\t<div class=\"elementor-element elementor-element-1eddbed e-con-full e-flex e-con e-child\" data-id=\"1eddbed\" data-element_type=\"container\" data-e-type=\"container\">\n\t\t\t\t<div class=\"elementor-element elementor-element-e3331c6 elementor-widget-laptop__width-initial elementor-widget elementor-widget-heading\" data-id=\"e3331c6\" data-element_type=\"widget\" data-e-type=\"widget\" data-widget_type=\"heading.default\">\n\t\t\t\t\t<h1 class=\"elementor-heading-title elementor-size-default\">Missverst\u00e4ndnisse \u00fcber Peering<\/h1>\t\t\t\t<\/div>\n\t\t\t\t<\/div>\n\t\t\t\t\t<\/div>\n\t\t\t\t<\/div>\n\t\t<div class=\"elementor-element elementor-element-cb8b6c0 e-flex e-con-boxed e-con e-parent\" data-id=\"cb8b6c0\" data-element_type=\"container\" data-e-type=\"container\">\n\t\t\t\t\t<div class=\"e-con-inner\">\n\t\t<div class=\"elementor-element elementor-element-962edcd e-con-full e-flex e-con e-child\" data-id=\"962edcd\" data-element_type=\"container\" data-e-type=\"container\">\n\t\t\t\t<div class=\"elementor-element elementor-element-95ae2ee elementor-widget elementor-widget-text-editor\" data-id=\"95ae2ee\" data-element_type=\"widget\" data-e-type=\"widget\" data-widget_type=\"text-editor.default\">\n\t\t\t\t\t\t\t\t\t<h2 style=\"font-size: 2rem;\">\u00abPeering ist nur f\u00fcr die gro\u00dfen Betreiber und die GAFAMs. Mein Netzwerk ist zu klein, um davon zu profitieren\u00bb.\u00bb<\/h2><p><i>Dies ist einer der am weitesten verbreiteten falschen Glaubenss\u00e4tze! Die Realit\u00e4t ist viel differenzierter und inklusiver.<\/i><\/p><p class=\"MdParagraph\"><span style=\"font-family: 'Lato',sans-serif;\">Internet Exchange Points (IXPs) sind genau das: neutrale Marktpl\u00e4tze, auf denen Netzwerke von <span class=\"MdStrong\">alle Gr\u00f6\u00dfen<\/span> aufeinandertreffen. F\u00fcr einen regionalen ISP, ein Startup, einen Hosting-Anbieter oder einen aufstrebenden Content-Provider ist der Anschluss an ein IXP ein gewaltiger Beschleuniger. Anstatt von ein oder zwei teuren Durchleitungen abh\u00e4ngig zu sein, kann ein einziger Port an einem IXP Hunderte von direkten Routen zu anderen Netzwerken er\u00f6ffnen.<\/span><\/p><p>Das Ergebnis? Geringere Latenz, kontrollierte Bandbreitenkosten und bessere Ausfallsicherheit. Beim Peering geht es nicht um Gr\u00f6\u00dfe, sondern um eine Strategie. Es geht darum, die Inhalte n\u00e4her an die Nutzer zu bringen, und das kommt allen Akteuren des \u00d6kosystems zugute.<\/p>\t\t\t\t\t\t\t\t<\/div>\n\t\t\t\t<\/div>\n\t\t<div class=\"elementor-element elementor-element-8775a2f e-con-full e-flex e-con e-child\" data-id=\"8775a2f\" data-element_type=\"container\" data-e-type=\"container\" data-settings=\"{&quot;background_background&quot;:&quot;classic&quot;}\">\n\t\t\t\t<div class=\"elementor-element elementor-element-869cc2a elementor-widget elementor-widget-text-editor\" data-id=\"869cc2a\" data-element_type=\"widget\" data-e-type=\"widget\" data-widget_type=\"text-editor.default\">\n\t\t\t\t\t\t\t\t\t<p style=\"text-align: left;\">Ich nehme an aPEERo teil, um die Akteure zu entdecken<\/p>\t\t\t\t\t\t\t\t<\/div>\n\t\t<div class=\"elementor-element elementor-element-7d74dfc e-flex e-con-boxed e-con e-child\" data-id=\"7d74dfc\" data-element_type=\"container\" data-e-type=\"container\">\n\t\t\t\t\t<div class=\"e-con-inner\">\n\t\t\t\t<div class=\"elementor-element elementor-element-dba75b5 elementor-align-center elementor-widget__width-initial elementor-widget elementor-widget-button\" data-id=\"dba75b5\" data-element_type=\"widget\" data-e-type=\"widget\" data-widget_type=\"button.default\">\n\t\t\t\t\t\t\t\t\t\t<a class=\"elementor-button elementor-button-link elementor-size-sm\" href=\"https:\/\/frnix.org\/de\/activites\/\">\n\t\t\t\t\t\t<span class=\"elementor-button-content-wrapper\">\n\t\t\t\t\t\t\t\t\t<span class=\"elementor-button-text\">Ich melde mich f\u00fcr aPEERo an<\/span>\n\t\t\t\t\t<\/span>\n\t\t\t\t\t<\/a>\n\t\t\t\t\t\t\t\t<\/div>\n\t\t\t\t<div class=\"elementor-element elementor-element-6b66439 elementor-align-center elementor-widget__width-initial elementor-widget elementor-widget-button\" data-id=\"6b66439\" data-element_type=\"widget\" data-e-type=\"widget\" data-widget_type=\"button.default\">\n\t\t\t\t\t\t\t\t\t\t<a class=\"elementor-button elementor-button-link elementor-size-sm\" href=\"https:\/\/frnix.org\/de\/a-propos\/adherer-a-l-association\/\">\n\t\t\t\t\t\t<span class=\"elementor-button-content-wrapper\">\n\t\t\t\t\t\t\t\t\t<span class=\"elementor-button-text\">Ich bin dabei<\/span>\n\t\t\t\t\t<\/span>\n\t\t\t\t\t<\/a>\n\t\t\t\t\t\t\t\t<\/div>\n\t\t\t\t\t<\/div>\n\t\t\t\t<\/div>\n\t\t\t\t<\/div>\n\t\t\t\t\t<\/div>\n\t\t\t\t<\/div>\n\t\t<div class=\"elementor-element elementor-element-85268ae e-flex e-con-boxed e-con e-parent\" data-id=\"85268ae\" data-element_type=\"container\" data-e-type=\"container\">\n\t\t\t\t\t<div class=\"e-con-inner\">\n\t\t\t\t<div class=\"elementor-element elementor-element-5be4706 elementor-widget elementor-widget-text-editor\" data-id=\"5be4706\" data-element_type=\"widget\" data-e-type=\"widget\" data-widget_type=\"text-editor.default\">\n\t\t\t\t\t\t\t\t\t<h2 style=\"font-size: 2rem;\">\u00abPeering ist kostenlos, es ist ein Austausch von Datenverkehr ohne jegliche Rechnung\u00bb.\u00bb<\/h2><p><em>Vorsicht vor der Verwirrung! Das Grundprinzip des Peerings ist zwar oft \u00absettlement-free\u00bb (ohne finanzielle Abwicklung zwischen den beiden Netzen), aber es ist nicht frei von Kosten.<\/em><\/p><p>\u00abSettlement-free\u00bb bedeutet, dass Netzwerke, die miteinander peeren, vereinbaren, sich gegenseitig den ausgetauschten Datenverkehr nicht in Rechnung zu stellen. Es ist eine f\u00fcr beide Seiten vorteilhafte Vereinbarung, die auf der Annahme beruht, dass der Austausch von Datenverkehr in etwa ausgeglichen ist.<\/p><p>Es gibt jedoch sehr wohl Infrastrukturkosten, die ber\u00fccksichtigt werden m\u00fcssen:<\/p><ul><li><strong>Der Hafen auf dem IXP<\/strong> : Ihre physische Verbindung zur Tauschplattform hat einen Preis.<\/li><li><strong>Transport<\/strong> : Sie m\u00fcssen Ihren Datenverkehr zum IXP leiten, was mit Kosten f\u00fcr Glasfaser oder Leitungen verbunden ist.<\/li><li><strong>Das Material<\/strong> : Router und andere Ger\u00e4te, die zur Verwaltung von Peering-Sitzungen ben\u00f6tigt werden, stellen eine Investition dar.<\/li><\/ul><p>Peering ist also nicht \u00abkostenlos\u00bb, sondern eine strategische Investition. Das Ziel ist, dass die Einsparungen beim Kauf von IP-Transit und die Verbesserung der Leistung diese Infrastrukturkosten mehr als ausgleichen.<\/p>\t\t\t\t\t\t\t\t<\/div>\n\t\t\t\t\t<\/div>\n\t\t\t\t<\/div>\n\t\t<div class=\"elementor-element elementor-element-12b12cc e-flex e-con-boxed e-con e-parent\" data-id=\"12b12cc\" data-element_type=\"container\" data-e-type=\"container\">\n\t\t\t\t\t<div class=\"e-con-inner\">\n\t\t<div class=\"elementor-element elementor-element-5ba78c5 e-con-full e-flex e-con e-child\" data-id=\"5ba78c5\" data-element_type=\"container\" data-e-type=\"container\">\n\t\t\t\t<div class=\"elementor-element elementor-element-12f99c1 elementor-widget elementor-widget-text-editor\" data-id=\"12f99c1\" data-element_type=\"widget\" data-e-type=\"widget\" data-widget_type=\"text-editor.default\">\n\t\t\t\t\t\t\t\t\t<h2 style=\"font-size: 2rem;\">\u00ab Peering ist zu komplex. BGP zu konfigurieren ist ein Albtraum und ich riskiere, dass mein Netzwerk destabilisiert wird\u00bb.\u00bb<\/h2><p><em>Der Ruf von BGP (Border Gateway Protocol) eilt ihm oft voraus. Doch heute ist diese Angst nicht mehr gerechtfertigt.<\/em><\/p><p>BGP ist das Protokoll, das das Internet am Laufen h\u00e4lt, und wie jedes m\u00e4chtige Werkzeug will es beherrscht werden. Das IXP-\u00d6kosystem hat seine Einf\u00fchrung jedoch enorm vereinfacht:<\/p><ul><li><strong>Landstra\u00dfe Servers<\/strong> : Das ist der Schl\u00fcssel! Anstatt Hunderte von einzelnen BGP-Sitzungen mit jedem IXP-Mitglied einrichten zu m\u00fcssen, k\u00f6nnen Sie eine einzige Sitzung mit dem Route Server des IXP aufbauen. Dieser k\u00fcmmert sich dann darum, Ihre Routen an alle anderen verbundenen Mitglieder zu verbreiten (und umgekehrt). Das spart Zeit und reduziert die Komplexit\u00e4t drastisch.<\/li><li><strong>Mehr Kontrolle<\/strong> BGP: Weit davon entfernt, dass Sie die Kontrolle verlieren, gibt Ihnen BGP mehr davon! Sie k\u00f6nnen sehr feine Routing-Richtlinien festlegen, um genau zu entscheiden, wo Ihr Datenverkehr entlanglaufen soll, und so die Leistung und Ausfallsicherheit optimieren.<\/li><li><strong>Gemeinschaft und Unterst\u00fctzung<\/strong> : IXPs sind Gemeinschaften. Es gibt zahlreiche Tutorials und Schulungen, die Ihnen helfen, Ihre Kompetenz zu steigern. Nehmen Sie an unseren BGP-Workshops teil, die von anerkannten Experten erstellt und durchgef\u00fchrt werden.<\/li><\/ul><p>Haben Sie keine Angst mehr vor BGP! Es ist Ihr bester Verb\u00fcndeter f\u00fcr eine erfolgreiche Peering-Strategie.<\/p>\t\t\t\t\t\t\t\t<\/div>\n\t\t\t\t<\/div>\n\t\t<div class=\"elementor-element elementor-element-24d7edb e-con-full e-flex e-con e-child\" data-id=\"24d7edb\" data-element_type=\"container\" data-e-type=\"container\" data-settings=\"{&quot;background_background&quot;:&quot;classic&quot;}\">\n\t\t<div class=\"elementor-element elementor-element-c2451d8 e-con-full e-flex e-con e-child\" data-id=\"c2451d8\" data-element_type=\"container\" data-e-type=\"container\" data-settings=\"{&quot;background_background&quot;:&quot;classic&quot;}\">\n\t\t\t\t<div class=\"elementor-element elementor-element-d368ae1 elementor-widget elementor-widget-text-editor\" data-id=\"d368ae1\" data-element_type=\"widget\" data-e-type=\"widget\" data-widget_type=\"text-editor.default\">\n\t\t\t\t\t\t\t\t\t<h4><strong>Holen Sie das Beste aus Ihrem IXP heraus: Melden Sie sich f\u00fcr einen BGP-Workshop an.<\/strong><\/h4>\t\t\t\t\t\t\t\t<\/div>\n\t\t\t\t<div class=\"elementor-element elementor-element-ad3e4fb elementor-widget elementor-widget-image\" data-id=\"ad3e4fb\" data-element_type=\"widget\" data-e-type=\"widget\" data-widget_type=\"image.default\">\n\t\t\t\t\t\t\t\t\t\t\t\t\t\t\t<img decoding=\"async\" src=\"https:\/\/frnix.org\/wp-content\/uploads\/elementor\/thumbs\/sticker-workshop-bgp-ravvn76lw17139s2xy8kc4k3ho5gtralytf1miu7vg.webp\" title=\"sticker-workshop-bgp\" alt=\"sticker-workshop-bgp\" loading=\"lazy\" \/>\t\t\t\t\t\t\t\t\t\t\t\t\t\t\t<\/div>\n\t\t\t\t<div class=\"elementor-element elementor-element-77e979e elementor-align-center elementor-widget elementor-widget-button\" data-id=\"77e979e\" data-element_type=\"widget\" data-e-type=\"widget\" data-widget_type=\"button.default\">\n\t\t\t\t\t\t\t\t\t\t<a class=\"elementor-button elementor-button-link elementor-size-sm\" href=\"https:\/\/frnix.org\/de\/activites\/workshops-bgp\/\">\n\t\t\t\t\t\t<span class=\"elementor-button-content-wrapper\">\n\t\t\t\t\t\t<span class=\"elementor-button-icon\">\n\t\t\t\t<svg aria-hidden=\"true\" class=\"e-font-icon-svg e-fas-arrow-right\" viewbox=\"0 0 448 512\" xmlns=\"http:\/\/www.w3.org\/2000\/svg\"><path d=\"M190.5 66.9l22.2-22.2c9.4-9.4 24.6-9.4 33.9 0L441 239c9.4 9.4 9.4 24.6 0 33.9L246.6 467.3c-9.4 9.4-24.6 9.4-33.9 0l-22.2-22.2c-9.5-9.5-9.3-25 .4-34.3L311.4 296H24c-13.3 0-24-10.7-24-24v-32c0-13.3 10.7-24 24-24h287.4L190.9 101.2c-9.8-9.3-10-24.8-.4-34.3z\"><\/path><\/svg>\t\t\t<\/span>\n\t\t\t\t\t\t\t\t\t<span class=\"elementor-button-text\">Mehr erfahren<\/span>\n\t\t\t\t\t<\/span>\n\t\t\t\t\t<\/a>\n\t\t\t\t\t\t\t\t<\/div>\n\t\t\t\t<\/div>\n\t\t\t\t<\/div>\n\t\t\t\t\t<\/div>\n\t\t\t\t<\/div>\n\t\t<div class=\"elementor-element elementor-element-47d9ebf e-flex e-con-boxed e-con e-parent\" data-id=\"47d9ebf\" data-element_type=\"container\" data-e-type=\"container\">\n\t\t\t\t\t<div class=\"e-con-inner\">\n\t\t<div class=\"elementor-element elementor-element-3c85d20 e-con-full e-flex e-con e-child\" data-id=\"3c85d20\" data-element_type=\"container\" data-e-type=\"container\" data-settings=\"{&quot;background_background&quot;:&quot;classic&quot;}\">\n\t\t\t\t<div class=\"elementor-element elementor-element-95565f3 elementor-widget elementor-widget-text-editor\" data-id=\"95565f3\" data-element_type=\"widget\" data-e-type=\"widget\" data-widget_type=\"text-editor.default\">\n\t\t\t\t\t\t\t\t\t<p style=\"text-align: center;\"><strong>Ich finde das IXP<br \/>am n\u00e4chsten zu mir<\/strong><\/p>\t\t\t\t\t\t\t\t<\/div>\n\t\t\t\t<div class=\"elementor-element elementor-element-15619a5 elementor-align-center elementor-widget elementor-widget-button\" data-id=\"15619a5\" data-element_type=\"widget\" data-e-type=\"widget\" data-widget_type=\"button.default\">\n\t\t\t\t\t\t\t\t\t\t<a class=\"elementor-button elementor-button-link elementor-size-sm\" href=\"https:\/\/frnix.org\/de\/carte-des-ixp-sur-le-territoire-francais\/\">\n\t\t\t\t\t\t<span class=\"elementor-button-content-wrapper\">\n\t\t\t\t\t\t\t\t\t<span class=\"elementor-button-text\">Ich erforsche die Karte<\/span>\n\t\t\t\t\t<\/span>\n\t\t\t\t\t<\/a>\n\t\t\t\t\t\t\t\t<\/div>\n\t\t\t\t<\/div>\n\t\t<div class=\"elementor-element elementor-element-cb8189a e-con-full e-flex e-con e-child\" data-id=\"cb8189a\" data-element_type=\"container\" data-e-type=\"container\">\n\t\t\t\t<div class=\"elementor-element elementor-element-5a2b2ed elementor-widget elementor-widget-text-editor\" data-id=\"5a2b2ed\" data-element_type=\"widget\" data-e-type=\"widget\" data-widget_type=\"text-editor.default\">\n\t\t\t\t\t\t\t\t\t<h2 style=\"font-size: 2rem;\">\u00abPeering kann meinen IP-Transit komplett ersetzen\u00bb.\u00bb<\/h2><p><em>Das ist eine gef\u00e4hrliche Vereinfachung. Peering und Transit sind keine Feinde, sondern wichtige Erg\u00e4nzungen zu einer robusten Konnektivit\u00e4tsstrategie.<\/em><\/p><ul><li>Die <strong>peering<\/strong> bietet Ihnen direkten Zugang zu den Netzwerken der anderen IXP-Mitglieder. Es ist eine direkte Autobahn zu deren Kunden und Dienstleistungen, ohne Zwischenh\u00e4ndler. Es ist ideal f\u00fcr lokalen und hochvolumigen Datenverkehr (Streaming, Gaming, etc.).<\/li><li>Die <strong>IP-Transit<\/strong> bietet Ihnen Zugang zum gesamten globalen Internet. Ihr Transitanbieter hat bereits Peering-Abkommen mit Tausenden von Netzwerken auf der ganzen Welt. Er ist Ihr Tor zu den Zielen, die Sie \u00fcber direktes Peering nicht erreichen k\u00f6nnen.<\/li><\/ul><p><br \/>Ein Netzwerk, das nur Peering betreibt, w\u00e4re isoliert und nicht in der Lage, einen gro\u00dfen Teil des Internets zu erreichen. Umgekehrt w\u00fcrde ein Netzwerk, das nur Transit betreibt, viel Geld f\u00fcr Datenverkehr bezahlen, der lokal billiger und mit besserer Leistung ausgetauscht werden k\u00f6nnte.<\/p><p>Die erfolgreiche Strategie besteht darin, den Gro\u00dfteil Ihres Datenverkehrs \u00fcber Peering abzuwickeln (das ber\u00fchmte Paretosche Gesetz 80\/20) und f\u00fcr den Rest einen oder mehrere Transitanbieter zu behalten. Dies ist das perfekte Gleichgewicht zwischen Leistung, Kosten und Ausfallsicherheit.<\/p>\t\t\t\t\t\t\t\t<\/div>\n\t\t\t\t<\/div>\n\t\t\t\t\t<\/div>\n\t\t\t\t<\/div>\n\t\t<div class=\"elementor-element elementor-element-513d5cb e-flex e-con-boxed e-con e-parent\" data-id=\"513d5cb\" data-element_type=\"container\" data-e-type=\"container\">\n\t\t\t\t\t<div class=\"e-con-inner\">\n\t\t<div class=\"elementor-element elementor-element-5923edf e-con-full e-flex e-con e-child\" data-id=\"5923edf\" data-element_type=\"container\" data-e-type=\"container\">\n\t\t\t\t<div class=\"elementor-element elementor-element-7d68dfa elementor-widget elementor-widget-text-editor\" data-id=\"7d68dfa\" data-element_type=\"widget\" data-e-type=\"widget\" data-widget_type=\"text-editor.default\">\n\t\t\t\t\t\t\t\t\t<h2 style=\"font-size: 2rem;\">\u00abEin IXP ist nur dazu da, die Bandbreitenkosten zu senken\u00bb.\u00bb<\/h2><p><em>Kosten zu senken ist ein gro\u00dfer Vorteil, aber es ist nur die Spitze des Eisbergs. Ein IXP nur aus diesem Blickwinkel zu betrachten, bedeutet, seinen grundlegendsten Wert zu verfehlen.<\/em><\/p><p>Ein IXP ist eine kritische Infrastruktur f\u00fcr die Widerstandsf\u00e4higkeit und die digitale Souver\u00e4nit\u00e4t eines Gebiets. Indem er den Datenverkehr lokal... lokal h\u00e4lt, st\u00e4rkt ein IXP das digitale \u00d6kosystem auf verschiedene Weise:<\/p><ul><li><strong>Resilienz<\/strong> : Wenn ein Unterseekabel unterbrochen wird oder ein gro\u00dfer Transitbetreiber ausf\u00e4llt, bleiben die lokal gehosteten Dienste und die Kommunikation zwischen lokalen Nutzern dank des IXP funktionsf\u00e4hig. Er fungiert als Sicherheitsnetz f\u00fcr das nationale Internet.<\/li><li><strong>Leistung<\/strong> IXP: Durch die Verringerung der Latenz verbessert IXP die Benutzererfahrung bei sensiblen Anwendungen wie Cloud, Online-Gaming, Videokonferenzen und Telemedizin.<\/li><li><strong>Souver\u00e4nit\u00e4t<\/strong> : Ein dynamisches lokales Peering-\u00d6kosystem verringert die Abh\u00e4ngigkeit von ausl\u00e4ndischen Akteuren und internationalen Routen. Es verleiht einer Region oder einem Land mehr Kontrolle \u00fcber seine digitale Infrastruktur.<\/li><li><strong>Innovation<\/strong> : IXPs sind Orte der Begegnung und Zusammenarbeit, die die lokale Innovation f\u00f6rdern. Hier entstehen neue Ideen und Dienstleistungen.<\/li><\/ul><p><br \/>Indem Sie sich mit einem IXP verbinden, optimieren Sie nicht nur Ihre Kosten. Sie beteiligen sich auch aktiv am Aufbau eines robusteren, schnelleren und belastbareren Internets f\u00fcr Ihre Gemeinde.<\/p>\t\t\t\t\t\t\t\t<\/div>\n\t\t\t\t<\/div>\n\t\t<div class=\"elementor-element elementor-element-13e0343 e-con-full e-flex e-con e-child\" data-id=\"13e0343\" data-element_type=\"container\" data-e-type=\"container\" data-settings=\"{&quot;background_background&quot;:&quot;classic&quot;}\">\n\t\t\t\t<div class=\"elementor-element elementor-element-0c6ef02 elementor-align-center elementor-widget elementor-widget-button\" data-id=\"0c6ef02\" data-element_type=\"widget\" data-e-type=\"widget\" data-widget_type=\"button.default\">\n\t\t\t\t\t\t\t\t\t\t<a class=\"elementor-button elementor-button-link elementor-size-sm\" href=\"https:\/\/frnix.org\/de\/pourquoi-les-ixp-sont-importants\/\">\n\t\t\t\t\t\t<span class=\"elementor-button-content-wrapper\">\n\t\t\t\t\t\t\t\t\t<span class=\"elementor-button-text\">Lesen Sie mehr<\/span>\n\t\t\t\t\t<\/span>\n\t\t\t\t\t<\/a>\n\t\t\t\t\t\t\t\t<\/div>\n\t\t\t\t<div class=\"elementor-element elementor-element-32be5b3 elementor-widget elementor-widget-text-editor\" data-id=\"32be5b3\" data-element_type=\"widget\" data-e-type=\"widget\" data-widget_type=\"text-editor.default\">\n\t\t\t\t\t\t\t\t\t<p style=\"text-align: center;\"><span style=\"font-size: 2rem;\">\u201c<\/span>IXPs sind nicht \u00abeinfache Vermittlungsstellen\u00bb. Sie sind Gemeing\u00fcter zur Zusammenschaltung, die Offenheit, Dezentralisierung und Zusammenarbeit unterst\u00fctzen.<span style=\"font-size: 2rem;\">\u201d<\/span><\/p>\t\t\t\t\t\t\t\t<\/div>\n\t\t\t\t<\/div>\n\t\t\t\t\t<\/div>\n\t\t\t\t<\/div>\n\t\t\t\t<\/div>","protected":false},"excerpt":{"rendered":"<p>Id\u00e9es re\u00e7ues sur le peering \u00ab\u00a0Le peering, c&rsquo;est uniquement pour les grands op\u00e9rateurs et les GAFAM. Mon r\u00e9seau est trop petit pour en b\u00e9n\u00e9ficier.\u00a0\u00bb C&rsquo;est l&rsquo;une des fausses croyances les plus r\u00e9pandues ! La r\u00e9alit\u00e9 est bien plus nuanc\u00e9e et inclusive. Les Points d&rsquo;\u00c9change Internet (IXP) sont pr\u00e9cis\u00e9ment des places de march\u00e9 neutres o\u00f9 des [&hellip;]<\/p>\n","protected":false},"author":351,"featured_media":0,"parent":304,"menu_order":0,"comment_status":"closed","ping_status":"closed","template":"","meta":{"footnotes":""},"hf_cat_page":[],"class_list":["post-25972","page","type-page","status-publish","hentry"],"aioseo_notices":[],"_links":{"self":[{"href":"https:\/\/frnix.org\/de\/wp-json\/wp\/v2\/pages\/25972","targetHints":{"allow":["GET"]}}],"collection":[{"href":"https:\/\/frnix.org\/de\/wp-json\/wp\/v2\/pages"}],"about":[{"href":"https:\/\/frnix.org\/de\/wp-json\/wp\/v2\/types\/page"}],"author":[{"embeddable":true,"href":"https:\/\/frnix.org\/de\/wp-json\/wp\/v2\/users\/351"}],"replies":[{"embeddable":true,"href":"https:\/\/frnix.org\/de\/wp-json\/wp\/v2\/comments?post=25972"}],"version-history":[{"count":5,"href":"https:\/\/frnix.org\/de\/wp-json\/wp\/v2\/pages\/25972\/revisions"}],"predecessor-version":[{"id":26344,"href":"https:\/\/frnix.org\/de\/wp-json\/wp\/v2\/pages\/25972\/revisions\/26344"}],"up":[{"embeddable":true,"href":"https:\/\/frnix.org\/de\/wp-json\/wp\/v2\/pages\/304"}],"wp:attachment":[{"href":"https:\/\/frnix.org\/de\/wp-json\/wp\/v2\/media?parent=25972"}],"wp:term":[{"taxonomy":"hf_cat_page","embeddable":true,"href":"https:\/\/frnix.org\/de\/wp-json\/wp\/v2\/hf_cat_page?post=25972"}],"curies":[{"name":"wp","href":"https:\/\/api.w.org\/{rel}","templated":true}]}}