{"id":26255,"date":"2026-04-09T10:10:47","date_gmt":"2026-04-09T08:10:47","guid":{"rendered":"https:\/\/frnix.org\/?page_id=26255"},"modified":"2026-04-14T18:44:16","modified_gmt":"2026-04-14T16:44:16","slug":"elections-2026","status":"publish","type":"page","link":"https:\/\/frnix.org\/de\/ressources\/elections-2026\/","title":{"rendered":"Wahlen 2026"},"content":{"rendered":"<div data-elementor-type=\"wp-page\" data-elementor-id=\"26255\" class=\"elementor elementor-26255\" data-elementor-post-type=\"page\">\n\t\t\t\t<div class=\"elementor-element elementor-element-16f012b e-flex e-con-boxed e-con e-parent\" data-id=\"16f012b\" data-element_type=\"container\" data-e-type=\"container\" data-settings=\"{&quot;background_background&quot;:&quot;classic&quot;,&quot;shape_divider_bottom&quot;:&quot;curve&quot;,&quot;shape_divider_bottom_negative&quot;:&quot;yes&quot;}\">\n\t\t\t\t\t<div class=\"e-con-inner\">\n\t\t\t\t<div class=\"elementor-shape elementor-shape-bottom\" aria-hidden=\"true\" data-negative=\"true\">\n\t\t\t<svg xmlns=\"http:\/\/www.w3.org\/2000\/svg\" viewbox=\"0 0 1000 100\" preserveaspectratio=\"none\">\n\t<path class=\"elementor-shape-fill\" d=\"M500,97C126.7,96.3,0.8,19.8,0,0v100l1000,0V1C1000,19.4,873.3,97.8,500,97z\"\/>\n<\/svg>\t\t<\/div>\n\t\t\t\t<div class=\"elementor-element elementor-element-b194bd1 elementor-widget elementor-widget-heading\" data-id=\"b194bd1\" data-element_type=\"widget\" data-e-type=\"widget\" data-widget_type=\"heading.default\">\n\t\t\t\t\t<h1 class=\"elementor-heading-title elementor-size-default\">Wahl der Mitglieder des Verwaltungsrats 2026<\/h1>\t\t\t\t<\/div>\n\t\t\t\t\t<\/div>\n\t\t\t\t<\/div>\n\t\t<div class=\"elementor-element elementor-element-94e9363 e-flex e-con-boxed e-con e-parent\" data-id=\"94e9363\" data-element_type=\"container\" data-e-type=\"container\">\n\t\t\t\t\t<div class=\"e-con-inner\">\n\t\t\t\t<div class=\"elementor-element elementor-element-1e961ea elementor-widget elementor-widget-text-editor\" data-id=\"1e961ea\" data-element_type=\"widget\" data-e-type=\"widget\" data-widget_type=\"text-editor.default\">\n\t\t\t\t\t\t\t\t\t<p style=\"font-size: 1.2rem; font-weight: bold; color: #0099ff; margin-bottom: 12px;\">Und warum nicht auch Sie?<\/p><h2 style=\"font-size: 2rem; font-weight: 800; margin-bottom: 24px; line-height: 1.2;\">Bewerbungen sind jedes Jahr innerhalb von zwei Monaten vor der Generalversammlung m\u00f6glich.<\/h2><div class=\"body-text\"><p>Wie jedes Jahr wird eine neue <strong>Generalversammlung (GV) des Vereins FRNIX<\/strong> wird stattfinden. Mit der GV kommt auch die Zeit der Abstimmung \u00fcber die Erneuerung der verf\u00fcgbaren Sitze im Verwaltungsrat.<\/p><p>Wenn Sie unsere Vision und unsere Werte teilen und aktiv an der Entwicklung unserer Organisation f\u00fcr die <strong>n\u00e4chsten 3 Jahren<\/strong>, Dann schicken Sie uns Ihre Bewerbung oder erz\u00e4hlen Sie es weiter!<\/p><\/div><hr class=\"divider\" \/>\t\t\t\t\t\t\t\t<\/div>\n\t\t\t\t\t<\/div>\n\t\t\t\t<\/div>\n\t\t<div class=\"elementor-element elementor-element-a1cc2f2 e-flex e-con-boxed e-con e-parent\" data-id=\"a1cc2f2\" data-element_type=\"container\" data-e-type=\"container\">\n\t\t\t\t\t<div class=\"e-con-inner\">\n\t\t<div class=\"elementor-element elementor-element-e1612ef e-con-full e-flex e-con e-child\" data-id=\"e1612ef\" data-element_type=\"container\" data-e-type=\"container\">\n\t\t\t\t<div class=\"elementor-element elementor-element-08956db card card-accent elementor-widget elementor-widget-text-editor\" data-id=\"08956db\" data-element_type=\"widget\" data-e-type=\"widget\" data-widget_type=\"text-editor.default\">\n\t\t\t\t\t\t\t\t\t<p class=\"sub-heading\">Wie viele Sitzpl\u00e4tze stehen zur Verf\u00fcgung?<\/p>\n          <p>Dieses Jahr, <strong>3 Sitze<\/strong> sind im Verwaltungsrat zu erneuern oder zu besetzen.<\/p>\n          <div>\n            <span class=\"badge\">3 Sitze<\/span>\n            <span class=\"badge-outline\">Mandat 3 Jahre<\/span>\n          <\/div>\n\t\t\t\t\t\t\t\t<\/div>\n\t\t\t\t<\/div>\n\t\t<div class=\"elementor-element elementor-element-db15b68 e-con-full e-flex e-con e-child\" data-id=\"db15b68\" data-element_type=\"container\" data-e-type=\"container\">\n\t\t\t\t<div class=\"elementor-element elementor-element-abd69b4 card card-accent elementor-widget elementor-widget-text-editor\" data-id=\"abd69b4\" data-element_type=\"widget\" data-e-type=\"widget\" data-widget_type=\"text-editor.default\">\n\t\t\t\t\t\t\t\t\t <p class=\"sub-heading\">Wer kann sich bewerben?<\/p>\n          <p>Jede Person mit einer <strong>Berufserfahrung im Bereich Telekommunikation \/ Internet \/ Netzzusammenschaltung<\/strong>, Sie ist bereit, sich zu engagieren und ihre Zeit f\u00fcr die Peering-Gemeinschaft in Frankreich zu opfern.<\/p>\n          <div class=\"info-box\" style=\"margin-top:16px;\">\n            Sie k\u00f6nnen sich unabh\u00e4ngig davon bewerben, ob Ihre Organisation Mitglied von FRNIX ist oder nicht, oder ob sie mit France-IX verbunden ist oder nicht.\n          <\/div>\n\t\t\t\t\t\t\t\t<\/div>\n\t\t\t\t<\/div>\n\t\t\t\t\t<\/div>\n\t\t\t\t<\/div>\n\t\t<div class=\"elementor-element elementor-element-ecbe152 e-flex e-con-boxed e-con e-parent\" data-id=\"ecbe152\" data-element_type=\"container\" data-e-type=\"container\">\n\t\t\t\t\t<div class=\"e-con-inner\">\n\t\t\t\t<div class=\"elementor-element elementor-element-5d6fade elementor-widget elementor-widget-text-editor\" data-id=\"5d6fade\" data-element_type=\"widget\" data-e-type=\"widget\" data-widget_type=\"text-editor.default\">\n\t\t\t\t\t\t\t\t\t<h2 class=\"section-heading\">Erwartete Verpflichtung<\/h2><div class=\"body-text\"><p>F\u00fcr diese Aktivit\u00e4t\u00a0<strong>Freiwilliger<\/strong>, Es wird von Ihnen erwartet, dass Sie Ihre Branchenkenntnisse, Ihre F\u00e4higkeit, die Bed\u00fcrfnisse der Gemeinschaft zu erkennen und zu erfassen, und Ihr Engagement, aktiv zur Entwicklung der Organisation beizutragen, einbringen. Die Amtszeit betr\u00e4gt\u00a0<strong>3 Jahre (erneuerbar)<\/strong>.<\/p><\/div>\t\t\t\t\t\t\t\t<\/div>\n\t\t\t\t<div class=\"elementor-element elementor-element-221b276 info-box elementor-widget elementor-widget-text-editor\" data-id=\"221b276\" data-element_type=\"widget\" data-e-type=\"widget\" data-widget_type=\"text-editor.default\">\n\t\t\t\t\t\t\t\t\t<p><strong>Gesch\u00e4tzte Zeit: 8 Stunden pro Monat<\/strong> - 2 Stunden bei VR-Sitzungen und 6 Stunden bei Repr\u00e4sentationen oder im Austausch mit dem Angestelltenteam (in Arbeitsstunden) oder bei der Arbeit an Dossiers und Projekten.<\/p>\t\t\t\t\t\t\t\t<\/div>\n\t\t\t\t<div class=\"elementor-element elementor-element-9bc8393 warning-box elementor-widget elementor-widget-text-editor\" data-id=\"9bc8393\" data-element_type=\"widget\" data-e-type=\"widget\" data-widget_type=\"text-editor.default\">\n\t\t\t\t\t\t\t\t\t<p><strong>Wenn Sie diese Bereitschaft nicht haben, bewerben Sie sich nicht!<\/strong><\/p>\t\t\t\t\t\t\t\t<\/div>\n\t\t\t\t\t<\/div>\n\t\t\t\t<\/div>\n\t\t<div class=\"elementor-element elementor-element-5dc2455 section-light e-flex e-con-boxed e-con e-parent\" data-id=\"5dc2455\" data-element_type=\"container\" data-e-type=\"container\">\n\t\t\t\t\t<div class=\"e-con-inner\">\n\t\t\t\t<div class=\"elementor-element elementor-element-82e4b42 elementor-widget elementor-widget-text-editor\" data-id=\"82e4b42\" data-element_type=\"widget\" data-e-type=\"widget\" data-widget_type=\"text-editor.default\">\n\t\t\t\t\t\t\t\t\t<h2 class=\"section-heading\">Hauptaufgaben der Mitglieder des Verwaltungsrats<\/h2><ul class=\"styled-list\"><li>Arbeitszeit f\u00fcr die Themen aufwenden, f\u00fcr die Sie verantwortlich sind (als Vorsitzender \/ Schatzmeister \/ Sekret\u00e4r oder eine andere Aufgabe, die Ihnen \u00fcbertragen werden kann).<\/li><li>Teilnehmen an <strong>monatliche Treffen<\/strong>(Dauer 2 Stunden).<\/li><li>Teilnehmen an<strong>Pr\u00e4senzveranstaltungen<\/strong>(1-2 Mal pro Jahr, ganzt\u00e4gig und bei der GV).<\/li><li>Den Verein FRNIX repr\u00e4sentieren und als Sprecher fungieren.<\/li><li>Gew\u00e4hrleistung einer aktiven Verbindung zur FRNIX-Community, insbesondere bei der Sammlung von Bed\u00fcrfnissen und Erwartungen.<\/li><li>Beteiligung an der F\u00fchrung von France-IX, insbesondere durch Beitritt zum 2024 eingerichteten Strategieausschuss, in dem vier Pl\u00e4tze f\u00fcr die Verwaltungsratsmitglieder der Vereinigung reserviert sind.<\/li><li>An der Entwicklung des Verbands arbeiten und dabei die Bed\u00fcrfnisse aller Mitglieder (Betreiber, Hosts, Anbieter von Inhalten, Material oder Dienstleistungen usw.) einbeziehen.<\/li><\/ul>\t\t\t\t\t\t\t\t<\/div>\n\t\t\t\t<div class=\"elementor-element elementor-element-12374fb elementor-widget elementor-widget-text-editor\" data-id=\"12374fb\" data-element_type=\"widget\" data-e-type=\"widget\" data-widget_type=\"text-editor.default\">\n\t\t\t\t\t\t\t\t\t<p>Wir w\u00fcnschen uns, dass die\u00a0<strong>Vielfalt unserer Mitglieder<\/strong>\u00a0im Verwaltungsrat vertreten ist. Alle Mitglieder des Verwaltungsrats m\u00fcssen ein\u00a0<span style=\"text-decoration: underline;\"><a href=\"https:\/\/frnix.org\/wp-content\/uploads\/FRNIX_Code-de-conduite-administrateurs.pdf\"><strong>Verhaltenskodex<\/strong><\/a><\/span>\u00a0um die Neutralit\u00e4t bei der Entscheidungsfindung zu gew\u00e4hrleisten und Interessenkonflikte zu vermeiden.<\/p>\t\t\t\t\t\t\t\t<\/div>\n\t\t\t\t\t<\/div>\n\t\t\t\t<\/div>\n\t\t<div class=\"elementor-element elementor-element-7d5e110 e-flex e-con-boxed e-con e-parent\" data-id=\"7d5e110\" data-element_type=\"container\" data-e-type=\"container\">\n\t\t\t\t\t<div class=\"e-con-inner\">\n\t\t\t\t<div class=\"elementor-element elementor-element-8f62161 elementor-widget elementor-widget-text-editor\" data-id=\"8f62161\" data-element_type=\"widget\" data-e-type=\"widget\" data-widget_type=\"text-editor.default\">\n\t\t\t\t\t\t\t\t\t<h2 class=\"section-heading\">Wie und wann bewirbt man sich?<\/h2>\n<div class=\"timeline\">\n<div class=\"timeline-item\">\n<div class=\"timeline-num\">1<\/div>\n<div class=\"timeline-body\">\n<h3>Motivierende Nachricht - 40 Tage vor dem GA (mittags) Freitag, 18. April 2026<\/h3>\n<p>Schicken Sie eine Motivationsnachricht, in der Sie die Themen vorstellen, f\u00fcr die Sie sich engagieren m\u00f6chten. Diese Nachricht sollte folgende Kriterien erf\u00fcllen:<\/p>\n<ul>\n<li>Maximum <strong>300 W\u00f6rter<\/strong>, verfasst in <strong>Franz\u00f6sisch<\/strong><\/li>\n<li>Gesendet \u00fcber unser Kontaktformular : <a href=\"https:\/\/frnix.org\/de\/contact\/\" target=\"_blank\" rel=\"noopener\">frnix.org\/kontakt<\/a><\/li>\n<\/ul>\n<p style=\"margin-top: 10px;\">Ihre Bewerbung wird vom aktuellen Vorstand gepr\u00fcft, und Sie erhalten eine R\u00fcckmeldung.<\/p>\n<\/div>\n<\/div>\n<div class=\"timeline-item\">\n<div class=\"timeline-num\">2<\/div>\n<div class=\"timeline-body\">\n<h3>Vollst\u00e4ndige Unterlagen - 20 Tage vor der GV Dienstag, 5. Mai 2026<\/h3>\n<p>Im Falle einer Best\u00e4tigung m\u00fcssen Sie uns die Elemente schicken, die Sie mit den abstimmenden Mitgliedern teilen m\u00f6chten :<\/p>\n<ul>\n<li><strong>Pr\u00e4sentationsvideo<\/strong> Ihre Bewerbung und die Beitr\u00e4ge, die Sie f\u00fcr den Verein leisten m\u00f6chten - max. 2 Minuten, auf Deutsch, mp4-Format (Smartphone oder Computer, bearbeitet oder nicht)<\/li>\n<li><strong>Ein Foto<\/strong><\/li>\n<li><strong>Link zu Ihrem LinkedIn-Profil<\/strong> oder Lebenslauf im PDF-Format<\/li>\n<\/ul>\n<div class=\"warning-box\" style=\"margin-top: 12px;\">Ohne diese Elemente wird Ihre Bewerbung, auch wenn sie vom VR angenommen wurde, zu <strong>hinf\u00e4llig<\/strong>.<\/div>\n<\/div>\n<\/div>\n<div class=\"timeline-item\">\n<div class=\"timeline-num\">3<\/div>\n<div class=\"timeline-body\">\n<h3>Elektronische Abstimmung - ge\u00f6ffnet 2 Wochen vor der GV<\/h3>\n<p>Die Abstimmung ist elektronisch und wird 2 Wochen vor der GV bis zum Tag der GV er\u00f6ffnet. Ihre Anwesenheit bei der GV ist <strong>empfohlen, aber nicht zwingend erforderlich<\/strong>.<\/p>\n<p style=\"margin-top: 8px;\">Die Kandidaten mit den meisten Stimmen werden gew\u00e4hlt und am Ende der GV und anschlie\u00dfend auf der Website und in den sozialen Netzwerken bekannt gegeben. Die gute Verwaltung des Vereins wird nicht vergessen!&nbsp;<\/p>\n<\/div>\n<\/div>\n<\/div>\t\t\t\t\t\t\t\t<\/div>\n\t\t\t\t\t<\/div>\n\t\t\t\t<\/div>\n\t\t<div class=\"elementor-element elementor-element-c0f0556 e-flex e-con-boxed e-con e-parent\" data-id=\"c0f0556\" data-element_type=\"container\" data-e-type=\"container\">\n\t\t\t\t\t<div class=\"e-con-inner\">\n\t\t\t\t<div class=\"elementor-element elementor-element-8616ef9 elementor-widget elementor-widget-text-editor\" data-id=\"8616ef9\" data-element_type=\"widget\" data-e-type=\"widget\" data-widget_type=\"text-editor.default\">\n\t\t\t\t\t\t\t\t\t<hr class=\"divider\" \/>\n<br>\n<h2 class=\"section-heading\">Warum sollten Sie Teil des FRNIX CA sein?<\/h2>\t\t\t\t\t\t\t\t<\/div>\n\t\t\t\t\t<\/div>\n\t\t\t\t<\/div>\n\t\t<div class=\"elementor-element elementor-element-c477552 grid-3 e-flex e-con-boxed e-con e-parent\" data-id=\"c477552\" data-element_type=\"container\" data-e-type=\"container\">\n\t\t\t\t\t<div class=\"e-con-inner\">\n\t\t<div class=\"elementor-element elementor-element-03f16e4 e-con-full e-flex e-con e-child\" data-id=\"03f16e4\" data-element_type=\"container\" data-e-type=\"container\">\n\t\t\t\t<div class=\"elementor-element elementor-element-d182a52 card elementor-widget elementor-widget-text-editor\" data-id=\"d182a52\" data-element_type=\"widget\" data-e-type=\"widget\" data-widget_type=\"text-editor.default\">\n\t\t\t\t\t\t\t\t\t<h3>Sinnstiftende ehrenamtliche T\u00e4tigkeit<\/h3><p>Die Mitglieder des Verwaltungsrats erhalten keine Verg\u00fctung (Gehalt, Pr\u00e4mien oder Rabatte). Lediglich die Ausgaben, die sie im Zusammenhang mit ihren Aufgaben haben, werden erstattet.<\/p>\t\t\t\t\t\t\t\t<\/div>\n\t\t\t\t<\/div>\n\t\t<div class=\"elementor-element elementor-element-af53150 e-con-full e-flex e-con e-child\" data-id=\"af53150\" data-element_type=\"container\" data-e-type=\"container\">\n\t\t\t\t<div class=\"elementor-element elementor-element-9010bf1 card elementor-widget elementor-widget-text-editor\" data-id=\"9010bf1\" data-element_type=\"widget\" data-e-type=\"widget\" data-widget_type=\"text-editor.default\">\n\t\t\t\t\t\t\t\t\t<h3>Strategische Vision an erster Stelle<\/h3><p>Nur sehr wenige technische Probleme werden im VR diskutiert: Die Mitglieder bringen ihre innovative Vision und ihre Ideen ein, um die Zufriedenheit der Gemeinschaft zu verbessern. Die gute Verwaltung des Vereins wird nicht vergessen.<\/p>\t\t\t\t\t\t\t\t<\/div>\n\t\t\t\t<\/div>\n\t\t<div class=\"elementor-element elementor-element-d29f0ff e-con-full e-flex e-con e-child\" data-id=\"d29f0ff\" data-element_type=\"container\" data-e-type=\"container\">\n\t\t\t\t<div class=\"elementor-element elementor-element-2aa1fe6 card elementor-widget elementor-widget-text-editor\" data-id=\"2aa1fe6\" data-element_type=\"widget\" data-e-type=\"widget\" data-widget_type=\"text-editor.default\">\n\t\t\t\t\t\t\t\t\t<h3>Unternehmensf\u00fchrung von France IX Services<\/h3><p>Beteiligen Sie sich an der Unternehmensf\u00fchrung von France IX Services SAS, indem Sie dem Strategieausschuss beitreten - 4 Pl\u00e4tze sind f\u00fcr Verwaltungsratsmitglieder der Vereinigung reserviert.<\/p>\t\t\t\t\t\t\t\t<\/div>\n\t\t\t\t<\/div>\n\t\t\t\t\t<\/div>\n\t\t\t\t<\/div>\n\t\t<div class=\"elementor-element elementor-element-76723f8 e-flex e-con-boxed e-con e-parent\" data-id=\"76723f8\" data-element_type=\"container\" data-e-type=\"container\">\n\t\t\t\t\t<div class=\"e-con-inner\">\n\t\t\t\t<div class=\"elementor-element elementor-element-a104aad elementor-widget elementor-widget-text-editor\" data-id=\"a104aad\" data-element_type=\"widget\" data-e-type=\"widget\" data-widget_type=\"text-editor.default\">\n\t\t\t\t\t\t\t\t\t<p>Lesen Sie hier die\u00a0<span style=\"text-decoration: underline;\"><a href=\"https:\/\/frnix.org\/de\/a-propos\/le-conseil-d-administration\/\" target=\"_blank\" rel=\"noopener\">Liste der derzeit amtierenden Mitglieder des Verwaltungsrats<\/a><\/span>.<\/p>\t\t\t\t\t\t\t\t<\/div>\n\t\t\t\t\t<\/div>\n\t\t\t\t<\/div>\n\t\t\t\t<\/div>","protected":false},"excerpt":{"rendered":"<p>\u00c9lection des membres du Conseil d&rsquo;Administration 2026 Et pourquoi pas vous ? Les candidatures sont ouvertes chaque ann\u00e9e dans les 2 mois avant l&rsquo;Assembl\u00e9e G\u00e9n\u00e9rale Comme chaque ann\u00e9e, une nouvelle Assembl\u00e9e G\u00e9n\u00e9rale (AG) de l&rsquo;association FRNIX va avoir lieu. Avec l&rsquo;AG vient le temps du vote pour renouveler les si\u00e8ges disponibles au Conseil d&rsquo;Administration. Si [&hellip;]<\/p>\n","protected":false},"author":351,"featured_media":0,"parent":304,"menu_order":30,"comment_status":"closed","ping_status":"closed","template":"","meta":{"footnotes":""},"hf_cat_page":[],"class_list":["post-26255","page","type-page","status-publish","hentry"],"aioseo_notices":[],"_links":{"self":[{"href":"https:\/\/frnix.org\/de\/wp-json\/wp\/v2\/pages\/26255","targetHints":{"allow":["GET"]}}],"collection":[{"href":"https:\/\/frnix.org\/de\/wp-json\/wp\/v2\/pages"}],"about":[{"href":"https:\/\/frnix.org\/de\/wp-json\/wp\/v2\/types\/page"}],"author":[{"embeddable":true,"href":"https:\/\/frnix.org\/de\/wp-json\/wp\/v2\/users\/351"}],"replies":[{"embeddable":true,"href":"https:\/\/frnix.org\/de\/wp-json\/wp\/v2\/comments?post=26255"}],"version-history":[{"count":6,"href":"https:\/\/frnix.org\/de\/wp-json\/wp\/v2\/pages\/26255\/revisions"}],"predecessor-version":[{"id":26654,"href":"https:\/\/frnix.org\/de\/wp-json\/wp\/v2\/pages\/26255\/revisions\/26654"}],"up":[{"embeddable":true,"href":"https:\/\/frnix.org\/de\/wp-json\/wp\/v2\/pages\/304"}],"wp:attachment":[{"href":"https:\/\/frnix.org\/de\/wp-json\/wp\/v2\/media?parent=26255"}],"wp:term":[{"taxonomy":"hf_cat_page","embeddable":true,"href":"https:\/\/frnix.org\/de\/wp-json\/wp\/v2\/hf_cat_page?post=26255"}],"curies":[{"name":"wp","href":"https:\/\/api.w.org\/{rel}","templated":true}]}}