{"id":269,"date":"2023-11-05T19:11:55","date_gmt":"2023-11-05T18:11:55","guid":{"rendered":"https:\/\/frnix.org\/?page_id=269"},"modified":"2025-11-07T10:55:37","modified_gmt":"2025-11-07T09:55:37","slug":"lassociation","status":"publish","type":"page","link":"https:\/\/frnix.org\/de\/a-propos\/lassociation\/","title":{"rendered":"Der Verein"},"content":{"rendered":"<div data-elementor-type=\"wp-page\" data-elementor-id=\"269\" class=\"elementor elementor-269\" data-elementor-post-type=\"page\">\n\t\t\t\t<div class=\"elementor-element elementor-element-ee7ae54 e-flex e-con-boxed e-con e-parent\" data-id=\"ee7ae54\" data-element_type=\"container\" data-e-type=\"container\" data-settings=\"{&quot;background_background&quot;:&quot;classic&quot;,&quot;shape_divider_bottom&quot;:&quot;curve&quot;,&quot;shape_divider_bottom_negative&quot;:&quot;yes&quot;}\">\n\t\t\t\t\t<div class=\"e-con-inner\">\n\t\t\t\t<div class=\"elementor-shape elementor-shape-bottom\" aria-hidden=\"true\" data-negative=\"true\">\n\t\t\t<svg xmlns=\"http:\/\/www.w3.org\/2000\/svg\" viewbox=\"0 0 1000 100\" preserveaspectratio=\"none\">\n\t<path class=\"elementor-shape-fill\" d=\"M500,97C126.7,96.3,0.8,19.8,0,0v100l1000,0V1C1000,19.4,873.3,97.8,500,97z\"\/>\n<\/svg>\t\t<\/div>\n\t\t\t\t<div class=\"elementor-element elementor-element-9e33541 elementor-widget-mobile__width-initial elementor-widget elementor-widget-heading\" data-id=\"9e33541\" data-element_type=\"widget\" data-e-type=\"widget\" data-widget_type=\"heading.default\">\n\t\t\t\t\t<h1 class=\"elementor-heading-title elementor-size-default\">Der Verein FRNIX<\/h1>\t\t\t\t<\/div>\n\t\t\t\t\t<\/div>\n\t\t\t\t<\/div>\n\t\t<div class=\"elementor-element elementor-element-30d3ab3 e-flex e-con-boxed e-con e-parent\" data-id=\"30d3ab3\" data-element_type=\"container\" data-e-type=\"container\" data-settings=\"{&quot;background_background&quot;:&quot;classic&quot;,&quot;shape_divider_bottom&quot;:&quot;curve&quot;,&quot;shape_divider_bottom_negative&quot;:&quot;yes&quot;}\">\n\t\t\t\t\t<div class=\"e-con-inner\">\n\t\t\t\t<div class=\"elementor-shape elementor-shape-bottom\" aria-hidden=\"true\" data-negative=\"true\">\n\t\t\t<svg xmlns=\"http:\/\/www.w3.org\/2000\/svg\" viewbox=\"0 0 1000 100\" preserveaspectratio=\"none\">\n\t<path class=\"elementor-shape-fill\" d=\"M500,97C126.7,96.3,0.8,19.8,0,0v100l1000,0V1C1000,19.4,873.3,97.8,500,97z\"\/>\n<\/svg>\t\t<\/div>\n\t\t<div class=\"elementor-element elementor-element-f68a4e1 e-flex e-con-boxed e-con e-child\" data-id=\"f68a4e1\" data-element_type=\"container\" data-e-type=\"container\">\n\t\t\t\t\t<div class=\"e-con-inner\">\n\t\t<div class=\"elementor-element elementor-element-e737aea e-con-full e-flex e-con e-child\" data-id=\"e737aea\" data-element_type=\"container\" data-e-type=\"container\" data-settings=\"{&quot;background_background&quot;:&quot;gradient&quot;}\">\n\t\t<div class=\"elementor-element elementor-element-b3f220b e-con-full e-flex e-con e-child\" data-id=\"b3f220b\" data-element_type=\"container\" data-e-type=\"container\">\n\t\t<div class=\"elementor-element elementor-element-ff16d51 e-con-full e-flex e-con e-child\" data-id=\"ff16d51\" data-element_type=\"container\" data-e-type=\"container\">\n\t\t\t\t<div class=\"elementor-element elementor-element-4d81670 elementor-widget-mobile__width-inherit elementor-widget elementor-widget-heading\" data-id=\"4d81670\" data-element_type=\"widget\" data-e-type=\"widget\" data-widget_type=\"heading.default\">\n\t\t\t\t\t<h2 class=\"elementor-heading-title elementor-size-default\">Das Wort des Pr\u00e4sidenten<\/h2>\t\t\t\t<\/div>\n\t\t\t\t<div class=\"elementor-element elementor-element-361f575 elementor-widget-mobile__width-inherit elementor-widget elementor-widget-heading\" data-id=\"361f575\" data-element_type=\"widget\" data-e-type=\"widget\" data-widget_type=\"heading.default\">\n\t\t\t\t\t<h6 class=\"elementor-heading-title elementor-size-default\">Philippe Duby<\/h6>\t\t\t\t<\/div>\n\t\t\t\t<div class=\"elementor-element elementor-element-42b91d0 elementor-widget-mobile__width-inherit elementor-widget elementor-widget-heading\" data-id=\"42b91d0\" data-element_type=\"widget\" data-e-type=\"widget\" data-widget_type=\"heading.default\">\n\t\t\t\t\t<h6 class=\"elementor-heading-title elementor-size-default\">Vorsitzender von FRNIX Association <\/h6>\t\t\t\t<\/div>\n\t\t\t\t<\/div>\n\t\t<div class=\"elementor-element elementor-element-2a0526a e-con-full e-flex e-con e-child\" data-id=\"2a0526a\" data-element_type=\"container\" data-e-type=\"container\" data-settings=\"{&quot;background_background&quot;:&quot;classic&quot;}\">\n\t\t\t\t<div class=\"elementor-element elementor-element-0880a4f elementor-widget__width-initial elementor-widget elementor-widget-image\" data-id=\"0880a4f\" data-element_type=\"widget\" data-e-type=\"widget\" data-widget_type=\"image.default\">\n\t\t\t\t\t\t\t\t\t\t\t\t\t\t\t<img decoding=\"async\" width=\"150\" height=\"150\" src=\"https:\/\/frnix.org\/wp-content\/uploads\/Philippe_Duby-1-150x150.webp\" class=\"attachment-thumbnail size-thumbnail wp-image-1248\" alt=\"Philippe Duby\" srcset=\"https:\/\/frnix.org\/wp-content\/uploads\/.\/Philippe_Duby-1-150x150.webp 150w, https:\/\/frnix.org\/wp-content\/uploads\/Philippe_Duby-1.webp 200w\" sizes=\"(max-width: 150px) 100vw, 150px\" \/>\t\t\t\t\t\t\t\t\t\t\t\t\t\t\t<\/div>\n\t\t\t\t<\/div>\n\t\t\t\t<\/div>\n\t\t<div class=\"elementor-element elementor-element-fd14b10 e-con-full e-flex e-con e-child\" data-id=\"fd14b10\" data-element_type=\"container\" data-e-type=\"container\">\n\t\t\t\t<div class=\"elementor-element elementor-element-2e9691d elementor-widget-mobile__width-initial elementor-widget__width-initial elementor-widget-tablet__width-initial elementor-widget elementor-widget-text-editor\" data-id=\"2e9691d\" data-element_type=\"widget\" data-e-type=\"widget\" data-widget_type=\"text-editor.default\">\n\t\t\t\t\t\t\t\t\t<p>FRNIX belebt die Peering- und Interconnection-Community in Frankreich. Sie ist aus der Fusion zweier Verb\u00e4nde hervorgegangen: France IX Association und Rezopole. Jede dieser Strukturen existierte, um einen IXP zu tragen, beide sind nun in FRNIX vereint.<\/p><p>Seit 2022 m\u00f6chte der Verwaltungsrat, dem ich vorstehe, dem Verein eine neue Dynamik verleihen, indem er neue Aktivit\u00e4ten entwickelt. Wir haben insbesondere einige Gemeinschaftsdienste \u00fcbernommen, die den Erfolg von Rezopole in Lyon begr\u00fcndet haben. Das Prinzip besteht jedoch darin, von nun an der gesamten Gemeinschaft auf nationaler Ebene zu dienen und sich auf die Animation der Gemeinschaft zu konzentrieren. Samuel Triolet, mit dem ich Rezopole gegr\u00fcndet hatte, hat sich bereit erkl\u00e4rt, Generaldelegierter zu werden, und ich danke ihm daf\u00fcr, da er seine gro\u00dfe Erfahrung einbringt.<\/p><p>Wir konzentrieren unsere Aktivit\u00e4ten haupts\u00e4chlich auf Mitglieder und zuk\u00fcnftige Mitglieder :<\/p><ul><li>Animation der Mitgliedergemeinschaft durch die Organisation von Veranstaltungen, die die aktive Kontaktaufnahme der Mitglieder erleichtern sollen.<\/li><li>Organisation von technischen Workshops zu interessanten Themen rund um Peering, BGP und im weiteren Sinne der Datenverbindung.<\/li><\/ul><p>Unser Ziel ist es, in unserer Community alle Akteure zu vereinen, die sich mit der Internet-Zusammenschaltung in Frankreich besch\u00e4ftigen, egal ob Sie IXP, Betreiber, Content-Provider, Netzwerk-Integrator, Hardware-Hersteller, Unternehmen oder Beh\u00f6rden sind oder ganz allgemein alle Akteure, die sich mit unserem Thema verbunden f\u00fchlen.<\/p><p>Wir werden darauf achten, dass wir nicht mit einer Berufsgewerkschaft gleichgesetzt werden.<\/p><p>Die Wahrung der Transparenz scheint uns Teil der grundlegenden Doktrin eines Verbandes zu sein, insbesondere wenn er konkurrierende Strukturen jeglicher Gr\u00f6\u00dfe und nationalen Herkunft gemeinsam agieren l\u00e4sst.<\/p><p>Sie k\u00f6nnen sich darauf verlassen, dass der Vorstand Sie vertritt und ein offenes Ohr f\u00fcr Ihre Bed\u00fcrfnisse hat.<\/p>\t\t\t\t\t\t\t\t<\/div>\n\t\t\t\t<\/div>\n\t\t\t\t<\/div>\n\t\t\t\t\t<\/div>\n\t\t\t\t<\/div>\n\t\t\t\t\t<\/div>\n\t\t\t\t<\/div>\n\t\t<div class=\"elementor-element elementor-element-eee16c7 e-flex e-con-boxed e-con e-parent\" data-id=\"eee16c7\" data-element_type=\"container\" data-e-type=\"container\" data-settings=\"{&quot;background_background&quot;:&quot;classic&quot;}\">\n\t\t\t\t\t<div class=\"e-con-inner\">\n\t\t\t\t<div class=\"elementor-element elementor-element-829aa5d elementor-widget elementor-widget-heading\" data-id=\"829aa5d\" data-element_type=\"widget\" data-e-type=\"widget\" data-widget_type=\"heading.default\">\n\t\t\t\t\t<h4 class=\"elementor-heading-title elementor-size-default\">Ein wenig Geschichte<\/h4>\t\t\t\t<\/div>\n\t\t<div class=\"elementor-element elementor-element-914dc1c e-flex e-con-boxed e-con e-child\" data-id=\"914dc1c\" data-element_type=\"container\" data-e-type=\"container\" data-settings=\"{&quot;background_background&quot;:&quot;classic&quot;}\">\n\t\t\t\t\t<div class=\"e-con-inner\">\n\t\t\t\t<div class=\"elementor-element elementor-element-710d9a8 elementor-widget elementor-widget-text-editor\" data-id=\"710d9a8\" data-element_type=\"widget\" data-e-type=\"widget\" data-widget_type=\"text-editor.default\">\n\t\t\t\t\t\t\t\t\t<p>FRNIX ist ein Verein nach dem Gesetz von 1901, der aus der Fusion zweier Strukturen entstanden ist:<\/p><ul><li>France IX Association, 2010 von einer Gruppe von Akteuren gegr\u00fcndet, die einen IXP in Paris und Frankreich gr\u00fcnden wollten und diese Rolle an France IX Services SASU mit dem IXP FranceIX delegiert hatten.<\/li><li>Rezopole, ein weiterer Verein, der 2001 in Lyon gegr\u00fcndet wurde und IXPs au\u00dferhalb dieser Stadt eingerichtet hatte (Lyon Grenoble Annecy).<\/li><\/ul><p>Das Ziel beider Strukturen war das gleiche: den Austausch und die \u00dcbertragung von Daten durch die Einrichtung eines IXP zu erleichtern, damit die Datenstr\u00f6me lokal bleiben k\u00f6nnen, was eine Vielzahl von technischen, finanziellen und wirtschaftlichen Vorteilen mit sich bringt.<\/p><p>Um dieses Ziel zu erreichen, hat die SAS France-IX Services den Internet Exchange Point (IXP) FranceIX mit POPs in Lille, Paris, Lyon, Marseille, Grenoble und Toulouse gegr\u00fcndet und betreibt ihn.<\/p><p>IXPs erm\u00f6glichen es den digitalen Akteuren, sich direkt miteinander zu verbinden, ohne einen Vermittler einschalten zu m\u00fcssen.<\/p><p>FRNIX verwaltet nicht nur das IXP FranceIX \u00fcber seine Tochtergesellschaft France-IX Services SAS, sondern f\u00fchrt auch Aktivit\u00e4ten zur Sensibilisierung und F\u00f6rderung des neutralen und offenen Internets durch. Sie organisiert Veranstaltungen, stellt ihren Mitgliedern Ressourcen zur Verf\u00fcgung und beteiligt sich haupts\u00e4chlich an nationalen Arbeitsgruppen.<\/p>\t\t\t\t\t\t\t\t<\/div>\n\t\t\t\t\t<\/div>\n\t\t\t\t<\/div>\n\t\t\t\t\t<\/div>\n\t\t\t\t<\/div>\n\t\t<div class=\"elementor-element elementor-element-27dbd3e e-con-full e-flex e-con e-parent\" data-id=\"27dbd3e\" data-element_type=\"container\" data-e-type=\"container\" data-settings=\"{&quot;background_background&quot;:&quot;gradient&quot;}\">\n\t\t<div class=\"elementor-element elementor-element-b12fbf5 e-flex e-con-boxed e-con e-child\" data-id=\"b12fbf5\" data-element_type=\"container\" data-e-type=\"container\" data-settings=\"{&quot;background_background&quot;:&quot;classic&quot;}\">\n\t\t\t\t\t<div class=\"e-con-inner\">\n\t\t<div class=\"elementor-element elementor-element-af654a0 e-flex e-con-boxed e-con e-child\" data-id=\"af654a0\" data-element_type=\"container\" data-e-type=\"container\">\n\t\t\t\t\t<div class=\"e-con-inner\">\n\t\t\t\t<div class=\"elementor-element elementor-element-8b78444 elementor-widget elementor-widget-heading\" data-id=\"8b78444\" data-element_type=\"widget\" data-e-type=\"widget\" data-widget_type=\"heading.default\">\n\t\t\t\t\t<h4 class=\"elementor-heading-title elementor-size-default\">Die Fusion France-IX \/ Rezopole<\/h4>\t\t\t\t<\/div>\n\t\t\t\t\t<\/div>\n\t\t\t\t<\/div>\n\t\t\t\t\t<\/div>\n\t\t\t\t<\/div>\n\t\t<div class=\"elementor-element elementor-element-e6b7b03 e-flex e-con-boxed e-con e-child\" data-id=\"e6b7b03\" data-element_type=\"container\" data-e-type=\"container\">\n\t\t\t\t\t<div class=\"e-con-inner\">\n\t\t\t\t<div class=\"elementor-element elementor-element-038d558 elementor-widget elementor-widget-text-editor\" data-id=\"038d558\" data-element_type=\"widget\" data-e-type=\"widget\" data-widget_type=\"text-editor.default\">\n\t\t\t\t\t\t\t\t\t<p>Rezopole und France-IX, zwei der gr\u00f6\u00dften Internet Exchange Points in Frankreich, haben am 1. Januar 2021 fusioniert. Diese Fusion best\u00e4tigte die Tatsache, dass FranceIX der gr\u00f6\u00dfte franz\u00f6sische IXP ist.<\/p><p>Rezopole betrieb LyonIX, das gr\u00f6\u00dfte regionale IXP in Frankreich, mit einem Datenverkehr von 80 Gbps im Jahr 2020 und 100 angeschlossenen Mitgliedern. FranceIX seinerseits hatte bereits einen Datenverkehr von \u00fcber 1 Tbps und \u00fcber 400 Mitglieder. Durch die Zusammenlegung dieser beiden IXPs wurde ein neuer IXP geschaffen, der \u00fcber f\u00fcnf St\u00e4dte (Paris, Lyon, Marseille, Grenoble, Toulouse) verteilt ist und den verbundenen Personen in den Regionen am n\u00e4chsten steht. Der Traffic von FranceIX liegt nun bei fast 3 Tbs (November 2023).<\/p><p><span style=\"color: var( --e-global-color-text ); font-size: 1.1rem; text-align: var(--text-align); background-color: transparent;\">Diese Fusion war eine gute Nachricht f\u00fcr das franz\u00f6sische Internet-\u00d6kosystem. Sie erm\u00f6glichte es, die Konnektivit\u00e4t zwischen den verschiedenen Internetnetzwerken in Frankreich zu verbessern und zur digitalen Souver\u00e4nit\u00e4t des Landes beizutragen.<\/span><\/p><p>Die Hauptvorteile dieser Fusion zwischen Rezopole und France-IX sind folgende:<\/p><ul><li>St\u00e4rkung der Konnektivit\u00e4t zwischen den Internetnetzen in Frankreich: Durch die Fusion wurden die Ressourcen der beiden IXPs zusammengef\u00fchrt, was die Kapazit\u00e4t f\u00fcr den Austausch von Datenverkehr zwischen den verschiedenen Interessengruppen des franz\u00f6sischen Internet-\u00d6kosystems erh\u00f6ht hat.<\/li><li>Beitrag zur digitalen Souver\u00e4nit\u00e4t des Landes: Durch den Zusammenschluss entsteht ein gr\u00f6\u00dferes und widerstandsf\u00e4higeres IXP, das zur St\u00e4rkung der digitalen Souver\u00e4nit\u00e4t des Landes beitr\u00e4gt.<\/li><li>H\u00f6here Effizienz und Zuverl\u00e4ssigkeit des Internetverkehrs: Durch den Zusammenschluss wurden weniger Netzabschnitte ben\u00f6tigt, um den Internetverkehr zu leiten, wodurch die Effizienz und Zuverl\u00e4ssigkeit des Verkehrs verbessert wurde.<\/li><li>Vermeidung von Konkurrenz zwischen zwei franz\u00f6sischen Vereinsstrukturen.<\/li><\/ul>\t\t\t\t\t\t\t\t<\/div>\n\t\t\t\t\t<\/div>\n\t\t\t\t<\/div>\n\t\t\t\t<\/div>\n\t\t<div class=\"elementor-element elementor-element-c3427f8 e-con-full e-flex e-con e-parent\" data-id=\"c3427f8\" data-element_type=\"container\" data-e-type=\"container\">\n\t\t<div class=\"elementor-element elementor-element-e85d4b5 e-flex e-con-boxed e-con e-child\" data-id=\"e85d4b5\" data-element_type=\"container\" data-e-type=\"container\" data-settings=\"{&quot;background_background&quot;:&quot;classic&quot;}\">\n\t\t\t\t\t<div class=\"e-con-inner\">\n\t\t<div class=\"elementor-element elementor-element-8bb0384 e-flex e-con-boxed e-con e-child\" data-id=\"8bb0384\" data-element_type=\"container\" data-e-type=\"container\">\n\t\t\t\t\t<div class=\"e-con-inner\">\n\t\t\t\t<div class=\"elementor-element elementor-element-07a290c elementor-widget elementor-widget-heading\" data-id=\"07a290c\" data-element_type=\"widget\" data-e-type=\"widget\" data-widget_type=\"heading.default\">\n\t\t\t\t\t<h4 class=\"elementor-heading-title elementor-size-default\">Warum beitreten?<\/h4>\t\t\t\t<\/div>\n\t\t\t\t\t<\/div>\n\t\t\t\t<\/div>\n\t\t\t\t\t<\/div>\n\t\t\t\t<\/div>\n\t\t<div class=\"elementor-element elementor-element-48cb73b e-flex e-con-boxed e-con e-child\" data-id=\"48cb73b\" data-element_type=\"container\" data-e-type=\"container\">\n\t\t\t\t\t<div class=\"e-con-inner\">\n\t\t\t\t<div class=\"elementor-element elementor-element-a390f9b elementor-widget elementor-widget-text-editor\" data-id=\"a390f9b\" data-element_type=\"widget\" data-e-type=\"widget\" data-widget_type=\"text-editor.default\">\n\t\t\t\t\t\t\t\t\t<p>Jede private oder \u00f6ffentliche, franz\u00f6sische oder ausl\u00e4ndische Struktur kann FRNIX beitreten. Es ist nicht notwendig, auf dem IXP FranceIX (verwaltet von France-IX Services SASU, dessen einziger Aktion\u00e4r der Verein ist) angemeldet zu sein, um dem Verein beizutreten.<\/p><p class=\"Standard\">Durch eine Mitgliedschaft bei FRNIX k\u00f6nnen Sie sich aktiv engagieren, Entscheidungen durch Ihre Stimmen beeinflussen, von Schulungsressourcen und Networking profitieren und zum gemeinsamen Wohl des Peering- und Interconnection-\u00d6kosystems in Frankreich zusammenarbeiten.<\/p><p class=\"Standard\">Die derzeitigen Mitglieder sind: Franzosen oder Ausl\u00e4nder, nationale oder internationale Lokale, Internetdienstanbieter, Betreiber von Dark Fibre (CLECs), Hosting-Unternehmen, Rechenzentren, Cloud-Provider, IT-Dienstleister, SSLLs, Netzwerkintegratoren, \u00f6ffentliche Strukturen, private Unternehmen (die nicht im Internet t\u00e4tig sind), CDNs, wichtige internationale Akteure, Akteure im Bereich der Netzwerk- und Internetsicherheit im Besonderen.<\/p><h4 class=\"Standard\" style=\"text-align: left;\">Vorteile f\u00fcr Ihre Struktur<\/h4><p class=\"Standard\">Sie werden vertreten und k\u00f6nnen bei Generalversammlungen abstimmen, Entscheidungen beeinflussen und die strategische Ausrichtung und Politik, die von der Vereinigung verfolgt wird, mitbestimmen.<\/p><p class=\"Standard\">Sie profitieren von Workshops und technischen Schulungen und k\u00f6nnen Ihre Teams auf Best Practices, Branchentrends und technologische Entwicklungen ausgerichtet halten.<\/p><p class=\"Standard\">Sie werden vom menschlichen Netzwerk von FRNIX profitieren. Networking, Gesch\u00e4ftsbeziehungen, Erfahrungsaustausch und Zusammenarbeit mit anderen Mitgliedern, unabh\u00e4ngig davon, ob sie gr\u00f6\u00dfer oder kleiner als Ihre Struktur sind.<\/p><p class=\"Standard\">Neben technischen Aspekten bieten der Verband und seine Mitglieder auch informell Unterst\u00fctzung bei Fragen wie vertraglichen, kommerziellen oder organisatorischen Aspekten. Der Informationsaustausch spielt eine wichtige Rolle, selbst in einem Verband, der tendenziell eher Konkurrenten zusammenbringt.<\/p><p class=\"Standard\">Durch die Zusammenf\u00fchrung von Akteuren mit unterschiedlichen Hintergr\u00fcnden schafft der Verein eine echte Gemeinschaft und f\u00f6rdert so die Kooperation und Zusammenarbeit zwischen den Mitgliedern.<\/p>\t\t\t\t\t\t\t\t<\/div>\n\t\t\t\t\t<\/div>\n\t\t\t\t<\/div>\n\t\t\t\t<\/div>\n\t\t\t\t<\/div>","protected":false},"excerpt":{"rendered":"<p>L&rsquo;Association FRNIX\u200b Le Mot du Pr\u00e9sident Philippe Duby Pr\u00e9sident de FRNIX Association FRNIX anime la communaut\u00e9 du peering et l&rsquo;interconnexion en France. Elle est issue de la fusion de deux associations : France IX Association et Rezopole. Chacune de ces structures existait pour porter un IXP, les deux \u00e9tant d\u00e9sormais r\u00e9unies dans FRNIX. Depuis 2022, [&hellip;]<\/p>\n","protected":false},"author":26,"featured_media":0,"parent":267,"menu_order":39,"comment_status":"closed","ping_status":"closed","template":"","meta":{"footnotes":""},"hf_cat_page":[],"class_list":["post-269","page","type-page","status-publish","hentry"],"aioseo_notices":[],"_links":{"self":[{"href":"https:\/\/frnix.org\/de\/wp-json\/wp\/v2\/pages\/269","targetHints":{"allow":["GET"]}}],"collection":[{"href":"https:\/\/frnix.org\/de\/wp-json\/wp\/v2\/pages"}],"about":[{"href":"https:\/\/frnix.org\/de\/wp-json\/wp\/v2\/types\/page"}],"author":[{"embeddable":true,"href":"https:\/\/frnix.org\/de\/wp-json\/wp\/v2\/users\/26"}],"replies":[{"embeddable":true,"href":"https:\/\/frnix.org\/de\/wp-json\/wp\/v2\/comments?post=269"}],"version-history":[{"count":1,"href":"https:\/\/frnix.org\/de\/wp-json\/wp\/v2\/pages\/269\/revisions"}],"predecessor-version":[{"id":18787,"href":"https:\/\/frnix.org\/de\/wp-json\/wp\/v2\/pages\/269\/revisions\/18787"}],"up":[{"embeddable":true,"href":"https:\/\/frnix.org\/de\/wp-json\/wp\/v2\/pages\/267"}],"wp:attachment":[{"href":"https:\/\/frnix.org\/de\/wp-json\/wp\/v2\/media?parent=269"}],"wp:term":[{"taxonomy":"hf_cat_page","embeddable":true,"href":"https:\/\/frnix.org\/de\/wp-json\/wp\/v2\/hf_cat_page?post=269"}],"curies":[{"name":"wp","href":"https:\/\/api.w.org\/{rel}","templated":true}]}}