{"id":293,"date":"2023-11-05T19:19:54","date_gmt":"2023-11-05T18:19:54","guid":{"rendered":"https:\/\/frnix.org\/?page_id=293"},"modified":"2026-04-22T15:22:21","modified_gmt":"2026-04-22T13:22:21","slug":"ripe-training","status":"publish","type":"page","link":"https:\/\/frnix.org\/de\/activites\/ripe-training\/","title":{"rendered":"RIPE-Training"},"content":{"rendered":"\t\t<div data-elementor-type=\"wp-page\" data-elementor-id=\"293\" class=\"elementor elementor-293\" data-elementor-post-type=\"page\">\n\t\t\t\t<div class=\"elementor-element elementor-element-552a20c e-flex e-con-boxed e-con e-parent\" data-id=\"552a20c\" data-element_type=\"container\" data-e-type=\"container\">\n\t\t\t\t\t<div class=\"e-con-inner\">\n\t\t<div class=\"elementor-element elementor-element-c28954a e-con-full e-flex e-con e-child\" data-id=\"c28954a\" data-element_type=\"container\" data-e-type=\"container\" data-settings=\"{&quot;shape_divider_bottom&quot;:&quot;tilt&quot;,&quot;background_background&quot;:&quot;classic&quot;}\">\n\t\t\t\t<div class=\"elementor-shape elementor-shape-bottom\" aria-hidden=\"true\" data-negative=\"false\">\n\t\t\t<svg xmlns=\"http:\/\/www.w3.org\/2000\/svg\" viewBox=\"0 0 1000 100\" preserveAspectRatio=\"none\">\n\t<path class=\"elementor-shape-fill\" d=\"M0,6V0h1000v100L0,6z\"\/>\n<\/svg>\t\t<\/div>\n\t\t\t\t<div class=\"elementor-element elementor-element-1abf5d1 elementor-widget__width-inherit elementor-widget elementor-widget-image\" data-id=\"1abf5d1\" data-element_type=\"widget\" data-e-type=\"widget\" data-widget_type=\"image.default\">\n\t\t\t\t\t\t\t\t\t\t\t\t\t\t\t<img decoding=\"async\" width=\"1200\" height=\"1\" src=\"https:\/\/frnix.org\/wp-content\/uploads\/20181010_WBGP-scaled-1200.webp\" class=\"attachment-custom-1200 size-custom-1200 wp-image-3707\" alt=\"\" srcset=\"https:\/\/frnix.org\/wp-content\/uploads\/.\/20181010_WBGP-scaled-1200.webp 1200w, https:\/\/frnix.org\/wp-content\/uploads\/.\/20181010_WBGP-scaled-600.webp 600w, https:\/\/frnix.org\/wp-content\/uploads\/.\/20181010_WBGP-scaled-300.webp 300w, https:\/\/frnix.org\/wp-content\/uploads\/.\/20181010_WBGP-scaled-150x150.webp 150w\" sizes=\"(max-width: 1200px) 100vw, 1200px\" \/>\t\t\t\t\t\t\t\t\t\t\t\t\t\t\t<\/div>\n\t\t\t\t<\/div>\n\t\t<div class=\"elementor-element elementor-element-4f85cb2 e-con-full e-flex e-con e-child\" data-id=\"4f85cb2\" data-element_type=\"container\" data-e-type=\"container\">\n\t\t\t\t<div class=\"elementor-element elementor-element-cf25e73 elementor-widget__width-initial elementor-widget-tablet__width-initial elementor-widget elementor-widget-heading\" data-id=\"cf25e73\" data-element_type=\"widget\" data-e-type=\"widget\" data-widget_type=\"heading.default\">\n\t\t\t\t\t<h2 class=\"elementor-heading-title elementor-size-default\">RIPE Masterclass<\/h1><\/h2>\t\t\t\t<\/div>\n\t\t\t\t<\/div>\n\t\t\t\t\t<\/div>\n\t\t\t\t<\/div>\n\t\t<div class=\"elementor-element elementor-element-84b6928 e-flex e-con-boxed e-con e-parent\" data-id=\"84b6928\" data-element_type=\"container\" data-e-type=\"container\">\n\t\t\t\t\t<div class=\"e-con-inner\">\n\t\t<div class=\"elementor-element elementor-element-47e456d e-con-full e-flex e-con e-child\" data-id=\"47e456d\" data-element_type=\"container\" data-e-type=\"container\">\n\t\t<div class=\"elementor-element elementor-element-6b40255 e-flex e-con-boxed e-con e-child\" data-id=\"6b40255\" data-element_type=\"container\" data-e-type=\"container\">\n\t\t\t\t\t<div class=\"e-con-inner\">\n\t\t\t\t<div class=\"elementor-element elementor-element-f76153b elementor-widget elementor-widget-heading\" data-id=\"f76153b\" data-element_type=\"widget\" data-e-type=\"widget\" data-widget_type=\"heading.default\">\n\t\t\t\t\t<h4 class=\"elementor-heading-title elementor-size-default\">Pourquoi devenir LIR chez RIPE ?<\/h4>\t\t\t\t<\/div>\n\t\t\t\t<div class=\"elementor-element elementor-element-fda956c elementor-widget elementor-widget-heading\" data-id=\"fda956c\" data-element_type=\"widget\" data-e-type=\"widget\" data-widget_type=\"heading.default\">\n\t\t\t\t\t<div class=\"elementor-heading-title elementor-size-default\">RIPE ? LIR ? R\u00e9seaux IP Europ\u00e9ens - Network Coordination Centre ? Local Internet Registry ?<\/div>\t\t\t\t<\/div>\n\t\t\t\t\t<\/div>\n\t\t\t\t<\/div>\n\t\t\t\t<\/div>\n\t\t<div class=\"elementor-element elementor-element-05e5bf8 e-con-full e-flex e-con e-child\" data-id=\"05e5bf8\" data-element_type=\"container\" data-e-type=\"container\">\n\t\t<div class=\"elementor-element elementor-element-1fddc2f e-con-full animated-slow e-flex elementor-invisible e-con e-child\" data-id=\"1fddc2f\" data-element_type=\"container\" data-e-type=\"container\" data-settings=\"{&quot;background_background&quot;:&quot;classic&quot;,&quot;animation&quot;:&quot;fadeIn&quot;}\">\n\t\t\t\t<div class=\"elementor-element elementor-element-c612589 elementor-widget elementor-widget-heading\" data-id=\"c612589\" data-element_type=\"widget\" data-e-type=\"widget\" data-widget_type=\"heading.default\">\n\t\t\t\t\t<h5 class=\"elementor-heading-title elementor-size-default\">Futurs Workshops RIPE<\/h5>\t\t\t\t<\/div>\n\t\t\t\t<div class=\"elementor-element elementor-element-dc60da0 elementor-widget__width-initial elementor-widget elementor-widget-jet-listing-grid\" data-id=\"dc60da0\" data-element_type=\"widget\" data-e-type=\"widget\" data-settings=\"{&quot;columns&quot;:&quot;1&quot;}\" data-widget_type=\"jet-listing-grid.default\">\n\t\t\t\t\t<div class=\"jet-listing-grid jet-listing\"><div class=\"jet-listing-not-found jet-listing-grid__items\" data-nav=\"{&quot;enabled&quot;:true,&quot;type&quot;:&quot;scroll&quot;,&quot;more_el&quot;:null,&quot;query&quot;:{&quot;query_id&quot;:34,&quot;posts_per_page&quot;:10,&quot;signature&quot;:&quot;43ef4943b44b8ce88d8dd91a345f1f9ad584185cfb76c39e458392fa20f1fe5a&quot;},&quot;widget_settings&quot;:{&quot;lisitng_id&quot;:19896,&quot;posts_num&quot;:10,&quot;columns&quot;:1,&quot;columns_tablet&quot;:1,&quot;columns_mobile&quot;:1,&quot;column_min_width&quot;:240,&quot;column_min_width_tablet&quot;:240,&quot;column_min_width_mobile&quot;:240,&quot;inline_columns_css&quot;:false,&quot;is_archive_template&quot;:&quot;&quot;,&quot;post_status&quot;:[&quot;publish&quot;],&quot;use_random_posts_num&quot;:&quot;&quot;,&quot;max_posts_num&quot;:9,&quot;not_found_message&quot;:&quot;Sur demande&quot;,&quot;is_masonry&quot;:false,&quot;equal_columns_height&quot;:&quot;yes&quot;,&quot;use_load_more&quot;:&quot;yes&quot;,&quot;load_more_id&quot;:&quot;&quot;,&quot;load_more_type&quot;:&quot;scroll&quot;,&quot;load_more_offset&quot;:{&quot;unit&quot;:&quot;px&quot;,&quot;size&quot;:0,&quot;sizes&quot;:[]},&quot;use_custom_post_types&quot;:&quot;yes&quot;,&quot;custom_post_types&quot;:[&quot;events&quot;],&quot;hide_widget_if&quot;:&quot;&quot;,&quot;carousel_enabled&quot;:&quot;&quot;,&quot;slides_to_scroll&quot;:&quot;1&quot;,&quot;arrows&quot;:&quot;true&quot;,&quot;arrow_icon&quot;:&quot;fa fa-angle-left&quot;,&quot;dots&quot;:&quot;&quot;,&quot;autoplay&quot;:&quot;true&quot;,&quot;pause_on_hover&quot;:&quot;true&quot;,&quot;autoplay_speed&quot;:5000,&quot;infinite&quot;:&quot;true&quot;,&quot;center_mode&quot;:&quot;&quot;,&quot;effect&quot;:&quot;slide&quot;,&quot;speed&quot;:500,&quot;inject_alternative_items&quot;:&quot;&quot;,&quot;injection_items&quot;:[],&quot;scroll_slider_enabled&quot;:&quot;&quot;,&quot;scroll_slider_on&quot;:[&quot;desktop&quot;,&quot;tablet&quot;,&quot;mobile&quot;],&quot;custom_query&quot;:&quot;yes&quot;,&quot;custom_query_id&quot;:&quot;34&quot;,&quot;_element_id&quot;:&quot;&quot;,&quot;collapse_first_last_gap&quot;:false,&quot;list_tag_selection&quot;:&quot;&quot;,&quot;list_items_wrapper_tag&quot;:&quot;div&quot;,&quot;list_item_tag&quot;:&quot;div&quot;,&quot;empty_items_wrapper_tag&quot;:&quot;div&quot;}}\" data-listing-source=\"query\" data-listing-id=\"19896\" data-query-id=\"34\" data-queried-id=\"293|WP_Post\">Sur demande<\/div><\/div>\t\t\t\t<\/div>\n\t\t\t\t<\/div>\n\t\t\t\t<\/div>\n\t\t\t\t\t<\/div>\n\t\t\t\t<\/div>\n\t\t<div class=\"elementor-element elementor-element-51f2658 e-flex e-con-boxed e-con e-parent\" data-id=\"51f2658\" data-element_type=\"container\" data-e-type=\"container\">\n\t\t\t\t\t<div class=\"e-con-inner\">\n\t\t\t\t<div class=\"elementor-element elementor-element-056e26c elementor-widget elementor-widget-text-editor\" data-id=\"056e26c\" data-element_type=\"widget\" data-e-type=\"widget\" data-widget_type=\"text-editor.default\">\n\t\t\t\t\t\t\t\t\t<p>Si tout cela ne signifie rien pour vous, il serait peut-\u00eatre temps de vous int\u00e9resser au sujet.<\/p><p class=\"Standard\">Le <strong>RIPE-NCC <\/strong><strong>(R\u00e9seaux IP Europ\u00e9ens &#8211; Network Coordination Centre)\u00a0<\/strong>est un des cinq bureaux d&rsquo;enregistrement mondiaux, les Registres Internet R\u00e9gionaux (RIR), en charge de l\u2019allocation des ressources internet,\u00a0l\u2019enregistrement, et des activit\u00e9s de coordination pour la promotion de\u00a0l\u2019Internet \u00e0 l\u2019\u00e9chelle mondiale.<\/p><p class=\"Standard\" align=\"justify\">Votre pr\u00e9sence sur internet, et sur un IXP en particulier est\u00a0signal\u00e9e aux r\u00e9seaux des autres connect\u00e9s de l&rsquo;IXP par votre ASN (Autonomous\u00a0System Number). Ce num\u00e9ro est indispensable pour la mise en place des\u00a0interconnexions et du routage BGP. De la m\u00eame mani\u00e8re si vous voulez venir sur\u00a0un IXP, vous devez disposer de vos propres adresses IP.<\/p><p class=\"Standard\" align=\"justify\">Tant que vous n&rsquo;avez pas d&rsquo;ASN et vos propres adresses IP,\u00a0vous restez d\u00e9pendant d&rsquo;un fournisseur d&rsquo;acc\u00e8s ou d&rsquo;un h\u00e9bergeur, qui lui,\u00a0dispose de ces ressources.<\/p><p class=\"Standard\" align=\"justify\">Mais vous pouvez obtenir un ASN et des adresses IP aupr\u00e8s du\u00a0RIPE-NCC en devenant LIR.<\/p><p class=\"Standard\" style=\"text-align: center;\"><strong>Si vous avez la volont\u00e9 de faire du peering, c&rsquo;est m\u00eame une\u00a0obligation.<\/strong><\/p><p class=\"Standard\" align=\"justify\">Devenir un Local Internet Registry aupr\u00e8s du RIPE-NCC, n&rsquo;est\u00a0pas difficile. Il suffit de suivre une proc\u00e9dure et de comprendre comment le\u00a0syst\u00e8me fonctionne. Cela vous permet obtenir un ou plusieurs ASN, des blocs\u00a0d\u2019adresses IPv6 et un nombre limit\u00e9 d\u2019adresses IPv4. (Tr\u00e8s limit\u00e9 m\u00eame, et sur\u00a0liste d&rsquo;attente. Il y a quelques ann\u00e9es encore, cela allait tr\u00e8s vite et \u00e9tait\u00a0presque gratuit. Il est temps de d\u00e9marrer vos d\u00e9marches d\u00e8s aujourd&rsquo;hui!)<\/p><p class=\"Standard\" align=\"justify\">\u00catre LIR signifie disposer de ses propres ressources IP et\u00a0ASN, ce qui vous permet de\u00a0:<\/p><ul><li class=\"Standard\">Devenir visible sur l\u2019Internet ;<\/li><li class=\"Standard\">Devenir ind\u00e9pendant d\u2019un ou plusieurs FAI \u00a0;<\/li><li class=\"Standard\">Entrer r\u00e9ellement\u00a0dans le r\u00e9seau Internet\u00a0;<\/li><li class=\"Standard\">Participer \u00e0 la r\u00e9silience du r\u00e9seau ;<\/li><li class=\"Standard\">Entrer dans la cours des \u00ab\u00a0grands\u00a0\u00bb.<\/li><\/ul><p class=\"Textbody\" style=\"margin: 15.0pt 0cm 0cm 0cm;\"><strong>FRNIX vous conseille<\/strong><\/p><p class=\"Standard\" align=\"justify\">Fort de notre exp\u00e9rience, en gestion d&rsquo;IXP et en tant que\u00a0LIR, FRNIX vous conseille et vous aide dans vos d\u00e9marches aupr\u00e8s\u00a0du RIPE-NCC\u00a0:<\/p><ul><li class=\"Standard\">Analyse et validation de vos besoins ;<\/li><li class=\"Standard\">Collecte des informations et documents requis ;<\/li><li class=\"Standard\">Inscription et suivi ;<\/li><li class=\"Standard\">Accompagnement de demande d\u2019ASN ;<\/li><li class=\"Standard\">Accompagnement de demande de bloc d\u2019adresses IPv6 et IPv4.<\/li><\/ul><p><strong>L&rsquo;organisation de cette prestation se fait en 3\u00a0demi-journ\u00e9es.<\/strong><\/p><p class=\"Standard\" align=\"justify\">1 Une premi\u00e8re r\u00e9union avec notre expert a lieu pour vous pr\u00e9senter le panorama de la d\u00e9marche, l&rsquo;environnement d&rsquo;obtention, et d&rsquo;organiser la r\u00e9cup\u00e9ration des documents n\u00e9cessaires.<\/p><p class=\"Standard\" align=\"justify\">2 La deuxi\u00e8me r\u00e9union permet d&rsquo;effectuer la demande, de remplir les formulaires en \u00e9tant certain de n&rsquo;avoir rien oubli\u00e9.<\/p><p class=\"Standard\" align=\"justify\">3 La troisi\u00e8me atelier permet de r\u00e9cup\u00e9rer les objets (ASN et IP) attribu\u00e9s pour pouvoir ensuite les utiliser.<\/p><p class=\"Standard\"><strong>\u00a0<\/strong><\/p><p class=\"Standard\"><strong>Et apr\u00e8s\u2026<\/strong><\/p><p class=\"Standard\" align=\"justify\">En possession de votre ASN, de vos adresses IP, vous pouvez commencer \u00e0 faire du peering !\u00a0 Vous g\u00e9rez enfin votre r\u00e9seau. Vous reprenez la main sur vos infrastructures internet. Vous rentrez dans la cours des grands. Avec un port sur un IXP, vous pouvez faire du peering avec les autres ASN disponibles sur votre IXP favori.<\/p><p align=\"justify\">Vous pouvez aussi utiliser votre ASN uniquement pour faire du multi-homing (avoir plusieurs fournisseurs de transit, full view, ou pas) et laisser BGP choisir vos meilleures routes vers internet.<\/p><p class=\"Standard\" align=\"justify\">La gestion du peering n\u00e9cessite de conna\u00eetre les \u00e9l\u00e9ments fondamentaux du Border Gateway Protocol (BGP). FRNIX vous propose de participer au Workshop BGP, une session de 2 jours permettant \u00e0 vos ing\u00e9nieurs r\u00e9seaux de d\u00e9couvrir l\u2019int\u00e9gralit\u00e9 du protocole et de s\u2019exercer \u00e0 la configuration d\u2019un routeur BGP en suivant les meilleures pratiques de la profession.<\/p><p align=\"justify\"><strong>Et au niveau \u20ac\u20ac\u20ac&#8230;<\/strong><\/p><ul><li class=\"Standard\">Cette prestation est factur\u00e9e 1.500\u00a0\u20ac\u00a0HT (pour les membres).<\/li><li class=\"Standard\">Ce tarif ne comprend pas les co\u00fbts d\u2019inscription et\u00a0d\u2019abonnement au RIPE-NCC.<\/li><\/ul><p class=\"Textbody\" style=\"margin: 15.0pt 0cm 0cm 0cm;\">Pour information, l\u2019inscription au RIPE-NCC varie autour de 2 000 \u20ac HT, pour un LIR. Et un co\u00fbt suppl\u00e9mentaire (environ 50 \u20ac) par objet assign\u00e9 IPv4 ou IPv6 ou ASN). L&rsquo;abonnement annuel est ensuite de 1.400 \u20ac plus co\u00fbt des objets. (Tarifs 2025 \u00e0 valider sur le site web de <a href=\"https:\/\/www.ripe.net\">RIPE<\/a>.<\/p>\t\t\t\t\t\t\t\t<\/div>\n\t\t\t\t\t<\/div>\n\t\t\t\t<\/div>\n\t\t\t\t<\/div>\n\t\t","protected":false},"excerpt":{"rendered":"<p>RIPE Masterclass Pourquoi devenir LIR chez RIPE ? RIPE ? LIR ? R\u00e9seaux IP Europ\u00e9ens &#8211; Network Coordination Centre ? Local Internet Registry ? Futurs Workshops RIPE Sur demande Si tout cela ne signifie rien pour vous, il serait peut-\u00eatre temps de vous int\u00e9resser au sujet. Le RIPE-NCC (R\u00e9seaux IP Europ\u00e9ens &#8211; Network Coordination Centre)\u00a0est [&hellip;]<\/p>\n","protected":false},"author":26,"featured_media":0,"parent":278,"menu_order":37,"comment_status":"closed","ping_status":"closed","template":"","meta":{"footnotes":""},"hf_cat_page":[],"class_list":["post-293","page","type-page","status-publish","hentry"],"aioseo_notices":[],"_links":{"self":[{"href":"https:\/\/frnix.org\/de\/wp-json\/wp\/v2\/pages\/293","targetHints":{"allow":["GET"]}}],"collection":[{"href":"https:\/\/frnix.org\/de\/wp-json\/wp\/v2\/pages"}],"about":[{"href":"https:\/\/frnix.org\/de\/wp-json\/wp\/v2\/types\/page"}],"author":[{"embeddable":true,"href":"https:\/\/frnix.org\/de\/wp-json\/wp\/v2\/users\/26"}],"replies":[{"embeddable":true,"href":"https:\/\/frnix.org\/de\/wp-json\/wp\/v2\/comments?post=293"}],"version-history":[{"count":5,"href":"https:\/\/frnix.org\/de\/wp-json\/wp\/v2\/pages\/293\/revisions"}],"predecessor-version":[{"id":26711,"href":"https:\/\/frnix.org\/de\/wp-json\/wp\/v2\/pages\/293\/revisions\/26711"}],"up":[{"embeddable":true,"href":"https:\/\/frnix.org\/de\/wp-json\/wp\/v2\/pages\/278"}],"wp:attachment":[{"href":"https:\/\/frnix.org\/de\/wp-json\/wp\/v2\/media?parent=293"}],"wp:term":[{"taxonomy":"hf_cat_page","embeddable":true,"href":"https:\/\/frnix.org\/de\/wp-json\/wp\/v2\/hf_cat_page?post=293"}],"curies":[{"name":"wp","href":"https:\/\/api.w.org\/{rel}","templated":true}]}}