{"id":308,"date":"2023-11-05T19:28:51","date_gmt":"2023-11-05T18:28:51","guid":{"rendered":"https:\/\/frnix.org\/?page_id=308"},"modified":"2025-11-07T10:55:36","modified_gmt":"2025-11-07T09:55:36","slug":"faq","status":"publish","type":"page","link":"https:\/\/frnix.org\/de\/ressources\/faq\/","title":{"rendered":"FAQ"},"content":{"rendered":"<div data-elementor-type=\"wp-page\" data-elementor-id=\"308\" class=\"elementor elementor-308\" data-elementor-post-type=\"page\">\n\t\t\t\t<div class=\"elementor-element elementor-element-29d3efb e-flex e-con-boxed e-con e-parent\" data-id=\"29d3efb\" data-element_type=\"container\" data-e-type=\"container\" data-settings=\"{&quot;background_background&quot;:&quot;classic&quot;,&quot;shape_divider_bottom&quot;:&quot;curve&quot;,&quot;shape_divider_bottom_negative&quot;:&quot;yes&quot;}\">\n\t\t\t\t\t<div class=\"e-con-inner\">\n\t\t\t\t<div class=\"elementor-shape elementor-shape-bottom\" aria-hidden=\"true\" data-negative=\"true\">\n\t\t\t<svg xmlns=\"http:\/\/www.w3.org\/2000\/svg\" viewbox=\"0 0 1000 100\" preserveaspectratio=\"none\">\n\t<path class=\"elementor-shape-fill\" d=\"M500,97C126.7,96.3,0.8,19.8,0,0v100l1000,0V1C1000,19.4,873.3,97.8,500,97z\"\/>\n<\/svg>\t\t<\/div>\n\t\t\t\t<div class=\"elementor-element elementor-element-5560520 elementor-widget elementor-widget-heading\" data-id=\"5560520\" data-element_type=\"widget\" data-e-type=\"widget\" data-widget_type=\"heading.default\">\n\t\t\t\t\t<h2 class=\"elementor-heading-title elementor-size-default\">FAQs<\/h2>\t\t\t\t<\/div>\n\t\t\t\t\t<\/div>\n\t\t\t\t<\/div>\n\t\t<div class=\"elementor-element elementor-element-04f2006 e-flex e-con-boxed e-con e-parent\" data-id=\"04f2006\" data-element_type=\"container\" data-e-type=\"container\">\n\t\t\t\t\t<div class=\"e-con-inner\">\n\t\t\t\t<div class=\"elementor-element elementor-element-eb8bd8e elementor-widget elementor-widget-text-editor\" data-id=\"eb8bd8e\" data-element_type=\"widget\" data-e-type=\"widget\" data-widget_type=\"text-editor.default\">\n\t\t\t\t\t\t\t\t\t<h4><strong>Verschiedene<\/strong><\/h4>\t\t\t\t\t\t\t\t<\/div>\n\t\t\t\t\t<\/div>\n\t\t\t\t<\/div>\n\t\t<div class=\"elementor-element elementor-element-0f3dc44 e-flex e-con-boxed e-con e-parent\" data-id=\"0f3dc44\" data-element_type=\"container\" data-e-type=\"container\">\n\t\t\t\t\t<div class=\"e-con-inner\">\n\t\t\t\t<div class=\"elementor-element elementor-element-5fb5171 elementor-widget elementor-widget-text-editor\" data-id=\"5fb5171\" data-element_type=\"widget\" data-e-type=\"widget\" data-widget_type=\"text-editor.default\">\n\t\t\t\t\t\t\t\t\t<h5><strong>Was sind die Vorteile einer FRNIX-Mitgliedschaft?,Auf FRNIX-Publikationen erscheinen,Kann man FRNIX beitreten, auch wenn man nicht auf France-IX eingeloggt ist?,Kann man FRNIX als nat\u00fcrliche Person beitreten?,Kann ich Sponsor einer von FRNIX organisierten Veranstaltung sein?,Kann man f\u00fcr den Vorstand kandidieren, ohne Mitglied von FRNIX zu sein?,Was ist die Geschichte des Zusammenschlusses von Rezopole und FRNIX?,Rezopole war das gr\u00f6\u00dfte regionale IXP in Frankreich mit einem Datenverkehr von 80 Gbps im Jahr 2020. LyonIX war eines der gr\u00f6\u00dften IXPs in Frankreich, gemessen an der Mitgliederzahl. FranceIX seinerseits hatte bereits einen Datenverkehr von \u00fcber 1 Tbps. Durch die Zusammenlegung dieser beiden IXPs wurde ein neues IXP geschaffen, das \u00fcber f\u00fcnf St\u00e4dte (Paris, Lyon, Marseille, Grenoble, Toulouse) verteilt ist und den Anschl\u00fcssen in den Regionen am n\u00e4chsten ist. Der Traffic von FranceIX betr\u00e4gt nun fast 3 Tbs (November 2023).,Man beachte die Vorteile dieser Fusion zwischen Rezopole und France-IX:,Mehrere Kriterien sind zu ber\u00fccksichtigen:<\/strong><\/h5><ul><li class=\"Standard\">Stimmrecht bei Wahlen f\u00fcr aktive Mitglieder (nicht f\u00fcr Partner- oder Einzelmitglieder)<\/li><li class=\"Standard\">Rabatte auf die Leistungen des Vereins haben<\/li><li class=\"Standard\">Vorrangig zu Veranstaltungen des Vereins eingeladen werden<\/li><li class=\"Standard\">Apparaitre sur les publications de FRNIX<\/li><\/ul>\t\t\t\t\t\t\t\t<\/div>\n\t\t\t\t\t<\/div>\n\t\t\t\t<\/div>\n\t\t<div class=\"elementor-element elementor-element-06122ca e-flex e-con-boxed e-con e-parent\" data-id=\"06122ca\" data-element_type=\"container\" data-e-type=\"container\">\n\t\t\t\t\t<div class=\"e-con-inner\">\n\t\t\t\t<div class=\"elementor-element elementor-element-6ee1f6a elementor-widget elementor-widget-text-editor\" data-id=\"6ee1f6a\" data-element_type=\"widget\" data-e-type=\"widget\" data-widget_type=\"text-editor.default\">\n\t\t\t\t\t\t\t\t\t<h5><strong>Kann man FRNIX beitreten, auch wenn man nicht bei France-IX oder einem anderen IXP eingeloggt ist?<\/strong><\/h5><p style=\"padding-left: 40px;\">Ja, kontaktieren Sie uns!<\/p>\t\t\t\t\t\t\t\t<\/div>\n\t\t\t\t\t<\/div>\n\t\t\t\t<\/div>\n\t\t<div class=\"elementor-element elementor-element-00a43ce e-flex e-con-boxed e-con e-parent\" data-id=\"00a43ce\" data-element_type=\"container\" data-e-type=\"container\">\n\t\t\t\t\t<div class=\"e-con-inner\">\n\t\t\t\t<div class=\"elementor-element elementor-element-c2bfe1e elementor-widget elementor-widget-text-editor\" data-id=\"c2bfe1e\" data-element_type=\"widget\" data-e-type=\"widget\" data-widget_type=\"text-editor.default\">\n\t\t\t\t\t\t\t\t\t<h5><strong>Peut-on adh\u00e9rer \u00e0 FRNIX en tant que personne physique ?<\/strong><\/h5>\n<p style=\"padding-left: 40px;\">Ja seit 2025 ist die Mitgliedschaft als Einzelmitglied m\u00f6glich.<\/p>\t\t\t\t\t\t\t\t<\/div>\n\t\t\t\t\t<\/div>\n\t\t\t\t<\/div>\n\t\t<div class=\"elementor-element elementor-element-f61dd2a e-flex e-con-boxed e-con e-parent\" data-id=\"f61dd2a\" data-element_type=\"container\" data-e-type=\"container\">\n\t\t\t\t\t<div class=\"e-con-inner\">\n\t\t\t\t<div class=\"elementor-element elementor-element-1e48b99 elementor-widget elementor-widget-text-editor\" data-id=\"1e48b99\" data-element_type=\"widget\" data-e-type=\"widget\" data-widget_type=\"text-editor.default\">\n\t\t\t\t\t\t\t\t\t<h5><strong>Kann man zu jeder Zeit des Jahres beitreten?<\/strong><\/h5><p style=\"padding-left: 40px;\">Ja. Der Beitrag f\u00fcr das erste Jahr wird zeitanteilig bis zum Jahresende berechnet und die n\u00e4chste Mitgliedschaft wird im Januar beantragt.<\/p>\t\t\t\t\t\t\t\t<\/div>\n\t\t\t\t\t<\/div>\n\t\t\t\t<\/div>\n\t\t<div class=\"elementor-element elementor-element-447c530 e-flex e-con-boxed e-con e-parent\" data-id=\"447c530\" data-element_type=\"container\" data-e-type=\"container\">\n\t\t\t\t\t<div class=\"e-con-inner\">\n\t\t\t\t<div class=\"elementor-element elementor-element-22bdc26 elementor-widget elementor-widget-text-editor\" data-id=\"22bdc26\" data-element_type=\"widget\" data-e-type=\"widget\" data-widget_type=\"text-editor.default\">\n\t\t\t\t\t\t\t\t\t<h5><strong>Kann ich zu einer Veranstaltung kommen, ohne Mitglied zu sein?<\/strong><\/h5><p style=\"padding-left: 40px;\">Ja. Kontaktieren Sie uns!<\/p>\t\t\t\t\t\t\t\t<\/div>\n\t\t\t\t\t<\/div>\n\t\t\t\t<\/div>\n\t\t<div class=\"elementor-element elementor-element-d86df26 e-flex e-con-boxed e-con e-parent\" data-id=\"d86df26\" data-element_type=\"container\" data-e-type=\"container\">\n\t\t\t\t\t<div class=\"e-con-inner\">\n\t\t\t\t<div class=\"elementor-element elementor-element-3195acb elementor-widget elementor-widget-text-editor\" data-id=\"3195acb\" data-element_type=\"widget\" data-e-type=\"widget\" data-widget_type=\"text-editor.default\">\n\t\t\t\t\t\t\t\t\t<h5><strong>Puis-je \u00eatre sponsor d\u2019un \u00e9v\u00e8nement organis\u00e9 par FRNIX ?<\/strong><\/h5><p style=\"padding-left: 40px;\">Ja. Kontaktieren Sie uns!<\/p>\t\t\t\t\t\t\t\t<\/div>\n\t\t\t\t\t<\/div>\n\t\t\t\t<\/div>\n\t\t<div class=\"elementor-element elementor-element-bfa07c1 e-flex e-con-boxed e-con e-parent\" data-id=\"bfa07c1\" data-element_type=\"container\" data-e-type=\"container\">\n\t\t\t\t\t<div class=\"e-con-inner\">\n\t\t\t\t<div class=\"elementor-element elementor-element-e9982fe elementor-widget elementor-widget-text-editor\" data-id=\"e9982fe\" data-element_type=\"widget\" data-e-type=\"widget\" data-widget_type=\"text-editor.default\">\n\t\t\t\t\t\t\t\t\t<h5><strong>Peut-on se pr\u00e9senter \u00e0 l\u2019\u00e9lection du conseil d\u2019administration sans \u00eatre membre de FRNIX ?<\/strong><\/h5><p style=\"padding-left: 40px;\">Ja. Kontaktieren Sie uns!<\/p>\t\t\t\t\t\t\t\t<\/div>\n\t\t\t\t\t<\/div>\n\t\t\t\t<\/div>\n\t\t<div class=\"elementor-element elementor-element-052bf71 e-flex e-con-boxed e-con e-parent\" data-id=\"052bf71\" data-element_type=\"container\" data-e-type=\"container\">\n\t\t\t\t\t<div class=\"e-con-inner\">\n\t\t\t\t<div class=\"elementor-element elementor-element-60b81ff elementor-widget elementor-widget-text-editor\" data-id=\"60b81ff\" data-element_type=\"widget\" data-e-type=\"widget\" data-widget_type=\"text-editor.default\">\n\t\t\t\t\t\t\t\t\t<h4><strong>Peering?<\/strong><\/h4>\t\t\t\t\t\t\t\t<\/div>\n\t\t\t\t\t<\/div>\n\t\t\t\t<\/div>\n\t\t<div class=\"elementor-element elementor-element-7aa0cf0 e-flex e-con-boxed e-con e-parent\" data-id=\"7aa0cf0\" data-element_type=\"container\" data-e-type=\"container\">\n\t\t\t\t\t<div class=\"e-con-inner\">\n\t\t\t\t<div class=\"elementor-element elementor-element-6418fab elementor-widget elementor-widget-text-editor\" data-id=\"6418fab\" data-element_type=\"widget\" data-e-type=\"widget\" data-widget_type=\"text-editor.default\">\n\t\t\t\t\t\t\t\t\t<h5><strong>Aber was ist das Peering, von dem Sie uns immer wieder vorschw\u00e4rmen?<\/strong><\/h5><p class=\"Standard\">Peering und die Zusammenschaltung \u00fcber einen IXP (Internet Exchange Point) sind wesentliche Konzepte f\u00fcr das Internet und sein reibungsloses Funktionieren.<\/p><p class=\"Standard\">Ein IXP ist ein physischer Punkt, an dem verschiedene Internetnetzwerke, wie die von Internetdienstanbietern (ISPs), gro\u00dfen Unternehmen, Content-, Website-, CDN-, Videonetzwerken usw., zusammenkommen, um Datenverkehr auszutauschen. All dies findet in Rechenzentren statt.<\/p><p class=\"Standard\">Peering ist eine Vereinbarung, die es zwei Internetnetzwerken erm\u00f6glicht, Datenverkehr ohne direkte Kosten untereinander auszutauschen. Die Idee dahinter ist \"Ich trage deinen Verkehr, du tr\u00e4gst meinen\".<\/p><h4>Die Vorteile des Peerings sind unmittelbar und zahlreich:<\/h4><p class=\"Standard\"><strong>Reduzierung der Kosten<\/strong>\u00a0: Die beiden Akteure m\u00fcssen nicht mehr an einen Dritten zahlen, um ihren Datenverkehr auszutauschen.<\/p><p class=\"Standard\"><strong>Verbesserung der Leistung<\/strong>\u00a0: Weniger Spr\u00fcnge (Schritte) zwischen Netzwerken, was die Latenz (Reaktionszeit) verringern und die Verbindungsgeschwindigkeit verbessern kann, und weniger Risiken durch zwischenzeitliche Ausf\u00e4lle.<\/p><p class=\"Standard\"><strong>Autonomie und Kontrolle<\/strong>\u00a0: Netzwerke k\u00f6nnen direkter verwalten, mit wem sie Datenverkehr austauschen.<\/p><h4>Auswirkungen auf Nutzer und Unternehmen :<\/h4><p class=\"Standard\">Auch wenn diese Konzepte sehr technisch klingen, haben sie einen direkten Einfluss auf die Nutzererfahrung. Eine bessere Zusammenschaltung und ein besseres Peering f\u00fchren immer zu schnelleren Downloads, einer besseren Qualit\u00e4t beim Videostreaming und k\u00fcrzeren Verz\u00f6gerungen z. B. bei Online-Spielen.<\/p><p class=\"Standard\">F\u00fcr Unternehmen, insbesondere f\u00fcr Akteure, die das Internet intensiv nutzen, bedeutet der Einstieg in ein IXP, dass sie zu den Gro\u00dfen geh\u00f6ren und wirklich ein Akteur des Internets werden, anstatt nur ein Kunde des Internets zu sein.<\/p>\t\t\t\t\t\t\t\t<\/div>\n\t\t\t\t\t<\/div>\n\t\t\t\t<\/div>\n\t\t<div class=\"elementor-element elementor-element-2f464e3 e-flex e-con-boxed e-con e-parent\" data-id=\"2f464e3\" data-element_type=\"container\" data-e-type=\"container\">\n\t\t\t\t\t<div class=\"e-con-inner\">\n\t\t\t\t<div class=\"elementor-element elementor-element-5bbcb8b elementor-widget elementor-widget-text-editor\" data-id=\"5bbcb8b\" data-element_type=\"widget\" data-e-type=\"widget\" data-widget_type=\"text-editor.default\">\n\t\t\t\t\t\t\t\t\t<h5><strong>Warum ist es f\u00fcr ein IXP interessant, von einer nicht-kommerziellen Struktur getragen zu werden?<\/strong><\/h5><p class=\"Standard\">Es gibt mehrere Gr\u00fcnde, warum es sich f\u00fcr ein IXP lohnt, von einer nichtkommerziellen Struktur getragen zu werden.<\/p><ul><li class=\"Standard\"><b>Unabh\u00e4ngigkeit <\/b>: Ein IXP muss unabh\u00e4ngig von ISPs, Betreibern und anderen Akteuren bleiben. Entscheidungen werden im Interesse des gesamten Internet-\u00d6kosystems und nicht im Interesse einer einzelnen Gruppe von Akteuren getroffen.<\/li><li class=\"Standard\"><b>Transparenz <\/b>Eine IXP muss gegen\u00fcber ihren Mitgliedern transparent sein, was ihre Operationen und Entscheidungen betrifft. Dies erm\u00f6glicht es den Stakeholdern, zu verstehen, wie die IXP funktioniert, und sicherzustellen, dass sie verantwortungsvoll geleitet wird.<\/li><\/ul><p class=\"Standard\">Nat\u00fcrlich gibt es auch Nachteile, wenn man eine nicht-kommerzielle Struktur ist. Zum Beispiel kann es f\u00fcr einen nicht-kommerziellen IXP schwieriger sein, Geld zu beschaffen und in seine Infrastruktur zu investieren. Aus diesem Grund hat FRNIX beschlossen, den Betrieb des IXP in einer Gesellschaft zu isolieren : <a href=\"https:\/\/www.franceix.net\/fr\/\" target=\"_blank\" rel=\"noopener\">France-IX Dienstleistungen<\/a>.<\/p>\t\t\t\t\t\t\t\t<\/div>\n\t\t\t\t\t<\/div>\n\t\t\t\t<\/div>\n\t\t<div class=\"elementor-element elementor-element-71268b8 e-flex e-con-boxed e-con e-parent\" data-id=\"71268b8\" data-element_type=\"container\" data-e-type=\"container\">\n\t\t\t\t\t<div class=\"e-con-inner\">\n\t\t\t\t<div class=\"elementor-element elementor-element-56501b4 elementor-widget elementor-widget-text-editor\" data-id=\"56501b4\" data-element_type=\"widget\" data-e-type=\"widget\" data-widget_type=\"text-editor.default\">\n\t\t\t\t\t\t\t\t\t<h5><strong>Wie kann ich Peering betreiben?<\/strong><\/h5><p class=\"Standard\">Um Peering zu betreiben, brauchen Sie einen ASN, IP-Adressen und einen BGP-Router. Wenn Sie mehr dar\u00fcber erfahren m\u00f6chten, kontaktieren Sie uns! Sie k\u00f6nnen BGP auch in einem BGP-Workshop erlernen.<\/p>\t\t\t\t\t\t\t\t<\/div>\n\t\t\t\t\t<\/div>\n\t\t\t\t<\/div>\n\t\t<div class=\"elementor-element elementor-element-1928f7e e-flex e-con-boxed e-con e-parent\" data-id=\"1928f7e\" data-element_type=\"container\" data-e-type=\"container\">\n\t\t\t\t\t<div class=\"e-con-inner\">\n\t\t\t\t<div class=\"elementor-element elementor-element-f96902e elementor-widget elementor-widget-text-editor\" data-id=\"f96902e\" data-element_type=\"widget\" data-e-type=\"widget\" data-widget_type=\"text-editor.default\">\n\t\t\t\t\t\t\t\t\t<h5><strong>Was ist ein NSA?<\/strong><\/h5><p class=\"Standard\">Ein Autonomous System (AS) ist eine Nummer, daher Autonomous System Number (ASN). Diese wird von einer RIR (Regional Internet Registry) vergeben. In Europa ist das\u00a0<a href=\"https:\/\/www.ripe.net\" target=\"_blank\" rel=\"noopener\">RIPE<\/a>\u00a0der die ASNs vergibt. Sobald Sie Ihre ASN haben, k\u00f6nnen Sie dort Ihre verschiedenen v4- oder v6-IP-Adressbereiche unterbringen.<\/p><p class=\"Standard\">FRNIX liefert eine <a href=\"https:\/\/frnix.org\/de\/activites\/ripe-training\/\" target=\"_blank\" rel=\"noopener\">Begleitleistung, um seine ASN und IP-Adressen von RIPE zu erhalten<\/a>.<\/p>\t\t\t\t\t\t\t\t<\/div>\n\t\t\t\t\t<\/div>\n\t\t\t\t<\/div>\n\t\t<div class=\"elementor-element elementor-element-87e3c9a e-flex e-con-boxed e-con e-parent\" data-id=\"87e3c9a\" data-element_type=\"container\" data-e-type=\"container\">\n\t\t\t\t\t<div class=\"e-con-inner\">\n\t\t\t\t<div class=\"elementor-element elementor-element-0bb3357 elementor-widget elementor-widget-text-editor\" data-id=\"0bb3357\" data-element_type=\"widget\" data-e-type=\"widget\" data-widget_type=\"text-editor.default\">\n\t\t\t\t\t\t\t\t\t<h5><strong>Was ist Latenz?<\/strong><\/h5><p class=\"Standard\">Latenz ist die Geschwindigkeit, mit der zwei Ger\u00e4te im Internet hin und her wechseln. Einem Computer und einem Server zum Beispiel. Es wird selten \u00fcber die Latenz gesprochen, aber sie ist genauso wichtig wie die Geschwindigkeit. Je geringer die Latenz ist, desto besser ist die Qualit\u00e4t der Verbindung zwischen zwei Punkten im Internet.<\/p><p class=\"Standard\">Die Latenz wird in ms (Tausendstelsekunden) berechnet. Und in der Regel wird RTT angegeben, was f\u00fcr Round Trip Time steht, also Zeit f\u00fcr den R\u00fcckweg.<\/p>\t\t\t\t\t\t\t\t<\/div>\n\t\t\t\t\t<\/div>\n\t\t\t\t<\/div>\n\t\t<div class=\"elementor-element elementor-element-c7b7954 e-flex e-con-boxed e-con e-parent\" data-id=\"c7b7954\" data-element_type=\"container\" data-e-type=\"container\">\n\t\t\t\t\t<div class=\"e-con-inner\">\n\t\t\t\t<div class=\"elementor-element elementor-element-5ab9b1e elementor-widget elementor-widget-text-editor\" data-id=\"5ab9b1e\" data-element_type=\"widget\" data-e-type=\"widget\" data-widget_type=\"text-editor.default\">\n\t\t\t\t\t\t\t\t\t<h5><strong>Wie erh\u00e4lt man einen ASN und IP-Adressen?<\/strong><\/h5><p class=\"Standard\">FRNIX kann Ihnen bei der Beschaffung von ASN- und IP-Ressourcen behilflich sein. Sie k\u00f6nnen auch viele bestehende Dokumentationen zu diesem Thema lesen.<\/p>\t\t\t\t\t\t\t\t<\/div>\n\t\t\t\t\t<\/div>\n\t\t\t\t<\/div>\n\t\t<div class=\"elementor-element elementor-element-9eea8f6 e-flex e-con-boxed e-con e-parent\" data-id=\"9eea8f6\" data-element_type=\"container\" data-e-type=\"container\">\n\t\t\t\t\t<div class=\"e-con-inner\">\n\t\t\t\t<div class=\"elementor-element elementor-element-771b60a elementor-widget elementor-widget-text-editor\" data-id=\"771b60a\" data-element_type=\"widget\" data-e-type=\"widget\" data-widget_type=\"text-editor.default\">\n\t\t\t\t\t\t\t\t\t<h5><strong>Auf welchem IXP soll ich mich anmelden?<\/strong><\/h5><p>Plusieurs crit\u00e8res sont \u00e0 prendre en compte\u00a0:<\/p><ul><li>Ihre Heimatseite der Verbindung<\/li><li>die auf dieser Seite verf\u00fcgbaren Bitraten<\/li><li>Ihre Peering-Ziele<\/li><\/ul><p class=\"Standard\">\u00a0<\/p>\t\t\t\t\t\t\t\t<\/div>\n\t\t\t\t\t<\/div>\n\t\t\t\t<\/div>\n\t\t\t\t<\/div>","protected":false},"excerpt":{"rendered":"<p>FAQs Divers Quels sont les avantages d&rsquo;\u00eatre membre de FRNIX ? Pouvoir voter aux \u00e9lections pour les membres actifs (pas les membres partenaires ni les membres individuels) Avoir des r\u00e9ductions sur les prestations de l&rsquo;association Etre invit\u00e9 en priorit\u00e9 aux \u00e9v\u00e8nements de l&rsquo;association Apparaitre sur les publications de FRNIX Peut-on adh\u00e9rer \u00e0 FRNIX m\u00eame si [&hellip;]<\/p>\n","protected":false},"author":26,"featured_media":0,"parent":304,"menu_order":29,"comment_status":"closed","ping_status":"closed","template":"","meta":{"footnotes":""},"hf_cat_page":[],"class_list":["post-308","page","type-page","status-publish","hentry"],"aioseo_notices":[],"_links":{"self":[{"href":"https:\/\/frnix.org\/de\/wp-json\/wp\/v2\/pages\/308","targetHints":{"allow":["GET"]}}],"collection":[{"href":"https:\/\/frnix.org\/de\/wp-json\/wp\/v2\/pages"}],"about":[{"href":"https:\/\/frnix.org\/de\/wp-json\/wp\/v2\/types\/page"}],"author":[{"embeddable":true,"href":"https:\/\/frnix.org\/de\/wp-json\/wp\/v2\/users\/26"}],"replies":[{"embeddable":true,"href":"https:\/\/frnix.org\/de\/wp-json\/wp\/v2\/comments?post=308"}],"version-history":[{"count":0,"href":"https:\/\/frnix.org\/de\/wp-json\/wp\/v2\/pages\/308\/revisions"}],"up":[{"embeddable":true,"href":"https:\/\/frnix.org\/de\/wp-json\/wp\/v2\/pages\/304"}],"wp:attachment":[{"href":"https:\/\/frnix.org\/de\/wp-json\/wp\/v2\/media?parent=308"}],"wp:term":[{"taxonomy":"hf_cat_page","embeddable":true,"href":"https:\/\/frnix.org\/de\/wp-json\/wp\/v2\/hf_cat_page?post=308"}],"curies":[{"name":"wp","href":"https:\/\/api.w.org\/{rel}","templated":true}]}}