{"id":310,"date":"2023-11-05T19:29:16","date_gmt":"2023-11-05T18:29:16","guid":{"rendered":"https:\/\/frnix.org\/?page_id=310"},"modified":"2026-04-29T11:10:48","modified_gmt":"2026-04-29T09:10:48","slug":"liens-utiles","status":"publish","type":"page","link":"https:\/\/frnix.org\/de\/ressources\/liens-utiles\/","title":{"rendered":"N\u00fctzliche Links"},"content":{"rendered":"<div data-elementor-type=\"wp-page\" data-elementor-id=\"310\" class=\"elementor elementor-310\" data-elementor-post-type=\"page\">\n\t\t\t\t<div class=\"elementor-element elementor-element-16f012b e-flex e-con-boxed e-con e-parent\" data-id=\"16f012b\" data-element_type=\"container\" data-e-type=\"container\" data-settings=\"{&quot;background_background&quot;:&quot;classic&quot;,&quot;shape_divider_bottom&quot;:&quot;curve&quot;,&quot;shape_divider_bottom_negative&quot;:&quot;yes&quot;}\">\n\t\t\t\t\t<div class=\"e-con-inner\">\n\t\t\t\t<div class=\"elementor-shape elementor-shape-bottom\" aria-hidden=\"true\" data-negative=\"true\">\n\t\t\t<svg xmlns=\"http:\/\/www.w3.org\/2000\/svg\" viewbox=\"0 0 1000 100\" preserveaspectratio=\"none\">\n\t<path class=\"elementor-shape-fill\" d=\"M500,97C126.7,96.3,0.8,19.8,0,0v100l1000,0V1C1000,19.4,873.3,97.8,500,97z\"\/>\n<\/svg>\t\t<\/div>\n\t\t\t\t<div class=\"elementor-element elementor-element-b194bd1 elementor-widget elementor-widget-heading\" data-id=\"b194bd1\" data-element_type=\"widget\" data-e-type=\"widget\" data-widget_type=\"heading.default\">\n\t\t\t\t\t<h1 class=\"elementor-heading-title elementor-size-default\">N\u00fctzliche Links<\/h1>\t\t\t\t<\/div>\n\t\t\t\t\t<\/div>\n\t\t\t\t<\/div>\n\t\t<div class=\"elementor-element elementor-element-b9e6bdc e-flex e-con-boxed e-con e-parent\" data-id=\"b9e6bdc\" data-element_type=\"container\" data-e-type=\"container\">\n\t\t\t\t\t<div class=\"e-con-inner\">\n\t\t\t\t<div class=\"elementor-element elementor-element-b39dd34 elementor-widget elementor-widget-text-editor\" data-id=\"b39dd34\" data-element_type=\"widget\" data-e-type=\"widget\" data-widget_type=\"text-editor.default\">\n\t\t\t\t\t\t\t\t\t<h3>Unsere Hintergrundartikel<\/h3><ul style=\"margin-bottom: 1.5rem;\"><li><a title=\"Artikel : Warum IXPs wichtig sind: Kritische Infrastrukturen jenseits des Medienrummels\" href=\"https:\/\/frnix.org\/de\/pourquoi-les-ixp-sont-importants\/\"><strong>Warum IXPs wichtig sind<\/strong> Kritische Infrastrukturen jenseits des Medienrummels<\/a><\/li><li><a title=\"Artikel: Sicherheit des Netzwerkroutings und Einf\u00fchrung von RPKI\" href=\"https:\/\/frnix.org\/de\/securite-du-routage-reseau-et-adoption-de-rpki\/\"><strong>Sicherheit<\/strong> des Netzwerkroutings und Annahme von <strong>RPKI<\/strong><\/a><\/li><li><a title=\"Artikel: Karte der IXPs auf franz\u00f6sischem Boden\" href=\"https:\/\/frnix.org\/de\/carte-des-ixp-sur-le-territoire-francais\/\"><strong>Karte der IXP<\/strong> auf franz\u00f6sischem Staatsgebiet<\/a><\/li><li><a href=\"https:\/\/frnix.org\/de\/ressources\/idees-recues\/\"><strong>\u00dcbernommene Ideen<\/strong> \u00fcber das Peering<\/a><\/li><li><a title=\"Artikel: Die Hyperkonzentration der NSA\" href=\"https:\/\/frnix.org\/de\/ressources\/article-lhyper-concentration-des-asn\/\"><strong>Radiographie des franz\u00f6sischen Internets<\/strong> Die Hyperkonzentration der NSA und die dringende Notwendigkeit der Dezentralisierung<\/a><\/li><\/ul><h4>Einige n\u00fctzliche Links ... schlagen Sie uns gerne neue vor!<\/h4><h3>Tools<strong> Netzwerk<\/strong><\/h3><ul><li><strong>AKVORADO <\/strong>: <a href=\"https:\/\/github.com\/akvorado\/akvorado\" target=\"_blank\" rel=\"noopener external\">https:\/\/github.com\/akvorado\/akvorado<\/a><\/li><li><strong>ASN Lookup Tools <\/strong>: <a href=\"https:\/\/securitytrails.com\/blog\/asn-lookup\" target=\"_blank\" rel=\"noopener external\">https:\/\/securitytrails.com\/blog\/asn-lookup<\/a><\/li><li><strong>ASRank\u00a0<\/strong>: <a href=\"https:\/\/asrank.caida.org\/\" target=\"_blank\" rel=\"noopener external\">https:\/\/asrank.caida.org\/<\/a><\/li><li><strong>BGP Tools <\/strong>: <a href=\"https:\/\/bgp.tools\/\" target=\"_blank\" rel=\"noopener external\">https:\/\/bgp.tools\/<\/a><\/li><li><strong>BGPview <\/strong>:\u00a0<a href=\"https:\/\/bgpview.io\/\" target=\"_blank\" rel=\"noopener\">https:\/\/bgpview.io\/<\/a><\/li><li><strong>Ftp-Basis\u00a0<\/strong>:\u00a0<a href=\"http:\/\/ftp.rezopole.net\/\" target=\"_blank\" rel=\"noopener\">http:\/\/ftp.rezopole.net<\/a><\/li><li><strong>BGP-Tools <\/strong>: <a href=\"https:\/\/www.bizety.com\/2022\/12\/19\/open-source-bgp-tools-overview\/\" target=\"_blank\" rel=\"noopener external\">https:\/\/www.bizety.com\/2022\/12\/19\/open-source-bgp-tools-overview\/<\/a><\/li><li><strong>IXP Map <\/strong>(Telegeography) :\u00a0<a href=\"https:\/\/www.internetexchangemap.com\" target=\"_blank\" rel=\"noopener external\">https:\/\/www.internetexchangemap.com<\/a><\/li><li><strong>IXP Repor t<\/strong>(PCH) :\u00a0<a href=\"https:\/\/www.pch.net\/ixp\/summary\" target=\"_blank\" rel=\"noopener external\">https:\/\/www.pch.net\/ixp\/summary<\/a><\/li><li><strong>IXP-from-Scratch <\/strong>: <a href=\"https:\/\/labs.ripe.net\/author\/liske\/ixp-from-scratch-building-a-new-ix\/?s=09\" target=\"_blank\" rel=\"noopener external\">https:\/\/labs.ripe.net\/author\/liske\/ixp-from-scratch-building-a-new-ix\/?s=09<\/a><\/li><li><strong>Inflect\u00a0<\/strong>:\u00a0<a href=\"https:\/\/inflect.com\/as\/43100\" target=\"_blank\" rel=\"noopener\">https:\/\/inflect.com\/as\/43100<\/a><\/li><li><strong>Is BGP Safe <\/strong>: <a href=\"https:\/\/isbgpsafeyet.com\/\" target=\"_blank\" rel=\"noopener external\">https:\/\/isbgpsafeyet.com\/<\/a><\/li><li><strong>Latency <\/strong>: <a href=\"https:\/\/observablehq.com\/@ripencc\/atlas-latency-worldmap\" target=\"_blank\" rel=\"noopener external\">https:\/\/observablehq.com\/@ripencc\/atlas-latency-worldmap<\/a><\/li><li><strong>Oder auf einem anderen ASN <\/strong>: <a href=\"https:\/\/ipinfo.io\/AS43100\" target=\"_blank\" rel=\"noopener external\">https:\/\/ipinfo.io\/AS43100<\/a><\/li><li><strong>PeeringDB <\/strong>: <a href=\"https:\/\/peeringdb.com\" target=\"_blank\" rel=\"noopener external\">https:\/\/peeringdb.com<\/a><\/li><li><strong>PeeringToolBox <\/strong>:\u00a0<a href=\"https:\/\/www.peeringtoolbox.net\/fr\/peering-database\" target=\"_blank\" rel=\"noopener external\">https:\/\/www.peeringtoolbox.net\/fr\/peering-database<\/a><\/li><li><strong>Potaroo <\/strong>: <a href=\"https:\/\/bgp.potaroo.net\/cidr\/autnums.html\" target=\"_blank\" rel=\"noopener external\">https:\/\/bgp.potaroo.net\/cidr\/autnums.html<\/a><\/li><li><strong>Projekte Route Views <\/strong>: <a href=\"https:\/\/www.routeviews.org\/routeviews\/\" target=\"_blank\" rel=\"noopener external\">https:\/\/www.routeviews.org\/routeviews\/<\/a><\/li><li><strong>DNS-Propagation <\/strong>: <a href=\"https:\/\/dnschecker.org\" target=\"_blank\" rel=\"noopener external\">https:\/\/dnschecker.org<\/a><\/li><li><strong>RIPEstat <\/strong>: <a href=\"https:\/\/stat.ripe.net\/\" target=\"_blank\" rel=\"noopener external\">https:\/\/stat.ripe.net\/<\/a><\/li><li><strong>Robtex\u00a0<\/strong>:\u00a0<a href=\"https:\/\/www.robtex.com\/asmacro\/AS-RAIN.html\" target=\"_blank\" rel=\"noopener\">https:\/\/www.robtex.com\/asmacro\/AS-RAIN.html<\/a><\/li><li class=\"translation-block\"><strong>Nperf-Flow-Test <\/strong>: <a href=\"https:\/\/www.nperf.com\/fr\/?sp=428\" target=\"_blank\" rel=\"noopener noreferrer nofollow\">https:\/\/www.nperf.com\/fr\/?sp=428<\/a>.<\/li><li class=\"translation-block\"><strong>Wissenswertes \u00fcber einen ASN<\/strong>: <a href=\"https:\/\/whois.ipip.net\/AS43100\" target=\"_blank\" rel=\"noopener noreferrer nofollow\">https:\/\/whois.ipip.net\/AS43100<\/a>.<\/li><li><strong>Whosis IXP <\/strong>:\u00a0<a href=\"https:\/\/whois.ipip.net\/\">https:\/\/whois.ipip.net<\/a><\/li><\/ul><h3>\u00a0Gesch\u00e4ftsl\u00f6sungen :<\/h3><ul><li><strong>BENOCS :<\/strong> <a href=\"https:\/\/www.benocs.com\" target=\"_blank\" rel=\"noopener external\">https:\/\/www.benocs.com<\/a><\/li><li><strong>Lablabee :<\/strong> <a href=\"https:\/\/www.lablabee.com\/\" target=\"_blank\" rel=\"noopener external\">https:\/\/www.lablabee.com\/<\/a><\/li><\/ul><div><h3>Franz\u00f6sische Verb\u00e4nde :<\/h3><ul><li><strong>ACSEL: Association pour le Commerce et les Services En Ligne (Verband f\u00fcr Online-Handel und -Dienstleistungen) :<\/strong> <a href=\"https:\/\/www.acsel.eu\/\" target=\"_blank\" rel=\"noopener external\">https:\/\/www.acsel.eu\/<\/a><\/li><li><strong>AFNum: AFNum ist die franz\u00f6sische Vereinigung f\u00fcr Digitales :<\/strong> <a href=\"https:\/\/www.afnum.fr\/\" target=\"_blank\" rel=\"noopener external\">https:\/\/www.afnum.fr\/<\/a><\/li><li><strong>AGIT: Green IT Alliance :<\/strong> <a href=\"https:\/\/alliancegreenit.org\/\" target=\"_blank\" rel=\"noopener external\">https:\/\/alliancegreenit.org\/<\/a><\/li><li><strong>AOTA Association des Op\u00e9rateurs T\u00e9l\u00e9com Alternatifs (Verband der alternativen Telekommunikationsbetreiber):<\/strong> <a href=\"https:\/\/www.aota.fr\/\" target=\"_blank\" rel=\"noopener external\">https:\/\/www.aota.fr\/<\/a><\/li><li><strong>Academy Technologies :<\/strong> <a href=\"https:\/\/www.academie-technologies.fr\/\" target=\"_blank\" rel=\"noopener external\">https:\/\/www.academie-technologies.fr\/<\/a><\/li><li><strong>AlternativeTelekom :<\/strong> <a href=\"https:\/\/www.alternativetelecom.fr\/\" target=\"_blank\" rel=\"noopener external\">https:\/\/www.alternativetelecom.fr\/<\/a><\/li><li><strong>Avicca: Association des Villes et Collectivit\u00e9s pour les Communications \u00e9lectroniques et l'Audiovisuel (Verband der St\u00e4dte und Gemeinden f\u00fcr elektronische Kommunikation und audiovisuelle Medien):<\/strong> <a href=\"https:\/\/www.avicca.org\/\" target=\"_blank\" rel=\"noopener external\">https:\/\/www.avicca.org\/<\/a><\/li><li><strong>Digital League :<\/strong> <a href=\"https:\/\/digital-league.org\" target=\"_blank\" rel=\"noopener external\">https:\/\/digital-league.org<\/a><\/li><li><strong>Euclidia :<\/strong> <a href=\"https:\/\/www.euclidia.eu\/\" target=\"_blank\" rel=\"noopener external\">https:\/\/www.euclidia.eu\/<\/a><\/li><li><strong>FFT F\u00e9d\u00e9ration Fran\u00e7aise des T\u00e9l\u00e9com :<\/strong> <a href=\"https:\/\/www.fftelecoms.org\" target=\"_blank\" rel=\"noopener external\">https:\/\/www.fftelecoms.org<\/a><\/li><li><strong>FIEEC: F\u00e9d\u00e9ration des Industries Electriques, Electroniques et de Communication (Verband der Elektro-, Elektronik- und Kommunikationsindustrie) :<\/strong> <a href=\"https:\/\/www.fieec.fr\/\" target=\"_blank\" rel=\"noopener external\">https:\/\/www.fieec.fr\/<\/a><\/li><li><strong>FR-Nog: French Network Operators Group :<\/strong> <a href=\"https:\/\/www.frnog.org\" target=\"_blank\" rel=\"noopener external\">https:\/\/www.frnog.org<\/a><\/li><li><strong>Frankreich Datacenter :<\/strong> <a href=\"https:\/\/www.francedatacenter.com\/\" target=\"_blank\" rel=\"noopener external\">https:\/\/www.francedatacenter.com\/<\/a><\/li><li><strong>Hexatrust :<\/strong> <a href=\"https:\/\/www.hexatrust.com\" target=\"_blank\" rel=\"noopener external\">https:\/\/www.hexatrust.com<\/a><\/li><li><strong>Infranum :<\/strong> <a href=\"https:\/\/infranum.fr\/\" target=\"_blank\" rel=\"noopener external\">https:\/\/infranum.fr\/<\/a><\/li><li><strong>Digitales Institut Verantwortlich :<\/strong> <a href=\"https:\/\/institutnr.org\/\" target=\"_blank\" rel=\"noopener external\">https:\/\/institutnr.org\/<\/a><\/li><li><strong>Numeum :<\/strong> <a href=\"https:\/\/numeum.fr\/en\" target=\"_blank\" rel=\"noopener external\">https:\/\/numeum.fr\/en<\/a><\/li><li><strong>Ofitem: Franz\u00f6sischer Verband der Betreiber von Mobilfunkinfrastrukturen :<\/strong> <a href=\"https:\/\/ofitem.fr\/\" target=\"_blank\" rel=\"noopener external\">https:\/\/ofitem.fr\/<\/a><\/li><li><strong>Quadrature du net :<\/strong> <a href=\"https:\/\/www.laquadrature.net\/\" target=\"_blank\" rel=\"noopener external\">https:\/\/www.laquadrature.net\/<\/a><\/li><li><strong>Region ADIRA AURA :<\/strong> <a href=\"https:\/\/www.adira.org\/\" target=\"_blank\" rel=\"noopener external\">https:\/\/www.adira.org\/<\/a><\/li><li><strong>CIP-Region PACA :<\/strong> <a href=\"https:\/\/www.cip-paca.org\/\" target=\"_blank\" rel=\"noopener external\">https:\/\/www.cip-paca.org\/<\/a><\/li><li><strong>Region CRIP Frankreich :<\/strong> <a href=\"https:\/\/www.crip-asso.fr\" target=\"_blank\" rel=\"noopener external\">https:\/\/www.crip-asso.fr<\/a><\/li><li><strong>SYCABEL: Berufsverband der Hersteller von Elektro- und Kommunikationsdr\u00e4hten und -kabeln :<\/strong> <a href=\"https:\/\/www.sycabel.com\/\" target=\"_blank\" rel=\"noopener external\">https:\/\/www.sycabel.com\/<\/a><\/li><li><strong>Teratec :<\/strong> <a href=\"https:\/\/www.teratec.eu\/\" target=\"_blank\" rel=\"noopener external\">https:\/\/www.teratec.eu\/<\/a><\/li><\/ul><h3>Internationale Verb\u00e4nde :<\/h3><ul><li><strong>CISPE: Cloud Infrastructure Services Providers in Europe :<\/strong> <a href=\"https:\/\/cispe.cloud\/\" target=\"_blank\" rel=\"noopener external\">https:\/\/cispe.cloud\/<\/a><\/li><li><strong>DigitalEurope :<\/strong> <a href=\"https:\/\/www.digitaleurope.org\/\" target=\"_blank\" rel=\"noopener external\">https:\/\/www.digitaleurope.org\/<\/a><\/li><li><strong>EUDCA :<\/strong> <a href=\"https:\/\/eudca.org\" target=\"_blank\" rel=\"noopener external\">https:\/\/eudca.org<\/a><\/li><li><strong>Euro IX :<\/strong> <a href=\"https:\/\/euro-ix.net\" target=\"_blank\" rel=\"noopener external\">https:\/\/euro-ix.net<\/a><\/li><li><strong>EuroCloud :<\/strong> <a href=\"https:\/\/eurocloud.fr\" target=\"_blank\" rel=\"noopener external\">https:\/\/eurocloud.fr<\/a><\/li><li><strong>EuropaCloudAlliance :<\/strong> <a href=\"https:\/\/www.europeancloudalliance.com\/\" target=\"_blank\" rel=\"noopener external\">https:\/\/www.europeancloudalliance.com\/<\/a><\/li><li><strong>Gaia-X :<\/strong> <a href=\"https:\/\/gaia-x.eu\/\" target=\"_blank\" rel=\"noopener external\">https:\/\/gaia-x.eu\/<\/a><\/li><li><strong>ISOC Internet Society :<\/strong> <a href=\"https:\/\/www.internetsociety.org\" target=\"_blank\" rel=\"noopener external\">https:\/\/www.internetsociety.org<\/a><\/li><li><strong>Open IX :<\/strong>\u00a0<a href=\"https:\/\/www.oix.org\/\" target=\"_blank\" rel=\"noopener external\">https:\/\/www.oix.org\/<\/a><\/li><li><strong>Openinternet pro projekt europ\u00e4ische asso :<\/strong> <a href=\"https:\/\/www.openinternetproject.eu\/\" target=\"_blank\" rel=\"noopener external\">https:\/\/www.openinternetproject.eu\/<\/a><\/li><\/ul><h3><strong>Collaborative Suites und Office-Tools<\/strong><\/h3><ul><li><a href=\"https:\/\/www.libreoffice.org\/\" target=\"_blank\" rel=\"noopener\"><strong>LibreOffice<\/strong><\/a> <img decoding=\"async\" src=\"https:\/\/www.drapeauxdespays.fr\/data\/org\/h24\/eu.png\" alt=\"Drapeau europ\u00e9en\" width=\"15px\" \/>: Komplette B\u00fcrosoftware-Suite, Alternative zu Microsoft Office, plattform\u00fcbergreifend (Windows, macOS, Linux)<\/li><li><a href=\"https:\/\/www.onlyoffice.com\/\" target=\"_blank\" rel=\"noopener\"><strong>OnlyOffice<\/strong><\/a> <img decoding=\"async\" src=\"https:\/\/www.drapeauxdespays.fr\/data\/org\/h24\/eu.png\" alt=\"Drapeau europ\u00e9en\" width=\"15px\" \/>\u00a0: Online Office Collaboration, kompatibel mit MS Office-Formaten<\/li><li><a href=\"https:\/\/www.collaboraoffice.com\/\" target=\"_blank\" rel=\"noopener\"><strong>Collabora Online<\/strong><\/a> : Cloud- und Unternehmensversion von LibreOffice, integriert in Nextcloud oder OwnCloud<\/li><li><strong><a href=\"https:\/\/lasuite.numerique.gouv.fr\/\" target=\"_blank\" rel=\"noopener\">Die Digitale Suite<\/a> <\/strong>\u00a0<img decoding=\"async\" src=\"https:\/\/www.drapeauxdespays.fr\/data\/flags\/h24\/fr.png\" alt=\"Drapeau de la France\" width=\"15px\" \/> : Souver\u00e4nes Toolset f\u00fcr die Zusammenarbeit f\u00fcr franz\u00f6sische Beh\u00f6rden<\/li><\/ul><h3><strong>Cloud, Speicherung und Austausch von Dateien<\/strong><\/h3><ul><li><a href=\"https:\/\/nextcloud.com\/\" target=\"_blank\" rel=\"noopener\"><strong>Nextcloud\u00a0<\/strong><\/a><img decoding=\"async\" src=\"https:\/\/www.drapeauxdespays.fr\/data\/org\/h24\/eu.png\" alt=\"Drapeau europ\u00e9en\" width=\"15px\" \/>\u00a0: Pers\u00f6nliche und kollaborative Cloud-Plattform (Alternative zu Google Drive, Dropbox usw.).<\/li><li><a href=\"https:\/\/www.seafile.com\/\" target=\"_blank\" rel=\"noopener\"><strong>Seafile<\/strong><\/a> : Robuste, selbstverwaltete L\u00f6sung f\u00fcr Dateisynchronisierung und -freigabe<\/li><\/ul><h3><strong>Nachrichten und Terminkalender<\/strong><\/h3><ul><li><a href=\"https:\/\/www.thunderbird.net\/\" target=\"_blank\" rel=\"noopener\"><strong>Thunderbird<\/strong><\/a> : Freier E-Mail-Client mit integriertem Kalender<\/li><li><a href=\"https:\/\/mailo.com\/\" target=\"_blank\" rel=\"noopener\"><strong>Mailo<\/strong><\/a> <img decoding=\"async\" src=\"https:\/\/www.drapeauxdespays.fr\/data\/flags\/h24\/fr.png\" alt=\"Drapeau de la France\" width=\"15px\" \/>\u00a0: Franz\u00f6sischer E-Mail Messenger, ethisch und ohne Datenweiterverkauf<\/li><li><a href=\"https:\/\/proton.me\/fr\/mail\" target=\"_blank\" rel=\"noopener\"><strong>ProtonMail<\/strong><\/a>, <a href=\"https:\/\/tutanota.com\/fr\/\" target=\"_blank\" rel=\"noopener\"><strong>Tutanota<\/strong><\/a> <img decoding=\"async\" src=\"https:\/\/www.drapeauxdespays.fr\/data\/org\/h24\/eu.png\" alt=\"Drapeau europ\u00e9en\" width=\"15px\" \/>\u00a0: Europ\u00e4ische verschl\u00fcsselte E-Mail-Tresore<\/li><li><a href=\"https:\/\/ecomail.fr\/\" target=\"_blank\" rel=\"noopener\"><strong>Ecomail<\/strong><\/a> <img decoding=\"async\" src=\"https:\/\/www.drapeauxdespays.fr\/data\/flags\/h24\/fr.png\" alt=\"Drapeau de la France\" width=\"15px\" \/> : Franz\u00f6sischer E-Mail-Service 100% umweltfreundlich<\/li><\/ul><h3><strong>Automatisierung, Workflow, Integration<\/strong><\/h3><ul><li><a href=\"https:\/\/n8n.io\/\" target=\"_blank\" rel=\"noopener\"><strong>n8n\u00a0<\/strong><\/a><img decoding=\"async\" src=\"https:\/\/www.drapeauxdespays.fr\/data\/org\/h24\/eu.png\" alt=\"Drapeau europ\u00e9en\" width=\"15px\" \/>\u00a0: Automatisierung von Datenstr\u00f6men und APIs, Open-Source-Alternative zu Zapier, Self-Hosted m\u00f6glich<\/li><li><a href=\"https:\/\/www.talaxie.fr\/\" target=\"_blank\" rel=\"noopener\"><strong>Talaxie<\/strong><\/a> <img decoding=\"async\" src=\"https:\/\/www.drapeauxdespays.fr\/data\/flags\/h24\/fr.png\" alt=\"Drapeau de la France\" width=\"15px\" \/> : Open-Source-ETL\/Datenmanagement f\u00fcr Integration und Transformation<\/li><\/ul><h3><strong>Dokumentenmanagement<\/strong><\/h3><ul><li><a href=\"https:\/\/www.alfresco.com\/open-source\" target=\"_blank\" rel=\"noopener\"><strong>Alfresco Community<\/strong><\/a> oder <a href=\"https:\/\/www.nuxeo.com\/fr\/\" target=\"_blank\" rel=\"noopener\"><strong>Nuxeo<\/strong><\/a> <img decoding=\"async\" src=\"https:\/\/www.drapeauxdespays.fr\/data\/flags\/h24\/fr.png\" alt=\"Drapeau de la France\" width=\"15px\" \/> : DMS (elektronische Dokumentenverwaltung) Open Source<\/li><\/ul><h3><strong>Tools f\u00fcr die Zusammenarbeit<\/strong><\/h3><ul><li><a href=\"https:\/\/meet.jit.si\/\" target=\"_blank\" rel=\"noopener\"><strong>Jitsi Meet<\/strong><\/a> : Freie, selbstgehostete Videokonferenzen (Alternative zu Zoom, Teams)<\/li><li><a href=\"https:\/\/mattermost.com\/\" target=\"_blank\" rel=\"noopener\"><strong>Mattermost<\/strong><\/a>, <a href=\"https:\/\/www.rocket.chat\/\" target=\"_blank\" rel=\"noopener\"><strong>Rocket.Chat<\/strong><\/a> Team-Instant-Messaging, selbst gehostet (Slack\/Teams Alternative)<\/li><li><a href=\"https:\/\/framateam.org\/\" target=\"_blank\" rel=\"noopener\"><strong>Framateam<\/strong><\/a> <img decoding=\"async\" src=\"https:\/\/www.drapeauxdespays.fr\/data\/flags\/h24\/fr.png\" alt=\"Drapeau de la France\" width=\"15px\" \/> : Von Framasoft betriebene Mattermost-Instanz<\/li><li><a href=\"https:\/\/mobilizon.org\/\" target=\"_blank\" rel=\"noopener\"><strong>Mobilizon<\/strong><\/a> <img decoding=\"async\" src=\"https:\/\/www.drapeauxdespays.fr\/data\/flags\/h24\/fr.png\" alt=\"Drapeau de la France\" width=\"15px\" \/> : Veranstaltungen und Anmeldungen verwalten, f\u00f6deriert<\/li><\/ul><h3><strong>Webbrowser und Datenschutz<\/strong><\/h3><ul><li><a href=\"https:\/\/www.mozilla.org\/fr\/firefox\/new\/\" target=\"_blank\" rel=\"noopener\"><strong>Mozilla Firefox<\/strong><\/a> : Freier, plattform\u00fcbergreifender Browser, f\u00fchrend in der Privatsph\u00e4re<\/li><li><a href=\"https:\/\/brave.com\/fr\/\" target=\"_blank\" rel=\"noopener\"><strong>Brave<\/strong><\/a> : Auf Privatsph\u00e4re ausgerichteter Browser<\/li><li><a href=\"https:\/\/www.qwant.com\/\" target=\"_blank\" rel=\"noopener\"><strong>Qwant<\/strong><\/a> <img decoding=\"async\" src=\"https:\/\/www.drapeauxdespays.fr\/data\/flags\/h24\/fr.png\" alt=\"Drapeau de la France\" width=\"15px\" \/>, <a href=\"https:\/\/searx.space\/\" target=\"_blank\" rel=\"noopener\"><strong>SearxNG<\/strong><\/a> <img decoding=\"async\" src=\"https:\/\/www.drapeauxdespays.fr\/data\/org\/h24\/eu.png\" alt=\"Drapeau europ\u00e9en\" width=\"15px\" \/>\u00a0: Europ\u00e4ische Suchmaschinen\/Open-Source-Suchmaschinen mit Blick auf die Privatsph\u00e4re<\/li><\/ul><h3><strong>Sicherheit, Zugriffsverwaltung und Verschl\u00fcsselung<\/strong><\/h3><ul><li><a href=\"https:\/\/keepassxc.org\/\"><strong>KeePassXC<\/strong><\/a>, <a href=\"https:\/\/bitwarden.com\/\" target=\"_blank\" rel=\"noopener\"><strong>Bitwarden<\/strong><\/a> : Open-Source-Passwortmanager<\/li><li><a href=\"https:\/\/openvpn.net\/\" target=\"_blank\" rel=\"noopener\"><strong>OpenVPN<\/strong><\/a>, <a href=\"https:\/\/www.wireguard.com\/\" target=\"_blank\" rel=\"noopener\"><strong>WireGuard<\/strong><\/a> : Open Source VPN<\/li><li><a href=\"https:\/\/gnupg.org\/\" target=\"_blank\" rel=\"noopener\"><strong>GnuPG<\/strong><\/a> <img decoding=\"async\" src=\"https:\/\/www.drapeauxdespays.fr\/data\/org\/h24\/eu.png\" alt=\"Drapeau europ\u00e9en\" width=\"15px\" \/>\u00a0Verschl\u00fcsselung und Signatur von E-Mails<\/li><\/ul><h3><strong>Kartografie, Grafik, Multimedia<\/strong><\/h3><ul><li><a href=\"https:\/\/www.gimp.org\/\" target=\"_blank\" rel=\"noopener\"><strong>GIMP<\/strong><\/a> : Foto-\/Bildbearbeitung, Alternative zu Photoshop<\/li><li><a href=\"https:\/\/inkscape.org\/fr\/\" target=\"_blank\" rel=\"noopener\"><strong>Inkscape<\/strong><\/a> : Vektorzeichnen, Alternative zu Illustrator<\/li><li><a href=\"https:\/\/librecad.org\/\" target=\"_blank\" rel=\"noopener\"><strong>LibreCAD<\/strong><\/a> <img decoding=\"async\" src=\"https:\/\/www.drapeauxdespays.fr\/data\/org\/h24\/eu.png\" alt=\"Drapeau europ\u00e9en\" width=\"15px\" \/>\u00a0, <a href=\"https:\/\/qgis.org\/fr\/site\/\" target=\"_blank\" rel=\"noopener\"><strong>QGIS<\/strong><\/a> : 2D-CAD (technische Pl\u00e4ne), GIS\/Kartografie<\/li><\/ul><h3><strong>System- und Netzwerkadministration<\/strong><\/h3><ul><li><a href=\"https:\/\/ocsinventory-ng.org\/\" target=\"_blank\" rel=\"noopener\"><strong>OCS Inventory NG<\/strong><\/a> <img decoding=\"async\" src=\"https:\/\/www.drapeauxdespays.fr\/data\/flags\/h24\/fr.png\" alt=\"Drapeau de la France\" width=\"15px\" \/> : Inventarisierung und Verwaltung des Computerparks<\/li><li><a href=\"https:\/\/glpi-project.org\/fr\/\" target=\"_blank\" rel=\"noopener\"><strong>GLPI<\/strong><\/a> <img decoding=\"async\" src=\"https:\/\/www.drapeauxdespays.fr\/data\/flags\/h24\/fr.png\" alt=\"Drapeau de la France\" width=\"15px\" \/> : IT-Servicemanagement und Helpdesk<\/li><\/ul><h3><strong>Notizen machen<\/strong><\/h3><ul><li><a href=\"https:\/\/joplinapp.org\/\" target=\"_blank\" rel=\"noopener\"><strong>Joplin<\/strong><\/a> <img decoding=\"async\" src=\"https:\/\/www.drapeauxdespays.fr\/data\/flags\/h24\/fr.png\" alt=\"Drapeau de la France\" width=\"15px\" \/> : Notizen machen, plattform\u00fcbergreifende Synchronisation, Open Source<\/li><li><a href=\"https:\/\/github.com\/zadam\/trilium\" target=\"_blank\" rel=\"noopener\"><strong>Trilium Notes<\/strong><\/a> <img decoding=\"async\" src=\"https:\/\/www.drapeauxdespays.fr\/data\/org\/h24\/eu.png\" alt=\"Drapeau europ\u00e9en\" width=\"15px\" \/>\u00a0: Hierarchisierte Notizen mit Rich Editing und Selbst-Hosting<\/li><\/ul><h3><strong>Andere Referenzsysteme<\/strong><\/h3><ul><li><a href=\"https:\/\/comptoir-du-libre.org\/fr\/\" target=\"_blank\" rel=\"noopener\"><strong>Comptoir du Libre<\/strong><\/a> : Verzeichnis \u00f6ffentlicher und branchenspezifischer Gesch\u00e4ftssoftware<\/li><li><strong><a href=\"https:\/\/sill.code.gouv.fr\/\" target=\"_blank\" rel=\"noopener\">SILL<\/a> (Interministerieller Socle de Logiciels Libres)<\/strong> : Empfohlenes offizielles Verzeichnis f\u00fcr die franz\u00f6sische Verwaltung, sehr aktuell<\/li><li><strong><a href=\"https:\/\/code.gouv.fr\/\" target=\"_blank\" rel=\"noopener\">Open Source Pol und Digital Commons<\/a><\/strong>\u00a0: Kataloge, Ressourcen und Begleitung f\u00fcr franz\u00f6sische Beh\u00f6rden<\/li><\/ul><p><strong>Bemerkung :<\/strong><br \/>Neuere Plattformen erfassen, \u00fcberpr\u00fcfen und bewerten fortlaufend europ\u00e4ische Alternativen (Cloud-Dienste, Sicherheit, Zusammenarbeit usw.), darunter European Alternatives<\/p><p>Diese Tools sind verf\u00fcgbar, aktiv entwickelt, robust und gr\u00f6\u00dftenteils vom franz\u00f6sischen Staat, der Open-Source-Gemeinschaft oder von Akteuren der souver\u00e4nen digitalen Welt referenziert.<\/p><\/div>\t\t\t\t\t\t\t\t<\/div>\n\t\t\t\t\t<\/div>\n\t\t\t\t<\/div>\n\t\t\t\t<\/div>","protected":false},"excerpt":{"rendered":"<p>Liens utiles Nos articles de fond Pourquoi les IXP sont importants : les infrastructures critiques au-del\u00e0 du battage m\u00e9diatique S\u00e9curit\u00e9 du routage r\u00e9seau et adoption de RPKI Carte des IXP sur le territoire fran\u00e7ais Id\u00e9es re\u00e7ues sur le peering Radiographie de l&rsquo;Internet fran\u00e7ais : L&rsquo;hyper-concentration des ASN et l&rsquo;urgence de la d\u00e9centralisation Quelques liens utiles&#8230; [&hellip;]<\/p>\n","protected":false},"author":26,"featured_media":0,"parent":304,"menu_order":30,"comment_status":"closed","ping_status":"closed","template":"","meta":{"footnotes":""},"hf_cat_page":[],"class_list":["post-310","page","type-page","status-publish","hentry"],"aioseo_notices":[],"_links":{"self":[{"href":"https:\/\/frnix.org\/de\/wp-json\/wp\/v2\/pages\/310","targetHints":{"allow":["GET"]}}],"collection":[{"href":"https:\/\/frnix.org\/de\/wp-json\/wp\/v2\/pages"}],"about":[{"href":"https:\/\/frnix.org\/de\/wp-json\/wp\/v2\/types\/page"}],"author":[{"embeddable":true,"href":"https:\/\/frnix.org\/de\/wp-json\/wp\/v2\/users\/26"}],"replies":[{"embeddable":true,"href":"https:\/\/frnix.org\/de\/wp-json\/wp\/v2\/comments?post=310"}],"version-history":[{"count":5,"href":"https:\/\/frnix.org\/de\/wp-json\/wp\/v2\/pages\/310\/revisions"}],"predecessor-version":[{"id":26850,"href":"https:\/\/frnix.org\/de\/wp-json\/wp\/v2\/pages\/310\/revisions\/26850"}],"up":[{"embeddable":true,"href":"https:\/\/frnix.org\/de\/wp-json\/wp\/v2\/pages\/304"}],"wp:attachment":[{"href":"https:\/\/frnix.org\/de\/wp-json\/wp\/v2\/media?parent=310"}],"wp:term":[{"taxonomy":"hf_cat_page","embeddable":true,"href":"https:\/\/frnix.org\/de\/wp-json\/wp\/v2\/hf_cat_page?post=310"}],"curies":[{"name":"wp","href":"https:\/\/api.w.org\/{rel}","templated":true}]}}