{"id":5168,"date":"2023-11-21T18:48:15","date_gmt":"2023-11-21T17:48:15","guid":{"rendered":"https:\/\/frnix.org\/?page_id=5168"},"modified":"2025-11-07T10:55:37","modified_gmt":"2025-11-07T09:55:37","slug":"le-groupe","status":"publish","type":"page","link":"https:\/\/frnix.org\/de\/a-propos\/le-groupe\/","title":{"rendered":"Die Gruppe"},"content":{"rendered":"<div data-elementor-type=\"wp-page\" data-elementor-id=\"5168\" class=\"elementor elementor-5168\" data-elementor-post-type=\"page\">\n\t\t\t\t<div class=\"elementor-element elementor-element-cd3338d e-flex e-con-boxed e-con e-parent\" data-id=\"cd3338d\" data-element_type=\"container\" data-e-type=\"container\" data-settings=\"{&quot;background_background&quot;:&quot;classic&quot;,&quot;shape_divider_bottom&quot;:&quot;curve&quot;,&quot;shape_divider_bottom_negative&quot;:&quot;yes&quot;}\">\n\t\t\t\t\t<div class=\"e-con-inner\">\n\t\t\t\t<div class=\"elementor-shape elementor-shape-bottom\" aria-hidden=\"true\" data-negative=\"true\">\n\t\t\t<svg xmlns=\"http:\/\/www.w3.org\/2000\/svg\" viewbox=\"0 0 1000 100\" preserveaspectratio=\"none\">\n\t<path class=\"elementor-shape-fill\" d=\"M500,97C126.7,96.3,0.8,19.8,0,0v100l1000,0V1C1000,19.4,873.3,97.8,500,97z\"\/>\n<\/svg>\t\t<\/div>\n\t\t\t\t<div class=\"elementor-element elementor-element-a988acf elementor-widget-mobile__width-initial elementor-widget elementor-widget-heading\" data-id=\"a988acf\" data-element_type=\"widget\" data-e-type=\"widget\" data-widget_type=\"heading.default\">\n\t\t\t\t\t<h1 class=\"elementor-heading-title elementor-size-default\">FRNIX und France-IX (die Gruppe)<\/h1>\t\t\t\t<\/div>\n\t\t\t\t\t<\/div>\n\t\t\t\t<\/div>\n\t\t<div class=\"elementor-element elementor-element-7387c63 e-flex e-con-boxed e-con e-child\" data-id=\"7387c63\" data-element_type=\"container\" data-e-type=\"container\" data-settings=\"{&quot;background_background&quot;:&quot;classic&quot;}\">\n\t\t\t\t\t<div class=\"e-con-inner\">\n\t\t<div class=\"elementor-element elementor-element-ac70ab7 e-con-full e-flex e-con e-child\" data-id=\"ac70ab7\" data-element_type=\"container\" data-e-type=\"container\">\n\t\t<div class=\"elementor-element elementor-element-494fa32 e-con-full e-flex e-con e-child\" data-id=\"494fa32\" data-element_type=\"container\" data-e-type=\"container\" data-settings=\"{&quot;background_background&quot;:&quot;classic&quot;}\">\n\t\t\t\t<div class=\"elementor-element elementor-element-0e2437d animated-slow elementor-widget__width-initial elementor-invisible elementor-widget elementor-widget-heading\" data-id=\"0e2437d\" data-element_type=\"widget\" data-e-type=\"widget\" data-settings=\"{&quot;_animation&quot;:&quot;fadeIn&quot;}\" data-widget_type=\"heading.default\">\n\t\t\t\t\t<h2 class=\"elementor-heading-title elementor-size-default\">Der Verein FRNIX  <br>bringt die Akteure des Netzwerks und des Peerings zusammen.<\/h2>\t\t\t\t<\/div>\n\t\t\t\t<div class=\"elementor-element elementor-element-6290ce4 elementor-hidden-mobile elementor-widget-divider--view-line elementor-widget elementor-widget-divider\" data-id=\"6290ce4\" data-element_type=\"widget\" data-e-type=\"widget\" data-widget_type=\"divider.default\">\n\t\t\t\t\t\t\t<div class=\"elementor-divider\">\n\t\t\t<span class=\"elementor-divider-separator\">\n\t\t\t\t\t\t<\/span>\n\t\t<\/div>\n\t\t\t\t\t\t<\/div>\n\t\t\t\t<\/div>\n\t\t<div class=\"elementor-element elementor-element-846115d e-con-full elementor-hidden-mobile e-flex e-con e-child\" data-id=\"846115d\" data-element_type=\"container\" data-e-type=\"container\" data-settings=\"{&quot;background_background&quot;:&quot;classic&quot;}\">\n\t\t\t\t<div class=\"elementor-element elementor-element-2c2a199 elementor-widget elementor-widget-heading\" data-id=\"2c2a199\" data-element_type=\"widget\" data-e-type=\"widget\" data-widget_type=\"heading.default\">\n\t\t\t\t\t<h3 class=\"elementor-heading-title elementor-size-default\">Ein wenig Geschichte<\/h3>\t\t\t\t<\/div>\n\t\t\t\t<div class=\"elementor-element elementor-element-ff46aaa elementor-widget elementor-widget-text-editor\" data-id=\"ff46aaa\" data-element_type=\"widget\" data-e-type=\"widget\" data-widget_type=\"text-editor.default\">\n\t\t\t\t\t\t\t\t\t<p>Die beiden Verb\u00e4nde, die 2010 in Paris (France IX Association) und 2001 in Lyon (Rezopole\/LyonIX) entstanden sind, haben sich 2021 zu FRNIX zusammengeschlossen, dem France-IX Services SAS, der Betreiber des IXP FranceIX, geh\u00f6rt.<\/p><p>Im Jahr 2023 wurde eine neue Dynamik eingebracht und es werden nun Aktivit\u00e4ten in der Vereinigung organisiert, wie z. B. Schulungen (BGP-Workshop), Veranstaltungen (die aPEERo), IXP-Schnupperkurse (die IXPlorations), Informationsveranstaltungen f\u00fcr Mitglieder (die PEERmanence) und weitere, die noch kommen werden.<\/p>\t\t\t\t\t\t\t\t<\/div>\n\t\t\t\t<\/div>\n\t\t\t\t<\/div>\n\t\t\t\t\t<\/div>\n\t\t\t\t<\/div>\n\t\t<div class=\"elementor-element elementor-element-c73f6f4 e-flex e-con-boxed e-con e-parent\" data-id=\"c73f6f4\" data-element_type=\"container\" data-e-type=\"container\">\n\t\t\t\t\t<div class=\"e-con-inner\">\n\t\t<div class=\"elementor-element elementor-element-a3a33b7 e-flex e-con-boxed e-con e-child\" data-id=\"a3a33b7\" data-element_type=\"container\" data-e-type=\"container\">\n\t\t\t\t\t<div class=\"e-con-inner\">\n\t\t<div class=\"elementor-element elementor-element-bc4ed8b e-con-full e-flex e-con e-child\" data-id=\"bc4ed8b\" data-element_type=\"container\" data-e-type=\"container\">\n\t\t<div class=\"elementor-element elementor-element-8323cbe e-flex e-con-boxed e-con e-child\" data-id=\"8323cbe\" data-element_type=\"container\" data-e-type=\"container\">\n\t\t\t\t\t<div class=\"e-con-inner\">\n\t\t\t\t<div class=\"elementor-element elementor-element-097a606 elementor-widget elementor-widget-heading\" data-id=\"097a606\" data-element_type=\"widget\" data-e-type=\"widget\" data-widget_type=\"heading.default\">\n\t\t\t\t\t<h4 class=\"elementor-heading-title elementor-size-default\">Wie ist die Beziehung zwischen FRNIX und France-IX?<\/h4>\t\t\t\t<\/div>\n\t\t\t\t<div class=\"elementor-element elementor-element-7b5f07e elementor-widget__width-initial elementor-widget-mobile__width-initial elementor-widget-tablet__width-initial elementor-widget elementor-widget-heading\" data-id=\"7b5f07e\" data-element_type=\"widget\" data-e-type=\"widget\" data-widget_type=\"heading.default\">\n\t\t\t\t\t<div class=\"elementor-heading-title elementor-size-default\">Um die Beziehung zwischen FRNIX, France-IX Services SASU und dem IXP FranceIX zu erkl\u00e4ren, muss man jedes dieser Elemente und ihre spezifische Rolle verstehen.<\/div>\t\t\t\t<\/div>\n\t\t\t\t\t<\/div>\n\t\t\t\t<\/div>\n\t\t\t\t<\/div>\n\t\t\t\t\t<\/div>\n\t\t\t\t<\/div>\n\t\t<div class=\"elementor-element elementor-element-94f35be e-flex e-con-boxed e-con e-child\" data-id=\"94f35be\" data-element_type=\"container\" data-e-type=\"container\">\n\t\t\t\t\t<div class=\"e-con-inner\">\n\t\t<div class=\"elementor-element elementor-element-2c5b2c2 e-con-full e-flex e-con e-child\" data-id=\"2c5b2c2\" data-element_type=\"container\" data-e-type=\"container\">\n\t\t<div class=\"elementor-element elementor-element-a276e74 e-con-full e-flex e-con e-child\" data-id=\"a276e74\" data-element_type=\"container\" data-e-type=\"container\">\n\t\t\t\t<div class=\"elementor-element elementor-element-8ae9733 elementor-widget elementor-widget-heading\" data-id=\"8ae9733\" data-element_type=\"widget\" data-e-type=\"widget\" data-widget_type=\"heading.default\">\n\t\t\t\t\t<h4 class=\"elementor-heading-title elementor-size-default\">FRNIX<\/h4>\t\t\t\t<\/div>\n\t\t\t\t<\/div>\n\t\t<div class=\"elementor-element elementor-element-d23df04 e-flex e-con-boxed e-con e-child\" data-id=\"d23df04\" data-element_type=\"container\" data-e-type=\"container\">\n\t\t\t\t\t<div class=\"e-con-inner\">\n\t\t\t\t<div class=\"elementor-element elementor-element-cf356a5 elementor-widget elementor-widget-text-editor\" data-id=\"cf356a5\" data-element_type=\"widget\" data-e-type=\"widget\" data-widget_type=\"text-editor.default\">\n\t\t\t\t\t\t\t\t\t<p>FRNIX ist ein gemeinn\u00fctziger Verein. Sein Hauptziel ist in seiner Satzung beschrieben: Der Verein f\u00f6rdert die private und \u00f6ffentliche Nutzung franz\u00f6sischer und franz\u00f6sischsprachiger Netzwerke, vereint und animiert die lokalen und globalen Akteure der Netzwerkzusammenschaltung.<\/p><p>Zu diesem Zweck hat FRNIX :<\/p>\t\t\t\t\t\t\t\t<\/div>\n\t\t\t\t<div class=\"elementor-element elementor-element-2312633 elementor-widget elementor-widget-text-editor\" data-id=\"2312633\" data-element_type=\"widget\" data-e-type=\"widget\" data-widget_type=\"text-editor.default\">\n\t\t\t\t\t\t\t\t\t<ul><li>belebt die Gemeinschaft der Mitglieder, indem sie den Austausch von Fachwissen und Erfahrungen erleichtert,<\/li><li>Austausch von technischen und operativen Informationen und Branchenbeobachtung,<\/li><li>nimmt an Informationsveranstaltungen sowie an technischen und popul\u00e4rwissenschaftlichen Schulungen teil und organisiert diese, um franz\u00f6sische und internationale Internetakteure zusammenzubringen und die Entwicklung, Innovation und Sicherung von Internetdiensten zu f\u00f6rdern.<\/li><\/ul><div>\u00a0<\/div><div><p>Die Satzung von FRNIX ist verf\u00fcgbar\u00a0<a href=\"https:\/\/frnix.org\/wp-content\/uploads\/2025-03-06-Association-FRNIX-Statuts.pdf\">hier<\/a>.<\/p><p>Die\u00a0<a href=\"https:\/\/frnix.org\/de\/a-propos\/la-gouvernance\/\" target=\"_blank\" rel=\"noopener\">Regierungsf\u00fchrung<\/a>\u00a0wird von einem\u00a0<a href=\"https:\/\/frnix.org\/de\/a-propos\/le-conseil-d-administration\/\" target=\"_blank\" rel=\"noopener\">Verwaltungsrat<\/a>\u00a0(CA) von 6 bis 8 Personen, deren Direktoren insgesamt jedes Jahr w\u00e4hrend der ordentlichen Generalversammlung zu einem Drittel erneuert werden.<\/p><\/div>\t\t\t\t\t\t\t\t<\/div>\n\t\t\t\t\t<\/div>\n\t\t\t\t<\/div>\n\t\t\t\t<\/div>\n\t\t\t\t\t<\/div>\n\t\t\t\t<\/div>\n\t\t<div class=\"elementor-element elementor-element-947b5dd e-flex e-con-boxed e-con e-child\" data-id=\"947b5dd\" data-element_type=\"container\" data-e-type=\"container\">\n\t\t\t\t\t<div class=\"e-con-inner\">\n\t\t<div class=\"elementor-element elementor-element-de41875 e-con-full e-flex e-con e-child\" data-id=\"de41875\" data-element_type=\"container\" data-e-type=\"container\">\n\t\t<div class=\"elementor-element elementor-element-5e10586 e-con-full e-flex e-con e-child\" data-id=\"5e10586\" data-element_type=\"container\" data-e-type=\"container\">\n\t\t\t\t<div class=\"elementor-element elementor-element-7e2227f elementor-widget elementor-widget-heading\" data-id=\"7e2227f\" data-element_type=\"widget\" data-e-type=\"widget\" data-widget_type=\"heading.default\">\n\t\t\t\t\t<h4 class=\"elementor-heading-title elementor-size-default\">Frankreich IX Services SASU<\/h4>\t\t\t\t<\/div>\n\t\t\t\t<\/div>\n\t\t<div class=\"elementor-element elementor-element-e5ec083 e-flex e-con-boxed e-con e-child\" data-id=\"e5ec083\" data-element_type=\"container\" data-e-type=\"container\">\n\t\t\t\t\t<div class=\"e-con-inner\">\n\t\t\t\t<div class=\"elementor-element elementor-element-59a2f0c elementor-widget elementor-widget-text-editor\" data-id=\"59a2f0c\" data-element_type=\"widget\" data-e-type=\"widget\" data-widget_type=\"text-editor.default\">\n\t\t\t\t\t\t\t\t\t<p>(SASU - Soci\u00e9t\u00e9 par Actions Simplifi\u00e9e Unipersonnelle) :<\/p><p>Es handelt sich um eine von FRNIX gegr\u00fcndete Gesch\u00e4ftseinheit. Die SASU ist eine Unternehmensform in Frankreich, die durch einen einzigen Aktion\u00e4r, in diesem Fall FRNIX, gekennzeichnet ist. Das Ziel der Gr\u00fcndung von France IX Services ist es, den IXP (Internet Exchange Point) France-IX professionell und effizient zu betreiben und zu verwalten und dabei sicherzustellen, dass die kommerziellen und operativen Aspekte nach Industriestandards durchgef\u00fchrt werden.<\/p><p>Der gesch\u00e4ftsf\u00fchrende Pr\u00e4sident von France IX Services ist Frank Simon.\u00a0<\/p><p>Die Leitung wird von einem Strategieausschuss (SC) \u00fcbernommen, dem folgende Personen angeh\u00f6ren:<\/p><p>\u00a0<\/p><ul><li>4 Vertreter der Vereinigung, die alleiniger Aktion\u00e4r ist, darunter der Vorsitzende des Verwaltungsrats,<\/li><li>3 unabh\u00e4ngige Verwaltungsratsmitglieder, die von der Vereinigung aufgrund ihrer spezifischen Kompetenz und Neutralit\u00e4t eingestellt werden.<\/li><\/ul><p>\u00a0<\/p><p>Heute stehen bei France IX Services fast 40 Fachleute im Dienste des Peering-\u00d6kosystems in Frankreich und ein starker nationaler IXP, der auch sehr viele ausl\u00e4ndische Kunden zusammenbringt.<\/p><p>Weitere Informationen \u00fcber <a href=\"https:\/\/www.franceix.net\" target=\"_blank\" rel=\"noopener\">https:\/\/www.franceix.net<\/a>\/<\/p><p>Die Satzung von France IX Services ist verf\u00fcgbar <a href=\"https:\/\/frnix.org\/wp-content\/uploads\/2024_02_21_France-IX-Services-Statuts_SAS.pdf\">hier<\/a>.<\/p>\t\t\t\t\t\t\t\t<\/div>\n\t\t\t\t\t<\/div>\n\t\t\t\t<\/div>\n\t\t\t\t<\/div>\n\t\t\t\t\t<\/div>\n\t\t\t\t<\/div>\n\t\t<div class=\"elementor-element elementor-element-a212242 e-flex e-con-boxed e-con e-child\" data-id=\"a212242\" data-element_type=\"container\" data-e-type=\"container\">\n\t\t\t\t\t<div class=\"e-con-inner\">\n\t\t<div class=\"elementor-element elementor-element-c1df206 e-con-full e-flex e-con e-child\" data-id=\"c1df206\" data-element_type=\"container\" data-e-type=\"container\">\n\t\t<div class=\"elementor-element elementor-element-6b420c5 e-con-full e-flex e-con e-child\" data-id=\"6b420c5\" data-element_type=\"container\" data-e-type=\"container\">\n\t\t\t\t<div class=\"elementor-element elementor-element-b85cd32 elementor-widget elementor-widget-heading\" data-id=\"b85cd32\" data-element_type=\"widget\" data-e-type=\"widget\" data-widget_type=\"heading.default\">\n\t\t\t\t\t<h4 class=\"elementor-heading-title elementor-size-default\">IXP Frankreich-IX<\/h4>\t\t\t\t<\/div>\n\t\t\t\t<\/div>\n\t\t<div class=\"elementor-element elementor-element-4a33946 e-flex e-con-boxed e-con e-child\" data-id=\"4a33946\" data-element_type=\"container\" data-e-type=\"container\">\n\t\t\t\t\t<div class=\"e-con-inner\">\n\t\t\t\t<div class=\"elementor-element elementor-element-09a3e10 elementor-widget elementor-widget-text-editor\" data-id=\"09a3e10\" data-element_type=\"widget\" data-e-type=\"widget\" data-widget_type=\"text-editor.default\">\n\t\t\t\t\t\t\t\t\t<p>Dies ist der eigentliche Internet Exchange Point (IXP). Ein IXP (Internet eXchange Point) ist eine physische Infrastruktur, \u00fcber die verschiedene Internetnetzwerke Datenverkehr untereinander austauschen k\u00f6nnen. Dieser Austausch erfolgt direkt, ohne Umweg \u00fcber Dritte, was die Effizienz steigert, die Kosten senkt und die Latenz verringert.<br>France-IX wurde in mehreren St\u00e4dten in Frankreich eingesetzt (Lille Paris Lyon Marseille und Toulouse) und ist heute der gr\u00f6\u00dfte IXP in Frankreich.<\/p>\n<p>Das IXP France-IX wird verwaltet und betrieben von&nbsp;<a href=\"https:\/\/www.franceix.net\/fr\/\" target=\"_blank\" rel=\"noopener\">France-IX Dienstleistungen<\/a>Die Sch\u00fclerin oder der Sch\u00fcler kann sich mit FRNIX in Verbindung setzen, um wichtige Entscheidungen zu treffen.<\/p>\n<p>Einige Zahlen zum IXP France-IX (November 2023)<\/p>\t\t\t\t\t\t\t\t<\/div>\n\t\t<div class=\"elementor-element elementor-element-d629e41 e-flex e-con-boxed e-con e-child\" data-id=\"d629e41\" data-element_type=\"container\" data-e-type=\"container\">\n\t\t\t\t\t<div class=\"e-con-inner\">\n\t\t<div class=\"elementor-element elementor-element-6468854 e-flex e-con-boxed e-con e-child\" data-id=\"6468854\" data-element_type=\"container\" data-e-type=\"container\">\n\t\t\t\t\t<div class=\"e-con-inner\">\n\t\t\t\t<div class=\"elementor-element elementor-element-de5bd62 elementor-widget elementor-widget-heading\" data-id=\"de5bd62\" data-element_type=\"widget\" data-e-type=\"widget\" data-widget_type=\"heading.default\">\n\t\t\t\t\t<h2 class=\"elementor-heading-title elementor-size-default\">~700<\/h2>\t\t\t\t<\/div>\n\t\t\t\t<div class=\"elementor-element elementor-element-35af733 elementor-widget elementor-widget-heading\" data-id=\"35af733\" data-element_type=\"widget\" data-e-type=\"widget\" data-widget_type=\"heading.default\">\n\t\t\t\t\t<h2 class=\"elementor-heading-title elementor-size-default\">Aktive H\u00e4fen<\/h2>\t\t\t\t<\/div>\n\t\t\t\t\t<\/div>\n\t\t\t\t<\/div>\n\t\t<div class=\"elementor-element elementor-element-bf53c90 e-flex e-con-boxed e-con e-child\" data-id=\"bf53c90\" data-element_type=\"container\" data-e-type=\"container\">\n\t\t\t\t\t<div class=\"e-con-inner\">\n\t\t\t\t<div class=\"elementor-element elementor-element-77fe731 elementor-widget elementor-widget-heading\" data-id=\"77fe731\" data-element_type=\"widget\" data-e-type=\"widget\" data-widget_type=\"heading.default\">\n\t\t\t\t\t<h2 class=\"elementor-heading-title elementor-size-default\">~250<\/h2>\t\t\t\t<\/div>\n\t\t\t\t<div class=\"elementor-element elementor-element-d20ba63 elementor-widget elementor-widget-heading\" data-id=\"d20ba63\" data-element_type=\"widget\" data-e-type=\"widget\" data-widget_type=\"heading.default\">\n\t\t\t\t\t<h2 class=\"elementor-heading-title elementor-size-default\">Franz\u00f6sische Schauspieler<\/h2>\t\t\t\t<\/div>\n\t\t\t\t\t<\/div>\n\t\t\t\t<\/div>\n\t\t<div class=\"elementor-element elementor-element-95be7d6 e-flex e-con-boxed e-con e-child\" data-id=\"95be7d6\" data-element_type=\"container\" data-e-type=\"container\">\n\t\t\t\t\t<div class=\"e-con-inner\">\n\t\t\t\t<div class=\"elementor-element elementor-element-9472dfe elementor-widget elementor-widget-heading\" data-id=\"9472dfe\" data-element_type=\"widget\" data-e-type=\"widget\" data-widget_type=\"heading.default\">\n\t\t\t\t\t<h2 class=\"elementor-heading-title elementor-size-default\">~450<\/h2>\t\t\t\t<\/div>\n\t\t\t\t<div class=\"elementor-element elementor-element-23c7704 elementor-widget elementor-widget-heading\" data-id=\"23c7704\" data-element_type=\"widget\" data-e-type=\"widget\" data-widget_type=\"heading.default\">\n\t\t\t\t\t<h2 class=\"elementor-heading-title elementor-size-default\">ASN (IP-Netzwerke)<\/h2>\t\t\t\t<\/div>\n\t\t\t\t\t<\/div>\n\t\t\t\t<\/div>\n\t\t<div class=\"elementor-element elementor-element-ae17a9f e-flex e-con-boxed e-con e-child\" data-id=\"ae17a9f\" data-element_type=\"container\" data-e-type=\"container\">\n\t\t\t\t\t<div class=\"e-con-inner\">\n\t\t\t\t<div class=\"elementor-element elementor-element-351438d elementor-widget elementor-widget-heading\" data-id=\"351438d\" data-element_type=\"widget\" data-e-type=\"widget\" data-widget_type=\"heading.default\">\n\t\t\t\t\t<h2 class=\"elementor-heading-title elementor-size-default\">~20Tbs<\/h2>\t\t\t\t<\/div>\n\t\t\t\t<div class=\"elementor-element elementor-element-a39da07 elementor-widget elementor-widget-heading\" data-id=\"a39da07\" data-element_type=\"widget\" data-e-type=\"widget\" data-widget_type=\"heading.default\">\n\t\t\t\t\t<h2 class=\"elementor-heading-title elementor-size-default\">Durchsatz der angeschlossenen Ports<\/h2>\t\t\t\t<\/div>\n\t\t\t\t\t<\/div>\n\t\t\t\t<\/div>\n\t\t<div class=\"elementor-element elementor-element-366e5bd e-flex e-con-boxed e-con e-child\" data-id=\"366e5bd\" data-element_type=\"container\" data-e-type=\"container\">\n\t\t\t\t\t<div class=\"e-con-inner\">\n\t\t\t\t<div class=\"elementor-element elementor-element-71e3c67 elementor-widget elementor-widget-heading\" data-id=\"71e3c67\" data-element_type=\"widget\" data-e-type=\"widget\" data-widget_type=\"heading.default\">\n\t\t\t\t\t<h2 class=\"elementor-heading-title elementor-size-default\">~3Tbs<\/h2>\t\t\t\t<\/div>\n\t\t\t\t<div class=\"elementor-element elementor-element-a1e5b5c elementor-widget elementor-widget-heading\" data-id=\"a1e5b5c\" data-element_type=\"widget\" data-e-type=\"widget\" data-widget_type=\"heading.default\">\n\t\t\t\t\t<h2 class=\"elementor-heading-title elementor-size-default\">Festgestellte Belastungen<\/h2>\t\t\t\t<\/div>\n\t\t\t\t\t<\/div>\n\t\t\t\t<\/div>\n\t\t\t\t\t<\/div>\n\t\t\t\t<\/div>\n\t\t\t\t\t<\/div>\n\t\t\t\t<\/div>\n\t\t\t\t<\/div>\n\t\t\t\t\t<\/div>\n\t\t\t\t<\/div>\n\t\t\t\t\t<\/div>\n\t\t\t\t<\/div>\n\t\t\t\t<\/div>","protected":false},"excerpt":{"rendered":"<p>FRNIX et France-IX (le Groupe) L&rsquo;Association FRNIX r\u00e9unit les acteurs du r\u00e9seau et du peering. Un peu d&rsquo;histoire N\u00e9es \u00e0 Paris en 2010 (France IX Association) et \u00e0 Lyon en 2001 (Rezopole\/LyonIX), les deux associations ont fusionn\u00e9 en 2021 pour devenir FRNIX qui poss\u00e8de France-IX Services SAS, l&rsquo;exploitant de l&rsquo;IXP FranceIX. En 2023, une nouvelle [&hellip;]<\/p>\n","protected":false},"author":26,"featured_media":0,"parent":267,"menu_order":34,"comment_status":"closed","ping_status":"closed","template":"","meta":{"footnotes":""},"hf_cat_page":[],"class_list":["post-5168","page","type-page","status-publish","hentry"],"aioseo_notices":[],"_links":{"self":[{"href":"https:\/\/frnix.org\/de\/wp-json\/wp\/v2\/pages\/5168","targetHints":{"allow":["GET"]}}],"collection":[{"href":"https:\/\/frnix.org\/de\/wp-json\/wp\/v2\/pages"}],"about":[{"href":"https:\/\/frnix.org\/de\/wp-json\/wp\/v2\/types\/page"}],"author":[{"embeddable":true,"href":"https:\/\/frnix.org\/de\/wp-json\/wp\/v2\/users\/26"}],"replies":[{"embeddable":true,"href":"https:\/\/frnix.org\/de\/wp-json\/wp\/v2\/comments?post=5168"}],"version-history":[{"count":1,"href":"https:\/\/frnix.org\/de\/wp-json\/wp\/v2\/pages\/5168\/revisions"}],"predecessor-version":[{"id":18822,"href":"https:\/\/frnix.org\/de\/wp-json\/wp\/v2\/pages\/5168\/revisions\/18822"}],"up":[{"embeddable":true,"href":"https:\/\/frnix.org\/de\/wp-json\/wp\/v2\/pages\/267"}],"wp:attachment":[{"href":"https:\/\/frnix.org\/de\/wp-json\/wp\/v2\/media?parent=5168"}],"wp:term":[{"taxonomy":"hf_cat_page","embeddable":true,"href":"https:\/\/frnix.org\/de\/wp-json\/wp\/v2\/hf_cat_page?post=5168"}],"curies":[{"name":"wp","href":"https:\/\/api.w.org\/{rel}","templated":true}]}}