{"id":24337,"date":"2026-01-23T19:45:59","date_gmt":"2026-01-23T18:45:59","guid":{"rendered":"https:\/\/frnix.org\/?page_id=24337"},"modified":"2026-01-23T19:48:13","modified_gmt":"2026-01-23T18:48:13","slug":"carte-des-ixp-sur-le-territoire-francais","status":"publish","type":"page","link":"https:\/\/frnix.org\/en\/carte-des-ixp-sur-le-territoire-francais\/","title":{"rendered":"Article: Map of IXPs in France"},"content":{"rendered":"\t\t<div data-elementor-type=\"wp-page\" data-elementor-id=\"24337\" class=\"elementor elementor-24337\" data-elementor-post-type=\"page\">\n\t\t\t\t<div class=\"elementor-element elementor-element-7a263e4 e-flex e-con-boxed e-con e-parent\" data-id=\"7a263e4\" data-element_type=\"container\" data-e-type=\"container\">\n\t\t\t\t\t<div class=\"e-con-inner\">\n\t\t<div class=\"elementor-element elementor-element-e04251c e-con-full e-flex e-con e-child\" data-id=\"e04251c\" data-element_type=\"container\" data-e-type=\"container\">\n\t\t\t\t<div class=\"elementor-element elementor-element-f6c8a3c elementor-widget elementor-widget-text-editor\" data-id=\"f6c8a3c\" data-element_type=\"widget\" data-e-type=\"widget\" data-widget_type=\"text-editor.default\">\n\t\t\t\t\t\t\t\t\t<h1>Cartographie des IXP en France : Visualiser l\u2019\u00e9cosyst\u00e8me de l\u2019interconnexion<\/h1>\n<p>L\u2019interconnexion est le c\u0153ur battant d&rsquo;Internet. En France, le paysage des points d\u2019\u00e9change Internet (IXP) est particuli\u00e8rement dynamique, riche et d\u00e9centralis\u00e9. Pourtant, il est parfois difficile d&rsquo;avoir une vision globale et \u00e0 jour de tous les acteurs pr\u00e9sents sur le territoire.<\/p>\n<p>C\u2019est pour r\u00e9pondre \u00e0 ce besoin que nous, <strong>FRNIX<\/strong>, avons lanc\u00e9 une\u00a0<strong>carte interactive des initiatives d&rsquo;IXP en France<\/strong>.<\/p>\n<h3>Pourquoi cette carte ?<\/h3>\n<p>L\u2019objectif de ce projet est de recenser de mani\u00e8re exhaustive les points de pr\u00e9sence (PoP) des IXP actifs, mais aussi de garder une trace historique des projets ayant cess\u00e9 leur activit\u00e9 ou n&rsquo;ayant jamais abouti. C\u2019est un outil au service de la communaut\u00e9 pour mieux comprendre o\u00f9 et comment le trafic s\u2019\u00e9change dans l\u2019Hexagone.<\/p>\n<p>\u00a0<\/p>\t\t\t\t\t\t\t\t<\/div>\n\t\t\t\t<div class=\"elementor-element elementor-element-e958438 elementor-widget elementor-widget-html\" data-id=\"e958438\" data-element_type=\"widget\" data-e-type=\"widget\" data-widget_type=\"html.default\">\n\t\t\t\t\t<iframe style=\"width: 100%; height: 70vh; border: 0;\" allowfullscreen allow=\"geolocation\" src=\"\/\/umap.openstreetmap.fr\/fr\/map\/ixp-en-france_1263831?scaleControl=false&miniMap=false&scrollWheelZoom=true&zoomControl=true&editMode=disabled&moreControl=true&searchControl=null&tilelayersControl=null&embedControl=true&datalayersControl=true&onLoadPanel=none&captionBar=false&captionMenus=true#3\/25.24\/-7.73\"><\/iframe><p><a href=\"\/\/umap.openstreetmap.fr\/fr\/map\/ixp-en-france_1263831?scaleControl=false&miniMap=false&scrollWheelZoom=true&zoomControl=true&editMode=disabled&moreControl=true&searchControl=null&tilelayersControl=null&embedControl=true&datalayersControl=true&onLoadPanel=none&captionBar=false&captionMenus=true#3\/25.24\/-7.73\">Voir en plein \u00e9cran<\/a><\/p>\t\t\t\t<\/div>\n\t\t\t\t<div class=\"elementor-element elementor-element-8e2217b elementor-widget elementor-widget-text-editor\" data-id=\"8e2217b\" data-element_type=\"widget\" data-e-type=\"widget\" data-widget_type=\"text-editor.default\">\n\t\t\t\t\t\t\t\t\t<h1><span style=\"color: inherit; font-family: inherit; font-size: 2.5rem; font-weight: 500;\">Que trouverez-vous dans cet inventaire ?<\/span><\/h1>\n<p>Pour chaque point de pr\u00e9sence r\u00e9pertori\u00e9, nous avons compil\u00e9 des donn\u00e9es cruciales pour les ing\u00e9nieurs r\u00e9seau et les d\u00e9cideurs :<\/p>\n<ul>\n<li><strong>Identit\u00e9 :<\/strong>\u00a0Nom du PoP et de l\u2019IXP rattach\u00e9.<\/li>\n<li><strong>Origine :<\/strong>\u00a0France, Europe ou internationale.<\/li>\n<li><strong>Engagements &amp; Standards :<\/strong>\n<ul>\n<li>Appartenance \u00e0 l&rsquo;<strong>Euro-IX<\/strong>.<\/li>\n<li>Conformit\u00e9 \u00e0 la politique\u00a0<strong>MANRS<\/strong> (Mutually Agreed Norms for Routing Security) : nous pr\u00e9cisons le niveau (avanc\u00e9e) et la date de certification.<\/li>\n<\/ul>\n<\/li>\n<li><strong>Liens utiles :<\/strong>\u00a0Acc\u00e8s direct au site web de l\u2019IXP pour faciliter la prise de contact.<\/li>\n<\/ul>\n<h3>Comprendre la l\u00e9gende<\/h3>\n<p>Pour une lecture rapide, nous avons opt\u00e9 pour un code couleur simple :<\/p>\n<ul>\n<li><img decoding=\"async\" class=\"emoji\" role=\"img\" draggable=\"false\" src=\"https:\/\/s.w.org\/images\/core\/emoji\/17.0.2\/svg\/1f534.svg\" alt=\"\ud83d\udd34\" \/>\u00a0<strong>En rouge :<\/strong>\u00a0Les PoPs de\u00a0<strong>France-IX<\/strong>.<\/li>\n<li><img decoding=\"async\" class=\"emoji\" role=\"img\" draggable=\"false\" src=\"https:\/\/s.w.org\/images\/core\/emoji\/17.0.2\/svg\/1f535.svg\" alt=\"\ud83d\udd35\" \/>\u00a0<strong>En bleu :<\/strong>\u00a0Les autres\u00a0<strong>IXP actifs<\/strong>\u00a0(r\u00e9gionaux et nationaux).<\/li>\n<li><img decoding=\"async\" class=\"emoji\" role=\"img\" draggable=\"false\" src=\"https:\/\/s.w.org\/images\/core\/emoji\/17.0.2\/svg\/26aa.svg\" alt=\"\u26aa\" \/>\u00a0<strong>En gris :<\/strong>\u00a0Les\u00a0<strong>projets non-actifs<\/strong>\u00a0(historiques ou n&rsquo;ayant pas d\u00e9marr\u00e9).<\/li>\n<\/ul>\n<h3>Une d\u00e9marche collaborative et rigoureuse<\/h3>\n<p>Les donn\u00e9es affich\u00e9es proviennent de sources de r\u00e9f\u00e9rence du secteur :\u00a0PeeringDB, IXPDB, lafibre.info, manrs.org, ainsi que des sites officiels des op\u00e9rateurs.<\/p>\n<p>Internet \u00e9volue vite, et notre carte aussi !\u00a0<strong>Nous effectuons une mise \u00e0 jour mensuelle<\/strong>\u00a0pour refl\u00e9ter au mieux la r\u00e9alit\u00e9 du terrain.<\/p>\n<h3>Votre contribution nous est pr\u00e9cieuse<\/h3>\n<p>Cette carte est un projet vivant. Vous avez remarqu\u00e9 une erreur ? Un PoP manque \u00e0 l&rsquo;appel ? Une certification MANRS a \u00e9t\u00e9 obtenue r\u00e9cemment ?<\/p>\n<p><strong>N&rsquo;h\u00e9sitez pas \u00e0 nous communiquer toute information pour corriger ou compl\u00e9ter cette base de donn\u00e9es.<\/strong>\u00a0Votre expertise nous aide \u00e0 maintenir un outil fiable pour toute la communaut\u00e9.<\/p>\n<p>\u00a0<\/p>\t\t\t\t\t\t\t\t<\/div>\n\t\t\t\t<\/div>\n\t\t<div class=\"elementor-element elementor-element-d790cdd e-con-full e-flex e-con e-child\" data-id=\"d790cdd\" data-element_type=\"container\" data-e-type=\"container\">\n\t\t\t\t<div class=\"elementor-element elementor-element-e471e9f elementor-widget-divider--view-line elementor-widget elementor-widget-divider\" data-id=\"e471e9f\" data-element_type=\"widget\" data-e-type=\"widget\" data-widget_type=\"divider.default\">\n\t\t\t\t\t\t\t<div class=\"elementor-divider\">\n\t\t\t<span class=\"elementor-divider-separator\">\n\t\t\t\t\t\t<\/span>\n\t\t<\/div>\n\t\t\t\t\t\t<\/div>\n\t\t\t\t<div class=\"elementor-element elementor-element-3342ee4 elementor-widget elementor-widget-text-editor\" data-id=\"3342ee4\" data-element_type=\"widget\" data-e-type=\"widget\" data-widget_type=\"text-editor.default\">\n\t\t\t\t\t\t\t\t\t<h2>Sources et cr\u00e9dits<\/h2>\n<div>\n<p class=\"my-2 [&amp;+p]:mt-4 [&amp;_strong:has(+br)]:inline-block [&amp;_strong:has(+br)]:pb-2\">Cet article s\u2019appuie sur\u202f:<\/p>\n<ul class=\"marker:text-quiet list-disc\">\n<li class=\"py-0 my-0 prose-p:pt-0 prose-p:mb-2 prose-p:my-0 [&amp;&gt;p]:pt-0 [&amp;&gt;p]:mb-2 [&amp;&gt;p]:my-0\">\n<p class=\"my-2 [&amp;+p]:mt-4 [&amp;_strong:has(+br)]:inline-block [&amp;_strong:has(+br)]:pb-2\"><a href=\"https:\/\/www.peeringdb.com\/\" target=\"_blank\" rel=\"nofollow noopener\">PeeringDB<\/a>, <a href=\"https:\/\/ixpdb.euro-ix.net\/en\/\" target=\"_blank\" rel=\"nofollow noopener\">IXPDB<\/a>, <a href=\"https:\/\/lafibre.info\/gix\/liste-des-gix-en-france\/\" target=\"_blank\" rel=\"nofollow noopener\">lafibre.info<\/a>, <a href=\"https:\/\/manrs.org\/\" target=\"_blank\" rel=\"nofollow noopener\">manrs.org<\/a><\/p>\n<\/li>\n<\/ul>\n<\/div>\t\t\t\t\t\t\t\t<\/div>\n\t\t\t\t<div class=\"elementor-element elementor-element-190a032 elementor-widget elementor-widget-text-editor\" data-id=\"190a032\" data-element_type=\"widget\" data-e-type=\"widget\" data-widget_type=\"text-editor.default\">\n\t\t\t\t\t\t\t\t\t<h2>Pour aller plus loin :<\/h2>\n<p>\u00a0<\/p>\t\t\t\t\t\t\t\t<\/div>\n\t\t\t\t<\/div>\n\t\t\t\t\t<\/div>\n\t\t\t\t<\/div>\n\t\t<div class=\"elementor-element elementor-element-659320e e-flex e-con-boxed e-con e-parent\" data-id=\"659320e\" data-element_type=\"container\" data-e-type=\"container\">\n\t\t\t\t\t<div class=\"e-con-inner\">\n\t\t\t\t\t<\/div>\n\t\t\t\t<\/div>\n\t\t\t\t<\/div>\n\t\t","protected":false},"excerpt":{"rendered":"<p>Cartographie des IXP en France : Visualiser l\u2019\u00e9cosyst\u00e8me de l\u2019interconnexion L\u2019interconnexion est le c\u0153ur battant d&rsquo;Internet. En France, le paysage des points d\u2019\u00e9change Internet (IXP) est particuli\u00e8rement dynamique, riche et d\u00e9centralis\u00e9. Pourtant, il est parfois difficile d&rsquo;avoir une vision globale et \u00e0 jour de tous les acteurs pr\u00e9sents sur le territoire. C\u2019est pour r\u00e9pondre \u00e0 [&hellip;]<\/p>\n","protected":false},"author":351,"featured_media":0,"parent":0,"menu_order":22,"comment_status":"closed","ping_status":"closed","template":"","meta":{"footnotes":""},"hf_cat_page":[382],"class_list":["post-24337","page","type-page","status-publish","hentry"],"aioseo_notices":[],"_links":{"self":[{"href":"https:\/\/frnix.org\/en\/wp-json\/wp\/v2\/pages\/24337","targetHints":{"allow":["GET"]}}],"collection":[{"href":"https:\/\/frnix.org\/en\/wp-json\/wp\/v2\/pages"}],"about":[{"href":"https:\/\/frnix.org\/en\/wp-json\/wp\/v2\/types\/page"}],"author":[{"embeddable":true,"href":"https:\/\/frnix.org\/en\/wp-json\/wp\/v2\/users\/351"}],"replies":[{"embeddable":true,"href":"https:\/\/frnix.org\/en\/wp-json\/wp\/v2\/comments?post=24337"}],"version-history":[{"count":1,"href":"https:\/\/frnix.org\/en\/wp-json\/wp\/v2\/pages\/24337\/revisions"}],"predecessor-version":[{"id":24341,"href":"https:\/\/frnix.org\/en\/wp-json\/wp\/v2\/pages\/24337\/revisions\/24341"}],"wp:attachment":[{"href":"https:\/\/frnix.org\/en\/wp-json\/wp\/v2\/media?parent=24337"}],"wp:term":[{"taxonomy":"hf_cat_page","embeddable":true,"href":"https:\/\/frnix.org\/en\/wp-json\/wp\/v2\/hf_cat_page?post=24337"}],"curies":[{"name":"wp","href":"https:\/\/api.w.org\/{rel}","templated":true}]}}