{"id":25972,"date":"2026-03-17T15:38:39","date_gmt":"2026-03-17T14:38:39","guid":{"rendered":"https:\/\/frnix.org\/?page_id=25972"},"modified":"2026-04-09T17:48:47","modified_gmt":"2026-04-09T15:48:47","slug":"idees-recues","status":"publish","type":"page","link":"https:\/\/frnix.org\/en\/ressources\/idees-recues\/","title":{"rendered":"Id\u00e9es Re\u00e7ues"},"content":{"rendered":"<div data-elementor-type=\"wp-page\" data-elementor-id=\"25972\" class=\"elementor elementor-25972\" data-elementor-post-type=\"page\">\n\t\t\t\t<div class=\"elementor-element elementor-element-ffe5795 e-flex e-con-boxed e-con e-parent\" data-id=\"ffe5795\" data-element_type=\"container\" data-e-type=\"container\">\n\t\t\t\t\t<div class=\"e-con-inner\">\n\t\t<div class=\"elementor-element elementor-element-2aeef6a e-grid e-con-full e-con e-child\" data-id=\"2aeef6a\" data-element_type=\"container\" data-e-type=\"container\">\n\t\t\t\t<\/div>\n\t\t\t\t\t<\/div>\n\t\t\t\t<\/div>\n\t\t<div class=\"elementor-element elementor-element-b6a05db e-flex e-con-boxed e-con e-parent\" data-id=\"b6a05db\" data-element_type=\"container\" data-e-type=\"container\">\n\t\t\t\t\t<div class=\"e-con-inner\">\n\t\t<div class=\"elementor-element elementor-element-1eddbed e-con-full e-flex e-con e-child\" data-id=\"1eddbed\" data-element_type=\"container\" data-e-type=\"container\">\n\t\t\t\t<div class=\"elementor-element elementor-element-e3331c6 elementor-widget-laptop__width-initial elementor-widget elementor-widget-heading\" data-id=\"e3331c6\" data-element_type=\"widget\" data-e-type=\"widget\" data-widget_type=\"heading.default\">\n\t\t\t\t\t<h1 class=\"elementor-heading-title elementor-size-default\">Common misconceptions about peering<\/h1>\t\t\t\t<\/div>\n\t\t\t\t<\/div>\n\t\t\t\t\t<\/div>\n\t\t\t\t<\/div>\n\t\t<div class=\"elementor-element elementor-element-cb8b6c0 e-flex e-con-boxed e-con e-parent\" data-id=\"cb8b6c0\" data-element_type=\"container\" data-e-type=\"container\">\n\t\t\t\t\t<div class=\"e-con-inner\">\n\t\t<div class=\"elementor-element elementor-element-962edcd e-con-full e-flex e-con e-child\" data-id=\"962edcd\" data-element_type=\"container\" data-e-type=\"container\">\n\t\t\t\t<div class=\"elementor-element elementor-element-95ae2ee elementor-widget elementor-widget-text-editor\" data-id=\"95ae2ee\" data-element_type=\"widget\" data-e-type=\"widget\" data-widget_type=\"text-editor.default\">\n\t\t\t\t\t\t\t\t\t<h2 style=\"font-size: 2rem;\">\u00abPeering is only for the big operators and the GAFAMs. My network is too small to benefit from it.\u00bb<\/h2><p><i>This is one of the most common misconceptions! The reality is far more nuanced and inclusive.<\/i><\/p><p class=\"MdParagraph\"><span style=\"font-family: 'Lato',sans-serif;\">Internet Exchange Points (IXPs) are neutral marketplaces where networks of <span class=\"MdStrong\">all sizes<\/span> come together. For a regional ISP, a start-up, a hosting company or an emerging content provider, connecting to an IXP is a formidable accelerator. Rather than relying on one or two expensive transits, a single port on an IXP can open up hundreds of direct routes to other networks.<\/span><\/p><p>The result? Reduced latency, controlled bandwidth costs and greater resilience. Peering is not a question of size, but of strategy. It's about bringing content closer to users, and that benefits everyone in the ecosystem.<\/p>\t\t\t\t\t\t\t\t<\/div>\n\t\t\t\t<\/div>\n\t\t<div class=\"elementor-element elementor-element-8775a2f e-con-full e-flex e-con e-child\" data-id=\"8775a2f\" data-element_type=\"container\" data-e-type=\"container\" data-settings=\"{&quot;background_background&quot;:&quot;classic&quot;}\">\n\t\t\t\t<div class=\"elementor-element elementor-element-869cc2a elementor-widget elementor-widget-text-editor\" data-id=\"869cc2a\" data-element_type=\"widget\" data-e-type=\"widget\" data-widget_type=\"text-editor.default\">\n\t\t\t\t\t\t\t\t\t<p style=\"text-align: left;\">I'm taking part in aPEERo to find out more about the players involved<\/p>\t\t\t\t\t\t\t\t<\/div>\n\t\t<div class=\"elementor-element elementor-element-7d74dfc e-flex e-con-boxed e-con e-child\" data-id=\"7d74dfc\" data-element_type=\"container\" data-e-type=\"container\">\n\t\t\t\t\t<div class=\"e-con-inner\">\n\t\t\t\t<div class=\"elementor-element elementor-element-dba75b5 elementor-align-center elementor-widget__width-initial elementor-widget elementor-widget-button\" data-id=\"dba75b5\" data-element_type=\"widget\" data-e-type=\"widget\" data-widget_type=\"button.default\">\n\t\t\t\t\t\t\t\t\t\t<a class=\"elementor-button elementor-button-link elementor-size-sm\" href=\"https:\/\/frnix.org\/en\/activites\/\">\n\t\t\t\t\t\t<span class=\"elementor-button-content-wrapper\">\n\t\t\t\t\t\t\t\t\t<span class=\"elementor-button-text\">I would like to register for the aPEERo<\/span>\n\t\t\t\t\t<\/span>\n\t\t\t\t\t<\/a>\n\t\t\t\t\t\t\t\t<\/div>\n\t\t\t\t<div class=\"elementor-element elementor-element-6b66439 elementor-align-center elementor-widget__width-initial elementor-widget elementor-widget-button\" data-id=\"6b66439\" data-element_type=\"widget\" data-e-type=\"widget\" data-widget_type=\"button.default\">\n\t\t\t\t\t\t\t\t\t\t<a class=\"elementor-button elementor-button-link elementor-size-sm\" href=\"https:\/\/frnix.org\/en\/a-propos\/adherer-a-l-association\/\">\n\t\t\t\t\t\t<span class=\"elementor-button-content-wrapper\">\n\t\t\t\t\t\t\t\t\t<span class=\"elementor-button-text\">I subscribe<\/span>\n\t\t\t\t\t<\/span>\n\t\t\t\t\t<\/a>\n\t\t\t\t\t\t\t\t<\/div>\n\t\t\t\t\t<\/div>\n\t\t\t\t<\/div>\n\t\t\t\t<\/div>\n\t\t\t\t\t<\/div>\n\t\t\t\t<\/div>\n\t\t<div class=\"elementor-element elementor-element-85268ae e-flex e-con-boxed e-con e-parent\" data-id=\"85268ae\" data-element_type=\"container\" data-e-type=\"container\">\n\t\t\t\t\t<div class=\"e-con-inner\">\n\t\t\t\t<div class=\"elementor-element elementor-element-5be4706 elementor-widget elementor-widget-text-editor\" data-id=\"5be4706\" data-element_type=\"widget\" data-e-type=\"widget\" data-widget_type=\"text-editor.default\">\n\t\t\t\t\t\t\t\t\t<h2 style=\"font-size: 2rem;\">\u00abPeering is free, it's an exchange of traffic without any billing.\u00bb<\/h2><p><em>Beware of confusion! While the basic principle of peering is often \u00absettlement-free\u00bb (with no financial settlement between the two networks), it is not without its costs.<\/em><\/p><p>\u00abSettlement-free\u00bb means that networks that peer together agree not to charge each other for the traffic exchanged. It is a mutually beneficial agreement, based on the principle that the exchange of traffic is more or less balanced.<\/p><p>However, there are infrastructure costs to be taken into account:<\/p><ul><li><strong>The port on the IXP<\/strong> : Your physical connection to the exchange platform has a cost.<\/li><li><strong>Transport<\/strong> : Your traffic has to be routed to the IXP, which involves fibre optic or circuit costs.<\/li><li><strong>The equipment<\/strong> The routers and other equipment needed to manage peering sessions represent an investment.<\/li><\/ul><p>Peering is therefore not \u00abfree\u00bb, but it is a strategic investment. The aim is for the savings made on the purchase of IP transit and improved performance to more than offset these infrastructure costs.<\/p>\t\t\t\t\t\t\t\t<\/div>\n\t\t\t\t\t<\/div>\n\t\t\t\t<\/div>\n\t\t<div class=\"elementor-element elementor-element-12b12cc e-flex e-con-boxed e-con e-parent\" data-id=\"12b12cc\" data-element_type=\"container\" data-e-type=\"container\">\n\t\t\t\t\t<div class=\"e-con-inner\">\n\t\t<div class=\"elementor-element elementor-element-5ba78c5 e-con-full e-flex e-con e-child\" data-id=\"5ba78c5\" data-element_type=\"container\" data-e-type=\"container\">\n\t\t\t\t<div class=\"elementor-element elementor-element-12f99c1 elementor-widget elementor-widget-text-editor\" data-id=\"12f99c1\" data-element_type=\"widget\" data-e-type=\"widget\" data-widget_type=\"text-editor.default\">\n\t\t\t\t\t\t\t\t\t<h2 style=\"font-size: 2rem;\">\u00abPeering is too complex. Configuring BGP is a nightmare and I risk destabilising my network.\u00bb<\/h2><p><em>The reputation of BGP (Border Gateway Protocol) often precedes it. But today, this fear is no longer justified.<\/em><\/p><p>BGP is the protocol that makes the Internet work, and like any powerful tool, it needs to be mastered. However, the IXP ecosystem has greatly simplified its adoption:<\/p><ul><li><strong>Route Servers<\/strong> This is the key! Instead of having to set up hundreds of individual BGP sessions with each IXP member, you can establish a single session with the IXP Route Server. The IXP Route Server will propagate your routes to all other connected members (and vice versa). This saves time and drastically reduces complexity.<\/li><li><strong>Greater control<\/strong> Far from giving you less control, BGP gives you more! You can define very fine-grained routing policies to decide exactly where your traffic should go, optimising performance and resilience.<\/li><li><strong>Community and support<\/strong> IXPs are communities. Numerous tutorials and training courses are available to help you improve your skills. Take part in our BGP workshops created and run by recognised specialists.<\/li><\/ul><p>Don't be afraid of BGP! It's your best ally for a successful peering strategy.<\/p>\t\t\t\t\t\t\t\t<\/div>\n\t\t\t\t<\/div>\n\t\t<div class=\"elementor-element elementor-element-24d7edb e-con-full e-flex e-con e-child\" data-id=\"24d7edb\" data-element_type=\"container\" data-e-type=\"container\" data-settings=\"{&quot;background_background&quot;:&quot;classic&quot;}\">\n\t\t<div class=\"elementor-element elementor-element-c2451d8 e-con-full e-flex e-con e-child\" data-id=\"c2451d8\" data-element_type=\"container\" data-e-type=\"container\" data-settings=\"{&quot;background_background&quot;:&quot;classic&quot;}\">\n\t\t\t\t<div class=\"elementor-element elementor-element-d368ae1 elementor-widget elementor-widget-text-editor\" data-id=\"d368ae1\" data-element_type=\"widget\" data-e-type=\"widget\" data-widget_type=\"text-editor.default\">\n\t\t\t\t\t\t\t\t\t<h4><strong>Make the most of your IXP: sign up for a BGP workshop<\/strong><\/h4>\t\t\t\t\t\t\t\t<\/div>\n\t\t\t\t<div class=\"elementor-element elementor-element-ad3e4fb elementor-widget elementor-widget-image\" data-id=\"ad3e4fb\" data-element_type=\"widget\" data-e-type=\"widget\" data-widget_type=\"image.default\">\n\t\t\t\t\t\t\t\t\t\t\t\t\t\t\t<img decoding=\"async\" src=\"https:\/\/frnix.org\/wp-content\/uploads\/elementor\/thumbs\/sticker-workshop-bgp-ravvn76lw17139s2xy8kc4k3ho5gtralytf1miu7vg.webp\" title=\"sticker-workshop-bgp\" alt=\"sticker-workshop-bgp\" loading=\"lazy\" \/>\t\t\t\t\t\t\t\t\t\t\t\t\t\t\t<\/div>\n\t\t\t\t<div class=\"elementor-element elementor-element-77e979e elementor-align-center elementor-widget elementor-widget-button\" data-id=\"77e979e\" data-element_type=\"widget\" data-e-type=\"widget\" data-widget_type=\"button.default\">\n\t\t\t\t\t\t\t\t\t\t<a class=\"elementor-button elementor-button-link elementor-size-sm\" href=\"https:\/\/frnix.org\/en\/activites\/workshops-bgp\/\">\n\t\t\t\t\t\t<span class=\"elementor-button-content-wrapper\">\n\t\t\t\t\t\t<span class=\"elementor-button-icon\">\n\t\t\t\t<svg aria-hidden=\"true\" class=\"e-font-icon-svg e-fas-arrow-right\" viewbox=\"0 0 448 512\" xmlns=\"http:\/\/www.w3.org\/2000\/svg\"><path d=\"M190.5 66.9l22.2-22.2c9.4-9.4 24.6-9.4 33.9 0L441 239c9.4 9.4 9.4 24.6 0 33.9L246.6 467.3c-9.4 9.4-24.6 9.4-33.9 0l-22.2-22.2c-9.5-9.5-9.3-25 .4-34.3L311.4 296H24c-13.3 0-24-10.7-24-24v-32c0-13.3 10.7-24 24-24h287.4L190.9 101.2c-9.8-9.3-10-24.8-.4-34.3z\"><\/path><\/svg>\t\t\t<\/span>\n\t\t\t\t\t\t\t\t\t<span class=\"elementor-button-text\">Find out more<\/span>\n\t\t\t\t\t<\/span>\n\t\t\t\t\t<\/a>\n\t\t\t\t\t\t\t\t<\/div>\n\t\t\t\t<\/div>\n\t\t\t\t<\/div>\n\t\t\t\t\t<\/div>\n\t\t\t\t<\/div>\n\t\t<div class=\"elementor-element elementor-element-47d9ebf e-flex e-con-boxed e-con e-parent\" data-id=\"47d9ebf\" data-element_type=\"container\" data-e-type=\"container\">\n\t\t\t\t\t<div class=\"e-con-inner\">\n\t\t<div class=\"elementor-element elementor-element-3c85d20 e-con-full e-flex e-con e-child\" data-id=\"3c85d20\" data-element_type=\"container\" data-e-type=\"container\" data-settings=\"{&quot;background_background&quot;:&quot;classic&quot;}\">\n\t\t\t\t<div class=\"elementor-element elementor-element-95565f3 elementor-widget elementor-widget-text-editor\" data-id=\"95565f3\" data-element_type=\"widget\" data-e-type=\"widget\" data-widget_type=\"text-editor.default\">\n\t\t\t\t\t\t\t\t\t<p style=\"text-align: center;\"><strong>I find the IXP<br \/>closest to me<\/strong><\/p>\t\t\t\t\t\t\t\t<\/div>\n\t\t\t\t<div class=\"elementor-element elementor-element-15619a5 elementor-align-center elementor-widget elementor-widget-button\" data-id=\"15619a5\" data-element_type=\"widget\" data-e-type=\"widget\" data-widget_type=\"button.default\">\n\t\t\t\t\t\t\t\t\t\t<a class=\"elementor-button elementor-button-link elementor-size-sm\" href=\"https:\/\/frnix.org\/en\/carte-des-ixp-sur-le-territoire-francais\/\">\n\t\t\t\t\t\t<span class=\"elementor-button-content-wrapper\">\n\t\t\t\t\t\t\t\t\t<span class=\"elementor-button-text\">Exploring the map<\/span>\n\t\t\t\t\t<\/span>\n\t\t\t\t\t<\/a>\n\t\t\t\t\t\t\t\t<\/div>\n\t\t\t\t<\/div>\n\t\t<div class=\"elementor-element elementor-element-cb8189a e-con-full e-flex e-con e-child\" data-id=\"cb8189a\" data-element_type=\"container\" data-e-type=\"container\">\n\t\t\t\t<div class=\"elementor-element elementor-element-5a2b2ed elementor-widget elementor-widget-text-editor\" data-id=\"5a2b2ed\" data-element_type=\"widget\" data-e-type=\"widget\" data-widget_type=\"text-editor.default\">\n\t\t\t\t\t\t\t\t\t<h2 style=\"font-size: 2rem;\">\u00abPeering can completely replace my IP transit.\u00bb<\/h2><p><em>This is a dangerous simplification. Peering and transit are not enemies, but essential complements to a robust connectivity strategy.<\/em><\/p><ul><li>Le <strong>peering<\/strong> gives you direct access to the networks of other IXP members. It's a direct highway to their customers and services, with no intermediaries. It's ideal for local and high-volume traffic (streaming, gaming, etc.).<\/li><li>Le <strong>IP Transit<\/strong> gives you access to the entire global Internet. Your transit provider already has peering agreements with thousands of networks around the world. This is your way out to destinations that you can't reach via direct peering.<\/li><\/ul><p><br \/>A peering-only network would be isolated, unable to reach a large part of the Internet. Conversely, a transit-only network would pay dearly for traffic that could be exchanged locally at lower cost and with better performance.<\/p><p>The winning strategy is to use peering to manage the majority of your traffic (the famous 80\/20 Pareto law) and keep one or more transit providers for the rest. It's the perfect balance between performance, cost and resilience.<\/p>\t\t\t\t\t\t\t\t<\/div>\n\t\t\t\t<\/div>\n\t\t\t\t\t<\/div>\n\t\t\t\t<\/div>\n\t\t<div class=\"elementor-element elementor-element-513d5cb e-flex e-con-boxed e-con e-parent\" data-id=\"513d5cb\" data-element_type=\"container\" data-e-type=\"container\">\n\t\t\t\t\t<div class=\"e-con-inner\">\n\t\t<div class=\"elementor-element elementor-element-5923edf e-con-full e-flex e-con e-child\" data-id=\"5923edf\" data-element_type=\"container\" data-e-type=\"container\">\n\t\t\t\t<div class=\"elementor-element elementor-element-7d68dfa elementor-widget elementor-widget-text-editor\" data-id=\"7d68dfa\" data-element_type=\"widget\" data-e-type=\"widget\" data-widget_type=\"text-editor.default\">\n\t\t\t\t\t\t\t\t\t<h2 style=\"font-size: 2rem;\">\u00abAn IXP only serves to reduce bandwidth costs.\u00bb<\/h2><p><em>Reducing costs is a major benefit, but it's only the tip of the iceberg. To view an IXP solely from this angle is to miss its most fundamental value.<\/em><\/p><p>An IXP is a critical infrastructure for a region's resilience and digital sovereignty. By keeping traffic local... local, an IXP strengthens the digital ecosystem in a number of ways:<\/p><ul><li><strong>Resilience<\/strong> IXP: If a submarine cable is cut or a major transit operator fails, locally hosted services and communications between local users remain operational thanks to the IXP. It acts as a safety net for the national Internet.<\/li><li><strong>Performance<\/strong> IXP: By reducing latency, IXP improves the user experience for sensitive applications such as cloud, online gaming, videoconferencing and telemedicine.<\/li><li><strong>Sovereignty<\/strong> A dynamic local peering ecosystem reduces dependency on foreign players and international routes. It gives a region or country more control over its digital infrastructure.<\/li><li><strong>Innovation<\/strong> IXPs are places where people meet and work together to stimulate local innovation. This is where new ideas and new services are born.<\/li><\/ul><p><br \/>By connecting to an IXP, you're not just optimising your costs. You're actively helping to build a more robust, faster and more resilient Internet for your community.<\/p>\t\t\t\t\t\t\t\t<\/div>\n\t\t\t\t<\/div>\n\t\t<div class=\"elementor-element elementor-element-13e0343 e-con-full e-flex e-con e-child\" data-id=\"13e0343\" data-element_type=\"container\" data-e-type=\"container\" data-settings=\"{&quot;background_background&quot;:&quot;classic&quot;}\">\n\t\t\t\t<div class=\"elementor-element elementor-element-0c6ef02 elementor-align-center elementor-widget elementor-widget-button\" data-id=\"0c6ef02\" data-element_type=\"widget\" data-e-type=\"widget\" data-widget_type=\"button.default\">\n\t\t\t\t\t\t\t\t\t\t<a class=\"elementor-button elementor-button-link elementor-size-sm\" href=\"https:\/\/frnix.org\/en\/pourquoi-les-ixp-sont-importants\/\">\n\t\t\t\t\t\t<span class=\"elementor-button-content-wrapper\">\n\t\t\t\t\t\t\t\t\t<span class=\"elementor-button-text\">Read more<\/span>\n\t\t\t\t\t<\/span>\n\t\t\t\t\t<\/a>\n\t\t\t\t\t\t\t\t<\/div>\n\t\t\t\t<div class=\"elementor-element elementor-element-32be5b3 elementor-widget elementor-widget-text-editor\" data-id=\"32be5b3\" data-element_type=\"widget\" data-e-type=\"widget\" data-widget_type=\"text-editor.default\">\n\t\t\t\t\t\t\t\t\t<p style=\"text-align: center;\"><span style=\"font-size: 2rem;\">\u201c<\/span>IXPs are not \u00absimple switches\u00bb. They are interconnection commons, supporting openness, decentralisation and collaboration.<span style=\"font-size: 2rem;\">\u201d<\/span><\/p>\t\t\t\t\t\t\t\t<\/div>\n\t\t\t\t<\/div>\n\t\t\t\t\t<\/div>\n\t\t\t\t<\/div>\n\t\t\t\t<\/div>","protected":false},"excerpt":{"rendered":"<p>Id\u00e9es re\u00e7ues sur le peering \u00ab\u00a0Le peering, c&rsquo;est uniquement pour les grands op\u00e9rateurs et les GAFAM. Mon r\u00e9seau est trop petit pour en b\u00e9n\u00e9ficier.\u00a0\u00bb C&rsquo;est l&rsquo;une des fausses croyances les plus r\u00e9pandues ! La r\u00e9alit\u00e9 est bien plus nuanc\u00e9e et inclusive. Les Points d&rsquo;\u00c9change Internet (IXP) sont pr\u00e9cis\u00e9ment des places de march\u00e9 neutres o\u00f9 des [&hellip;]<\/p>\n","protected":false},"author":351,"featured_media":0,"parent":304,"menu_order":0,"comment_status":"closed","ping_status":"closed","template":"","meta":{"footnotes":""},"hf_cat_page":[],"class_list":["post-25972","page","type-page","status-publish","hentry"],"aioseo_notices":[],"_links":{"self":[{"href":"https:\/\/frnix.org\/en\/wp-json\/wp\/v2\/pages\/25972","targetHints":{"allow":["GET"]}}],"collection":[{"href":"https:\/\/frnix.org\/en\/wp-json\/wp\/v2\/pages"}],"about":[{"href":"https:\/\/frnix.org\/en\/wp-json\/wp\/v2\/types\/page"}],"author":[{"embeddable":true,"href":"https:\/\/frnix.org\/en\/wp-json\/wp\/v2\/users\/351"}],"replies":[{"embeddable":true,"href":"https:\/\/frnix.org\/en\/wp-json\/wp\/v2\/comments?post=25972"}],"version-history":[{"count":5,"href":"https:\/\/frnix.org\/en\/wp-json\/wp\/v2\/pages\/25972\/revisions"}],"predecessor-version":[{"id":26344,"href":"https:\/\/frnix.org\/en\/wp-json\/wp\/v2\/pages\/25972\/revisions\/26344"}],"up":[{"embeddable":true,"href":"https:\/\/frnix.org\/en\/wp-json\/wp\/v2\/pages\/304"}],"wp:attachment":[{"href":"https:\/\/frnix.org\/en\/wp-json\/wp\/v2\/media?parent=25972"}],"wp:term":[{"taxonomy":"hf_cat_page","embeddable":true,"href":"https:\/\/frnix.org\/en\/wp-json\/wp\/v2\/hf_cat_page?post=25972"}],"curies":[{"name":"wp","href":"https:\/\/api.w.org\/{rel}","templated":true}]}}