{"id":26255,"date":"2026-04-09T10:10:47","date_gmt":"2026-04-09T08:10:47","guid":{"rendered":"https:\/\/frnix.org\/?page_id=26255"},"modified":"2026-04-14T18:44:16","modified_gmt":"2026-04-14T16:44:16","slug":"elections-2026","status":"publish","type":"page","link":"https:\/\/frnix.org\/en\/ressources\/elections-2026\/","title":{"rendered":"Elections 2026"},"content":{"rendered":"<div data-elementor-type=\"wp-page\" data-elementor-id=\"26255\" class=\"elementor elementor-26255\" data-elementor-post-type=\"page\">\n\t\t\t\t<div class=\"elementor-element elementor-element-16f012b e-flex e-con-boxed e-con e-parent\" data-id=\"16f012b\" data-element_type=\"container\" data-e-type=\"container\" data-settings=\"{&quot;background_background&quot;:&quot;classic&quot;,&quot;shape_divider_bottom&quot;:&quot;curve&quot;,&quot;shape_divider_bottom_negative&quot;:&quot;yes&quot;}\">\n\t\t\t\t\t<div class=\"e-con-inner\">\n\t\t\t\t<div class=\"elementor-shape elementor-shape-bottom\" aria-hidden=\"true\" data-negative=\"true\">\n\t\t\t<svg xmlns=\"http:\/\/www.w3.org\/2000\/svg\" viewbox=\"0 0 1000 100\" preserveaspectratio=\"none\">\n\t<path class=\"elementor-shape-fill\" d=\"M500,97C126.7,96.3,0.8,19.8,0,0v100l1000,0V1C1000,19.4,873.3,97.8,500,97z\"\/>\n<\/svg>\t\t<\/div>\n\t\t\t\t<div class=\"elementor-element elementor-element-b194bd1 elementor-widget elementor-widget-heading\" data-id=\"b194bd1\" data-element_type=\"widget\" data-e-type=\"widget\" data-widget_type=\"heading.default\">\n\t\t\t\t\t<h1 class=\"elementor-heading-title elementor-size-default\">Election of members of the 2026 Board of Directors<\/h1>\t\t\t\t<\/div>\n\t\t\t\t\t<\/div>\n\t\t\t\t<\/div>\n\t\t<div class=\"elementor-element elementor-element-94e9363 e-flex e-con-boxed e-con e-parent\" data-id=\"94e9363\" data-element_type=\"container\" data-e-type=\"container\">\n\t\t\t\t\t<div class=\"e-con-inner\">\n\t\t\t\t<div class=\"elementor-element elementor-element-1e961ea elementor-widget elementor-widget-text-editor\" data-id=\"1e961ea\" data-element_type=\"widget\" data-e-type=\"widget\" data-widget_type=\"text-editor.default\">\n\t\t\t\t\t\t\t\t\t<p style=\"font-size: 1.2rem; font-weight: bold; color: #0099ff; margin-bottom: 12px;\">And why shouldn't you?<\/p><h2 style=\"font-size: 2rem; font-weight: 800; margin-bottom: 24px; line-height: 1.2;\">Nominations are invited every year, 2 months before the Annual General Meeting.<\/h2><div class=\"body-text\"><p>As every year, a new <strong>General Meeting of the FRNIX association<\/strong> is about to take place. With the AGM comes the vote to renew the available seats on the Board of Directors.<\/p><p>If you share our vision and our values, and would like to play an active part in the development of our association for the disabled, please contact us. <strong>Next 3 years<\/strong>, send in your application or spread the word to your ideal candidate!<\/p><\/div><hr class=\"divider\" \/>\t\t\t\t\t\t\t\t<\/div>\n\t\t\t\t\t<\/div>\n\t\t\t\t<\/div>\n\t\t<div class=\"elementor-element elementor-element-a1cc2f2 e-flex e-con-boxed e-con e-parent\" data-id=\"a1cc2f2\" data-element_type=\"container\" data-e-type=\"container\">\n\t\t\t\t\t<div class=\"e-con-inner\">\n\t\t<div class=\"elementor-element elementor-element-e1612ef e-con-full e-flex e-con e-child\" data-id=\"e1612ef\" data-element_type=\"container\" data-e-type=\"container\">\n\t\t\t\t<div class=\"elementor-element elementor-element-08956db card card-accent elementor-widget elementor-widget-text-editor\" data-id=\"08956db\" data-element_type=\"widget\" data-e-type=\"widget\" data-widget_type=\"text-editor.default\">\n\t\t\t\t\t\t\t\t\t<p class=\"sub-heading\">How many seats are available?<\/p>\n          <p>This year, <strong>3 seats<\/strong> are to be renewed or filled on the Board of Directors.<\/p>\n          <div>\n            <span class=\"badge\">3 seats<\/span>\n            <span class=\"badge-outline\">3-year term<\/span>\n          <\/div>\n\t\t\t\t\t\t\t\t<\/div>\n\t\t\t\t<\/div>\n\t\t<div class=\"elementor-element elementor-element-db15b68 e-con-full e-flex e-con e-child\" data-id=\"db15b68\" data-element_type=\"container\" data-e-type=\"container\">\n\t\t\t\t<div class=\"elementor-element elementor-element-abd69b4 card card-accent elementor-widget elementor-widget-text-editor\" data-id=\"abd69b4\" data-element_type=\"widget\" data-e-type=\"widget\" data-widget_type=\"text-editor.default\">\n\t\t\t\t\t\t\t\t\t <p class=\"sub-heading\">Who can apply?<\/p>\n          <p>Anyone with a <strong>professional experience in the telecoms\/Internet\/network interconnection sector<\/strong>, ready to get involved and give some of their time to the peering community in France.<\/p>\n          <div class=\"info-box\" style=\"margin-top:16px;\">\n            You can apply whether or not your organisation is a member of FRNIX or connected to France-IX.\n          <\/div>\n\t\t\t\t\t\t\t\t<\/div>\n\t\t\t\t<\/div>\n\t\t\t\t\t<\/div>\n\t\t\t\t<\/div>\n\t\t<div class=\"elementor-element elementor-element-ecbe152 e-flex e-con-boxed e-con e-parent\" data-id=\"ecbe152\" data-element_type=\"container\" data-e-type=\"container\">\n\t\t\t\t\t<div class=\"e-con-inner\">\n\t\t\t\t<div class=\"elementor-element elementor-element-5d6fade elementor-widget elementor-widget-text-editor\" data-id=\"5d6fade\" data-element_type=\"widget\" data-e-type=\"widget\" data-widget_type=\"text-editor.default\">\n\t\t\t\t\t\t\t\t\t<h2 class=\"section-heading\">Expected commitment<\/h2><div class=\"body-text\"><p>For this activity\u00a0<strong>volunteer<\/strong>, You will be expected to bring your knowledge of the sector, your ability to identify and collect the needs of the community, and your commitment to contributing actively to the association's development. The term of office is\u00a0<strong>3 years (renewable)<\/strong>.<\/p><\/div>\t\t\t\t\t\t\t\t<\/div>\n\t\t\t\t<div class=\"elementor-element elementor-element-221b276 info-box elementor-widget elementor-widget-text-editor\" data-id=\"221b276\" data-element_type=\"widget\" data-e-type=\"widget\" data-widget_type=\"text-editor.default\">\n\t\t\t\t\t\t\t\t\t<p><strong>Estimated time: 8 hours per month<\/strong> - 2 hours of Board meetings and 6 hours of representation, or discussions with the salaried team (in working hours), or work on files and projects.<\/p>\t\t\t\t\t\t\t\t<\/div>\n\t\t\t\t<div class=\"elementor-element elementor-element-9bc8393 warning-box elementor-widget elementor-widget-text-editor\" data-id=\"9bc8393\" data-element_type=\"widget\" data-e-type=\"widget\" data-widget_type=\"text-editor.default\">\n\t\t\t\t\t\t\t\t\t<p><strong>If you're not available, don't apply!<\/strong><\/p>\t\t\t\t\t\t\t\t<\/div>\n\t\t\t\t\t<\/div>\n\t\t\t\t<\/div>\n\t\t<div class=\"elementor-element elementor-element-5dc2455 section-light e-flex e-con-boxed e-con e-parent\" data-id=\"5dc2455\" data-element_type=\"container\" data-e-type=\"container\">\n\t\t\t\t\t<div class=\"e-con-inner\">\n\t\t\t\t<div class=\"elementor-element elementor-element-82e4b42 elementor-widget elementor-widget-text-editor\" data-id=\"82e4b42\" data-element_type=\"widget\" data-e-type=\"widget\" data-widget_type=\"text-editor.default\">\n\t\t\t\t\t\t\t\t\t<h2 class=\"section-heading\">Main tasks of the members of the Board of Directors<\/h2><ul class=\"styled-list\"><li>Dedicate time to work on the issues for which you will be responsible (as Chairman\/Treasurer\/Secretary or any other role that may be assigned to you).<\/li><li>Participate in <strong>monthly meetings<\/strong>(lasting 2 hours).<\/li><li>Participate in<strong>face-to-face meetings<\/strong>(1 or 2 times a year, all day and at the AGM).<\/li><li>Represent the FRNIX association and act as its spokesperson.<\/li><li>Maintaining an active link with the FRNIX community, particularly in terms of gathering needs and expectations.<\/li><li>Participate in the governance of France-IX, in particular by joining the Strategic Committee set up in 2024, with 4 places reserved for Association directors.<\/li><li>Work to develop the association by integrating the needs of all its members (operators, hosts, content, equipment and service providers, etc.).<\/li><\/ul>\t\t\t\t\t\t\t\t<\/div>\n\t\t\t\t<div class=\"elementor-element elementor-element-12374fb elementor-widget elementor-widget-text-editor\" data-id=\"12374fb\" data-element_type=\"widget\" data-e-type=\"widget\" data-widget_type=\"text-editor.default\">\n\t\t\t\t\t\t\t\t\t<p>We want the\u00a0<strong>diversity of our members<\/strong>\u00a0is represented on the Board of Directors. All members of the Board of Directors must sign a\u00a0<span style=\"text-decoration: underline;\"><a href=\"https:\/\/frnix.org\/wp-content\/uploads\/FRNIX_Code-de-conduite-administrateurs.pdf\"><strong>Code of Conduct<\/strong><\/a><\/span>\u00a0to ensure neutrality in decision-making and avoid any conflict of interest.<\/p>\t\t\t\t\t\t\t\t<\/div>\n\t\t\t\t\t<\/div>\n\t\t\t\t<\/div>\n\t\t<div class=\"elementor-element elementor-element-7d5e110 e-flex e-con-boxed e-con e-parent\" data-id=\"7d5e110\" data-element_type=\"container\" data-e-type=\"container\">\n\t\t\t\t\t<div class=\"e-con-inner\">\n\t\t\t\t<div class=\"elementor-element elementor-element-8f62161 elementor-widget elementor-widget-text-editor\" data-id=\"8f62161\" data-element_type=\"widget\" data-e-type=\"widget\" data-widget_type=\"text-editor.default\">\n\t\t\t\t\t\t\t\t\t<h2 class=\"section-heading\">How and when to apply?<\/h2>\n<div class=\"timeline\">\n<div class=\"timeline-item\">\n<div class=\"timeline-num\">1<\/div>\n<div class=\"timeline-body\">\n<h3>Motivational message - 40 days before the AGM (midday) Friday 18 April 2026<\/h3>\n<p>Send a motivational message setting out the subjects you would like to get involved in. This message must meet the following criteria:<\/p>\n<ul>\n<li>Maximum <strong>300 words<\/strong>, written in <strong>French<\/strong><\/li>\n<li>Sent via our contact form : <a href=\"https:\/\/frnix.org\/en\/contact\/\" target=\"_blank\" rel=\"noopener\">frnix.org\/contact<\/a><\/li>\n<\/ul>\n<p style=\"margin-top: 10px;\">Your application will be examined by the current Board of Directors, and you will receive feedback.<\/p>\n<\/div>\n<\/div>\n<div class=\"timeline-item\">\n<div class=\"timeline-num\">2<\/div>\n<div class=\"timeline-body\">\n<h3>Complete file - 20 days before the AGM Tuesday 5 May 2026<\/h3>\n<p>If you are approved, you must send us the information to be shared with voting members:<\/p>\n<ul>\n<li><strong>Video presentation<\/strong> your application and the contributions you wish to make to the association - max. length 2 minutes, in French, mp4 format (Smartphone, or Computer, edited or not)<\/li>\n<li><strong>A photo<\/strong><\/li>\n<li><strong>Link to your LinkedIn profile<\/strong> or CV in PDF format<\/li>\n<\/ul>\n<div class=\"warning-box\" style=\"margin-top: 12px;\">Without these elements, your application, even if accepted by the Board, becomes <strong>null and void<\/strong>.<\/div>\n<\/div>\n<\/div>\n<div class=\"timeline-item\">\n<div class=\"timeline-num\">3<\/div>\n<div class=\"timeline-body\">\n<h3>Electronic voting - open 2 weeks before the AGM<\/h3>\n<p>Voting is electronic, open from 2 weeks before the AGM until the day of the AGM. Your presence at the AGM is <strong>recommended but not mandatory<\/strong>.<\/p>\n<p style=\"margin-top: 8px;\">The candidates with the most votes will be elected and announced at the end of the AGM, then on the website and social networks. Good management of the association is not forgotten!&nbsp;<\/p>\n<\/div>\n<\/div>\n<\/div>\t\t\t\t\t\t\t\t<\/div>\n\t\t\t\t\t<\/div>\n\t\t\t\t<\/div>\n\t\t<div class=\"elementor-element elementor-element-c0f0556 e-flex e-con-boxed e-con e-parent\" data-id=\"c0f0556\" data-element_type=\"container\" data-e-type=\"container\">\n\t\t\t\t\t<div class=\"e-con-inner\">\n\t\t\t\t<div class=\"elementor-element elementor-element-8616ef9 elementor-widget elementor-widget-text-editor\" data-id=\"8616ef9\" data-element_type=\"widget\" data-e-type=\"widget\" data-widget_type=\"text-editor.default\">\n\t\t\t\t\t\t\t\t\t<hr class=\"divider\" \/>\n<br>\n<h2 class=\"section-heading\">Why join the FRNIX Board of Directors?<\/h2>\t\t\t\t\t\t\t\t<\/div>\n\t\t\t\t\t<\/div>\n\t\t\t\t<\/div>\n\t\t<div class=\"elementor-element elementor-element-c477552 grid-3 e-flex e-con-boxed e-con e-parent\" data-id=\"c477552\" data-element_type=\"container\" data-e-type=\"container\">\n\t\t\t\t\t<div class=\"e-con-inner\">\n\t\t<div class=\"elementor-element elementor-element-03f16e4 e-con-full e-flex e-con e-child\" data-id=\"03f16e4\" data-element_type=\"container\" data-e-type=\"container\">\n\t\t\t\t<div class=\"elementor-element elementor-element-d182a52 card elementor-widget elementor-widget-text-editor\" data-id=\"d182a52\" data-element_type=\"widget\" data-e-type=\"widget\" data-widget_type=\"text-editor.default\">\n\t\t\t\t\t\t\t\t\t<h3>Rewarding voluntary work<\/h3><p>Board members are not remunerated (salary, bonuses or discounts). Only expenses related to their duties are reimbursed.<\/p>\t\t\t\t\t\t\t\t<\/div>\n\t\t\t\t<\/div>\n\t\t<div class=\"elementor-element elementor-element-af53150 e-con-full e-flex e-con e-child\" data-id=\"af53150\" data-element_type=\"container\" data-e-type=\"container\">\n\t\t\t\t<div class=\"elementor-element elementor-element-9010bf1 card elementor-widget elementor-widget-text-editor\" data-id=\"9010bf1\" data-element_type=\"widget\" data-e-type=\"widget\" data-widget_type=\"text-editor.default\">\n\t\t\t\t\t\t\t\t\t<h3>Strategic vision above all<\/h3><p>Very few technical issues are discussed by the Board: members contribute their innovative vision and their ideas for improving community satisfaction. Good management of the association is not forgotten.<\/p>\t\t\t\t\t\t\t\t<\/div>\n\t\t\t\t<\/div>\n\t\t<div class=\"elementor-element elementor-element-d29f0ff e-con-full e-flex e-con e-child\" data-id=\"d29f0ff\" data-element_type=\"container\" data-e-type=\"container\">\n\t\t\t\t<div class=\"elementor-element elementor-element-2aa1fe6 card elementor-widget elementor-widget-text-editor\" data-id=\"2aa1fe6\" data-element_type=\"widget\" data-e-type=\"widget\" data-widget_type=\"text-editor.default\">\n\t\t\t\t\t\t\t\t\t<h3>Governance of France IX Services<\/h3><p>Take part in the governance of France IX Services SAS by joining the Strategic Committee - 4 places reserved for directors of the Association.<\/p>\t\t\t\t\t\t\t\t<\/div>\n\t\t\t\t<\/div>\n\t\t\t\t\t<\/div>\n\t\t\t\t<\/div>\n\t\t<div class=\"elementor-element elementor-element-76723f8 e-flex e-con-boxed e-con e-parent\" data-id=\"76723f8\" data-element_type=\"container\" data-e-type=\"container\">\n\t\t\t\t\t<div class=\"e-con-inner\">\n\t\t\t\t<div class=\"elementor-element elementor-element-a104aad elementor-widget elementor-widget-text-editor\" data-id=\"a104aad\" data-element_type=\"widget\" data-e-type=\"widget\" data-widget_type=\"text-editor.default\">\n\t\t\t\t\t\t\t\t\t<p>Consult the\u00a0<span style=\"text-decoration: underline;\"><a href=\"https:\/\/frnix.org\/en\/a-propos\/le-conseil-d-administration\/\" target=\"_blank\" rel=\"noopener\">list of current members of the Board of Directors<\/a><\/span>.<\/p>\t\t\t\t\t\t\t\t<\/div>\n\t\t\t\t\t<\/div>\n\t\t\t\t<\/div>\n\t\t\t\t<\/div>","protected":false},"excerpt":{"rendered":"<p>\u00c9lection des membres du Conseil d&rsquo;Administration 2026 Et pourquoi pas vous ? Les candidatures sont ouvertes chaque ann\u00e9e dans les 2 mois avant l&rsquo;Assembl\u00e9e G\u00e9n\u00e9rale Comme chaque ann\u00e9e, une nouvelle Assembl\u00e9e G\u00e9n\u00e9rale (AG) de l&rsquo;association FRNIX va avoir lieu. Avec l&rsquo;AG vient le temps du vote pour renouveler les si\u00e8ges disponibles au Conseil d&rsquo;Administration. Si [&hellip;]<\/p>\n","protected":false},"author":351,"featured_media":0,"parent":304,"menu_order":30,"comment_status":"closed","ping_status":"closed","template":"","meta":{"footnotes":""},"hf_cat_page":[],"class_list":["post-26255","page","type-page","status-publish","hentry"],"aioseo_notices":[],"_links":{"self":[{"href":"https:\/\/frnix.org\/en\/wp-json\/wp\/v2\/pages\/26255","targetHints":{"allow":["GET"]}}],"collection":[{"href":"https:\/\/frnix.org\/en\/wp-json\/wp\/v2\/pages"}],"about":[{"href":"https:\/\/frnix.org\/en\/wp-json\/wp\/v2\/types\/page"}],"author":[{"embeddable":true,"href":"https:\/\/frnix.org\/en\/wp-json\/wp\/v2\/users\/351"}],"replies":[{"embeddable":true,"href":"https:\/\/frnix.org\/en\/wp-json\/wp\/v2\/comments?post=26255"}],"version-history":[{"count":6,"href":"https:\/\/frnix.org\/en\/wp-json\/wp\/v2\/pages\/26255\/revisions"}],"predecessor-version":[{"id":26654,"href":"https:\/\/frnix.org\/en\/wp-json\/wp\/v2\/pages\/26255\/revisions\/26654"}],"up":[{"embeddable":true,"href":"https:\/\/frnix.org\/en\/wp-json\/wp\/v2\/pages\/304"}],"wp:attachment":[{"href":"https:\/\/frnix.org\/en\/wp-json\/wp\/v2\/media?parent=26255"}],"wp:term":[{"taxonomy":"hf_cat_page","embeddable":true,"href":"https:\/\/frnix.org\/en\/wp-json\/wp\/v2\/hf_cat_page?post=26255"}],"curies":[{"name":"wp","href":"https:\/\/api.w.org\/{rel}","templated":true}]}}