{"id":276,"date":"2023-11-05T19:13:05","date_gmt":"2023-11-05T18:13:05","guid":{"rendered":"https:\/\/frnix.org\/?page_id=276"},"modified":"2025-11-07T10:55:37","modified_gmt":"2025-11-07T09:55:37","slug":"la-gouvernance","status":"publish","type":"page","link":"https:\/\/frnix.org\/en\/a-propos\/la-gouvernance\/","title":{"rendered":"Governance"},"content":{"rendered":"<div data-elementor-type=\"wp-page\" data-elementor-id=\"276\" class=\"elementor elementor-276\" data-elementor-post-type=\"page\">\n\t\t\t\t<div class=\"elementor-element elementor-element-1628975 e-flex e-con-boxed e-con e-parent\" data-id=\"1628975\" data-element_type=\"container\" data-e-type=\"container\" data-settings=\"{&quot;background_background&quot;:&quot;classic&quot;,&quot;shape_divider_bottom&quot;:&quot;curve&quot;,&quot;shape_divider_bottom_negative&quot;:&quot;yes&quot;}\">\n\t\t\t\t\t<div class=\"e-con-inner\">\n\t\t\t\t<div class=\"elementor-shape elementor-shape-bottom\" aria-hidden=\"true\" data-negative=\"true\">\n\t\t\t<svg xmlns=\"http:\/\/www.w3.org\/2000\/svg\" viewbox=\"0 0 1000 100\" preserveaspectratio=\"none\">\n\t<path class=\"elementor-shape-fill\" d=\"M500,97C126.7,96.3,0.8,19.8,0,0v100l1000,0V1C1000,19.4,873.3,97.8,500,97z\"\/>\n<\/svg>\t\t<\/div>\n\t\t<div class=\"elementor-element elementor-element-0b22c05 e-flex e-con-boxed e-con e-child\" data-id=\"0b22c05\" data-element_type=\"container\" data-e-type=\"container\">\n\t\t\t\t\t<div class=\"e-con-inner\">\n\t\t\t\t<div class=\"elementor-element elementor-element-69bb3f8 elementor-widget elementor-widget-heading\" data-id=\"69bb3f8\" data-element_type=\"widget\" data-e-type=\"widget\" data-widget_type=\"heading.default\">\n\t\t\t\t\t<h1 class=\"elementor-heading-title elementor-size-default\">Governance of the Association<\/h1>\t\t\t\t<\/div>\n\t\t\t\t<div class=\"elementor-element elementor-element-0ebb18e elementor-widget elementor-widget-text-editor\" data-id=\"0ebb18e\" data-element_type=\"widget\" data-e-type=\"widget\" data-widget_type=\"text-editor.default\">\n\t\t\t\t\t\t\t\t\t<p class=\"Standard\">FRNIX is a non-profit association registered on 4 June 2010 under number W751205285.<\/p><p class=\"Standard\">It is organised like many other associations in France, with a Board of Directors elected for 3 years and renewed by thirds.<\/p><ul><li class=\"Standard\">Candidates for election must be natural persons, who may or may not be members, or whose parent company may or may not be a member.<\/li><li>The Board organises itself internally to choose its representatives (Chairman, Treasurer, Secretary, etc.).<\/li><li class=\"Standard\">The Association's articles of association are available <span style=\"text-decoration: underline;\"><em><strong><a href=\"https:\/\/frnix.org\/wp-content\/uploads\/2025-03-06-Association-FRNIX-Statuts.pdf\" target=\"_blank\" rel=\"noopener\">here<\/a><\/strong><\/em><\/span>.<\/li><li class=\"Standard\">They are amended when necessary after a vote by the members.<\/li><\/ul>\t\t\t\t\t\t\t\t<\/div>\n\t\t\t\t\t<\/div>\n\t\t\t\t<\/div>\n\t\t\t\t\t<\/div>\n\t\t\t\t<\/div>\n\t\t<div class=\"elementor-element elementor-element-5468416 e-flex e-con-boxed e-con e-parent\" data-id=\"5468416\" data-element_type=\"container\" data-e-type=\"container\">\n\t\t\t\t\t<div class=\"e-con-inner\">\n\t\t<div class=\"elementor-element elementor-element-1dbc444 e-con-full e-flex e-con e-child\" data-id=\"1dbc444\" data-element_type=\"container\" data-e-type=\"container\">\n\t\t<div class=\"elementor-element elementor-element-1575d3b e-flex e-con-boxed e-con e-child\" data-id=\"1575d3b\" data-element_type=\"container\" data-e-type=\"container\">\n\t\t\t\t\t<div class=\"e-con-inner\">\n\t\t\t\t<div class=\"elementor-element elementor-element-8b295b0 elementor-widget elementor-widget-heading\" data-id=\"8b295b0\" data-element_type=\"widget\" data-e-type=\"widget\" data-widget_type=\"heading.default\">\n\t\t\t\t\t<h4 class=\"elementor-heading-title elementor-size-default\">How it works<\/h4>\t\t\t\t<\/div>\n\t\t\t\t\t<\/div>\n\t\t\t\t<\/div>\n\t\t\t\t<\/div>\n\t\t<div class=\"elementor-element elementor-element-800369f e-con-full e-flex e-con e-child\" data-id=\"800369f\" data-element_type=\"container\" data-e-type=\"container\">\n\t\t\t\t<div class=\"elementor-element elementor-element-ac9938d elementor-widget elementor-widget-text-editor\" data-id=\"ac9938d\" data-element_type=\"widget\" data-e-type=\"widget\" data-widget_type=\"text-editor.default\">\n\t\t\t\t\t\t\t\t\t<p class=\"Textbody\" style=\"margin-bottom: 15.0pt;\">As a not-for-profit association under the French law of 1901, FRNIX has a duty to bring its members together once a year to validate the closing of the accounts and the renewal of the members of the Board of Directors. <a href=\"https:\/\/frnix.org\/en\/a-propos\/le-conseil-d-administration\/\" target=\"_blank\" rel=\"noopener\"><span style=\"text-decoration: underline;\"><em><strong>Board of Directors<\/strong><\/em><\/span><\/a>.<\/p>\n<p class=\"Textbody\" style=\"margin: 15.0pt 0cm 15.0pt 0cm;\">Held within 6 months of the end of the financial year, the Annual General Meeting (AGM) is a key event for the entire FRNIX ecosystem. As well as reviewing the activity and results of the FranceIX IXP over the previous accounting period, these events are an opportunity to announce new developments and to have a relaxed exchange of views between members and with representatives of the <a href=\"https:\/\/frnix.org\/en\/a-propos\/le-conseil-d-administration\/\" target=\"_blank\" rel=\"noopener\"><span style=\"text-decoration: underline;\"><em><strong>Board of Directors<\/strong><\/em><\/span><\/a>.<\/p>\n<p class=\"Textbody\" style=\"margin: 15.0pt 0cm 0cm 0cm;\">Voting is reserved for members of the Association, but General Meetings are open by invitation and registration to the entire French peering ecosystem: members, customers of France-IX Services SAS, partners and guests.<\/p>\n<p class=\"Textbody\" style=\"margin: 15.0pt 0cm 0cm 0cm;\">General Meetings are generally held as follows:<\/p>\n<p class=\"Textbody\" style=\"margin: 15.0pt 0cm 0cm 0cm;\"><\/p>\n\n<ul>\n \t<li>Introductory remarks<\/li>\n \t<li>Presentation of results and activities by the Board of Directors<\/li>\n \t<li>Presentation of sponsors<\/li>\n \t<li>Introduction of candidates for the Board of Directors<\/li>\n \t<li>Vote<\/li>\n \t<li>Voting results.<\/li>\n<\/ul>\n&nbsp;\n<p class=\"Textbody\" style=\"margin: 15.0pt 0cm 0cm 0cm;\">You can count on the Board of Directors to develop the network interconnection ecosystem through education, collaboration and innovation.<\/p>\t\t\t\t\t\t\t\t<\/div>\n\t\t\t\t<\/div>\n\t\t\t\t\t<\/div>\n\t\t\t\t<\/div>\n\t\t\t\t<\/div>","protected":false},"excerpt":{"rendered":"<p>Gouvernance de l&rsquo;Association FRNIX est une association \u00e0 but non lucratif enregistr\u00e9e le 4 juin 2010 sous le num\u00e9ro W751205285. Elle est organis\u00e9e comme bon nombre d&rsquo;associations en France, avec un Conseil d&rsquo;Administration (CA) \u00e9lu pour 3 ans avec renouvellement par tiers. Les candidats \u00e0 l\u2019\u00e9lection doivent \u00eatre des personnes physiques, pouvant \u00eatre membre ou [&hellip;]<\/p>\n","protected":false},"author":26,"featured_media":0,"parent":267,"menu_order":42,"comment_status":"closed","ping_status":"closed","template":"","meta":{"footnotes":""},"hf_cat_page":[],"class_list":["post-276","page","type-page","status-publish","hentry"],"aioseo_notices":[],"_links":{"self":[{"href":"https:\/\/frnix.org\/en\/wp-json\/wp\/v2\/pages\/276","targetHints":{"allow":["GET"]}}],"collection":[{"href":"https:\/\/frnix.org\/en\/wp-json\/wp\/v2\/pages"}],"about":[{"href":"https:\/\/frnix.org\/en\/wp-json\/wp\/v2\/types\/page"}],"author":[{"embeddable":true,"href":"https:\/\/frnix.org\/en\/wp-json\/wp\/v2\/users\/26"}],"replies":[{"embeddable":true,"href":"https:\/\/frnix.org\/en\/wp-json\/wp\/v2\/comments?post=276"}],"version-history":[{"count":0,"href":"https:\/\/frnix.org\/en\/wp-json\/wp\/v2\/pages\/276\/revisions"}],"up":[{"embeddable":true,"href":"https:\/\/frnix.org\/en\/wp-json\/wp\/v2\/pages\/267"}],"wp:attachment":[{"href":"https:\/\/frnix.org\/en\/wp-json\/wp\/v2\/media?parent=276"}],"wp:term":[{"taxonomy":"hf_cat_page","embeddable":true,"href":"https:\/\/frnix.org\/en\/wp-json\/wp\/v2\/hf_cat_page?post=276"}],"curies":[{"name":"wp","href":"https:\/\/api.w.org\/{rel}","templated":true}]}}