{"id":5168,"date":"2023-11-21T18:48:15","date_gmt":"2023-11-21T17:48:15","guid":{"rendered":"https:\/\/frnix.org\/?page_id=5168"},"modified":"2025-11-07T10:55:37","modified_gmt":"2025-11-07T09:55:37","slug":"le-groupe","status":"publish","type":"page","link":"https:\/\/frnix.org\/en\/a-propos\/le-groupe\/","title":{"rendered":"The Group"},"content":{"rendered":"<div data-elementor-type=\"wp-page\" data-elementor-id=\"5168\" class=\"elementor elementor-5168\" data-elementor-post-type=\"page\">\n\t\t\t\t<div class=\"elementor-element elementor-element-cd3338d e-flex e-con-boxed e-con e-parent\" data-id=\"cd3338d\" data-element_type=\"container\" data-e-type=\"container\" data-settings=\"{&quot;background_background&quot;:&quot;classic&quot;,&quot;shape_divider_bottom&quot;:&quot;curve&quot;,&quot;shape_divider_bottom_negative&quot;:&quot;yes&quot;}\">\n\t\t\t\t\t<div class=\"e-con-inner\">\n\t\t\t\t<div class=\"elementor-shape elementor-shape-bottom\" aria-hidden=\"true\" data-negative=\"true\">\n\t\t\t<svg xmlns=\"http:\/\/www.w3.org\/2000\/svg\" viewbox=\"0 0 1000 100\" preserveaspectratio=\"none\">\n\t<path class=\"elementor-shape-fill\" d=\"M500,97C126.7,96.3,0.8,19.8,0,0v100l1000,0V1C1000,19.4,873.3,97.8,500,97z\"\/>\n<\/svg>\t\t<\/div>\n\t\t\t\t<div class=\"elementor-element elementor-element-a988acf elementor-widget-mobile__width-initial elementor-widget elementor-widget-heading\" data-id=\"a988acf\" data-element_type=\"widget\" data-e-type=\"widget\" data-widget_type=\"heading.default\">\n\t\t\t\t\t<h1 class=\"elementor-heading-title elementor-size-default\">FRNIX and France-IX (the Group)<\/h1>\t\t\t\t<\/div>\n\t\t\t\t\t<\/div>\n\t\t\t\t<\/div>\n\t\t<div class=\"elementor-element elementor-element-7387c63 e-flex e-con-boxed e-con e-child\" data-id=\"7387c63\" data-element_type=\"container\" data-e-type=\"container\" data-settings=\"{&quot;background_background&quot;:&quot;classic&quot;}\">\n\t\t\t\t\t<div class=\"e-con-inner\">\n\t\t<div class=\"elementor-element elementor-element-ac70ab7 e-con-full e-flex e-con e-child\" data-id=\"ac70ab7\" data-element_type=\"container\" data-e-type=\"container\">\n\t\t<div class=\"elementor-element elementor-element-494fa32 e-con-full e-flex e-con e-child\" data-id=\"494fa32\" data-element_type=\"container\" data-e-type=\"container\" data-settings=\"{&quot;background_background&quot;:&quot;classic&quot;}\">\n\t\t\t\t<div class=\"elementor-element elementor-element-0e2437d animated-slow elementor-widget__width-initial elementor-invisible elementor-widget elementor-widget-heading\" data-id=\"0e2437d\" data-element_type=\"widget\" data-e-type=\"widget\" data-settings=\"{&quot;_animation&quot;:&quot;fadeIn&quot;}\" data-widget_type=\"heading.default\">\n\t\t\t\t\t<h2 class=\"elementor-heading-title elementor-size-default\">The FRNIX Association  <br>brings together the network and peering players.<\/h2>\t\t\t\t<\/div>\n\t\t\t\t<div class=\"elementor-element elementor-element-6290ce4 elementor-hidden-mobile elementor-widget-divider--view-line elementor-widget elementor-widget-divider\" data-id=\"6290ce4\" data-element_type=\"widget\" data-e-type=\"widget\" data-widget_type=\"divider.default\">\n\t\t\t\t\t\t\t<div class=\"elementor-divider\">\n\t\t\t<span class=\"elementor-divider-separator\">\n\t\t\t\t\t\t<\/span>\n\t\t<\/div>\n\t\t\t\t\t\t<\/div>\n\t\t\t\t<\/div>\n\t\t<div class=\"elementor-element elementor-element-846115d e-con-full elementor-hidden-mobile e-flex e-con e-child\" data-id=\"846115d\" data-element_type=\"container\" data-e-type=\"container\" data-settings=\"{&quot;background_background&quot;:&quot;classic&quot;}\">\n\t\t\t\t<div class=\"elementor-element elementor-element-2c2a199 elementor-widget elementor-widget-heading\" data-id=\"2c2a199\" data-element_type=\"widget\" data-e-type=\"widget\" data-widget_type=\"heading.default\">\n\t\t\t\t\t<h3 class=\"elementor-heading-title elementor-size-default\">A little history<\/h3>\t\t\t\t<\/div>\n\t\t\t\t<div class=\"elementor-element elementor-element-ff46aaa elementor-widget elementor-widget-text-editor\" data-id=\"ff46aaa\" data-element_type=\"widget\" data-e-type=\"widget\" data-widget_type=\"text-editor.default\">\n\t\t\t\t\t\t\t\t\t<p>Created in Paris in 2010 (France IX Association) and in Lyon in 2001 (Rezopole\/LyonIX), the two associations merged in 2021 to become FRNIX, which owns France-IX Services SAS, the operator of the FranceIX IXP.<\/p><p>In 2023, a new dynamic was introduced and activities are now organised within the Association, such as training courses (BGP workshop), events (aPEERo), IXP discovery sessions (IXPlorations), information meetings for members (PEERmanence) and others to come.<\/p>\t\t\t\t\t\t\t\t<\/div>\n\t\t\t\t<\/div>\n\t\t\t\t<\/div>\n\t\t\t\t\t<\/div>\n\t\t\t\t<\/div>\n\t\t<div class=\"elementor-element elementor-element-c73f6f4 e-flex e-con-boxed e-con e-parent\" data-id=\"c73f6f4\" data-element_type=\"container\" data-e-type=\"container\">\n\t\t\t\t\t<div class=\"e-con-inner\">\n\t\t<div class=\"elementor-element elementor-element-a3a33b7 e-flex e-con-boxed e-con e-child\" data-id=\"a3a33b7\" data-element_type=\"container\" data-e-type=\"container\">\n\t\t\t\t\t<div class=\"e-con-inner\">\n\t\t<div class=\"elementor-element elementor-element-bc4ed8b e-con-full e-flex e-con e-child\" data-id=\"bc4ed8b\" data-element_type=\"container\" data-e-type=\"container\">\n\t\t<div class=\"elementor-element elementor-element-8323cbe e-flex e-con-boxed e-con e-child\" data-id=\"8323cbe\" data-element_type=\"container\" data-e-type=\"container\">\n\t\t\t\t\t<div class=\"e-con-inner\">\n\t\t\t\t<div class=\"elementor-element elementor-element-097a606 elementor-widget elementor-widget-heading\" data-id=\"097a606\" data-element_type=\"widget\" data-e-type=\"widget\" data-widget_type=\"heading.default\">\n\t\t\t\t\t<h4 class=\"elementor-heading-title elementor-size-default\">Quelles sont les relations entre FRNIX et France-IX ?<\/h4>\t\t\t\t<\/div>\n\t\t\t\t<div class=\"elementor-element elementor-element-7b5f07e elementor-widget__width-initial elementor-widget-mobile__width-initial elementor-widget-tablet__width-initial elementor-widget elementor-widget-heading\" data-id=\"7b5f07e\" data-element_type=\"widget\" data-e-type=\"widget\" data-widget_type=\"heading.default\">\n\t\t\t\t\t<div class=\"elementor-heading-title elementor-size-default\">Explaining the relationship between FRNIX, France-IX Services SASU, and the FranceIX IXP requires an understanding of each of these elements and their specific role.<\/div>\t\t\t\t<\/div>\n\t\t\t\t\t<\/div>\n\t\t\t\t<\/div>\n\t\t\t\t<\/div>\n\t\t\t\t\t<\/div>\n\t\t\t\t<\/div>\n\t\t<div class=\"elementor-element elementor-element-94f35be e-flex e-con-boxed e-con e-child\" data-id=\"94f35be\" data-element_type=\"container\" data-e-type=\"container\">\n\t\t\t\t\t<div class=\"e-con-inner\">\n\t\t<div class=\"elementor-element elementor-element-2c5b2c2 e-con-full e-flex e-con e-child\" data-id=\"2c5b2c2\" data-element_type=\"container\" data-e-type=\"container\">\n\t\t<div class=\"elementor-element elementor-element-a276e74 e-con-full e-flex e-con e-child\" data-id=\"a276e74\" data-element_type=\"container\" data-e-type=\"container\">\n\t\t\t\t<div class=\"elementor-element elementor-element-8ae9733 elementor-widget elementor-widget-heading\" data-id=\"8ae9733\" data-element_type=\"widget\" data-e-type=\"widget\" data-widget_type=\"heading.default\">\n\t\t\t\t\t<h4 class=\"elementor-heading-title elementor-size-default\">FRNIX<\/h4>\t\t\t\t<\/div>\n\t\t\t\t<\/div>\n\t\t<div class=\"elementor-element elementor-element-d23df04 e-flex e-con-boxed e-con e-child\" data-id=\"d23df04\" data-element_type=\"container\" data-e-type=\"container\">\n\t\t\t\t\t<div class=\"e-con-inner\">\n\t\t\t\t<div class=\"elementor-element elementor-element-cf356a5 elementor-widget elementor-widget-text-editor\" data-id=\"cf356a5\" data-element_type=\"widget\" data-e-type=\"widget\" data-widget_type=\"text-editor.default\">\n\t\t\t\t\t\t\t\t\t<p>FRNIX is a not-for-profit association. Its main objective is set out in its articles of association: the association promotes private and public uses of French and French-speaking networks, and federates and leads local and global players in network interconnection.<\/p><p>FRNIX :<\/p>\t\t\t\t\t\t\t\t<\/div>\n\t\t\t\t<div class=\"elementor-element elementor-element-2312633 elementor-widget elementor-widget-text-editor\" data-id=\"2312633\" data-element_type=\"widget\" data-e-type=\"widget\" data-widget_type=\"text-editor.default\">\n\t\t\t\t\t\t\t\t\t<ul><li>animates the community of members by facilitating the sharing of expertise and experience,<\/li><li>sharing technical and operational information and sector intelligence,<\/li><li>participates in and organises information events, as well as technical and outreach training, to bring together French and international Internet players and promote the development, innovation and security of Internet services.<\/li><\/ul><div>\u00a0<\/div><div><p>The FRNIX articles of association are available\u00a0<a href=\"https:\/\/frnix.org\/wp-content\/uploads\/2025-03-06-Association-FRNIX-Statuts.pdf\">here<\/a>.<\/p><p>La\u00a0<a href=\"https:\/\/frnix.org\/en\/a-propos\/la-gouvernance\/\" target=\"_blank\" rel=\"noopener\">governance<\/a>\u00a0is provided by a\u00a0<a href=\"https:\/\/frnix.org\/en\/a-propos\/le-conseil-d-administration\/\" target=\"_blank\" rel=\"noopener\">board of directors<\/a>\u00a0(Board of Directors) of between 6 and 8 people, with one-third of the Board members renewed every year at the Ordinary General Meeting.<\/p><\/div>\t\t\t\t\t\t\t\t<\/div>\n\t\t\t\t\t<\/div>\n\t\t\t\t<\/div>\n\t\t\t\t<\/div>\n\t\t\t\t\t<\/div>\n\t\t\t\t<\/div>\n\t\t<div class=\"elementor-element elementor-element-947b5dd e-flex e-con-boxed e-con e-child\" data-id=\"947b5dd\" data-element_type=\"container\" data-e-type=\"container\">\n\t\t\t\t\t<div class=\"e-con-inner\">\n\t\t<div class=\"elementor-element elementor-element-de41875 e-con-full e-flex e-con e-child\" data-id=\"de41875\" data-element_type=\"container\" data-e-type=\"container\">\n\t\t<div class=\"elementor-element elementor-element-5e10586 e-con-full e-flex e-con e-child\" data-id=\"5e10586\" data-element_type=\"container\" data-e-type=\"container\">\n\t\t\t\t<div class=\"elementor-element elementor-element-7e2227f elementor-widget elementor-widget-heading\" data-id=\"7e2227f\" data-element_type=\"widget\" data-e-type=\"widget\" data-widget_type=\"heading.default\">\n\t\t\t\t\t<h4 class=\"elementor-heading-title elementor-size-default\">France IX Services SASU<\/h4>\t\t\t\t<\/div>\n\t\t\t\t<\/div>\n\t\t<div class=\"elementor-element elementor-element-e5ec083 e-flex e-con-boxed e-con e-child\" data-id=\"e5ec083\" data-element_type=\"container\" data-e-type=\"container\">\n\t\t\t\t\t<div class=\"e-con-inner\">\n\t\t\t\t<div class=\"elementor-element elementor-element-59a2f0c elementor-widget elementor-widget-text-editor\" data-id=\"59a2f0c\" data-element_type=\"widget\" data-e-type=\"widget\" data-widget_type=\"text-editor.default\">\n\t\t\t\t\t\t\t\t\t<p>(SASU - Soci\u00e9t\u00e9 par Actions Simplifi\u00e9e Unipersonnelle) :<\/p><p>It is a commercial entity created by FRNIX. The SASU is a form of company in France characterised by a single shareholder, in this case FRNIX. The purpose of creating France IX Services is to operate and manage the France-IX IXP (Internet Exchange Point) professionally and efficiently, ensuring that commercial and operational aspects are carried out to industry standards.<\/p><p>The Executive Chairman of France IX Services is Frank Simon.\u00a0<\/p><p>Governance is ensured by a Strategic Committee (SC) comprising :<\/p><p>\u00a0<\/p><ul><li>4 representatives of the Association, the sole shareholder, including the Chairman of the Board,<\/li><li>3 independent directors recruited by the association for their specific skills and neutrality.<\/li><\/ul><p>\u00a0<\/p><p>Today, France IX Services has almost 40 professionals serving the peering ecosystem in France and a strong national IXP that also brings together a large number of foreign customers.<\/p><p>More information on <a href=\"https:\/\/www.franceix.net\" target=\"_blank\" rel=\"noopener\">https:\/\/www.franceix.net<\/a>\/<\/p><p>The articles of association of France IX Services are available <a href=\"https:\/\/frnix.org\/wp-content\/uploads\/2024_02_21_France-IX-Services-Statuts_SAS.pdf\">here<\/a>.<\/p>\t\t\t\t\t\t\t\t<\/div>\n\t\t\t\t\t<\/div>\n\t\t\t\t<\/div>\n\t\t\t\t<\/div>\n\t\t\t\t\t<\/div>\n\t\t\t\t<\/div>\n\t\t<div class=\"elementor-element elementor-element-a212242 e-flex e-con-boxed e-con e-child\" data-id=\"a212242\" data-element_type=\"container\" data-e-type=\"container\">\n\t\t\t\t\t<div class=\"e-con-inner\">\n\t\t<div class=\"elementor-element elementor-element-c1df206 e-con-full e-flex e-con e-child\" data-id=\"c1df206\" data-element_type=\"container\" data-e-type=\"container\">\n\t\t<div class=\"elementor-element elementor-element-6b420c5 e-con-full e-flex e-con e-child\" data-id=\"6b420c5\" data-element_type=\"container\" data-e-type=\"container\">\n\t\t\t\t<div class=\"elementor-element elementor-element-b85cd32 elementor-widget elementor-widget-heading\" data-id=\"b85cd32\" data-element_type=\"widget\" data-e-type=\"widget\" data-widget_type=\"heading.default\">\n\t\t\t\t\t<h4 class=\"elementor-heading-title elementor-size-default\">IXP France-IX<\/h4>\t\t\t\t<\/div>\n\t\t\t\t<\/div>\n\t\t<div class=\"elementor-element elementor-element-4a33946 e-flex e-con-boxed e-con e-child\" data-id=\"4a33946\" data-element_type=\"container\" data-e-type=\"container\">\n\t\t\t\t\t<div class=\"e-con-inner\">\n\t\t\t\t<div class=\"elementor-element elementor-element-09a3e10 elementor-widget elementor-widget-text-editor\" data-id=\"09a3e10\" data-element_type=\"widget\" data-e-type=\"widget\" data-widget_type=\"text-editor.default\">\n\t\t\t\t\t\t\t\t\t<p>This is the Internet exchange point itself. An IXP (Internet eXchange Point) is a physical infrastructure through which different Internet networks can exchange traffic with each other. These exchanges are made directly, without going through third parties, which improves efficiency, reduces costs and lowers latency.<br>France-IX has been deployed in several French cities (Lille Paris Lyon Marseille and Toulouse) and is now the largest IXP in France.<\/p>\n<p>The IXP France-IX is managed and operated by&nbsp;<a href=\"https:\/\/www.franceix.net\/fr\/\" target=\"_blank\" rel=\"noopener\">France-IX Services<\/a>FRNIX is responsible for all major decisions.<\/p>\n<p>Some figures on the IXP France-IX (November 2023)<\/p>\t\t\t\t\t\t\t\t<\/div>\n\t\t<div class=\"elementor-element elementor-element-d629e41 e-flex e-con-boxed e-con e-child\" data-id=\"d629e41\" data-element_type=\"container\" data-e-type=\"container\">\n\t\t\t\t\t<div class=\"e-con-inner\">\n\t\t<div class=\"elementor-element elementor-element-6468854 e-flex e-con-boxed e-con e-child\" data-id=\"6468854\" data-element_type=\"container\" data-e-type=\"container\">\n\t\t\t\t\t<div class=\"e-con-inner\">\n\t\t\t\t<div class=\"elementor-element elementor-element-de5bd62 elementor-widget elementor-widget-heading\" data-id=\"de5bd62\" data-element_type=\"widget\" data-e-type=\"widget\" data-widget_type=\"heading.default\">\n\t\t\t\t\t<h2 class=\"elementor-heading-title elementor-size-default\">~700<\/h2>\t\t\t\t<\/div>\n\t\t\t\t<div class=\"elementor-element elementor-element-35af733 elementor-widget elementor-widget-heading\" data-id=\"35af733\" data-element_type=\"widget\" data-e-type=\"widget\" data-widget_type=\"heading.default\">\n\t\t\t\t\t<h2 class=\"elementor-heading-title elementor-size-default\">Active ports<\/h2>\t\t\t\t<\/div>\n\t\t\t\t\t<\/div>\n\t\t\t\t<\/div>\n\t\t<div class=\"elementor-element elementor-element-bf53c90 e-flex e-con-boxed e-con e-child\" data-id=\"bf53c90\" data-element_type=\"container\" data-e-type=\"container\">\n\t\t\t\t\t<div class=\"e-con-inner\">\n\t\t\t\t<div class=\"elementor-element elementor-element-77fe731 elementor-widget elementor-widget-heading\" data-id=\"77fe731\" data-element_type=\"widget\" data-e-type=\"widget\" data-widget_type=\"heading.default\">\n\t\t\t\t\t<h2 class=\"elementor-heading-title elementor-size-default\">~250<\/h2>\t\t\t\t<\/div>\n\t\t\t\t<div class=\"elementor-element elementor-element-d20ba63 elementor-widget elementor-widget-heading\" data-id=\"d20ba63\" data-element_type=\"widget\" data-e-type=\"widget\" data-widget_type=\"heading.default\">\n\t\t\t\t\t<h2 class=\"elementor-heading-title elementor-size-default\">French players<\/h2>\t\t\t\t<\/div>\n\t\t\t\t\t<\/div>\n\t\t\t\t<\/div>\n\t\t<div class=\"elementor-element elementor-element-95be7d6 e-flex e-con-boxed e-con e-child\" data-id=\"95be7d6\" data-element_type=\"container\" data-e-type=\"container\">\n\t\t\t\t\t<div class=\"e-con-inner\">\n\t\t\t\t<div class=\"elementor-element elementor-element-9472dfe elementor-widget elementor-widget-heading\" data-id=\"9472dfe\" data-element_type=\"widget\" data-e-type=\"widget\" data-widget_type=\"heading.default\">\n\t\t\t\t\t<h2 class=\"elementor-heading-title elementor-size-default\">~450<\/h2>\t\t\t\t<\/div>\n\t\t\t\t<div class=\"elementor-element elementor-element-23c7704 elementor-widget elementor-widget-heading\" data-id=\"23c7704\" data-element_type=\"widget\" data-e-type=\"widget\" data-widget_type=\"heading.default\">\n\t\t\t\t\t<h2 class=\"elementor-heading-title elementor-size-default\">ASN (IP networks)<\/h2>\t\t\t\t<\/div>\n\t\t\t\t\t<\/div>\n\t\t\t\t<\/div>\n\t\t<div class=\"elementor-element elementor-element-ae17a9f e-flex e-con-boxed e-con e-child\" data-id=\"ae17a9f\" data-element_type=\"container\" data-e-type=\"container\">\n\t\t\t\t\t<div class=\"e-con-inner\">\n\t\t\t\t<div class=\"elementor-element elementor-element-351438d elementor-widget elementor-widget-heading\" data-id=\"351438d\" data-element_type=\"widget\" data-e-type=\"widget\" data-widget_type=\"heading.default\">\n\t\t\t\t\t<h2 class=\"elementor-heading-title elementor-size-default\">~20Tbs<\/h2>\t\t\t\t<\/div>\n\t\t\t\t<div class=\"elementor-element elementor-element-a39da07 elementor-widget elementor-widget-heading\" data-id=\"a39da07\" data-element_type=\"widget\" data-e-type=\"widget\" data-widget_type=\"heading.default\">\n\t\t\t\t\t<h2 class=\"elementor-heading-title elementor-size-default\">Connected port throughput<\/h2>\t\t\t\t<\/div>\n\t\t\t\t\t<\/div>\n\t\t\t\t<\/div>\n\t\t<div class=\"elementor-element elementor-element-366e5bd e-flex e-con-boxed e-con e-child\" data-id=\"366e5bd\" data-element_type=\"container\" data-e-type=\"container\">\n\t\t\t\t\t<div class=\"e-con-inner\">\n\t\t\t\t<div class=\"elementor-element elementor-element-71e3c67 elementor-widget elementor-widget-heading\" data-id=\"71e3c67\" data-element_type=\"widget\" data-e-type=\"widget\" data-widget_type=\"heading.default\">\n\t\t\t\t\t<h2 class=\"elementor-heading-title elementor-size-default\">~3Tbs<\/h2>\t\t\t\t<\/div>\n\t\t\t\t<div class=\"elementor-element elementor-element-a1e5b5c elementor-widget elementor-widget-heading\" data-id=\"a1e5b5c\" data-element_type=\"widget\" data-e-type=\"widget\" data-widget_type=\"heading.default\">\n\t\t\t\t\t<h2 class=\"elementor-heading-title elementor-size-default\">Recorded debits<\/h2>\t\t\t\t<\/div>\n\t\t\t\t\t<\/div>\n\t\t\t\t<\/div>\n\t\t\t\t\t<\/div>\n\t\t\t\t<\/div>\n\t\t\t\t\t<\/div>\n\t\t\t\t<\/div>\n\t\t\t\t<\/div>\n\t\t\t\t\t<\/div>\n\t\t\t\t<\/div>\n\t\t\t\t\t<\/div>\n\t\t\t\t<\/div>\n\t\t\t\t<\/div>","protected":false},"excerpt":{"rendered":"<p>FRNIX et France-IX (le Groupe) L&rsquo;Association FRNIX r\u00e9unit les acteurs du r\u00e9seau et du peering. Un peu d&rsquo;histoire N\u00e9es \u00e0 Paris en 2010 (France IX Association) et \u00e0 Lyon en 2001 (Rezopole\/LyonIX), les deux associations ont fusionn\u00e9 en 2021 pour devenir FRNIX qui poss\u00e8de France-IX Services SAS, l&rsquo;exploitant de l&rsquo;IXP FranceIX. En 2023, une nouvelle [&hellip;]<\/p>\n","protected":false},"author":26,"featured_media":0,"parent":267,"menu_order":34,"comment_status":"closed","ping_status":"closed","template":"","meta":{"footnotes":""},"hf_cat_page":[],"class_list":["post-5168","page","type-page","status-publish","hentry"],"aioseo_notices":[],"_links":{"self":[{"href":"https:\/\/frnix.org\/en\/wp-json\/wp\/v2\/pages\/5168","targetHints":{"allow":["GET"]}}],"collection":[{"href":"https:\/\/frnix.org\/en\/wp-json\/wp\/v2\/pages"}],"about":[{"href":"https:\/\/frnix.org\/en\/wp-json\/wp\/v2\/types\/page"}],"author":[{"embeddable":true,"href":"https:\/\/frnix.org\/en\/wp-json\/wp\/v2\/users\/26"}],"replies":[{"embeddable":true,"href":"https:\/\/frnix.org\/en\/wp-json\/wp\/v2\/comments?post=5168"}],"version-history":[{"count":1,"href":"https:\/\/frnix.org\/en\/wp-json\/wp\/v2\/pages\/5168\/revisions"}],"predecessor-version":[{"id":18822,"href":"https:\/\/frnix.org\/en\/wp-json\/wp\/v2\/pages\/5168\/revisions\/18822"}],"up":[{"embeddable":true,"href":"https:\/\/frnix.org\/en\/wp-json\/wp\/v2\/pages\/267"}],"wp:attachment":[{"href":"https:\/\/frnix.org\/en\/wp-json\/wp\/v2\/media?parent=5168"}],"wp:term":[{"taxonomy":"hf_cat_page","embeddable":true,"href":"https:\/\/frnix.org\/en\/wp-json\/wp\/v2\/hf_cat_page?post=5168"}],"curies":[{"name":"wp","href":"https:\/\/api.w.org\/{rel}","templated":true}]}}