{"id":25972,"date":"2026-03-17T15:38:39","date_gmt":"2026-03-17T14:38:39","guid":{"rendered":"https:\/\/frnix.org\/?page_id=25972"},"modified":"2026-04-09T17:48:47","modified_gmt":"2026-04-09T15:48:47","slug":"idees-recues","status":"publish","type":"page","link":"https:\/\/frnix.org\/es\/ressources\/idees-recues\/","title":{"rendered":"Id\u00e9es Re\u00e7ues"},"content":{"rendered":"<div data-elementor-type=\"wp-page\" data-elementor-id=\"25972\" class=\"elementor elementor-25972\" data-elementor-post-type=\"page\">\n\t\t\t\t<div class=\"elementor-element elementor-element-ffe5795 e-flex e-con-boxed e-con e-parent\" data-id=\"ffe5795\" data-element_type=\"container\" data-e-type=\"container\">\n\t\t\t\t\t<div class=\"e-con-inner\">\n\t\t<div class=\"elementor-element elementor-element-2aeef6a e-grid e-con-full e-con e-child\" data-id=\"2aeef6a\" data-element_type=\"container\" data-e-type=\"container\">\n\t\t\t\t<\/div>\n\t\t\t\t\t<\/div>\n\t\t\t\t<\/div>\n\t\t<div class=\"elementor-element elementor-element-b6a05db e-flex e-con-boxed e-con e-parent\" data-id=\"b6a05db\" data-element_type=\"container\" data-e-type=\"container\">\n\t\t\t\t\t<div class=\"e-con-inner\">\n\t\t<div class=\"elementor-element elementor-element-1eddbed e-con-full e-flex e-con e-child\" data-id=\"1eddbed\" data-element_type=\"container\" data-e-type=\"container\">\n\t\t\t\t<div class=\"elementor-element elementor-element-e3331c6 elementor-widget-laptop__width-initial elementor-widget elementor-widget-heading\" data-id=\"e3331c6\" data-element_type=\"widget\" data-e-type=\"widget\" data-widget_type=\"heading.default\">\n\t\t\t\t\t<h1 class=\"elementor-heading-title elementor-size-default\">Conceptos err\u00f3neos sobre el peering<\/h1>\t\t\t\t<\/div>\n\t\t\t\t<\/div>\n\t\t\t\t\t<\/div>\n\t\t\t\t<\/div>\n\t\t<div class=\"elementor-element elementor-element-cb8b6c0 e-flex e-con-boxed e-con e-parent\" data-id=\"cb8b6c0\" data-element_type=\"container\" data-e-type=\"container\">\n\t\t\t\t\t<div class=\"e-con-inner\">\n\t\t<div class=\"elementor-element elementor-element-962edcd e-con-full e-flex e-con e-child\" data-id=\"962edcd\" data-element_type=\"container\" data-e-type=\"container\">\n\t\t\t\t<div class=\"elementor-element elementor-element-95ae2ee elementor-widget elementor-widget-text-editor\" data-id=\"95ae2ee\" data-element_type=\"widget\" data-e-type=\"widget\" data-widget_type=\"text-editor.default\">\n\t\t\t\t\t\t\t\t\t<h2 style=\"font-size: 2rem;\">\u00abEl peering es s\u00f3lo para los grandes operadores y las GAFAM. Mi red es demasiado peque\u00f1a para beneficiarse de ello\u00bb.\u00bb<\/h2><p><i>Este es uno de los errores m\u00e1s comunes. La realidad es mucho m\u00e1s matizada e inclusiva.<\/i><\/p><p class=\"MdParagraph\"><span style=\"font-family: 'Lato',sans-serif;\">Los Puntos de Intercambio de Internet (IXP) son mercados neutrales donde las redes de <span class=\"MdStrong\">todos los tama\u00f1os<\/span> se unen. Para un ISP regional, una start-up, una empresa de hosting o un proveedor de contenidos emergente, conectarse a un IXP es un acelerador formidable. En lugar de depender de uno o dos tr\u00e1nsitos costosos, un solo puerto en un IXP puede abrir cientos de rutas directas a otras redes.<\/span><\/p><p>\u00bfCu\u00e1l es el resultado? Latencia reducida, costes de ancho de banda controlados y mayor resistencia. El peering no es una cuesti\u00f3n de tama\u00f1o, sino de estrategia. Se trata de acercar los contenidos a los usuarios, y eso beneficia a todos los integrantes del ecosistema.<\/p>\t\t\t\t\t\t\t\t<\/div>\n\t\t\t\t<\/div>\n\t\t<div class=\"elementor-element elementor-element-8775a2f e-con-full e-flex e-con e-child\" data-id=\"8775a2f\" data-element_type=\"container\" data-e-type=\"container\" data-settings=\"{&quot;background_background&quot;:&quot;classic&quot;}\">\n\t\t\t\t<div class=\"elementor-element elementor-element-869cc2a elementor-widget elementor-widget-text-editor\" data-id=\"869cc2a\" data-element_type=\"widget\" data-e-type=\"widget\" data-widget_type=\"text-editor.default\">\n\t\t\t\t\t\t\t\t\t<p style=\"text-align: left;\">Participo en aPEERo para conocer mejor a los protagonistas<\/p>\t\t\t\t\t\t\t\t<\/div>\n\t\t<div class=\"elementor-element elementor-element-7d74dfc e-flex e-con-boxed e-con e-child\" data-id=\"7d74dfc\" data-element_type=\"container\" data-e-type=\"container\">\n\t\t\t\t\t<div class=\"e-con-inner\">\n\t\t\t\t<div class=\"elementor-element elementor-element-dba75b5 elementor-align-center elementor-widget__width-initial elementor-widget elementor-widget-button\" data-id=\"dba75b5\" data-element_type=\"widget\" data-e-type=\"widget\" data-widget_type=\"button.default\">\n\t\t\t\t\t\t\t\t\t\t<a class=\"elementor-button elementor-button-link elementor-size-sm\" href=\"https:\/\/frnix.org\/es\/activites\/\">\n\t\t\t\t\t\t<span class=\"elementor-button-content-wrapper\">\n\t\t\t\t\t\t\t\t\t<span class=\"elementor-button-text\">Deseo inscribirme en el aPEERo<\/span>\n\t\t\t\t\t<\/span>\n\t\t\t\t\t<\/a>\n\t\t\t\t\t\t\t\t<\/div>\n\t\t\t\t<div class=\"elementor-element elementor-element-6b66439 elementor-align-center elementor-widget__width-initial elementor-widget elementor-widget-button\" data-id=\"6b66439\" data-element_type=\"widget\" data-e-type=\"widget\" data-widget_type=\"button.default\">\n\t\t\t\t\t\t\t\t\t\t<a class=\"elementor-button elementor-button-link elementor-size-sm\" href=\"https:\/\/frnix.org\/es\/a-propos\/adherer-a-l-association\/\">\n\t\t\t\t\t\t<span class=\"elementor-button-content-wrapper\">\n\t\t\t\t\t\t\t\t\t<span class=\"elementor-button-text\">Me suscribo<\/span>\n\t\t\t\t\t<\/span>\n\t\t\t\t\t<\/a>\n\t\t\t\t\t\t\t\t<\/div>\n\t\t\t\t\t<\/div>\n\t\t\t\t<\/div>\n\t\t\t\t<\/div>\n\t\t\t\t\t<\/div>\n\t\t\t\t<\/div>\n\t\t<div class=\"elementor-element elementor-element-85268ae e-flex e-con-boxed e-con e-parent\" data-id=\"85268ae\" data-element_type=\"container\" data-e-type=\"container\">\n\t\t\t\t\t<div class=\"e-con-inner\">\n\t\t\t\t<div class=\"elementor-element elementor-element-5be4706 elementor-widget elementor-widget-text-editor\" data-id=\"5be4706\" data-element_type=\"widget\" data-e-type=\"widget\" data-widget_type=\"text-editor.default\">\n\t\t\t\t\t\t\t\t\t<h2 style=\"font-size: 2rem;\">\u00abEl peering es gratuito, es un intercambio de tr\u00e1fico sin facturaci\u00f3n\u00bb.\u00bb<\/h2><p><em>\u00a1Cuidado con la confusi\u00f3n! Aunque el principio b\u00e1sico del peering suele ser \u00absettlement-free\u00bb (sin liquidaci\u00f3n financiera entre las dos redes), no est\u00e1 exento de costes.<\/em><\/p><p>\u00abSin liquidaci\u00f3n\u00bb significa que las redes que se conectan entre s\u00ed acuerdan no cobrarse mutuamente por el tr\u00e1fico intercambiado. Se trata de un acuerdo mutuamente beneficioso, basado en el principio de que el intercambio de tr\u00e1fico es m\u00e1s o menos equilibrado.<\/p><p>Sin embargo, hay que tener en cuenta los costes de infraestructura:<\/p><ul><li><strong>El puerto en el IXP<\/strong> La conexi\u00f3n f\u00edsica a la plataforma de intercambio tiene un coste.<\/li><li><strong>Transporte<\/strong> Su tr\u00e1fico tiene que ser encaminado al IXP, lo que implica costes de fibra \u00f3ptica o circuitos.<\/li><li><strong>El equipamiento<\/strong> Los routers y otros equipos necesarios para gestionar las sesiones de peering representan una inversi\u00f3n.<\/li><\/ul><p>Por tanto, el peering no es \u00abgratuito\u00bb, sino una inversi\u00f3n estrat\u00e9gica. El objetivo es que el ahorro obtenido en la compra de tr\u00e1nsito IP y la mejora del rendimiento compensen con creces estos costes de infraestructura.<\/p>\t\t\t\t\t\t\t\t<\/div>\n\t\t\t\t\t<\/div>\n\t\t\t\t<\/div>\n\t\t<div class=\"elementor-element elementor-element-12b12cc e-flex e-con-boxed e-con e-parent\" data-id=\"12b12cc\" data-element_type=\"container\" data-e-type=\"container\">\n\t\t\t\t\t<div class=\"e-con-inner\">\n\t\t<div class=\"elementor-element elementor-element-5ba78c5 e-con-full e-flex e-con e-child\" data-id=\"5ba78c5\" data-element_type=\"container\" data-e-type=\"container\">\n\t\t\t\t<div class=\"elementor-element elementor-element-12f99c1 elementor-widget elementor-widget-text-editor\" data-id=\"12f99c1\" data-element_type=\"widget\" data-e-type=\"widget\" data-widget_type=\"text-editor.default\">\n\t\t\t\t\t\t\t\t\t<h2 style=\"font-size: 2rem;\">\u00abEl peering es demasiado complejo. Configurar BGP es una pesadilla y corro el riesgo de desestabilizar mi red\u00bb.\u00bb<\/h2><p><em>La reputaci\u00f3n de BGP (Border Gateway Protocol) a menudo le precede. Pero hoy en d\u00eda, este temor ya no est\u00e1 justificado.<\/em><\/p><p>BGP es el protocolo que hace funcionar Internet y, como cualquier herramienta potente, hay que dominarlo. Sin embargo, el ecosistema IXP ha simplificado enormemente su adopci\u00f3n:<\/p><ul><li><strong>Servidores de rutas<\/strong> \u00a1Esta es la clave! En lugar de tener que establecer cientos de sesiones BGP individuales con cada miembro del IXP, puedes establecer una \u00fanica sesi\u00f3n con el servidor de rutas del IXP. El servidor de rutas del IXP propagar\u00e1 sus rutas a todos los dem\u00e1s miembros conectados (y viceversa). Esto ahorra tiempo y reduce dr\u00e1sticamente la complejidad.<\/li><li><strong>Mayor control<\/strong> Lejos de restarle control, BGP le da m\u00e1s. Puedes definir pol\u00edticas de enrutamiento muy precisas para decidir exactamente ad\u00f3nde debe ir tu tr\u00e1fico, optimizando el rendimiento y la capacidad de recuperaci\u00f3n.<\/li><li><strong>Comunidad y apoyo<\/strong> Los IXP son comunidades. Ponemos a su disposici\u00f3n numerosos tutoriales y cursos de formaci\u00f3n para ayudarle a mejorar sus conocimientos. Participe en nuestros talleres de BGP creados y dirigidos por especialistas reconocidos.<\/li><\/ul><p>\u00a1No tengas miedo de BGP! Es tu mejor aliado para una estrategia de peering exitosa.<\/p>\t\t\t\t\t\t\t\t<\/div>\n\t\t\t\t<\/div>\n\t\t<div class=\"elementor-element elementor-element-24d7edb e-con-full e-flex e-con e-child\" data-id=\"24d7edb\" data-element_type=\"container\" data-e-type=\"container\" data-settings=\"{&quot;background_background&quot;:&quot;classic&quot;}\">\n\t\t<div class=\"elementor-element elementor-element-c2451d8 e-con-full e-flex e-con e-child\" data-id=\"c2451d8\" data-element_type=\"container\" data-e-type=\"container\" data-settings=\"{&quot;background_background&quot;:&quot;classic&quot;}\">\n\t\t\t\t<div class=\"elementor-element elementor-element-d368ae1 elementor-widget elementor-widget-text-editor\" data-id=\"d368ae1\" data-element_type=\"widget\" data-e-type=\"widget\" data-widget_type=\"text-editor.default\">\n\t\t\t\t\t\t\t\t\t<h4><strong>Aproveche al m\u00e1ximo su IXP: inscr\u00edbase en un taller sobre BGP<\/strong><\/h4>\t\t\t\t\t\t\t\t<\/div>\n\t\t\t\t<div class=\"elementor-element elementor-element-ad3e4fb elementor-widget elementor-widget-image\" data-id=\"ad3e4fb\" data-element_type=\"widget\" data-e-type=\"widget\" data-widget_type=\"image.default\">\n\t\t\t\t\t\t\t\t\t\t\t\t\t\t\t<img decoding=\"async\" src=\"https:\/\/frnix.org\/wp-content\/uploads\/elementor\/thumbs\/sticker-workshop-bgp-ravvn76lw17139s2xy8kc4k3ho5gtralytf1miu7vg.webp\" title=\"sticker-workshop-bgp\" alt=\"sticker-workshop-bgp\" loading=\"lazy\" \/>\t\t\t\t\t\t\t\t\t\t\t\t\t\t\t<\/div>\n\t\t\t\t<div class=\"elementor-element elementor-element-77e979e elementor-align-center elementor-widget elementor-widget-button\" data-id=\"77e979e\" data-element_type=\"widget\" data-e-type=\"widget\" data-widget_type=\"button.default\">\n\t\t\t\t\t\t\t\t\t\t<a class=\"elementor-button elementor-button-link elementor-size-sm\" href=\"https:\/\/frnix.org\/es\/activites\/workshops-bgp\/\">\n\t\t\t\t\t\t<span class=\"elementor-button-content-wrapper\">\n\t\t\t\t\t\t<span class=\"elementor-button-icon\">\n\t\t\t\t<svg aria-hidden=\"true\" class=\"e-font-icon-svg e-fas-arrow-right\" viewbox=\"0 0 448 512\" xmlns=\"http:\/\/www.w3.org\/2000\/svg\"><path d=\"M190.5 66.9l22.2-22.2c9.4-9.4 24.6-9.4 33.9 0L441 239c9.4 9.4 9.4 24.6 0 33.9L246.6 467.3c-9.4 9.4-24.6 9.4-33.9 0l-22.2-22.2c-9.5-9.5-9.3-25 .4-34.3L311.4 296H24c-13.3 0-24-10.7-24-24v-32c0-13.3 10.7-24 24-24h287.4L190.9 101.2c-9.8-9.3-10-24.8-.4-34.3z\"><\/path><\/svg>\t\t\t<\/span>\n\t\t\t\t\t\t\t\t\t<span class=\"elementor-button-text\">M\u00e1s informaci\u00f3n<\/span>\n\t\t\t\t\t<\/span>\n\t\t\t\t\t<\/a>\n\t\t\t\t\t\t\t\t<\/div>\n\t\t\t\t<\/div>\n\t\t\t\t<\/div>\n\t\t\t\t\t<\/div>\n\t\t\t\t<\/div>\n\t\t<div class=\"elementor-element elementor-element-47d9ebf e-flex e-con-boxed e-con e-parent\" data-id=\"47d9ebf\" data-element_type=\"container\" data-e-type=\"container\">\n\t\t\t\t\t<div class=\"e-con-inner\">\n\t\t<div class=\"elementor-element elementor-element-3c85d20 e-con-full e-flex e-con e-child\" data-id=\"3c85d20\" data-element_type=\"container\" data-e-type=\"container\" data-settings=\"{&quot;background_background&quot;:&quot;classic&quot;}\">\n\t\t\t\t<div class=\"elementor-element elementor-element-95565f3 elementor-widget elementor-widget-text-editor\" data-id=\"95565f3\" data-element_type=\"widget\" data-e-type=\"widget\" data-widget_type=\"text-editor.default\">\n\t\t\t\t\t\t\t\t\t<p style=\"text-align: center;\"><strong>Me parece que el IXP<br \/>m\u00e1s cercano a m\u00ed<\/strong><\/p>\t\t\t\t\t\t\t\t<\/div>\n\t\t\t\t<div class=\"elementor-element elementor-element-15619a5 elementor-align-center elementor-widget elementor-widget-button\" data-id=\"15619a5\" data-element_type=\"widget\" data-e-type=\"widget\" data-widget_type=\"button.default\">\n\t\t\t\t\t\t\t\t\t\t<a class=\"elementor-button elementor-button-link elementor-size-sm\" href=\"https:\/\/frnix.org\/es\/carte-des-ixp-sur-le-territoire-francais\/\">\n\t\t\t\t\t\t<span class=\"elementor-button-content-wrapper\">\n\t\t\t\t\t\t\t\t\t<span class=\"elementor-button-text\">Explorar el mapa<\/span>\n\t\t\t\t\t<\/span>\n\t\t\t\t\t<\/a>\n\t\t\t\t\t\t\t\t<\/div>\n\t\t\t\t<\/div>\n\t\t<div class=\"elementor-element elementor-element-cb8189a e-con-full e-flex e-con e-child\" data-id=\"cb8189a\" data-element_type=\"container\" data-e-type=\"container\">\n\t\t\t\t<div class=\"elementor-element elementor-element-5a2b2ed elementor-widget elementor-widget-text-editor\" data-id=\"5a2b2ed\" data-element_type=\"widget\" data-e-type=\"widget\" data-widget_type=\"text-editor.default\">\n\t\t\t\t\t\t\t\t\t<h2 style=\"font-size: 2rem;\">\u00abEl peering puede sustituir completamente mi tr\u00e1nsito IP\u00bb.\u00bb<\/h2><p><em>Se trata de una simplificaci\u00f3n peligrosa. El peering y el tr\u00e1nsito no son enemigos, sino complementos esenciales de una s\u00f3lida estrategia de conectividad.<\/em><\/p><ul><li>Le <strong>peering<\/strong> le da acceso directo a las redes de otros miembros del IXP. Es una autopista directa a sus clientes y servicios, sin intermediarios. Es ideal para tr\u00e1fico local y de gran volumen (streaming, juegos, etc.).<\/li><li>Le <strong>Tr\u00e1nsito IP<\/strong> le da acceso a toda la Internet global. Tu proveedor de tr\u00e1nsito ya tiene acuerdos de interconexi\u00f3n con miles de redes de todo el mundo. Esta es tu salida hacia destinos a los que no puedes llegar mediante peering directo.<\/li><\/ul><p><br \/>Una red s\u00f3lo de pares quedar\u00eda aislada, incapaz de llegar a una gran parte de Internet. Por el contrario, una red s\u00f3lo de tr\u00e1nsito pagar\u00eda caro un tr\u00e1fico que podr\u00eda intercambiarse localmente a menor coste y con mejor rendimiento.<\/p><p>La estrategia ganadora consiste en utilizar el peering para gestionar la mayor parte de su tr\u00e1fico (la famosa ley de Pareto 80\/20) y quedarse con uno o varios proveedores de tr\u00e1nsito para el resto. Es el equilibrio perfecto entre rendimiento, coste y resistencia.<\/p>\t\t\t\t\t\t\t\t<\/div>\n\t\t\t\t<\/div>\n\t\t\t\t\t<\/div>\n\t\t\t\t<\/div>\n\t\t<div class=\"elementor-element elementor-element-513d5cb e-flex e-con-boxed e-con e-parent\" data-id=\"513d5cb\" data-element_type=\"container\" data-e-type=\"container\">\n\t\t\t\t\t<div class=\"e-con-inner\">\n\t\t<div class=\"elementor-element elementor-element-5923edf e-con-full e-flex e-con e-child\" data-id=\"5923edf\" data-element_type=\"container\" data-e-type=\"container\">\n\t\t\t\t<div class=\"elementor-element elementor-element-7d68dfa elementor-widget elementor-widget-text-editor\" data-id=\"7d68dfa\" data-element_type=\"widget\" data-e-type=\"widget\" data-widget_type=\"text-editor.default\">\n\t\t\t\t\t\t\t\t\t<h2 style=\"font-size: 2rem;\">\u00abUn IXP s\u00f3lo sirve para reducir los costes de ancho de banda.\u00bb<\/h2><p><em>La reducci\u00f3n de costes es una ventaja importante, pero es s\u00f3lo la punta del iceberg. Considerar un IXP \u00fanicamente desde este punto de vista es perderse su valor m\u00e1s fundamental.<\/em><\/p><p>Un IXP es una infraestructura cr\u00edtica para la resiliencia y la soberan\u00eda digital de una regi\u00f3n. Al mantener el tr\u00e1fico local... local, un IXP refuerza el ecosistema digital de varias maneras:<\/p><ul><li><strong>Resiliencia<\/strong> IXP: si se corta un cable submarino o falla un operador de tr\u00e1nsito importante, los servicios alojados localmente y las comunicaciones entre usuarios locales siguen funcionando gracias al IXP. Act\u00faa como una red de seguridad para la Internet nacional.<\/li><li><strong>Rendimiento<\/strong> IXP: al reducir la latencia, IXP mejora la experiencia del usuario en aplicaciones sensibles como la nube, los juegos en l\u00ednea, las videoconferencias y la telemedicina.<\/li><li><strong>Soberan\u00eda<\/strong> Un ecosistema din\u00e1mico de interconexi\u00f3n local reduce la dependencia de operadores extranjeros y rutas internacionales. Da a una regi\u00f3n o pa\u00eds m\u00e1s control sobre su infraestructura digital.<\/li><li><strong>Innovaci\u00f3n<\/strong> Los IXP son lugares donde la gente se re\u00fane y colabora para estimular la innovaci\u00f3n local. Es aqu\u00ed donde nacen nuevas ideas y nuevos servicios.<\/li><\/ul><p><br \/>Al conectarse a un IXP, no s\u00f3lo optimiza sus costes. Est\u00e1 ayudando activamente a construir una Internet m\u00e1s robusta, r\u00e1pida y resistente para su comunidad.<\/p>\t\t\t\t\t\t\t\t<\/div>\n\t\t\t\t<\/div>\n\t\t<div class=\"elementor-element elementor-element-13e0343 e-con-full e-flex e-con e-child\" data-id=\"13e0343\" data-element_type=\"container\" data-e-type=\"container\" data-settings=\"{&quot;background_background&quot;:&quot;classic&quot;}\">\n\t\t\t\t<div class=\"elementor-element elementor-element-0c6ef02 elementor-align-center elementor-widget elementor-widget-button\" data-id=\"0c6ef02\" data-element_type=\"widget\" data-e-type=\"widget\" data-widget_type=\"button.default\">\n\t\t\t\t\t\t\t\t\t\t<a class=\"elementor-button elementor-button-link elementor-size-sm\" href=\"https:\/\/frnix.org\/es\/pourquoi-les-ixp-sont-importants\/\">\n\t\t\t\t\t\t<span class=\"elementor-button-content-wrapper\">\n\t\t\t\t\t\t\t\t\t<span class=\"elementor-button-text\">Seguir leyendo<\/span>\n\t\t\t\t\t<\/span>\n\t\t\t\t\t<\/a>\n\t\t\t\t\t\t\t\t<\/div>\n\t\t\t\t<div class=\"elementor-element elementor-element-32be5b3 elementor-widget elementor-widget-text-editor\" data-id=\"32be5b3\" data-element_type=\"widget\" data-e-type=\"widget\" data-widget_type=\"text-editor.default\">\n\t\t\t\t\t\t\t\t\t<p style=\"text-align: center;\"><span style=\"font-size: 2rem;\">\u201c<\/span>Los IXP no son \u00absimples conmutadores\u00bb. Son bienes comunes de interconexi\u00f3n que favorecen la apertura, la descentralizaci\u00f3n y la colaboraci\u00f3n.<span style=\"font-size: 2rem;\">\u201d<\/span><\/p>\t\t\t\t\t\t\t\t<\/div>\n\t\t\t\t<\/div>\n\t\t\t\t\t<\/div>\n\t\t\t\t<\/div>\n\t\t\t\t<\/div>","protected":false},"excerpt":{"rendered":"<p>Id\u00e9es re\u00e7ues sur le peering \u00ab\u00a0Le peering, c&rsquo;est uniquement pour les grands op\u00e9rateurs et les GAFAM. Mon r\u00e9seau est trop petit pour en b\u00e9n\u00e9ficier.\u00a0\u00bb C&rsquo;est l&rsquo;une des fausses croyances les plus r\u00e9pandues ! La r\u00e9alit\u00e9 est bien plus nuanc\u00e9e et inclusive. Les Points d&rsquo;\u00c9change Internet (IXP) sont pr\u00e9cis\u00e9ment des places de march\u00e9 neutres o\u00f9 des [&hellip;]<\/p>\n","protected":false},"author":351,"featured_media":0,"parent":304,"menu_order":0,"comment_status":"closed","ping_status":"closed","template":"","meta":{"footnotes":""},"hf_cat_page":[],"class_list":["post-25972","page","type-page","status-publish","hentry"],"aioseo_notices":[],"_links":{"self":[{"href":"https:\/\/frnix.org\/es\/wp-json\/wp\/v2\/pages\/25972","targetHints":{"allow":["GET"]}}],"collection":[{"href":"https:\/\/frnix.org\/es\/wp-json\/wp\/v2\/pages"}],"about":[{"href":"https:\/\/frnix.org\/es\/wp-json\/wp\/v2\/types\/page"}],"author":[{"embeddable":true,"href":"https:\/\/frnix.org\/es\/wp-json\/wp\/v2\/users\/351"}],"replies":[{"embeddable":true,"href":"https:\/\/frnix.org\/es\/wp-json\/wp\/v2\/comments?post=25972"}],"version-history":[{"count":5,"href":"https:\/\/frnix.org\/es\/wp-json\/wp\/v2\/pages\/25972\/revisions"}],"predecessor-version":[{"id":26344,"href":"https:\/\/frnix.org\/es\/wp-json\/wp\/v2\/pages\/25972\/revisions\/26344"}],"up":[{"embeddable":true,"href":"https:\/\/frnix.org\/es\/wp-json\/wp\/v2\/pages\/304"}],"wp:attachment":[{"href":"https:\/\/frnix.org\/es\/wp-json\/wp\/v2\/media?parent=25972"}],"wp:term":[{"taxonomy":"hf_cat_page","embeddable":true,"href":"https:\/\/frnix.org\/es\/wp-json\/wp\/v2\/hf_cat_page?post=25972"}],"curies":[{"name":"wp","href":"https:\/\/api.w.org\/{rel}","templated":true}]}}