{"id":269,"date":"2023-11-05T19:11:55","date_gmt":"2023-11-05T18:11:55","guid":{"rendered":"https:\/\/frnix.org\/?page_id=269"},"modified":"2025-11-07T10:55:37","modified_gmt":"2025-11-07T09:55:37","slug":"lassociation","status":"publish","type":"page","link":"https:\/\/frnix.org\/es\/a-propos\/lassociation\/","title":{"rendered":"La asociaci\u00f3n"},"content":{"rendered":"<div data-elementor-type=\"wp-page\" data-elementor-id=\"269\" class=\"elementor elementor-269\" data-elementor-post-type=\"page\">\n\t\t\t\t<div class=\"elementor-element elementor-element-ee7ae54 e-flex e-con-boxed e-con e-parent\" data-id=\"ee7ae54\" data-element_type=\"container\" data-e-type=\"container\" data-settings=\"{&quot;background_background&quot;:&quot;classic&quot;,&quot;shape_divider_bottom&quot;:&quot;curve&quot;,&quot;shape_divider_bottom_negative&quot;:&quot;yes&quot;}\">\n\t\t\t\t\t<div class=\"e-con-inner\">\n\t\t\t\t<div class=\"elementor-shape elementor-shape-bottom\" aria-hidden=\"true\" data-negative=\"true\">\n\t\t\t<svg xmlns=\"http:\/\/www.w3.org\/2000\/svg\" viewbox=\"0 0 1000 100\" preserveaspectratio=\"none\">\n\t<path class=\"elementor-shape-fill\" d=\"M500,97C126.7,96.3,0.8,19.8,0,0v100l1000,0V1C1000,19.4,873.3,97.8,500,97z\"\/>\n<\/svg>\t\t<\/div>\n\t\t\t\t<div class=\"elementor-element elementor-element-9e33541 elementor-widget-mobile__width-initial elementor-widget elementor-widget-heading\" data-id=\"9e33541\" data-element_type=\"widget\" data-e-type=\"widget\" data-widget_type=\"heading.default\">\n\t\t\t\t\t<h1 class=\"elementor-heading-title elementor-size-default\">La Asociaci\u00f3n FRNIX<\/h1>\t\t\t\t<\/div>\n\t\t\t\t\t<\/div>\n\t\t\t\t<\/div>\n\t\t<div class=\"elementor-element elementor-element-30d3ab3 e-flex e-con-boxed e-con e-parent\" data-id=\"30d3ab3\" data-element_type=\"container\" data-e-type=\"container\" data-settings=\"{&quot;background_background&quot;:&quot;classic&quot;,&quot;shape_divider_bottom&quot;:&quot;curve&quot;,&quot;shape_divider_bottom_negative&quot;:&quot;yes&quot;}\">\n\t\t\t\t\t<div class=\"e-con-inner\">\n\t\t\t\t<div class=\"elementor-shape elementor-shape-bottom\" aria-hidden=\"true\" data-negative=\"true\">\n\t\t\t<svg xmlns=\"http:\/\/www.w3.org\/2000\/svg\" viewbox=\"0 0 1000 100\" preserveaspectratio=\"none\">\n\t<path class=\"elementor-shape-fill\" d=\"M500,97C126.7,96.3,0.8,19.8,0,0v100l1000,0V1C1000,19.4,873.3,97.8,500,97z\"\/>\n<\/svg>\t\t<\/div>\n\t\t<div class=\"elementor-element elementor-element-f68a4e1 e-flex e-con-boxed e-con e-child\" data-id=\"f68a4e1\" data-element_type=\"container\" data-e-type=\"container\">\n\t\t\t\t\t<div class=\"e-con-inner\">\n\t\t<div class=\"elementor-element elementor-element-e737aea e-con-full e-flex e-con e-child\" data-id=\"e737aea\" data-element_type=\"container\" data-e-type=\"container\" data-settings=\"{&quot;background_background&quot;:&quot;gradient&quot;}\">\n\t\t<div class=\"elementor-element elementor-element-b3f220b e-con-full e-flex e-con e-child\" data-id=\"b3f220b\" data-element_type=\"container\" data-e-type=\"container\">\n\t\t<div class=\"elementor-element elementor-element-ff16d51 e-con-full e-flex e-con e-child\" data-id=\"ff16d51\" data-element_type=\"container\" data-e-type=\"container\">\n\t\t\t\t<div class=\"elementor-element elementor-element-4d81670 elementor-widget-mobile__width-inherit elementor-widget elementor-widget-heading\" data-id=\"4d81670\" data-element_type=\"widget\" data-e-type=\"widget\" data-widget_type=\"heading.default\">\n\t\t\t\t\t<h2 class=\"elementor-heading-title elementor-size-default\">Palabras del Presidente<\/h2>\t\t\t\t<\/div>\n\t\t\t\t<div class=\"elementor-element elementor-element-361f575 elementor-widget-mobile__width-inherit elementor-widget elementor-widget-heading\" data-id=\"361f575\" data-element_type=\"widget\" data-e-type=\"widget\" data-widget_type=\"heading.default\">\n\t\t\t\t\t<h6 class=\"elementor-heading-title elementor-size-default\">Philippe Duby<\/h6>\t\t\t\t<\/div>\n\t\t\t\t<div class=\"elementor-element elementor-element-42b91d0 elementor-widget-mobile__width-inherit elementor-widget elementor-widget-heading\" data-id=\"42b91d0\" data-element_type=\"widget\" data-e-type=\"widget\" data-widget_type=\"heading.default\">\n\t\t\t\t\t<h6 class=\"elementor-heading-title elementor-size-default\">Presidente de la Asociaci\u00f3n FRNIX <\/h6>\t\t\t\t<\/div>\n\t\t\t\t<\/div>\n\t\t<div class=\"elementor-element elementor-element-2a0526a e-con-full e-flex e-con e-child\" data-id=\"2a0526a\" data-element_type=\"container\" data-e-type=\"container\" data-settings=\"{&quot;background_background&quot;:&quot;classic&quot;}\">\n\t\t\t\t<div class=\"elementor-element elementor-element-0880a4f elementor-widget__width-initial elementor-widget elementor-widget-image\" data-id=\"0880a4f\" data-element_type=\"widget\" data-e-type=\"widget\" data-widget_type=\"image.default\">\n\t\t\t\t\t\t\t\t\t\t\t\t\t\t\t<img decoding=\"async\" width=\"150\" height=\"150\" src=\"https:\/\/frnix.org\/wp-content\/uploads\/Philippe_Duby-1-150x150.webp\" class=\"attachment-thumbnail size-thumbnail wp-image-1248\" alt=\"Philippe Duby\" srcset=\"https:\/\/frnix.org\/wp-content\/uploads\/.\/Philippe_Duby-1-150x150.webp 150w, https:\/\/frnix.org\/wp-content\/uploads\/Philippe_Duby-1.webp 200w\" sizes=\"(max-width: 150px) 100vw, 150px\" \/>\t\t\t\t\t\t\t\t\t\t\t\t\t\t\t<\/div>\n\t\t\t\t<\/div>\n\t\t\t\t<\/div>\n\t\t<div class=\"elementor-element elementor-element-fd14b10 e-con-full e-flex e-con e-child\" data-id=\"fd14b10\" data-element_type=\"container\" data-e-type=\"container\">\n\t\t\t\t<div class=\"elementor-element elementor-element-2e9691d elementor-widget-mobile__width-initial elementor-widget__width-initial elementor-widget-tablet__width-initial elementor-widget elementor-widget-text-editor\" data-id=\"2e9691d\" data-element_type=\"widget\" data-e-type=\"widget\" data-widget_type=\"text-editor.default\">\n\t\t\t\t\t\t\t\t\t<p>FRNIX lidera la comunidad de peering e interconexi\u00f3n en Francia. Es el resultado de la fusi\u00f3n de dos asociaciones: France IX Association y Rezopole. Cada una de estas organizaciones exist\u00eda para apoyar a un IXP, y las dos se combinan ahora en FRNIX.<\/p><p>Desde 2022, el Consejo de Administraci\u00f3n, que presido, ha tratado de insuflar nueva vida a la Asociaci\u00f3n desarrollando nuevas actividades. En particular, hemos retomado algunos de los servicios comunitarios que hicieron de Rezopole un \u00e9xito en Lyon. Pero el principio a partir de ahora es estar al servicio de toda la comunidad a nivel nacional, y centrarnos en el funcionamiento de la comunidad. Samuel Triolet, con quien fund\u00e9 Rezopole, ha aceptado convertirse en Director General, y quiero darle las gracias por aportarnos su gran experiencia.<\/p><p>Centramos nuestras actividades principalmente en los afiliados y futuros afiliados:<\/p><ul><li>Promover la comunidad de miembros organizando actos destinados a facilitar la creaci\u00f3n de redes activas entre los miembros.<\/li><li>Organizaci\u00f3n de talleres t\u00e9cnicos sobre temas de inter\u00e9s relacionados con el peering, BGP y, m\u00e1s en general, la interconexi\u00f3n de datos.<\/li><\/ul><p>Nuestro objetivo es reunir en nuestra comunidad a todos los actores del \u00e1mbito de la interconexi\u00f3n a Internet en Francia, ya sean IXP, operadores, proveedores de contenidos, integradores de redes, fabricantes de equipos, empresas o colectividades locales, o m\u00e1s ampliamente cualquier actor que se sienta cercano a nuestro prop\u00f3sito.<\/p><p>Tendremos cuidado de que no nos equiparen a un sindicato.<\/p><p>Mantener la transparencia nos parece parte de la doctrina b\u00e1sica de una asociaci\u00f3n, sobre todo cuando se trata de estructuras competidoras de todos los tama\u00f1os y or\u00edgenes nacionales que act\u00faan de forma concertada.<\/p><p>Puedes contar con el Consejo de Administraci\u00f3n para que te represente y escuche tus necesidades.<\/p>\t\t\t\t\t\t\t\t<\/div>\n\t\t\t\t<\/div>\n\t\t\t\t<\/div>\n\t\t\t\t\t<\/div>\n\t\t\t\t<\/div>\n\t\t\t\t\t<\/div>\n\t\t\t\t<\/div>\n\t\t<div class=\"elementor-element elementor-element-eee16c7 e-flex e-con-boxed e-con e-parent\" data-id=\"eee16c7\" data-element_type=\"container\" data-e-type=\"container\" data-settings=\"{&quot;background_background&quot;:&quot;classic&quot;}\">\n\t\t\t\t\t<div class=\"e-con-inner\">\n\t\t\t\t<div class=\"elementor-element elementor-element-829aa5d elementor-widget elementor-widget-heading\" data-id=\"829aa5d\" data-element_type=\"widget\" data-e-type=\"widget\" data-widget_type=\"heading.default\">\n\t\t\t\t\t<h4 class=\"elementor-heading-title elementor-size-default\">Un poco de historia<\/h4>\t\t\t\t<\/div>\n\t\t<div class=\"elementor-element elementor-element-914dc1c e-flex e-con-boxed e-con e-child\" data-id=\"914dc1c\" data-element_type=\"container\" data-e-type=\"container\" data-settings=\"{&quot;background_background&quot;:&quot;classic&quot;}\">\n\t\t\t\t\t<div class=\"e-con-inner\">\n\t\t\t\t<div class=\"elementor-element elementor-element-710d9a8 elementor-widget elementor-widget-text-editor\" data-id=\"710d9a8\" data-element_type=\"widget\" data-e-type=\"widget\" data-widget_type=\"text-editor.default\">\n\t\t\t\t\t\t\t\t\t<p>FRNIX es una asociaci\u00f3n amparada por la ley de 1901 que se form\u00f3 mediante la fusi\u00f3n de dos organizaciones:<\/p><ul><li>France IX Association, fundada en 2010 por un grupo de actores que deseaban crear un IXP en Par\u00eds y en Francia y que hab\u00edan delegado esta funci\u00f3n a France IX Services SASU con el IXP FranceIX.<\/li><li>Rezopole, otra asociaci\u00f3n creada en 2001 en Lyon, que hab\u00eda creado IXP en otras ciudades (Lyon Grenoble Annecy).<\/li><\/ul><p>El objetivo de estas dos estructuras era el mismo: facilitar los intercambios y transferencias de datos, mediante la creaci\u00f3n de un IXP que permita que los flujos de datos sigan siendo locales, lo que aporta un gran n\u00famero de ventajas t\u00e9cnicas, financieras y econ\u00f3micas.<\/p><p>Para alcanzar este objetivo, SAS France-IX Services ha creado y explota el Punto de Intercambio de Internet (IXP) FranceIX, con POP en Lille, Par\u00eds, Lyon, Marsella, Grenoble y Toulouse.<\/p><p>Los IXP permiten a los agentes digitales conectarse directamente entre s\u00ed, sin pasar por intermediarios, lo que mejora el rendimiento, la seguridad y la eficacia de Internet.<\/p><p>Adem\u00e1s de gestionar el IXP FranceIX a trav\u00e9s de su filial France-IX Services SAS, FRNIX tambi\u00e9n lleva a cabo actividades de sensibilizaci\u00f3n y promoci\u00f3n de la Internet neutral y abierta. Organiza eventos, pone recursos a disposici\u00f3n de sus miembros y participa en grupos de trabajo principalmente nacionales.<\/p>\t\t\t\t\t\t\t\t<\/div>\n\t\t\t\t\t<\/div>\n\t\t\t\t<\/div>\n\t\t\t\t\t<\/div>\n\t\t\t\t<\/div>\n\t\t<div class=\"elementor-element elementor-element-27dbd3e e-con-full e-flex e-con e-parent\" data-id=\"27dbd3e\" data-element_type=\"container\" data-e-type=\"container\" data-settings=\"{&quot;background_background&quot;:&quot;gradient&quot;}\">\n\t\t<div class=\"elementor-element elementor-element-b12fbf5 e-flex e-con-boxed e-con e-child\" data-id=\"b12fbf5\" data-element_type=\"container\" data-e-type=\"container\" data-settings=\"{&quot;background_background&quot;:&quot;classic&quot;}\">\n\t\t\t\t\t<div class=\"e-con-inner\">\n\t\t<div class=\"elementor-element elementor-element-af654a0 e-flex e-con-boxed e-con e-child\" data-id=\"af654a0\" data-element_type=\"container\" data-e-type=\"container\">\n\t\t\t\t\t<div class=\"e-con-inner\">\n\t\t\t\t<div class=\"elementor-element elementor-element-8b78444 elementor-widget elementor-widget-heading\" data-id=\"8b78444\" data-element_type=\"widget\" data-e-type=\"widget\" data-widget_type=\"heading.default\">\n\t\t\t\t\t<h4 class=\"elementor-heading-title elementor-size-default\">La fusi\u00f3n France-IX \/ Rezopole<\/h4>\t\t\t\t<\/div>\n\t\t\t\t\t<\/div>\n\t\t\t\t<\/div>\n\t\t\t\t\t<\/div>\n\t\t\t\t<\/div>\n\t\t<div class=\"elementor-element elementor-element-e6b7b03 e-flex e-con-boxed e-con e-child\" data-id=\"e6b7b03\" data-element_type=\"container\" data-e-type=\"container\">\n\t\t\t\t\t<div class=\"e-con-inner\">\n\t\t\t\t<div class=\"elementor-element elementor-element-038d558 elementor-widget elementor-widget-text-editor\" data-id=\"038d558\" data-element_type=\"widget\" data-e-type=\"widget\" data-widget_type=\"text-editor.default\">\n\t\t\t\t\t\t\t\t\t<p>Rezopole y France-IX, dos de los principales puntos de intercambio de Internet de Francia, se fusionaron el 1 de enero de 2021. Esta fusi\u00f3n ha confirmado a FranceIX como el mayor IXP de Francia.<\/p><p>Rezopole gestionaba LyonIX, el mayor IXP regional de Francia, con un tr\u00e1fico previsto de 80 Gbps en 2020 y 100 miembros conectados. FranceIX, por su parte, ya contaba con un tr\u00e1fico superior a 1 Tbs y m\u00e1s de 400 miembros. La fusi\u00f3n de estos dos IXP ha creado un nuevo IXP repartido en 5 ciudades (Par\u00eds, Lyon, Marsella, Grenoble y Toulouse) que est\u00e1 lo m\u00e1s cerca posible de las personas conectadas en las regiones. El tr\u00e1fico de FranceIX se acerca ya a los 3 Tbs (noviembre de 2023).<\/p><p><span style=\"color: var( --e-global-color-text ); font-size: 1.1rem; text-align: var(--text-align); background-color: transparent;\">Esta fusi\u00f3n fue una buena noticia para el ecosistema franc\u00e9s de Internet. Reforz\u00f3 la conectividad entre las distintas redes de Internet en Francia y contribuy\u00f3 a la soberan\u00eda digital del pa\u00eds.<\/span><\/p><p>Las principales ventajas de esta fusi\u00f3n entre Rezopole y France-IX son las siguientes:<\/p><ul><li>Mayor conectividad entre las redes de Internet en Francia: la fusi\u00f3n ha permitido combinar los recursos de los dos IXP, aumentando la capacidad de intercambio de tr\u00e1fico entre los distintos actores del ecosistema franc\u00e9s de Internet.<\/li><li>Contribuci\u00f3n a la soberan\u00eda digital del pa\u00eds: la fusi\u00f3n crear\u00e1 un IXP m\u00e1s grande y resistente, que ayudar\u00e1 a reforzar la soberan\u00eda digital del pa\u00eds.<\/li><li>Mayor eficacia y fiabilidad del tr\u00e1fico de Internet: la fusi\u00f3n ha reducido el n\u00famero de troncales de red necesarias para transportar el tr\u00e1fico de Internet, mejorando la eficacia y la fiabilidad.<\/li><li>Evitar la competencia entre dos asociaciones francesas.<\/li><\/ul>\t\t\t\t\t\t\t\t<\/div>\n\t\t\t\t\t<\/div>\n\t\t\t\t<\/div>\n\t\t\t\t<\/div>\n\t\t<div class=\"elementor-element elementor-element-c3427f8 e-con-full e-flex e-con e-parent\" data-id=\"c3427f8\" data-element_type=\"container\" data-e-type=\"container\">\n\t\t<div class=\"elementor-element elementor-element-e85d4b5 e-flex e-con-boxed e-con e-child\" data-id=\"e85d4b5\" data-element_type=\"container\" data-e-type=\"container\" data-settings=\"{&quot;background_background&quot;:&quot;classic&quot;}\">\n\t\t\t\t\t<div class=\"e-con-inner\">\n\t\t<div class=\"elementor-element elementor-element-8bb0384 e-flex e-con-boxed e-con e-child\" data-id=\"8bb0384\" data-element_type=\"container\" data-e-type=\"container\">\n\t\t\t\t\t<div class=\"e-con-inner\">\n\t\t\t\t<div class=\"elementor-element elementor-element-07a290c elementor-widget elementor-widget-heading\" data-id=\"07a290c\" data-element_type=\"widget\" data-e-type=\"widget\" data-widget_type=\"heading.default\">\n\t\t\t\t\t<h4 class=\"elementor-heading-title elementor-size-default\">\u00bfPor qu\u00e9 afiliarse?<\/h4>\t\t\t\t<\/div>\n\t\t\t\t\t<\/div>\n\t\t\t\t<\/div>\n\t\t\t\t\t<\/div>\n\t\t\t\t<\/div>\n\t\t<div class=\"elementor-element elementor-element-48cb73b e-flex e-con-boxed e-con e-child\" data-id=\"48cb73b\" data-element_type=\"container\" data-e-type=\"container\">\n\t\t\t\t\t<div class=\"e-con-inner\">\n\t\t\t\t<div class=\"elementor-element elementor-element-a390f9b elementor-widget elementor-widget-text-editor\" data-id=\"a390f9b\" data-element_type=\"widget\" data-e-type=\"widget\" data-widget_type=\"text-editor.default\">\n\t\t\t\t\t\t\t\t\t<p>Cualquier organizaci\u00f3n privada o p\u00fablica, francesa o extranjera, puede afiliarse a FRNIX. No es necesario estar conectado al IXP FranceIX (gestionado por France-IX Services SASU, de la que la asociaci\u00f3n es accionista \u00fanico) para unirse a la Asociaci\u00f3n.<\/p><p class=\"Standard\">Al unirse a FRNIX, puede participar activamente, influir en las decisiones a trav\u00e9s de sus votos, beneficiarse de los recursos de formaci\u00f3n, la creaci\u00f3n de redes y colaborar por el bien com\u00fan del ecosistema de interconexi\u00f3n y peering en Francia.<\/p><p class=\"Standard\">Los miembros actuales son: franceses o extranjeros, locales, nacionales o internacionales, proveedores de servicios de Internet, operadores de fibra oscura (CLEC), empresas de alojamiento, centros de datos, proveedores de nube, empresas de servicios inform\u00e1ticos, SSLL, integradores de redes, estructuras p\u00fablicas, empresas privadas (no profesionales de Internet), CDN, grandes actores internacionales, actores de la seguridad de las redes y de Internet en particular.<\/p><h4 class=\"Standard\" style=\"text-align: left;\">Ventajas para su organizaci\u00f3n<\/h4><p class=\"Standard\">Estar\u00e1s representado y podr\u00e1s votar en las Asambleas Generales, influyendo en las decisiones, orientaciones estrat\u00e9gicas y pol\u00edticas de la Asociaci\u00f3n.<\/p><p class=\"Standard\">Se beneficiar\u00e1 de talleres t\u00e9cnicos y formaci\u00f3n, y podr\u00e1 mantener a sus equipos al d\u00eda de las mejores pr\u00e1cticas, las tendencias del sector y los avances tecnol\u00f3gicos.<\/p><p class=\"Standard\">Se beneficiar\u00e1 de la red humana de FRNIX. Creaci\u00f3n de redes, relaciones profesionales, intercambio de experiencias y colaboraci\u00f3n con otros miembros, ya sean m\u00e1s grandes o m\u00e1s peque\u00f1os que su organizaci\u00f3n.<\/p><p class=\"Standard\">Adem\u00e1s de los aspectos t\u00e9cnicos, la asociaci\u00f3n y sus miembros ofrecen de manera informal asistencia en cuestiones como aspectos contractuales, comerciales u organizativos. El intercambio de informaci\u00f3n es realmente importante, incluso en una asociaci\u00f3n que tiende a reunir a competidores.<\/p><p class=\"Standard\">Al reunir a jugadores de distintas procedencias, la asociaci\u00f3n crea una aut\u00e9ntica comunidad que fomenta la cooperaci\u00f3n y la colaboraci\u00f3n entre sus miembros.<\/p>\t\t\t\t\t\t\t\t<\/div>\n\t\t\t\t\t<\/div>\n\t\t\t\t<\/div>\n\t\t\t\t<\/div>\n\t\t\t\t<\/div>","protected":false},"excerpt":{"rendered":"<p>L&rsquo;Association FRNIX\u200b Le Mot du Pr\u00e9sident Philippe Duby Pr\u00e9sident de FRNIX Association FRNIX anime la communaut\u00e9 du peering et l&rsquo;interconnexion en France. Elle est issue de la fusion de deux associations : France IX Association et Rezopole. Chacune de ces structures existait pour porter un IXP, les deux \u00e9tant d\u00e9sormais r\u00e9unies dans FRNIX. Depuis 2022, [&hellip;]<\/p>\n","protected":false},"author":26,"featured_media":0,"parent":267,"menu_order":39,"comment_status":"closed","ping_status":"closed","template":"","meta":{"footnotes":""},"hf_cat_page":[],"class_list":["post-269","page","type-page","status-publish","hentry"],"aioseo_notices":[],"_links":{"self":[{"href":"https:\/\/frnix.org\/es\/wp-json\/wp\/v2\/pages\/269","targetHints":{"allow":["GET"]}}],"collection":[{"href":"https:\/\/frnix.org\/es\/wp-json\/wp\/v2\/pages"}],"about":[{"href":"https:\/\/frnix.org\/es\/wp-json\/wp\/v2\/types\/page"}],"author":[{"embeddable":true,"href":"https:\/\/frnix.org\/es\/wp-json\/wp\/v2\/users\/26"}],"replies":[{"embeddable":true,"href":"https:\/\/frnix.org\/es\/wp-json\/wp\/v2\/comments?post=269"}],"version-history":[{"count":1,"href":"https:\/\/frnix.org\/es\/wp-json\/wp\/v2\/pages\/269\/revisions"}],"predecessor-version":[{"id":18787,"href":"https:\/\/frnix.org\/es\/wp-json\/wp\/v2\/pages\/269\/revisions\/18787"}],"up":[{"embeddable":true,"href":"https:\/\/frnix.org\/es\/wp-json\/wp\/v2\/pages\/267"}],"wp:attachment":[{"href":"https:\/\/frnix.org\/es\/wp-json\/wp\/v2\/media?parent=269"}],"wp:term":[{"taxonomy":"hf_cat_page","embeddable":true,"href":"https:\/\/frnix.org\/es\/wp-json\/wp\/v2\/hf_cat_page?post=269"}],"curies":[{"name":"wp","href":"https:\/\/api.w.org\/{rel}","templated":true}]}}