{"id":276,"date":"2023-11-05T19:13:05","date_gmt":"2023-11-05T18:13:05","guid":{"rendered":"https:\/\/frnix.org\/?page_id=276"},"modified":"2025-11-07T10:55:37","modified_gmt":"2025-11-07T09:55:37","slug":"la-gouvernance","status":"publish","type":"page","link":"https:\/\/frnix.org\/es\/a-propos\/la-gouvernance\/","title":{"rendered":"Gobernanza"},"content":{"rendered":"<div data-elementor-type=\"wp-page\" data-elementor-id=\"276\" class=\"elementor elementor-276\" data-elementor-post-type=\"page\">\n\t\t\t\t<div class=\"elementor-element elementor-element-1628975 e-flex e-con-boxed e-con e-parent\" data-id=\"1628975\" data-element_type=\"container\" data-e-type=\"container\" data-settings=\"{&quot;background_background&quot;:&quot;classic&quot;,&quot;shape_divider_bottom&quot;:&quot;curve&quot;,&quot;shape_divider_bottom_negative&quot;:&quot;yes&quot;}\">\n\t\t\t\t\t<div class=\"e-con-inner\">\n\t\t\t\t<div class=\"elementor-shape elementor-shape-bottom\" aria-hidden=\"true\" data-negative=\"true\">\n\t\t\t<svg xmlns=\"http:\/\/www.w3.org\/2000\/svg\" viewbox=\"0 0 1000 100\" preserveaspectratio=\"none\">\n\t<path class=\"elementor-shape-fill\" d=\"M500,97C126.7,96.3,0.8,19.8,0,0v100l1000,0V1C1000,19.4,873.3,97.8,500,97z\"\/>\n<\/svg>\t\t<\/div>\n\t\t<div class=\"elementor-element elementor-element-0b22c05 e-flex e-con-boxed e-con e-child\" data-id=\"0b22c05\" data-element_type=\"container\" data-e-type=\"container\">\n\t\t\t\t\t<div class=\"e-con-inner\">\n\t\t\t\t<div class=\"elementor-element elementor-element-69bb3f8 elementor-widget elementor-widget-heading\" data-id=\"69bb3f8\" data-element_type=\"widget\" data-e-type=\"widget\" data-widget_type=\"heading.default\">\n\t\t\t\t\t<h1 class=\"elementor-heading-title elementor-size-default\">Gobernanza de la Asociaci\u00f3n<\/h1>\t\t\t\t<\/div>\n\t\t\t\t<div class=\"elementor-element elementor-element-0ebb18e elementor-widget elementor-widget-text-editor\" data-id=\"0ebb18e\" data-element_type=\"widget\" data-e-type=\"widget\" data-widget_type=\"text-editor.default\">\n\t\t\t\t\t\t\t\t\t<p class=\"Standard\">FRNIX es una asociaci\u00f3n sin \u00e1nimo de lucro registrada el 4 de junio de 2010 con el n\u00famero W751205285.<\/p><p class=\"Standard\">Est\u00e1 organizada como muchas otras asociaciones en Francia, con una Junta Directiva elegida por 3 a\u00f1os y renovada por tercios.<\/p><ul><li class=\"Standard\">Los candidatos a las elecciones deben ser personas f\u00edsicas, que pueden o no ser miembros, o cuya empresa matriz puede o no ser miembro.<\/li><li>El Consejo se organiza internamente para elegir a sus representantes (Presidente, Tesorero, Secretario, etc.).<\/li><li class=\"Standard\">Los estatutos de la Asociaci\u00f3n est\u00e1n disponibles <span style=\"text-decoration: underline;\"><em><strong><a href=\"https:\/\/frnix.org\/wp-content\/uploads\/2025-03-06-Association-FRNIX-Statuts.pdf\" target=\"_blank\" rel=\"noopener\">aqu\u00ed<\/a><\/strong><\/em><\/span>.<\/li><li class=\"Standard\">Se modifican cuando es necesario, previa votaci\u00f3n de los miembros.<\/li><\/ul>\t\t\t\t\t\t\t\t<\/div>\n\t\t\t\t\t<\/div>\n\t\t\t\t<\/div>\n\t\t\t\t\t<\/div>\n\t\t\t\t<\/div>\n\t\t<div class=\"elementor-element elementor-element-5468416 e-flex e-con-boxed e-con e-parent\" data-id=\"5468416\" data-element_type=\"container\" data-e-type=\"container\">\n\t\t\t\t\t<div class=\"e-con-inner\">\n\t\t<div class=\"elementor-element elementor-element-1dbc444 e-con-full e-flex e-con e-child\" data-id=\"1dbc444\" data-element_type=\"container\" data-e-type=\"container\">\n\t\t<div class=\"elementor-element elementor-element-1575d3b e-flex e-con-boxed e-con e-child\" data-id=\"1575d3b\" data-element_type=\"container\" data-e-type=\"container\">\n\t\t\t\t\t<div class=\"e-con-inner\">\n\t\t\t\t<div class=\"elementor-element elementor-element-8b295b0 elementor-widget elementor-widget-heading\" data-id=\"8b295b0\" data-element_type=\"widget\" data-e-type=\"widget\" data-widget_type=\"heading.default\">\n\t\t\t\t\t<h4 class=\"elementor-heading-title elementor-size-default\">C\u00f3mo funciona<\/h4>\t\t\t\t<\/div>\n\t\t\t\t\t<\/div>\n\t\t\t\t<\/div>\n\t\t\t\t<\/div>\n\t\t<div class=\"elementor-element elementor-element-800369f e-con-full e-flex e-con e-child\" data-id=\"800369f\" data-element_type=\"container\" data-e-type=\"container\">\n\t\t\t\t<div class=\"elementor-element elementor-element-ac9938d elementor-widget elementor-widget-text-editor\" data-id=\"ac9938d\" data-element_type=\"widget\" data-e-type=\"widget\" data-widget_type=\"text-editor.default\">\n\t\t\t\t\t\t\t\t\t<p class=\"Textbody\" style=\"margin-bottom: 15.0pt;\">Como asociaci\u00f3n sin \u00e1nimo de lucro seg\u00fan la ley francesa de 1901, FRNIX tiene la obligaci\u00f3n de reunir a sus miembros una vez al a\u00f1o para validar el cierre de las cuentas y la renovaci\u00f3n de los miembros del Consejo de Administraci\u00f3n. <a href=\"https:\/\/frnix.org\/es\/a-propos\/le-conseil-d-administration\/\" target=\"_blank\" rel=\"noopener\"><span style=\"text-decoration: underline;\"><em><strong>Consejo de Administraci\u00f3n<\/strong><\/em><\/span><\/a>.<\/p>\n<p class=\"Textbody\" style=\"margin: 15.0pt 0cm 15.0pt 0cm;\">Celebrada en los 6 meses siguientes al cierre del ejercicio, la Asamblea General Anual (AGA) es un acontecimiento clave para todo el ecosistema FRNIX. Adem\u00e1s de pasar revista a la actividad y los resultados del IXP FranceIX durante el ejercicio contable anterior, estos eventos son una oportunidad para anunciar nuevos desarrollos y mantener un distendido intercambio de opiniones entre los miembros y con los representantes del <a href=\"https:\/\/frnix.org\/es\/a-propos\/le-conseil-d-administration\/\" target=\"_blank\" rel=\"noopener\"><span style=\"text-decoration: underline;\"><em><strong>Consejo de Administraci\u00f3n<\/strong><\/em><\/span><\/a>.<\/p>\n<p class=\"Textbody\" style=\"margin: 15.0pt 0cm 0cm 0cm;\">Las votaciones est\u00e1n reservadas a los miembros de la Asociaci\u00f3n, pero las Asambleas Generales est\u00e1n abiertas por invitaci\u00f3n e inscripci\u00f3n a todo el ecosistema de peering franc\u00e9s: miembros, clientes de France-IX Services SAS, socios e invitados.<\/p>\n<p class=\"Textbody\" style=\"margin: 15.0pt 0cm 0cm 0cm;\">Por lo general, las Juntas Generales se celebran de la siguiente manera<\/p>\n<p class=\"Textbody\" style=\"margin: 15.0pt 0cm 0cm 0cm;\"><\/p>\n\n<ul>\n \t<li>Introducci\u00f3n<\/li>\n \t<li>Presentaci\u00f3n de resultados y actividades por el Consejo de Administraci\u00f3n<\/li>\n \t<li>Presentaci\u00f3n de los patrocinadores<\/li>\n \t<li>Presentaci\u00f3n de los candidatos al Consejo de Administraci\u00f3n<\/li>\n \t<li>Vote<\/li>\n \t<li>Resultados de la votaci\u00f3n.<\/li>\n<\/ul>\n&nbsp;\n<p class=\"Textbody\" style=\"margin: 15.0pt 0cm 0cm 0cm;\">Puede contar con el Consejo de Administraci\u00f3n para desarrollar el ecosistema de interconexi\u00f3n de redes mediante la educaci\u00f3n, la colaboraci\u00f3n y la innovaci\u00f3n.<\/p>\t\t\t\t\t\t\t\t<\/div>\n\t\t\t\t<\/div>\n\t\t\t\t\t<\/div>\n\t\t\t\t<\/div>\n\t\t\t\t<\/div>","protected":false},"excerpt":{"rendered":"<p>Gouvernance de l&rsquo;Association FRNIX est une association \u00e0 but non lucratif enregistr\u00e9e le 4 juin 2010 sous le num\u00e9ro W751205285. Elle est organis\u00e9e comme bon nombre d&rsquo;associations en France, avec un Conseil d&rsquo;Administration (CA) \u00e9lu pour 3 ans avec renouvellement par tiers. Les candidats \u00e0 l\u2019\u00e9lection doivent \u00eatre des personnes physiques, pouvant \u00eatre membre ou [&hellip;]<\/p>\n","protected":false},"author":26,"featured_media":0,"parent":267,"menu_order":42,"comment_status":"closed","ping_status":"closed","template":"","meta":{"footnotes":""},"hf_cat_page":[],"class_list":["post-276","page","type-page","status-publish","hentry"],"aioseo_notices":[],"_links":{"self":[{"href":"https:\/\/frnix.org\/es\/wp-json\/wp\/v2\/pages\/276","targetHints":{"allow":["GET"]}}],"collection":[{"href":"https:\/\/frnix.org\/es\/wp-json\/wp\/v2\/pages"}],"about":[{"href":"https:\/\/frnix.org\/es\/wp-json\/wp\/v2\/types\/page"}],"author":[{"embeddable":true,"href":"https:\/\/frnix.org\/es\/wp-json\/wp\/v2\/users\/26"}],"replies":[{"embeddable":true,"href":"https:\/\/frnix.org\/es\/wp-json\/wp\/v2\/comments?post=276"}],"version-history":[{"count":0,"href":"https:\/\/frnix.org\/es\/wp-json\/wp\/v2\/pages\/276\/revisions"}],"up":[{"embeddable":true,"href":"https:\/\/frnix.org\/es\/wp-json\/wp\/v2\/pages\/267"}],"wp:attachment":[{"href":"https:\/\/frnix.org\/es\/wp-json\/wp\/v2\/media?parent=276"}],"wp:term":[{"taxonomy":"hf_cat_page","embeddable":true,"href":"https:\/\/frnix.org\/es\/wp-json\/wp\/v2\/hf_cat_page?post=276"}],"curies":[{"name":"wp","href":"https:\/\/api.w.org\/{rel}","templated":true}]}}