{"id":298,"date":"2023-11-05T19:23:21","date_gmt":"2023-11-05T18:23:21","guid":{"rendered":"https:\/\/frnix.org\/?page_id=298"},"modified":"2025-11-07T10:55:37","modified_gmt":"2025-11-07T09:55:37","slug":"politique-de-confidentialite","status":"publish","type":"page","link":"https:\/\/frnix.org\/es\/politique-de-confidentialite\/","title":{"rendered":"pol\u00edtica de privacidad"},"content":{"rendered":"<div data-elementor-type=\"wp-page\" data-elementor-id=\"298\" class=\"elementor elementor-298\" data-elementor-post-type=\"page\">\n\t\t\t\t<div class=\"elementor-element elementor-element-71e41cb e-flex e-con-boxed e-con e-parent\" data-id=\"71e41cb\" data-element_type=\"container\" data-e-type=\"container\" data-settings=\"{&quot;background_background&quot;:&quot;classic&quot;,&quot;shape_divider_bottom&quot;:&quot;curve&quot;,&quot;shape_divider_bottom_negative&quot;:&quot;yes&quot;}\">\n\t\t\t\t\t<div class=\"e-con-inner\">\n\t\t\t\t<div class=\"elementor-shape elementor-shape-bottom\" aria-hidden=\"true\" data-negative=\"true\">\n\t\t\t<svg xmlns=\"http:\/\/www.w3.org\/2000\/svg\" viewbox=\"0 0 1000 100\" preserveaspectratio=\"none\">\n\t<path class=\"elementor-shape-fill\" d=\"M500,97C126.7,96.3,0.8,19.8,0,0v100l1000,0V1C1000,19.4,873.3,97.8,500,97z\"\/>\n<\/svg>\t\t<\/div>\n\t\t\t\t<div class=\"elementor-element elementor-element-a1aa327 elementor-widget elementor-widget-heading\" data-id=\"a1aa327\" data-element_type=\"widget\" data-e-type=\"widget\" data-widget_type=\"heading.default\">\n\t\t\t\t\t<h2 class=\"elementor-heading-title elementor-size-default\">Pol\u00edtica de privacidad<\/h2>\t\t\t\t<\/div>\n\t\t\t\t\t<\/div>\n\t\t\t\t<\/div>\n\t\t<div class=\"elementor-element elementor-element-c251497 e-flex e-con-boxed e-con e-parent\" data-id=\"c251497\" data-element_type=\"container\" data-e-type=\"container\">\n\t\t\t\t\t<div class=\"e-con-inner\">\n\t\t\t\t<div class=\"elementor-element elementor-element-c00ab38 elementor-widget elementor-widget-text-editor\" data-id=\"c00ab38\" data-element_type=\"widget\" data-e-type=\"widget\" data-widget_type=\"text-editor.default\">\n\t\t\t\t\t\t\t\t\t<div class=\"page-content\"><div class=\"elementor elementor-3\" data-elementor-type=\"wp-page\" data-elementor-id=\"3\" data-elementor-post-type=\"page\"><div class=\"elementor-element elementor-element-39c18ec e-flex e-con-boxed e-con e-parent\" data-id=\"39c18ec\" data-element_type=\"container\" data-settings=\"{&quot;content_width&quot;:&quot;boxed&quot;}\" data-core-v316-plus=\"true\"><div class=\"e-con-inner\"><div class=\"elementor-element elementor-element-c5dc281 elementor-widget elementor-widget-text-editor\" data-id=\"c5dc281\" data-element_type=\"widget\" data-widget_type=\"text-editor.default\"><div class=\"elementor-widget-container\"><p>La direcci\u00f3n de nuestro sitio web es : <span style=\"text-decoration: underline;\"><em><a href=\"https:\/\/frnix.org\/es\/\" target=\"_blank\" rel=\"noopener\">https:\/\/frnix.org<\/a><\/em><\/span><\/p><p><strong>Comentarios<\/strong><\/p><p>Cuando los visitantes dejan comentarios en el sitio, recopilamos los datos que aparecen en el formulario de comentarios, as\u00ed como la direcci\u00f3n IP del visitante y la cadena de agente de usuario del navegador para ayudar a detectar el spam.<\/p><p>Se puede proporcionar al servicio Gravatar una cadena anonimizada creada a partir de su direcci\u00f3n de correo electr\u00f3nico (tambi\u00e9n conocida como hash) para saber si la utiliza. La pol\u00edtica de privacidad de Gravatar est\u00e1 disponible aqu\u00ed: https:\/\/automattic.com\/privacy\/. Una vez aprobado tu comentario, tu foto de perfil ser\u00e1 visible para el p\u00fablico en el contexto de tu comentario.<\/p><p><strong>Medios de comunicaci\u00f3n<\/strong><\/p><p>Si subes im\u00e1genes al sitio web, debes evitar subir im\u00e1genes con datos de localizaci\u00f3n incrustados (SGP EXIF) incluidos. Los visitantes del sitio web pueden descargar y extraer todos los datos de localizaci\u00f3n de las im\u00e1genes del sitio web.<\/p><p><strong>Cookies<\/strong><\/p><p>Si deja un comentario en nuestro sitio, puede registrarse para guardar su nombre, direcci\u00f3n de correo electr\u00f3nico y sitio web en cookies. Esto es para su comodidad, para que no tenga que volver a rellenar sus datos cuando deje otro comentario. Estas cookies durar\u00e1n un a\u00f1o.<\/p><p>Si visita nuestra p\u00e1gina de inicio de sesi\u00f3n, instalaremos una cookie temporal para determinar si su navegador acepta cookies. Esta cookie no contiene datos personales y se desecha al cerrar el navegador.<\/p><p>Cuando inicie sesi\u00f3n, tambi\u00e9n instalaremos una serie de cookies para registrar su informaci\u00f3n de inicio de sesi\u00f3n y sus opciones de visualizaci\u00f3n en pantalla. Las cookies de inicio de sesi\u00f3n duran dos d\u00edas y las de opciones de pantalla, un a\u00f1o. Si selecciona \"Recordarme\", su conexi\u00f3n persistir\u00e1 durante quince d\u00edas. Si sale de su cuenta, se borrar\u00e1n las cookies de inicio de sesi\u00f3n.<\/p><p>Si modifica o publica un art\u00edculo, se almacenar\u00e1 una cookie adicional en su navegador. Esta cookie no contiene datos personales e indica simplemente el ID de publicaci\u00f3n del art\u00edculo que acaba de modificar. Caduca al cabo de 1 d\u00eda.<\/p><p><b>Contenidos integrados de otros sitios web<\/b><\/p><p>Los art\u00edculos de este sitio pueden incluir contenido incrustado (por ejemplo, v\u00eddeos, im\u00e1genes, art\u00edculos, etc.). El contenido incrustado de otros sitios web se comporta exactamente igual que si el visitante hubiera visitado el otro sitio web.<\/p><p>Estos sitios web pueden recopilar datos sobre usted, utilizar cookies, integrar seguimiento adicional de terceros y supervisar su interacci\u00f3n con este contenido integrado, incluido el seguimiento de su interacci\u00f3n con el contenido integrado si tiene una cuenta y ha iniciado sesi\u00f3n en este sitio web.<\/p><p><b>Con qui\u00e9n compartimos sus datos\u00a0<\/b><\/p><p>Si solicita un restablecimiento de contrase\u00f1a, su direcci\u00f3n IP se incluir\u00e1 en el correo electr\u00f3nico de restablecimiento.<\/p><p><b>Cu\u00e1nto tiempo conservamos sus datos<\/b><\/p><p>Si deja un comentario, el comentario y sus metadatos se conservan durante 5 a\u00f1os. Esto nos permite reconocer y aprobar autom\u00e1ticamente cualquier comentario de seguimiento en lugar de mantenerlos en una cola de moderaci\u00f3n.<\/p><p>En el caso de los usuarios que se registran en nuestro sitio web (si procede), tambi\u00e9n almacenamos la informaci\u00f3n personal que nos facilitan en su perfil de usuario. Todos los usuarios pueden ver, cambiar o borrar su informaci\u00f3n personal en cualquier momento (excepto que no pueden cambiar su nombre de usuario). Los administradores del sitio web tambi\u00e9n pueden ver y modificar esta informaci\u00f3n.<\/p><p><b>\u00bfQu\u00e9 derechos tiene sobre sus datos?<\/b><\/p><p>Si tiene una cuenta en este sitio o ha dejado comentarios, puede solicitar que le enviemos un archivo exportado de los datos personales que tenemos sobre usted, incluidos los datos que nos ha facilitado. Tambi\u00e9n puede solicitar que eliminemos cualquier dato personal que tengamos sobre usted. Esto no incluye los datos que estemos obligados a conservar por motivos administrativos, legales o de seguridad.<\/p><p><b>\u00bfD\u00f3nde se env\u00edan sus datos?<\/b><\/p><p>Los comentarios de los visitantes pueden comprobarse mediante un servicio automatizado de detecci\u00f3n de spam.<\/p><\/div><\/div><\/div><\/div><\/div><div class=\"post-tags\"><p style=\"padding-left: 40px;\">Si desea hacer alg\u00fan comentario, p\u00f3ngase en contacto con el RPD<\/p><p style=\"text-align: center;\">(<a href=\"\/es\/admin@frnix.org\/\">admin@frnix.org<\/a>)<\/p><\/div><\/div>\t\t\t\t\t\t\t\t<\/div>\n\t\t\t\t\t<\/div>\n\t\t\t\t<\/div>\n\t\t\t\t<\/div>","protected":false},"excerpt":{"rendered":"<p>Politique de confidentialit\u00e9 L\u2019adresse de notre site web est : https:\/\/frnix.org Commentaires Lorsque les visiteurs laissent des commentaires sur le site, nous collectons les donn\u00e9es affich\u00e9es dans le formulaire de commentaires, ainsi que l\u2019adresse IP du visiteur et la cha\u00eene d\u2019agent utilisateur du navigateur pour aider \u00e0 la d\u00e9tection du spam. Une cha\u00eene anonymis\u00e9e cr\u00e9\u00e9e [&hellip;]<\/p>\n","protected":false},"author":26,"featured_media":0,"parent":0,"menu_order":35,"comment_status":"closed","ping_status":"closed","template":"","meta":{"footnotes":""},"hf_cat_page":[381],"class_list":["post-298","page","type-page","status-publish","hentry"],"aioseo_notices":[],"_links":{"self":[{"href":"https:\/\/frnix.org\/es\/wp-json\/wp\/v2\/pages\/298","targetHints":{"allow":["GET"]}}],"collection":[{"href":"https:\/\/frnix.org\/es\/wp-json\/wp\/v2\/pages"}],"about":[{"href":"https:\/\/frnix.org\/es\/wp-json\/wp\/v2\/types\/page"}],"author":[{"embeddable":true,"href":"https:\/\/frnix.org\/es\/wp-json\/wp\/v2\/users\/26"}],"replies":[{"embeddable":true,"href":"https:\/\/frnix.org\/es\/wp-json\/wp\/v2\/comments?post=298"}],"version-history":[{"count":1,"href":"https:\/\/frnix.org\/es\/wp-json\/wp\/v2\/pages\/298\/revisions"}],"predecessor-version":[{"id":20166,"href":"https:\/\/frnix.org\/es\/wp-json\/wp\/v2\/pages\/298\/revisions\/20166"}],"wp:attachment":[{"href":"https:\/\/frnix.org\/es\/wp-json\/wp\/v2\/media?parent=298"}],"wp:term":[{"taxonomy":"hf_cat_page","embeddable":true,"href":"https:\/\/frnix.org\/es\/wp-json\/wp\/v2\/hf_cat_page?post=298"}],"curies":[{"name":"wp","href":"https:\/\/api.w.org\/{rel}","templated":true}]}}