{"id":308,"date":"2023-11-05T19:28:51","date_gmt":"2023-11-05T18:28:51","guid":{"rendered":"https:\/\/frnix.org\/?page_id=308"},"modified":"2025-11-07T10:55:36","modified_gmt":"2025-11-07T09:55:36","slug":"faq","status":"publish","type":"page","link":"https:\/\/frnix.org\/es\/ressources\/faq\/","title":{"rendered":"PREGUNTAS FRECUENTES"},"content":{"rendered":"<div data-elementor-type=\"wp-page\" data-elementor-id=\"308\" class=\"elementor elementor-308\" data-elementor-post-type=\"page\">\n\t\t\t\t<div class=\"elementor-element elementor-element-29d3efb e-flex e-con-boxed e-con e-parent\" data-id=\"29d3efb\" data-element_type=\"container\" data-e-type=\"container\" data-settings=\"{&quot;background_background&quot;:&quot;classic&quot;,&quot;shape_divider_bottom&quot;:&quot;curve&quot;,&quot;shape_divider_bottom_negative&quot;:&quot;yes&quot;}\">\n\t\t\t\t\t<div class=\"e-con-inner\">\n\t\t\t\t<div class=\"elementor-shape elementor-shape-bottom\" aria-hidden=\"true\" data-negative=\"true\">\n\t\t\t<svg xmlns=\"http:\/\/www.w3.org\/2000\/svg\" viewbox=\"0 0 1000 100\" preserveaspectratio=\"none\">\n\t<path class=\"elementor-shape-fill\" d=\"M500,97C126.7,96.3,0.8,19.8,0,0v100l1000,0V1C1000,19.4,873.3,97.8,500,97z\"\/>\n<\/svg>\t\t<\/div>\n\t\t\t\t<div class=\"elementor-element elementor-element-5560520 elementor-widget elementor-widget-heading\" data-id=\"5560520\" data-element_type=\"widget\" data-e-type=\"widget\" data-widget_type=\"heading.default\">\n\t\t\t\t\t<h2 class=\"elementor-heading-title elementor-size-default\">Preguntas frecuentes<\/h2>\t\t\t\t<\/div>\n\t\t\t\t\t<\/div>\n\t\t\t\t<\/div>\n\t\t<div class=\"elementor-element elementor-element-04f2006 e-flex e-con-boxed e-con e-parent\" data-id=\"04f2006\" data-element_type=\"container\" data-e-type=\"container\">\n\t\t\t\t\t<div class=\"e-con-inner\">\n\t\t\t\t<div class=\"elementor-element elementor-element-eb8bd8e elementor-widget elementor-widget-text-editor\" data-id=\"eb8bd8e\" data-element_type=\"widget\" data-e-type=\"widget\" data-widget_type=\"text-editor.default\">\n\t\t\t\t\t\t\t\t\t<h4><strong>Varios<\/strong><\/h4>\t\t\t\t\t\t\t\t<\/div>\n\t\t\t\t\t<\/div>\n\t\t\t\t<\/div>\n\t\t<div class=\"elementor-element elementor-element-0f3dc44 e-flex e-con-boxed e-con e-parent\" data-id=\"0f3dc44\" data-element_type=\"container\" data-e-type=\"container\">\n\t\t\t\t\t<div class=\"e-con-inner\">\n\t\t\t\t<div class=\"elementor-element elementor-element-5fb5171 elementor-widget elementor-widget-text-editor\" data-id=\"5fb5171\" data-element_type=\"widget\" data-e-type=\"widget\" data-widget_type=\"text-editor.default\">\n\t\t\t\t\t\t\t\t\t<h5><strong>\u00bfCu\u00e1les son las ventajas de ser miembro de FRNIX?<\/strong><\/h5><ul><li class=\"Standard\">Poder votar en las elecciones de los miembros activos (no de los miembros asociados ni de los miembros individuales).<\/li><li class=\"Standard\">Descuentos en los servicios de la asociaci\u00f3n<\/li><li class=\"Standard\">Invitaciones prioritarias a actos de la asociaci\u00f3n<\/li><li class=\"Standard\">Aparecer en las publicaciones de FRNIX<\/li><\/ul>\t\t\t\t\t\t\t\t<\/div>\n\t\t\t\t\t<\/div>\n\t\t\t\t<\/div>\n\t\t<div class=\"elementor-element elementor-element-06122ca e-flex e-con-boxed e-con e-parent\" data-id=\"06122ca\" data-element_type=\"container\" data-e-type=\"container\">\n\t\t\t\t\t<div class=\"e-con-inner\">\n\t\t\t\t<div class=\"elementor-element elementor-element-6ee1f6a elementor-widget elementor-widget-text-editor\" data-id=\"6ee1f6a\" data-element_type=\"widget\" data-e-type=\"widget\" data-widget_type=\"text-editor.default\">\n\t\t\t\t\t\t\t\t\t<h5><strong>\u00bfPuedo unirme a FRNIX aunque no est\u00e9 conectado a France-IX o a otro IXP?<\/strong><\/h5><p style=\"padding-left: 40px;\">S\u00ed, p\u00f3ngase en contacto con nosotros.<\/p>\t\t\t\t\t\t\t\t<\/div>\n\t\t\t\t\t<\/div>\n\t\t\t\t<\/div>\n\t\t<div class=\"elementor-element elementor-element-00a43ce e-flex e-con-boxed e-con e-parent\" data-id=\"00a43ce\" data-element_type=\"container\" data-e-type=\"container\">\n\t\t\t\t\t<div class=\"e-con-inner\">\n\t\t\t\t<div class=\"elementor-element elementor-element-c2bfe1e elementor-widget elementor-widget-text-editor\" data-id=\"c2bfe1e\" data-element_type=\"widget\" data-e-type=\"widget\" data-widget_type=\"text-editor.default\">\n\t\t\t\t\t\t\t\t\t<h5><strong>\u00bfPuedo afiliarme a FRNIX a t\u00edtulo individual?<\/strong><\/h5>\n<p style=\"padding-left: 40px;\">S\u00ed, la afiliaci\u00f3n individual es posible desde 2025.<\/p>\t\t\t\t\t\t\t\t<\/div>\n\t\t\t\t\t<\/div>\n\t\t\t\t<\/div>\n\t\t<div class=\"elementor-element elementor-element-f61dd2a e-flex e-con-boxed e-con e-parent\" data-id=\"f61dd2a\" data-element_type=\"container\" data-e-type=\"container\">\n\t\t\t\t\t<div class=\"e-con-inner\">\n\t\t\t\t<div class=\"elementor-element elementor-element-1e48b99 elementor-widget elementor-widget-text-editor\" data-id=\"1e48b99\" data-element_type=\"widget\" data-e-type=\"widget\" data-widget_type=\"text-editor.default\">\n\t\t\t\t\t\t\t\t\t<h5><strong>\u00bfPuedo afiliarme en cualquier momento del a\u00f1o?<\/strong><\/h5><p style=\"padding-left: 40px;\">S\u00ed, la cuota de afiliaci\u00f3n del primer a\u00f1o se calcular\u00e1 pro rata temporis hasta final de a\u00f1o, y la siguiente cuota de afiliaci\u00f3n se solicitar\u00e1 en enero.<\/p>\t\t\t\t\t\t\t\t<\/div>\n\t\t\t\t\t<\/div>\n\t\t\t\t<\/div>\n\t\t<div class=\"elementor-element elementor-element-447c530 e-flex e-con-boxed e-con e-parent\" data-id=\"447c530\" data-element_type=\"container\" data-e-type=\"container\">\n\t\t\t\t\t<div class=\"e-con-inner\">\n\t\t\t\t<div class=\"elementor-element elementor-element-22bdc26 elementor-widget elementor-widget-text-editor\" data-id=\"22bdc26\" data-element_type=\"widget\" data-e-type=\"widget\" data-widget_type=\"text-editor.default\">\n\t\t\t\t\t\t\t\t\t<h5><strong>\u00bfPuedo asistir a un acto sin ser socio?<\/strong><\/h5><p style=\"padding-left: 40px;\">S\u00ed, p\u00f3ngase en contacto con nosotros.<\/p>\t\t\t\t\t\t\t\t<\/div>\n\t\t\t\t\t<\/div>\n\t\t\t\t<\/div>\n\t\t<div class=\"elementor-element elementor-element-d86df26 e-flex e-con-boxed e-con e-parent\" data-id=\"d86df26\" data-element_type=\"container\" data-e-type=\"container\">\n\t\t\t\t\t<div class=\"e-con-inner\">\n\t\t\t\t<div class=\"elementor-element elementor-element-3195acb elementor-widget elementor-widget-text-editor\" data-id=\"3195acb\" data-element_type=\"widget\" data-e-type=\"widget\" data-widget_type=\"text-editor.default\">\n\t\t\t\t\t\t\t\t\t<h5><strong>\u00bfPuedo patrocinar un acto organizado por FRNIX?<\/strong><\/h5><p style=\"padding-left: 40px;\">S\u00ed, p\u00f3ngase en contacto con nosotros.<\/p>\t\t\t\t\t\t\t\t<\/div>\n\t\t\t\t\t<\/div>\n\t\t\t\t<\/div>\n\t\t<div class=\"elementor-element elementor-element-bfa07c1 e-flex e-con-boxed e-con e-parent\" data-id=\"bfa07c1\" data-element_type=\"container\" data-e-type=\"container\">\n\t\t\t\t\t<div class=\"e-con-inner\">\n\t\t\t\t<div class=\"elementor-element elementor-element-e9982fe elementor-widget elementor-widget-text-editor\" data-id=\"e9982fe\" data-element_type=\"widget\" data-e-type=\"widget\" data-widget_type=\"text-editor.default\">\n\t\t\t\t\t\t\t\t\t<h5><strong>\u00bfPuedo presentarme a las elecciones del Consejo de Administraci\u00f3n sin ser miembro de FRNIX?<\/strong><\/h5><p style=\"padding-left: 40px;\">S\u00ed, p\u00f3ngase en contacto con nosotros.<\/p>\t\t\t\t\t\t\t\t<\/div>\n\t\t\t\t\t<\/div>\n\t\t\t\t<\/div>\n\t\t<div class=\"elementor-element elementor-element-052bf71 e-flex e-con-boxed e-con e-parent\" data-id=\"052bf71\" data-element_type=\"container\" data-e-type=\"container\">\n\t\t\t\t\t<div class=\"e-con-inner\">\n\t\t\t\t<div class=\"elementor-element elementor-element-60b81ff elementor-widget elementor-widget-text-editor\" data-id=\"60b81ff\" data-element_type=\"widget\" data-e-type=\"widget\" data-widget_type=\"text-editor.default\">\n\t\t\t\t\t\t\t\t\t<h4><strong>\u00bfMirando?<\/strong><\/h4>\t\t\t\t\t\t\t\t<\/div>\n\t\t\t\t\t<\/div>\n\t\t\t\t<\/div>\n\t\t<div class=\"elementor-element elementor-element-7aa0cf0 e-flex e-con-boxed e-con e-parent\" data-id=\"7aa0cf0\" data-element_type=\"container\" data-e-type=\"container\">\n\t\t\t\t\t<div class=\"e-con-inner\">\n\t\t\t\t<div class=\"elementor-element elementor-element-6418fab elementor-widget elementor-widget-text-editor\" data-id=\"6418fab\" data-element_type=\"widget\" data-e-type=\"widget\" data-widget_type=\"text-editor.default\">\n\t\t\t\t\t\t\t\t\t<h5><strong>Pero, \u00bfen qu\u00e9 consiste ese peering del que tanto insiste?<\/strong><\/h5><p class=\"Standard\">El peering y la interconexi\u00f3n a trav\u00e9s de un IXP (Internet Exchange Point) son conceptos esenciales para Internet y su buen funcionamiento.<\/p><p class=\"Standard\">Un IXP es un punto f\u00edsico donde diferentes redes de Internet, como las de los proveedores de servicios de Internet (ISP), grandes empresas, redes de contenidos, sitios web, CDN, redes de v\u00eddeo, etc., se encuentran para intercambiar tr\u00e1fico. Todo ello tiene lugar en centros de datos.<\/p><p class=\"Standard\">El peering es un acuerdo que permite a dos redes de Internet intercambiar tr\u00e1fico entre s\u00ed sin coste directo. La idea es \"yo llevo tu tr\u00e1fico, t\u00fa llevas el m\u00edo\".<\/p><h4>Los beneficios del peering son muchos e inmediatos:<\/h4><p class=\"Standard\"><strong>Reducci\u00f3n de costes<\/strong>\u00a0Los dos jugadores ya no tienen que pagar a un tercero para intercambiar tr\u00e1fico.<\/p><p class=\"Standard\"><strong>Mejora del rendimiento<\/strong>\u00a0Menos saltos (pasos) entre redes, lo que puede reducir la latencia (tiempo de respuesta) y mejorar la velocidad de conexi\u00f3n, as\u00ed como el riesgo de fallos intermedios.<\/p><p class=\"Standard\"><strong>Autonom\u00eda y control<\/strong>\u00a0Las redes pueden gestionar m\u00e1s directamente con qui\u00e9n intercambian tr\u00e1fico.<\/p><h4>Impacto en usuarios y empresas :<\/h4><p class=\"Standard\">Aunque estos conceptos puedan parecer muy t\u00e9cnicos, tienen un impacto directo en la experiencia del usuario. Una mejor interconexi\u00f3n y peering siempre significar\u00e1 descargas m\u00e1s r\u00e1pidas, streaming de v\u00eddeo de mejor calidad y menores retrasos en los juegos en l\u00ednea, por ejemplo.<\/p><p class=\"Standard\">Para las empresas, sobre todo las que hacen un uso intensivo de Internet, unirse a un IXP es una forma de entrar en la gran liga y convertirse en un verdadero actor de Internet, en lugar de un simple cliente de Internet.<\/p>\t\t\t\t\t\t\t\t<\/div>\n\t\t\t\t\t<\/div>\n\t\t\t\t<\/div>\n\t\t<div class=\"elementor-element elementor-element-2f464e3 e-flex e-con-boxed e-con e-parent\" data-id=\"2f464e3\" data-element_type=\"container\" data-e-type=\"container\">\n\t\t\t\t\t<div class=\"e-con-inner\">\n\t\t\t\t<div class=\"elementor-element elementor-element-5bbcb8b elementor-widget elementor-widget-text-editor\" data-id=\"5bbcb8b\" data-element_type=\"widget\" data-e-type=\"widget\" data-widget_type=\"text-editor.default\">\n\t\t\t\t\t\t\t\t\t<h5><strong>\u00bfPor qu\u00e9 merece la pena que un IXP cuente con el apoyo de una organizaci\u00f3n no comercial?<\/strong><\/h5><p class=\"Standard\">Hay varias razones por las que tiene sentido que un IXP se apoye en una estructura no comercial.<\/p><ul><li class=\"Standard\"><b>Independencia <\/b>Un IXP debe ser independiente de los ISP, los operadores y otros agentes. Las decisiones se toman en inter\u00e9s de todo el ecosistema de Internet y no de un \u00fanico grupo de agentes.<\/li><li class=\"Standard\"><b>Transparencia <\/b>Un IXP debe ser transparente para sus miembros en lo que respecta a sus operaciones y decisiones. Esto permite a las partes interesadas comprender c\u00f3mo funciona el IXP y garantizar que se gestiona de forma responsable.<\/li><\/ul><p class=\"Standard\">Por supuesto, ser una estructura no comercial tambi\u00e9n tiene sus desventajas. Por ejemplo, un IXP no comercial puede tener m\u00e1s dificultades para recaudar fondos e invertir en su infraestructura. Por este motivo, FRNIX ha decidido aislar el funcionamiento del IXP en una empresa: <a href=\"https:\/\/www.franceix.net\/fr\/\" target=\"_blank\" rel=\"noopener\">Servicios France-IX<\/a>.<\/p>\t\t\t\t\t\t\t\t<\/div>\n\t\t\t\t\t<\/div>\n\t\t\t\t<\/div>\n\t\t<div class=\"elementor-element elementor-element-71268b8 e-flex e-con-boxed e-con e-parent\" data-id=\"71268b8\" data-element_type=\"container\" data-e-type=\"container\">\n\t\t\t\t\t<div class=\"e-con-inner\">\n\t\t\t\t<div class=\"elementor-element elementor-element-56501b4 elementor-widget elementor-widget-text-editor\" data-id=\"56501b4\" data-element_type=\"widget\" data-e-type=\"widget\" data-widget_type=\"text-editor.default\">\n\t\t\t\t\t\t\t\t\t<h5><strong>\u00bfC\u00f3mo puedo igualarme?<\/strong><\/h5><p class=\"Standard\">El peering requiere un ASN, direcciones IP y un router BGP. Si quiere saber m\u00e1s, p\u00f3ngase en contacto con nosotros. Tambi\u00e9n puedes aprender sobre BGP en un Taller BGP.<\/p>\t\t\t\t\t\t\t\t<\/div>\n\t\t\t\t\t<\/div>\n\t\t\t\t<\/div>\n\t\t<div class=\"elementor-element elementor-element-1928f7e e-flex e-con-boxed e-con e-parent\" data-id=\"1928f7e\" data-element_type=\"container\" data-e-type=\"container\">\n\t\t\t\t\t<div class=\"e-con-inner\">\n\t\t\t\t<div class=\"elementor-element elementor-element-f96902e elementor-widget elementor-widget-text-editor\" data-id=\"f96902e\" data-element_type=\"widget\" data-e-type=\"widget\" data-widget_type=\"text-editor.default\">\n\t\t\t\t\t\t\t\t\t<h5><strong>\u00bfQu\u00e9 es un ASN?<\/strong><\/h5><p class=\"Standard\">Un Sistema Aut\u00f3nomo (AS) es un n\u00famero, de ah\u00ed N\u00famero de Sistema Aut\u00f3nomo (ASN). Lo asigna un Registro Regional de Internet (RIR). En Europa, es\u00a0<a href=\"https:\/\/www.ripe.net\" target=\"_blank\" rel=\"noopener\">RIPE<\/a>\u00a0que asigna los ASN. Una vez que tenga su ASN, puede utilizarlo para alojar sus diferentes rangos de direcciones IP v4 o v6.<\/p><p class=\"Standard\">FRNIX proporciona un <a href=\"https:\/\/frnix.org\/es\/activites\/ripe-training\/\" target=\"_blank\" rel=\"noopener\">ayuda para obtener su ASN y direcciones IP de RIPE<\/a>.<\/p>\t\t\t\t\t\t\t\t<\/div>\n\t\t\t\t\t<\/div>\n\t\t\t\t<\/div>\n\t\t<div class=\"elementor-element elementor-element-87e3c9a e-flex e-con-boxed e-con e-parent\" data-id=\"87e3c9a\" data-element_type=\"container\" data-e-type=\"container\">\n\t\t\t\t\t<div class=\"e-con-inner\">\n\t\t\t\t<div class=\"elementor-element elementor-element-0bb3357 elementor-widget elementor-widget-text-editor\" data-id=\"0bb3357\" data-element_type=\"widget\" data-e-type=\"widget\" data-widget_type=\"text-editor.default\">\n\t\t\t\t\t\t\t\t\t<h5><strong>\u00bfQu\u00e9 es la latencia?<\/strong><\/h5><p class=\"Standard\">La latencia es la velocidad de ida y vuelta entre dos equipos en Internet. Un ordenador y un servidor, por ejemplo. Rara vez hablamos de latencia, pero es tan importante como la velocidad. Cuanto menor sea la latencia, mejor ser\u00e1 la calidad de la conexi\u00f3n entre dos puntos de Internet.<\/p><p class=\"Standard\">La latencia se calcula en ms (mil\u00e9simas de segundo). Y se suele indicar como RTT, que significa Round Trip Time (tiempo de ida y vuelta).<\/p>\t\t\t\t\t\t\t\t<\/div>\n\t\t\t\t\t<\/div>\n\t\t\t\t<\/div>\n\t\t<div class=\"elementor-element elementor-element-c7b7954 e-flex e-con-boxed e-con e-parent\" data-id=\"c7b7954\" data-element_type=\"container\" data-e-type=\"container\">\n\t\t\t\t\t<div class=\"e-con-inner\">\n\t\t\t\t<div class=\"elementor-element elementor-element-5ab9b1e elementor-widget elementor-widget-text-editor\" data-id=\"5ab9b1e\" data-element_type=\"widget\" data-e-type=\"widget\" data-widget_type=\"text-editor.default\">\n\t\t\t\t\t\t\t\t\t<h5><strong>\u00bfC\u00f3mo obtengo un ASN y direcciones IP?<\/strong><\/h5><p class=\"Standard\">FRNIX puede ayudarle a obtener sus recursos ASN e IP. Tambi\u00e9n puede leer la numerosa documentaci\u00f3n existente sobre el tema.<\/p>\t\t\t\t\t\t\t\t<\/div>\n\t\t\t\t\t<\/div>\n\t\t\t\t<\/div>\n\t\t<div class=\"elementor-element elementor-element-9eea8f6 e-flex e-con-boxed e-con e-parent\" data-id=\"9eea8f6\" data-element_type=\"container\" data-e-type=\"container\">\n\t\t\t\t\t<div class=\"e-con-inner\">\n\t\t\t\t<div class=\"elementor-element elementor-element-771b60a elementor-widget elementor-widget-text-editor\" data-id=\"771b60a\" data-element_type=\"widget\" data-e-type=\"widget\" data-widget_type=\"text-editor.default\">\n\t\t\t\t\t\t\t\t\t<h5><strong>\u00bfA qu\u00e9 IXP debo conectarme?<\/strong><\/h5><p>Hay que tener en cuenta una serie de criterios:<\/p><ul><li>su sitio de inicio de sesi\u00f3n original<\/li><li>los flujos disponibles en este sitio<\/li><li>sus objetivos de peering<\/li><\/ul><p class=\"Standard\">\u00a0<\/p>\t\t\t\t\t\t\t\t<\/div>\n\t\t\t\t\t<\/div>\n\t\t\t\t<\/div>\n\t\t\t\t<\/div>","protected":false},"excerpt":{"rendered":"<p>FAQs Divers Quels sont les avantages d&rsquo;\u00eatre membre de FRNIX ? Pouvoir voter aux \u00e9lections pour les membres actifs (pas les membres partenaires ni les membres individuels) Avoir des r\u00e9ductions sur les prestations de l&rsquo;association Etre invit\u00e9 en priorit\u00e9 aux \u00e9v\u00e8nements de l&rsquo;association Apparaitre sur les publications de FRNIX Peut-on adh\u00e9rer \u00e0 FRNIX m\u00eame si [&hellip;]<\/p>\n","protected":false},"author":26,"featured_media":0,"parent":304,"menu_order":29,"comment_status":"closed","ping_status":"closed","template":"","meta":{"footnotes":""},"hf_cat_page":[],"class_list":["post-308","page","type-page","status-publish","hentry"],"aioseo_notices":[],"_links":{"self":[{"href":"https:\/\/frnix.org\/es\/wp-json\/wp\/v2\/pages\/308","targetHints":{"allow":["GET"]}}],"collection":[{"href":"https:\/\/frnix.org\/es\/wp-json\/wp\/v2\/pages"}],"about":[{"href":"https:\/\/frnix.org\/es\/wp-json\/wp\/v2\/types\/page"}],"author":[{"embeddable":true,"href":"https:\/\/frnix.org\/es\/wp-json\/wp\/v2\/users\/26"}],"replies":[{"embeddable":true,"href":"https:\/\/frnix.org\/es\/wp-json\/wp\/v2\/comments?post=308"}],"version-history":[{"count":0,"href":"https:\/\/frnix.org\/es\/wp-json\/wp\/v2\/pages\/308\/revisions"}],"up":[{"embeddable":true,"href":"https:\/\/frnix.org\/es\/wp-json\/wp\/v2\/pages\/304"}],"wp:attachment":[{"href":"https:\/\/frnix.org\/es\/wp-json\/wp\/v2\/media?parent=308"}],"wp:term":[{"taxonomy":"hf_cat_page","embeddable":true,"href":"https:\/\/frnix.org\/es\/wp-json\/wp\/v2\/hf_cat_page?post=308"}],"curies":[{"name":"wp","href":"https:\/\/api.w.org\/{rel}","templated":true}]}}