{"id":310,"date":"2023-11-05T19:29:16","date_gmt":"2023-11-05T18:29:16","guid":{"rendered":"https:\/\/frnix.org\/?page_id=310"},"modified":"2026-04-29T11:10:48","modified_gmt":"2026-04-29T09:10:48","slug":"liens-utiles","status":"publish","type":"page","link":"https:\/\/frnix.org\/es\/ressources\/liens-utiles\/","title":{"rendered":"Enlaces \u00fatiles"},"content":{"rendered":"<div data-elementor-type=\"wp-page\" data-elementor-id=\"310\" class=\"elementor elementor-310\" data-elementor-post-type=\"page\">\n\t\t\t\t<div class=\"elementor-element elementor-element-16f012b e-flex e-con-boxed e-con e-parent\" data-id=\"16f012b\" data-element_type=\"container\" data-e-type=\"container\" data-settings=\"{&quot;background_background&quot;:&quot;classic&quot;,&quot;shape_divider_bottom&quot;:&quot;curve&quot;,&quot;shape_divider_bottom_negative&quot;:&quot;yes&quot;}\">\n\t\t\t\t\t<div class=\"e-con-inner\">\n\t\t\t\t<div class=\"elementor-shape elementor-shape-bottom\" aria-hidden=\"true\" data-negative=\"true\">\n\t\t\t<svg xmlns=\"http:\/\/www.w3.org\/2000\/svg\" viewbox=\"0 0 1000 100\" preserveaspectratio=\"none\">\n\t<path class=\"elementor-shape-fill\" d=\"M500,97C126.7,96.3,0.8,19.8,0,0v100l1000,0V1C1000,19.4,873.3,97.8,500,97z\"\/>\n<\/svg>\t\t<\/div>\n\t\t\t\t<div class=\"elementor-element elementor-element-b194bd1 elementor-widget elementor-widget-heading\" data-id=\"b194bd1\" data-element_type=\"widget\" data-e-type=\"widget\" data-widget_type=\"heading.default\">\n\t\t\t\t\t<h1 class=\"elementor-heading-title elementor-size-default\">Enlaces \u00fatiles<\/h1>\t\t\t\t<\/div>\n\t\t\t\t\t<\/div>\n\t\t\t\t<\/div>\n\t\t<div class=\"elementor-element elementor-element-b9e6bdc e-flex e-con-boxed e-con e-parent\" data-id=\"b9e6bdc\" data-element_type=\"container\" data-e-type=\"container\">\n\t\t\t\t\t<div class=\"e-con-inner\">\n\t\t\t\t<div class=\"elementor-element elementor-element-b39dd34 elementor-widget elementor-widget-text-editor\" data-id=\"b39dd34\" data-element_type=\"widget\" data-e-type=\"widget\" data-widget_type=\"text-editor.default\">\n\t\t\t\t\t\t\t\t\t<h3>Nuestros art\u00edculos<\/h3><ul style=\"margin-bottom: 1.5rem;\"><li><a title=\"Art\u00edculo: Por qu\u00e9 importan los IXP: infraestructuras cr\u00edticas m\u00e1s all\u00e1 del bombo publicitario\" href=\"https:\/\/frnix.org\/es\/pourquoi-les-ixp-sont-importants\/\"><strong>Por qu\u00e9 son importantes los IXP<\/strong> Infraestructuras cr\u00edticas: m\u00e1s all\u00e1 del bombo publicitario<\/a><\/li><li><a title=\"Art\u00edculo: La seguridad del encaminamiento en red y la adopci\u00f3n de RPKI\" href=\"https:\/\/frnix.org\/es\/securite-du-routage-reseau-et-adoption-de-rpki\/\"><strong>Seguridad<\/strong> enrutamiento de la red y adopci\u00f3n de <strong>RPKI<\/strong><\/a><\/li><li><a title=\"Art\u00edculo: Mapa de los IXP en Francia\" href=\"https:\/\/frnix.org\/es\/carte-des-ixp-sur-le-territoire-francais\/\"><strong>Mapa IXP<\/strong> en Francia<\/a><\/li><li><a href=\"https:\/\/frnix.org\/es\/ressources\/idees-recues\/\"><strong>Ideas recibidas<\/strong> sobre peering<\/a><\/li><li><a title=\"Art\u00edculo: La hiperconcentraci\u00f3n de las ASN\" href=\"https:\/\/frnix.org\/es\/ressources\/article-lhyper-concentration-des-asn\/\"><strong>Radiograf\u00eda del Internet franc\u00e9s<\/strong> La hiperconcentraci\u00f3n de las ADN y la urgente necesidad de descentralizaci\u00f3n<\/a><\/li><\/ul><h4>Aqu\u00ed tienes algunos enlaces \u00fatiles... \u00a1no dudes en sugerir otros nuevos!<\/h4><h3>Herramientas<strong> red<\/strong><\/h3><ul><li><strong>AKVORADO <\/strong>: <a href=\"https:\/\/github.com\/akvorado\/akvorado\" target=\"_blank\" rel=\"noopener external\">https:\/\/github.com\/akvorado\/akvorado<\/a><\/li><li><strong>Herramientas de b\u00fasqueda ASN <\/strong>: <a href=\"https:\/\/securitytrails.com\/blog\/asn-lookup\" target=\"_blank\" rel=\"noopener external\">https:\/\/securitytrails.com\/blog\/asn-lookup<\/a><\/li><li><strong>ASRank\u00a0<\/strong>: <a href=\"https:\/\/asrank.caida.org\/\" target=\"_blank\" rel=\"noopener external\">https:\/\/asrank.caida.org\/<\/a><\/li><li><strong>Herramientas BGP <\/strong>: <a href=\"https:\/\/bgp.tools\/\" target=\"_blank\" rel=\"noopener external\">https:\/\/bgp.tools\/<\/a><\/li><li><strong>BGPview <\/strong>:\u00a0<a href=\"https:\/\/bgpview.io\/\" target=\"_blank\" rel=\"noopener\">https:\/\/bgpview.io\/<\/a><\/li><li><strong>base de datos ftp\u00a0<\/strong>:\u00a0<a href=\"http:\/\/ftp.rezopole.net\/\" target=\"_blank\" rel=\"noopener\">http:\/\/ftp.rezopole.net<\/a><\/li><li><strong>Herramientas BGP <\/strong>: <a href=\"https:\/\/www.bizety.com\/2022\/12\/19\/open-source-bgp-tools-overview\/\" target=\"_blank\" rel=\"noopener external\">https:\/\/www.bizety.com\/2022\/12\/19\/open-source-bgp-tools-overview\/<\/a><\/li><li><strong>Mapa del IXP <\/strong>(Telegeograf\u00eda) :\u00a0<a href=\"https:\/\/www.internetexchangemap.com\" target=\"_blank\" rel=\"noopener external\">https:\/\/www.internetexchangemap.com<\/a><\/li><li><strong>Informe IXP<\/strong>(PCH) :\u00a0<a href=\"https:\/\/www.pch.net\/ixp\/summary\" target=\"_blank\" rel=\"noopener external\">https:\/\/www.pch.net\/ixp\/summary<\/a><\/li><li><strong>IXP desde cero <\/strong>: <a href=\"https:\/\/labs.ripe.net\/author\/liske\/ixp-from-scratch-building-a-new-ix\/?s=09\" target=\"_blank\" rel=\"noopener external\">https:\/\/labs.ripe.net\/author\/liske\/ixp-from-scratch-building-a-new-ix\/?s=09<\/a><\/li><li><strong>Inflect\u00a0<\/strong>:\u00a0<a href=\"https:\/\/inflect.com\/as\/43100\" target=\"_blank\" rel=\"noopener\">https:\/\/inflect.com\/as\/43100<\/a><\/li><li><strong>\u00bfEs seguro BGP? <\/strong>: <a href=\"https:\/\/isbgpsafeyet.com\/\" target=\"_blank\" rel=\"noopener external\">https:\/\/isbgpsafeyet.com\/<\/a><\/li><li><strong>Latencia <\/strong>: <a href=\"https:\/\/observablehq.com\/@ripencc\/atlas-latency-worldmap\" target=\"_blank\" rel=\"noopener external\">https:\/\/observablehq.com\/@ripencc\/atlas-latency-worldmap<\/a><\/li><li><strong>O en otro ASN <\/strong>: <a href=\"https:\/\/ipinfo.io\/AS43100\" target=\"_blank\" rel=\"noopener external\">https:\/\/ipinfo.io\/AS43100<\/a><\/li><li><strong>PeeringDB <\/strong>: <a href=\"https:\/\/peeringdb.com\" target=\"_blank\" rel=\"noopener external\">https:\/\/peeringdb.com<\/a><\/li><li><strong>PeeringToolBox <\/strong>:\u00a0<a href=\"https:\/\/www.peeringtoolbox.net\/fr\/peering-database\" target=\"_blank\" rel=\"noopener external\">https:\/\/www.peeringtoolbox.net\/fr\/peering-database<\/a><\/li><li><strong>Potaroo <\/strong>: <a href=\"https:\/\/bgp.potaroo.net\/cidr\/autnums.html\" target=\"_blank\" rel=\"noopener external\">https:\/\/bgp.potaroo.net\/cidr\/autnums.html<\/a><\/li><li><strong>Proyectos Route Views <\/strong>: <a href=\"https:\/\/www.routeviews.org\/routeviews\/\" target=\"_blank\" rel=\"noopener external\">https:\/\/www.routeviews.org\/routeviews\/<\/a><\/li><li><strong>Propagaci\u00f3n DNS <\/strong>: <a href=\"https:\/\/dnschecker.org\" target=\"_blank\" rel=\"noopener external\">https:\/\/dnschecker.org<\/a><\/li><li><strong>RIPEstat <\/strong>: <a href=\"https:\/\/stat.ripe.net\/\" target=\"_blank\" rel=\"noopener external\">https:\/\/stat.ripe.net\/<\/a><\/li><li><strong>Robtex\u00a0<\/strong>:\u00a0<a href=\"https:\/\/www.robtex.com\/asmacro\/AS-RAIN.html\" target=\"_blank\" rel=\"noopener\">https:\/\/www.robtex.com\/asmacro\/AS-RAIN.html<\/a><\/li><li class=\"translation-block\"><strong>Prueba de flujo Nperf <\/strong>: <a href=\"https:\/\/www.nperf.com\/fr\/?sp=428\" target=\"_blank\" rel=\"noopener noreferrer nofollow\">https:\/\/www.nperf.com\/fr\/?sp=428<\/a><\/li><li class=\"translation-block\"><strong>Todo lo que necesita saber sobre un ASN<\/strong>: <a href=\"https:\/\/whois.ipip.net\/AS43100\" target=\"_blank\" rel=\"noopener noreferrer nofollow\">https:\/\/whois.ipip.net\/AS43100<\/a><\/li><li><strong>Whosis IXP <\/strong>:\u00a0<a href=\"https:\/\/whois.ipip.net\/\">https:\/\/whois.ipip.net<\/a><\/li><\/ul><h3>\u00a0Soluciones comerciales :<\/h3><ul><li><strong>BENOCS :<\/strong> <a href=\"https:\/\/www.benocs.com\" target=\"_blank\" rel=\"noopener external\">https:\/\/www.benocs.com<\/a><\/li><li><strong>Lablabee :<\/strong> <a href=\"https:\/\/www.lablabee.com\/\" target=\"_blank\" rel=\"noopener external\">https:\/\/www.lablabee.com\/<\/a><\/li><\/ul><div><h3>Asociaciones francesas :<\/h3><ul><li><strong>ACSEL: Asociaci\u00f3n para el Comercio y los Servicios en L\u00ednea :<\/strong> <a href=\"https:\/\/www.acsel.eu\/\" target=\"_blank\" rel=\"noopener external\">https:\/\/www.acsel.eu\/<\/a><\/li><li><strong>AFNum : AFNum es la Asociaci\u00f3n Digital Francesa:<\/strong> <a href=\"https:\/\/www.afnum.fr\/\" target=\"_blank\" rel=\"noopener external\">https:\/\/www.afnum.fr\/<\/a><\/li><li><strong>AGIT : Alianza para las Tecnolog\u00edas Verdes :<\/strong> <a href=\"https:\/\/alliancegreenit.org\/\" target=\"_blank\" rel=\"noopener external\">https:\/\/alliancegreenit.org\/<\/a><\/li><li><strong>AOTA Asociaci\u00f3n de Operadores Alternativos de Telecomunicaciones:<\/strong> <a href=\"https:\/\/www.aota.fr\/\" target=\"_blank\" rel=\"noopener external\">https:\/\/www.aota.fr\/<\/a><\/li><li><strong>Acad\u00e9mie Technologies :<\/strong> <a href=\"https:\/\/www.academie-technologies.fr\/\" target=\"_blank\" rel=\"noopener external\">https:\/\/www.academie-technologies.fr\/<\/a><\/li><li><strong>AlternativaTelecom :<\/strong> <a href=\"https:\/\/www.alternativetelecom.fr\/\" target=\"_blank\" rel=\"noopener external\">https:\/\/www.alternativetelecom.fr\/<\/a><\/li><li><strong>Avicca: Asociaci\u00f3n de Municipios y Colectividades para las Comunicaciones Electr\u00f3nicas y el Audiovisual:<\/strong> <a href=\"https:\/\/www.avicca.org\/\" target=\"_blank\" rel=\"noopener external\">https:\/\/www.avicca.org\/<\/a><\/li><li><strong>Liga Digital :<\/strong> <a href=\"https:\/\/digital-league.org\" target=\"_blank\" rel=\"noopener external\">https:\/\/digital-league.org<\/a><\/li><li><strong>Euclidia :<\/strong> <a href=\"https:\/\/www.euclidia.eu\/\" target=\"_blank\" rel=\"noopener external\">https:\/\/www.euclidia.eu\/<\/a><\/li><li><strong>FFT Federaci\u00f3n Francesa de Telecomunicaciones :<\/strong> <a href=\"https:\/\/www.fftelecoms.org\" target=\"_blank\" rel=\"noopener external\">https:\/\/www.fftelecoms.org<\/a><\/li><li><strong>FIEEC: Federaci\u00f3n de Industrias El\u00e9ctricas, Electr\u00f3nicas y de Comunicaciones :<\/strong> <a href=\"https:\/\/www.fieec.fr\/\" target=\"_blank\" rel=\"noopener external\">https:\/\/www.fieec.fr\/<\/a><\/li><li><strong>FR-Nog: Grupo de Operadores de Red Franceses :<\/strong> <a href=\"https:\/\/www.frnog.org\" target=\"_blank\" rel=\"noopener external\">https:\/\/www.frnog.org<\/a><\/li><li><strong>Francia Datacenter :<\/strong> <a href=\"https:\/\/www.francedatacenter.com\/\" target=\"_blank\" rel=\"noopener external\">https:\/\/www.francedatacenter.com\/<\/a><\/li><li><strong>Hexatrust :<\/strong> <a href=\"https:\/\/www.hexatrust.com\" target=\"_blank\" rel=\"noopener external\">https:\/\/www.hexatrust.com<\/a><\/li><li><strong>Infranum :<\/strong> <a href=\"https:\/\/infranum.fr\/\" target=\"_blank\" rel=\"noopener external\">https:\/\/infranum.fr\/<\/a><\/li><li><strong>Institut Num\u00e9rique Responsable :<\/strong> <a href=\"https:\/\/institutnr.org\/\" target=\"_blank\" rel=\"noopener external\">https:\/\/institutnr.org\/<\/a><\/li><li><strong>Numeum :<\/strong> <a href=\"https:\/\/numeum.fr\/en\" target=\"_blank\" rel=\"noopener external\">https:\/\/numeum.fr\/en<\/a><\/li><li><strong>Ofitem: Asociaci\u00f3n francesa de operadores de infraestructuras de telefon\u00eda m\u00f3vil:<\/strong> <a href=\"https:\/\/ofitem.fr\/\" target=\"_blank\" rel=\"noopener external\">https:\/\/ofitem.fr\/<\/a><\/li><li><strong>Cuadratura de la red :<\/strong> <a href=\"https:\/\/www.laquadrature.net\/\" target=\"_blank\" rel=\"noopener external\">https:\/\/www.laquadrature.net\/<\/a><\/li><li><strong>ADIRA AURA Regi\u00f3n :<\/strong> <a href=\"https:\/\/www.adira.org\/\" target=\"_blank\" rel=\"noopener external\">https:\/\/www.adira.org\/<\/a><\/li><li><strong>Regi\u00f3n PACA CIP :<\/strong> <a href=\"https:\/\/www.cip-paca.org\/\" target=\"_blank\" rel=\"noopener external\">https:\/\/www.cip-paca.org\/<\/a><\/li><li><strong>CRIP Francia regi\u00f3n :<\/strong> <a href=\"https:\/\/www.crip-asso.fr\" target=\"_blank\" rel=\"noopener external\">https:\/\/www.crip-asso.fr<\/a><\/li><li><strong>SYCABEL: Sindicato profesional de fabricantes de cables el\u00e9ctricos y de comunicaci\u00f3n :<\/strong> <a href=\"https:\/\/www.sycabel.com\/\" target=\"_blank\" rel=\"noopener external\">https:\/\/www.sycabel.com\/<\/a><\/li><li><strong>Teratec :<\/strong> <a href=\"https:\/\/www.teratec.eu\/\" target=\"_blank\" rel=\"noopener external\">https:\/\/www.teratec.eu\/<\/a><\/li><\/ul><h3>Asociaciones internacionales :<\/h3><ul><li><strong>CISPE: Proveedores de servicios de infraestructura en nube en Europa :<\/strong> <a href=\"https:\/\/cispe.cloud\/\" target=\"_blank\" rel=\"noopener external\">https:\/\/cispe.cloud\/<\/a><\/li><li><strong>DigitalEurope :<\/strong> <a href=\"https:\/\/www.digitaleurope.org\/\" target=\"_blank\" rel=\"noopener external\">https:\/\/www.digitaleurope.org\/<\/a><\/li><li><strong>EUDCA :<\/strong> <a href=\"https:\/\/eudca.org\" target=\"_blank\" rel=\"noopener external\">https:\/\/eudca.org<\/a><\/li><li><strong>Euro IX :<\/strong> <a href=\"https:\/\/euro-ix.net\" target=\"_blank\" rel=\"noopener external\">https:\/\/euro-ix.net<\/a><\/li><li><strong>EuroCloud :<\/strong> <a href=\"https:\/\/eurocloud.fr\" target=\"_blank\" rel=\"noopener external\">https:\/\/eurocloud.fr<\/a><\/li><li><strong>EuropaCloudAlliance :<\/strong> <a href=\"https:\/\/www.europeancloudalliance.com\/\" target=\"_blank\" rel=\"noopener external\">https:\/\/www.europeancloudalliance.com\/<\/a><\/li><li><strong>Gaia-X :<\/strong> <a href=\"https:\/\/gaia-x.eu\/\" target=\"_blank\" rel=\"noopener external\">https:\/\/gaia-x.eu\/<\/a><\/li><li><strong>ISOC Sociedad de Internet :<\/strong> <a href=\"https:\/\/www.internetsociety.org\" target=\"_blank\" rel=\"noopener external\">https:\/\/www.internetsociety.org<\/a><\/li><li><strong>Abrir IX :<\/strong>\u00a0<a href=\"https:\/\/www.oix.org\/\" target=\"_blank\" rel=\"noopener external\">https:\/\/www.oix.org\/<\/a><\/li><li><strong>Proyecto Openinternet pro Asociaci\u00f3n europea :<\/strong> <a href=\"https:\/\/www.openinternetproject.eu\/\" target=\"_blank\" rel=\"noopener external\">https:\/\/www.openinternetproject.eu\/<\/a><\/li><\/ul><h3><strong>Suites de colaboraci\u00f3n y herramientas ofim\u00e1ticas<\/strong><\/h3><ul><li><a href=\"https:\/\/www.libreoffice.org\/\" target=\"_blank\" rel=\"noopener\"><strong>LibreOffice<\/strong><\/a> <img decoding=\"async\" src=\"https:\/\/www.drapeauxdespays.fr\/data\/org\/h24\/eu.png\" alt=\"Drapeau europ\u00e9en\" width=\"15px\" \/>Suite ofim\u00e1tica completa, alternativa a Microsoft Office, multiplataforma (Windows, macOS, Linux)<\/li><li><a href=\"https:\/\/www.onlyoffice.com\/\" target=\"_blank\" rel=\"noopener\"><strong>S\u00f3loOficina<\/strong><\/a> <img decoding=\"async\" src=\"https:\/\/www.drapeauxdespays.fr\/data\/org\/h24\/eu.png\" alt=\"Drapeau europ\u00e9en\" width=\"15px\" \/>\u00a0Colaboraci\u00f3n ofim\u00e1tica en l\u00ednea, compatible con los formatos de MS Office<\/li><li><a href=\"https:\/\/www.collaboraoffice.com\/\" target=\"_blank\" rel=\"noopener\"><strong>Colabora en l\u00ednea<\/strong><\/a> Versi\u00f3n en la nube y para empresas de LibreOffice, integrada con Nextcloud o OwnCloud<\/li><li><strong><a href=\"https:\/\/lasuite.numerique.gouv.fr\/\" target=\"_blank\" rel=\"noopener\">La Suite Digital<\/a> <\/strong>\u00a0<img decoding=\"async\" src=\"https:\/\/www.drapeauxdespays.fr\/data\/flags\/h24\/fr.png\" alt=\"Drapeau de la France\" width=\"15px\" \/> : Un conjunto de herramientas de colaboraci\u00f3n soberana para las administraciones francesas<\/li><\/ul><h3><strong>Nube, almacenamiento e intercambio de archivos<\/strong><\/h3><ul><li><a href=\"https:\/\/nextcloud.com\/\" target=\"_blank\" rel=\"noopener\"><strong>Nextcloud\u00a0<\/strong><\/a><img decoding=\"async\" src=\"https:\/\/www.drapeauxdespays.fr\/data\/org\/h24\/eu.png\" alt=\"Drapeau europ\u00e9en\" width=\"15px\" \/>\u00a0Plataforma personal y colaborativa en la nube (alternativa a Google Drive, Dropbox, etc.)<\/li><li><a href=\"https:\/\/www.seafile.com\/\" target=\"_blank\" rel=\"noopener\"><strong>Seafile<\/strong><\/a> Soluci\u00f3n s\u00f3lida y aut\u00f3noma para sincronizar y compartir archivos<\/li><\/ul><h3><strong>Mensajer\u00eda y agendas<\/strong><\/h3><ul><li><a href=\"https:\/\/www.thunderbird.net\/\" target=\"_blank\" rel=\"noopener\"><strong>Thunderbird<\/strong><\/a> Cliente de correo electr\u00f3nico gratuito con calendario integrado<\/li><li><a href=\"https:\/\/mailo.com\/\" target=\"_blank\" rel=\"noopener\"><strong>Mailo<\/strong><\/a> <img decoding=\"async\" src=\"https:\/\/www.drapeauxdespays.fr\/data\/flags\/h24\/fr.png\" alt=\"Drapeau de la France\" width=\"15px\" \/>\u00a0Servicio franc\u00e9s de correo electr\u00f3nico \u00e9tico sin reventa de datos<\/li><li><a href=\"https:\/\/proton.me\/fr\/mail\" target=\"_blank\" rel=\"noopener\"><strong>ProtonMail<\/strong><\/a>, <a href=\"https:\/\/tutanota.com\/fr\/\" target=\"_blank\" rel=\"noopener\"><strong>Tutanota<\/strong><\/a> <img decoding=\"async\" src=\"https:\/\/www.drapeauxdespays.fr\/data\/org\/h24\/eu.png\" alt=\"Drapeau europ\u00e9en\" width=\"15px\" \/>\u00a0: Cajas fuertes europeas de correo electr\u00f3nico cifrado<\/li><li><a href=\"https:\/\/ecomail.fr\/\" target=\"_blank\" rel=\"noopener\"><strong>Ecomail<\/strong><\/a> <img decoding=\"async\" src=\"https:\/\/www.drapeauxdespays.fr\/data\/flags\/h24\/fr.png\" alt=\"Drapeau de la France\" width=\"15px\" \/> : Servicio de correo electr\u00f3nico franc\u00e9s 100% ecorresponsable<\/li><\/ul><h3><strong>Automatizaci\u00f3n, flujo de trabajo, integraci\u00f3n<\/strong><\/h3><ul><li><a href=\"https:\/\/n8n.io\/\" target=\"_blank\" rel=\"noopener\"><strong>n8n\u00a0<\/strong><\/a><img decoding=\"async\" src=\"https:\/\/www.drapeauxdespays.fr\/data\/org\/h24\/eu.png\" alt=\"Drapeau europ\u00e9en\" width=\"15px\" \/>\u00a0Automatizaci\u00f3n de flujos de datos y API, alternativa de c\u00f3digo abierto a Zapier, posibilidad de autoalojamiento<\/li><li><a href=\"https:\/\/www.talaxie.fr\/\" target=\"_blank\" rel=\"noopener\"><strong>Talaxie<\/strong><\/a> <img decoding=\"async\" src=\"https:\/\/www.drapeauxdespays.fr\/data\/flags\/h24\/fr.png\" alt=\"Drapeau de la France\" width=\"15px\" \/> ETL\/gesti\u00f3n de datos de c\u00f3digo abierto para integraci\u00f3n y transformaci\u00f3n<\/li><\/ul><h3><strong>Gesti\u00f3n de documentos<\/strong><\/h3><ul><li><a href=\"https:\/\/www.alfresco.com\/open-source\" target=\"_blank\" rel=\"noopener\"><strong>Comunidad Alfresco<\/strong><\/a> o <a href=\"https:\/\/www.nuxeo.com\/fr\/\" target=\"_blank\" rel=\"noopener\"><strong>Nuxeo<\/strong><\/a> <img decoding=\"async\" src=\"https:\/\/www.drapeauxdespays.fr\/data\/flags\/h24\/fr.png\" alt=\"Drapeau de la France\" width=\"15px\" \/> : GED (gesti\u00f3n electr\u00f3nica de documentos) de c\u00f3digo abierto<\/li><\/ul><h3><strong>Herramientas de colaboraci\u00f3n<\/strong><\/h3><ul><li><a href=\"https:\/\/meet.jit.si\/\" target=\"_blank\" rel=\"noopener\"><strong>Encuentro Jitsi<\/strong><\/a> Videoconferencia gratuita autoalojada (alternativa a Zoom, Teams)<\/li><li><a href=\"https:\/\/mattermost.com\/\" target=\"_blank\" rel=\"noopener\"><strong>Mattermost<\/strong><\/a>, <a href=\"https:\/\/www.rocket.chat\/\" target=\"_blank\" rel=\"noopener\"><strong>Rocket.Chat<\/strong><\/a> Mensajer\u00eda instant\u00e1nea de equipo, autoalojada (alternativa a Slack\/Teams)<\/li><li><a href=\"https:\/\/framateam.org\/\" target=\"_blank\" rel=\"noopener\"><strong>Framateam<\/strong><\/a> <img decoding=\"async\" src=\"https:\/\/www.drapeauxdespays.fr\/data\/flags\/h24\/fr.png\" alt=\"Drapeau de la France\" width=\"15px\" \/> Instancia Mattermost gestionada por Framasoft<\/li><li><a href=\"https:\/\/mobilizon.org\/\" target=\"_blank\" rel=\"noopener\"><strong>Mobilizon<\/strong><\/a> <img decoding=\"async\" src=\"https:\/\/www.drapeauxdespays.fr\/data\/flags\/h24\/fr.png\" alt=\"Drapeau de la France\" width=\"15px\" \/> : Gesti\u00f3n de eventos e inscripciones, federada<\/li><\/ul><h3><strong>Navegadores web y confidencialidad<\/strong><\/h3><ul><li><a href=\"https:\/\/www.mozilla.org\/fr\/firefox\/new\/\" target=\"_blank\" rel=\"noopener\"><strong>Mozilla Firefox<\/strong><\/a> Navegador multiplataforma de c\u00f3digo abierto, l\u00edder en privacidad<\/li><li><a href=\"https:\/\/brave.com\/fr\/\" target=\"_blank\" rel=\"noopener\"><strong>Valiente<\/strong><\/a> Navegador centrado en la privacidad<\/li><li><a href=\"https:\/\/www.qwant.com\/\" target=\"_blank\" rel=\"noopener\"><strong>Qwant<\/strong><\/a> <img decoding=\"async\" src=\"https:\/\/www.drapeauxdespays.fr\/data\/flags\/h24\/fr.png\" alt=\"Drapeau de la France\" width=\"15px\" \/>, <a href=\"https:\/\/searx.space\/\" target=\"_blank\" rel=\"noopener\"><strong>SearxNG<\/strong><\/a> <img decoding=\"async\" src=\"https:\/\/www.drapeauxdespays.fr\/data\/org\/h24\/eu.png\" alt=\"Drapeau europ\u00e9en\" width=\"15px\" \/>\u00a0Buscadores europeos\/de c\u00f3digo abierto que respeten la privacidad<\/li><\/ul><h3><strong>Seguridad, gesti\u00f3n de accesos y cifrado<\/strong><\/h3><ul><li><a href=\"https:\/\/keepassxc.org\/\"><strong>KeePassXC<\/strong><\/a>, <a href=\"https:\/\/bitwarden.com\/\" target=\"_blank\" rel=\"noopener\"><strong>Bitwarden<\/strong><\/a> Gestores de contrase\u00f1as de c\u00f3digo abierto<\/li><li><a href=\"https:\/\/openvpn.net\/\" target=\"_blank\" rel=\"noopener\"><strong>OpenVPN<\/strong><\/a>, <a href=\"https:\/\/www.wireguard.com\/\" target=\"_blank\" rel=\"noopener\"><strong>WireGuard<\/strong><\/a> VPN de c\u00f3digo abierto<\/li><li><a href=\"https:\/\/gnupg.org\/\" target=\"_blank\" rel=\"noopener\"><strong>GnuPG<\/strong><\/a> <img decoding=\"async\" src=\"https:\/\/www.drapeauxdespays.fr\/data\/org\/h24\/eu.png\" alt=\"Drapeau europ\u00e9en\" width=\"15px\" \/>\u00a0Cifrado y firma de correos electr\u00f3nicos<\/li><\/ul><h3><strong>Cartograf\u00eda, gr\u00e1ficos, multimedia<\/strong><\/h3><ul><li><a href=\"https:\/\/www.gimp.org\/\" target=\"_blank\" rel=\"noopener\"><strong>GIMP<\/strong><\/a> Retoque de fotos e im\u00e1genes, una alternativa a Photoshop<\/li><li><a href=\"https:\/\/inkscape.org\/fr\/\" target=\"_blank\" rel=\"noopener\"><strong>Inkscape<\/strong><\/a> : Dibujo vectorial, una alternativa a Illustrator<\/li><li><a href=\"https:\/\/librecad.org\/\" target=\"_blank\" rel=\"noopener\"><strong>LibreCAD<\/strong><\/a> <img decoding=\"async\" src=\"https:\/\/www.drapeauxdespays.fr\/data\/org\/h24\/eu.png\" alt=\"Drapeau europ\u00e9en\" width=\"15px\" \/>\u00a0, <a href=\"https:\/\/qgis.org\/fr\/site\/\" target=\"_blank\" rel=\"noopener\"><strong>QGIS<\/strong><\/a> CAD 2D (dibujos t\u00e9cnicos), SIG\/Mapeo<\/li><\/ul><h3><strong>Administraci\u00f3n de sistemas y redes<\/strong><\/h3><ul><li><a href=\"https:\/\/ocsinventory-ng.org\/\" target=\"_blank\" rel=\"noopener\"><strong>Inventario OCS NG<\/strong><\/a> <img decoding=\"async\" src=\"https:\/\/www.drapeauxdespays.fr\/data\/flags\/h24\/fr.png\" alt=\"Drapeau de la France\" width=\"15px\" \/> Inventario y gesti\u00f3n de activos inform\u00e1ticos<\/li><li><a href=\"https:\/\/glpi-project.org\/fr\/\" target=\"_blank\" rel=\"noopener\"><strong>GLPI<\/strong><\/a> <img decoding=\"async\" src=\"https:\/\/www.drapeauxdespays.fr\/data\/flags\/h24\/fr.png\" alt=\"Drapeau de la France\" width=\"15px\" \/> Gesti\u00f3n de servicios inform\u00e1ticos y servicio de asistencia<\/li><\/ul><h3><strong>Tomar notas<\/strong><\/h3><ul><li><a href=\"https:\/\/joplinapp.org\/\" target=\"_blank\" rel=\"noopener\"><strong>Joplin<\/strong><\/a> <img decoding=\"async\" src=\"https:\/\/www.drapeauxdespays.fr\/data\/flags\/h24\/fr.png\" alt=\"Drapeau de la France\" width=\"15px\" \/> Toma de notas, sincronizaci\u00f3n multiplataforma, c\u00f3digo abierto<\/li><li><a href=\"https:\/\/github.com\/zadam\/trilium\" target=\"_blank\" rel=\"noopener\"><strong>Trilium Notas<\/strong><\/a> <img decoding=\"async\" src=\"https:\/\/www.drapeauxdespays.fr\/data\/org\/h24\/eu.png\" alt=\"Drapeau europ\u00e9en\" width=\"15px\" \/>\u00a0: Notas jer\u00e1rquicas con edici\u00f3n enriquecida y autoalojamiento<\/li><\/ul><h3><strong>Otros sistemas de referencia<\/strong><\/h3><ul><li><a href=\"https:\/\/comptoir-du-libre.org\/fr\/\" target=\"_blank\" rel=\"noopener\"><strong>Comptoir du Libre<\/strong><\/a> Directorio de software empresarial para el sector p\u00fablico y sectores espec\u00edficos<\/li><li><strong><a href=\"https:\/\/sill.code.gouv.fr\/\" target=\"_blank\" rel=\"noopener\">SILL<\/a> (Base Interministerial de Software Libre)<\/strong> : Anuario oficial recomendado para la administraci\u00f3n francesa, muy actualizado<\/li><li><strong><a href=\"https:\/\/code.gouv.fr\/\" target=\"_blank\" rel=\"noopener\">Cl\u00faster de c\u00f3digo abierto y patrimonio digital<\/a><\/strong>\u00a0Cat\u00e1logos, recursos y apoyo a las administraciones francesas<\/li><\/ul><p><strong>Nota:<\/strong><br \/>Existen varias plataformas recientes que enumeran, verifican y eval\u00faan continuamente soluciones alternativas europeas (servicios en la nube, seguridad, trabajo colaborativo, etc.), entre ellas Alternativas Europeas.<\/p><p>Estas herramientas est\u00e1n disponibles, se desarrollan activamente, son s\u00f3lidas y, en su mayor\u00eda, est\u00e1n referenciadas por el gobierno franc\u00e9s, la comunidad de c\u00f3digo abierto y los agentes digitales soberanos.<\/p><\/div>\t\t\t\t\t\t\t\t<\/div>\n\t\t\t\t\t<\/div>\n\t\t\t\t<\/div>\n\t\t\t\t<\/div>","protected":false},"excerpt":{"rendered":"<p>Liens utiles Nos articles de fond Pourquoi les IXP sont importants : les infrastructures critiques au-del\u00e0 du battage m\u00e9diatique S\u00e9curit\u00e9 du routage r\u00e9seau et adoption de RPKI Carte des IXP sur le territoire fran\u00e7ais Id\u00e9es re\u00e7ues sur le peering Radiographie de l&rsquo;Internet fran\u00e7ais : L&rsquo;hyper-concentration des ASN et l&rsquo;urgence de la d\u00e9centralisation Quelques liens utiles&#8230; [&hellip;]<\/p>\n","protected":false},"author":26,"featured_media":0,"parent":304,"menu_order":30,"comment_status":"closed","ping_status":"closed","template":"","meta":{"footnotes":""},"hf_cat_page":[],"class_list":["post-310","page","type-page","status-publish","hentry"],"aioseo_notices":[],"_links":{"self":[{"href":"https:\/\/frnix.org\/es\/wp-json\/wp\/v2\/pages\/310","targetHints":{"allow":["GET"]}}],"collection":[{"href":"https:\/\/frnix.org\/es\/wp-json\/wp\/v2\/pages"}],"about":[{"href":"https:\/\/frnix.org\/es\/wp-json\/wp\/v2\/types\/page"}],"author":[{"embeddable":true,"href":"https:\/\/frnix.org\/es\/wp-json\/wp\/v2\/users\/26"}],"replies":[{"embeddable":true,"href":"https:\/\/frnix.org\/es\/wp-json\/wp\/v2\/comments?post=310"}],"version-history":[{"count":5,"href":"https:\/\/frnix.org\/es\/wp-json\/wp\/v2\/pages\/310\/revisions"}],"predecessor-version":[{"id":26850,"href":"https:\/\/frnix.org\/es\/wp-json\/wp\/v2\/pages\/310\/revisions\/26850"}],"up":[{"embeddable":true,"href":"https:\/\/frnix.org\/es\/wp-json\/wp\/v2\/pages\/304"}],"wp:attachment":[{"href":"https:\/\/frnix.org\/es\/wp-json\/wp\/v2\/media?parent=310"}],"wp:term":[{"taxonomy":"hf_cat_page","embeddable":true,"href":"https:\/\/frnix.org\/es\/wp-json\/wp\/v2\/hf_cat_page?post=310"}],"curies":[{"name":"wp","href":"https:\/\/api.w.org\/{rel}","templated":true}]}}