{"id":22236,"date":"2025-11-03T17:23:11","date_gmt":"2025-11-03T16:23:11","guid":{"rendered":"https:\/\/frnix.org\/?page_id=22236"},"modified":"2025-11-07T10:55:36","modified_gmt":"2025-11-07T09:55:36","slug":"espace-membre","status":"publish","type":"page","link":"https:\/\/frnix.org\/it\/espace-membre\/","title":{"rendered":"Area riservata ai membri"},"content":{"rendered":"<div data-elementor-type=\"wp-page\" data-elementor-id=\"22236\" class=\"elementor elementor-22236\" data-elementor-post-type=\"page\">\n\t\t\t\t\t\t<\/div>","protected":false},"excerpt":{"rendered":"<p>Encore un petit peu de patience, votre espace membre arrive&#8230; \ud83d\ude42 R\u00f4le : CONTACT [frnix_user_categories] Contact l\u00e9gal : Oui Contact facturation : Oui Mon compte D\u00e9rick Eppendahl Organisation : ARAPEDE Groupe : Service : Direction, Administration \/ comptabilit\u00e9, Service Commercial, Service Marketing, Service_technique, Autres Web developer Contact Email : studio@arapede.net Tel : +33 6 49 [&hellip;]<\/p>\n","protected":false},"author":26,"featured_media":0,"parent":0,"menu_order":20,"comment_status":"closed","ping_status":"closed","template":"","meta":{"footnotes":""},"hf_cat_page":[],"class_list":["post-22236","page","type-page","status-publish","hentry"],"aioseo_notices":[],"_links":{"self":[{"href":"https:\/\/frnix.org\/it\/wp-json\/wp\/v2\/pages\/22236","targetHints":{"allow":["GET"]}}],"collection":[{"href":"https:\/\/frnix.org\/it\/wp-json\/wp\/v2\/pages"}],"about":[{"href":"https:\/\/frnix.org\/it\/wp-json\/wp\/v2\/types\/page"}],"author":[{"embeddable":true,"href":"https:\/\/frnix.org\/it\/wp-json\/wp\/v2\/users\/26"}],"replies":[{"embeddable":true,"href":"https:\/\/frnix.org\/it\/wp-json\/wp\/v2\/comments?post=22236"}],"version-history":[{"count":1,"href":"https:\/\/frnix.org\/it\/wp-json\/wp\/v2\/pages\/22236\/revisions"}],"predecessor-version":[{"id":22577,"href":"https:\/\/frnix.org\/it\/wp-json\/wp\/v2\/pages\/22236\/revisions\/22577"}],"wp:attachment":[{"href":"https:\/\/frnix.org\/it\/wp-json\/wp\/v2\/media?parent=22236"}],"wp:term":[{"taxonomy":"hf_cat_page","embeddable":true,"href":"https:\/\/frnix.org\/it\/wp-json\/wp\/v2\/hf_cat_page?post=22236"}],"curies":[{"name":"wp","href":"https:\/\/api.w.org\/{rel}","templated":true}]}}