{"id":26255,"date":"2026-04-09T10:10:47","date_gmt":"2026-04-09T08:10:47","guid":{"rendered":"https:\/\/frnix.org\/?page_id=26255"},"modified":"2026-04-14T18:44:16","modified_gmt":"2026-04-14T16:44:16","slug":"elections-2026","status":"publish","type":"page","link":"https:\/\/frnix.org\/it\/ressources\/elections-2026\/","title":{"rendered":"Elections 2026"},"content":{"rendered":"<div data-elementor-type=\"wp-page\" data-elementor-id=\"26255\" class=\"elementor elementor-26255\" data-elementor-post-type=\"page\">\n\t\t\t\t<div class=\"elementor-element elementor-element-16f012b e-flex e-con-boxed e-con e-parent\" data-id=\"16f012b\" data-element_type=\"container\" data-e-type=\"container\" data-settings=\"{&quot;background_background&quot;:&quot;classic&quot;,&quot;shape_divider_bottom&quot;:&quot;curve&quot;,&quot;shape_divider_bottom_negative&quot;:&quot;yes&quot;}\">\n\t\t\t\t\t<div class=\"e-con-inner\">\n\t\t\t\t<div class=\"elementor-shape elementor-shape-bottom\" aria-hidden=\"true\" data-negative=\"true\">\n\t\t\t<svg xmlns=\"http:\/\/www.w3.org\/2000\/svg\" viewbox=\"0 0 1000 100\" preserveaspectratio=\"none\">\n\t<path class=\"elementor-shape-fill\" d=\"M500,97C126.7,96.3,0.8,19.8,0,0v100l1000,0V1C1000,19.4,873.3,97.8,500,97z\"\/>\n<\/svg>\t\t<\/div>\n\t\t\t\t<div class=\"elementor-element elementor-element-b194bd1 elementor-widget elementor-widget-heading\" data-id=\"b194bd1\" data-element_type=\"widget\" data-e-type=\"widget\" data-widget_type=\"heading.default\">\n\t\t\t\t\t<h1 class=\"elementor-heading-title elementor-size-default\">\u00c9lection des membres du Conseil d'Administration 2026<\/h1>\t\t\t\t<\/div>\n\t\t\t\t\t<\/div>\n\t\t\t\t<\/div>\n\t\t<div class=\"elementor-element elementor-element-94e9363 e-flex e-con-boxed e-con e-parent\" data-id=\"94e9363\" data-element_type=\"container\" data-e-type=\"container\">\n\t\t\t\t\t<div class=\"e-con-inner\">\n\t\t\t\t<div class=\"elementor-element elementor-element-1e961ea elementor-widget elementor-widget-text-editor\" data-id=\"1e961ea\" data-element_type=\"widget\" data-e-type=\"widget\" data-widget_type=\"text-editor.default\">\n\t\t\t\t\t\t\t\t\t<p style=\"font-size: 1.2rem; font-weight: bold; color: #0099ff; margin-bottom: 12px;\">E perch\u00e9 non dovreste?<\/p><h2 style=\"font-size: 2rem; font-weight: 800; margin-bottom: 24px; line-height: 1.2;\">Les candidatures sont ouvertes chaque ann\u00e9e dans les 2 mois avant l&rsquo;Assembl\u00e9e G\u00e9n\u00e9rale<\/h2><div class=\"body-text\"><p>Comme chaque ann\u00e9e, une nouvelle <strong>Assembl\u00e9e G\u00e9n\u00e9rale (AG) de l&rsquo;association FRNIX<\/strong> va avoir lieu. Avec l&rsquo;AG vient le temps du vote pour renouveler les si\u00e8ges disponibles au Conseil d&rsquo;Administration.<\/p><p>Si vous partagez notre vision et nos valeurs, et que vous souhaitez participer activement au d\u00e9veloppement de notre association pour les <strong>3 prochaines ann\u00e9es<\/strong>, envoyez votre candidature ou faites passer le mot autour de vous au candidat id\u00e9al !<\/p><\/div><hr class=\"divider\" \/>\t\t\t\t\t\t\t\t<\/div>\n\t\t\t\t\t<\/div>\n\t\t\t\t<\/div>\n\t\t<div class=\"elementor-element elementor-element-a1cc2f2 e-flex e-con-boxed e-con e-parent\" data-id=\"a1cc2f2\" data-element_type=\"container\" data-e-type=\"container\">\n\t\t\t\t\t<div class=\"e-con-inner\">\n\t\t<div class=\"elementor-element elementor-element-e1612ef e-con-full e-flex e-con e-child\" data-id=\"e1612ef\" data-element_type=\"container\" data-e-type=\"container\">\n\t\t\t\t<div class=\"elementor-element elementor-element-08956db card card-accent elementor-widget elementor-widget-text-editor\" data-id=\"08956db\" data-element_type=\"widget\" data-e-type=\"widget\" data-widget_type=\"text-editor.default\">\n\t\t\t\t\t\t\t\t\t<p class=\"sub-heading\">Quanti posti sono disponibili?<\/p>\n          <p>Cette ann\u00e9e, <strong>3 si\u00e8ges<\/strong> sont \u00e0 renouveler ou \u00e0 pourvoir au sein du Conseil d&rsquo;Administration.<\/p>\n          <div>\n            <span class=\"badge\">3 si\u00e8ges<\/span>\n            <span class=\"badge-outline\">Mandat 3 ans<\/span>\n          <\/div>\n\t\t\t\t\t\t\t\t<\/div>\n\t\t\t\t<\/div>\n\t\t<div class=\"elementor-element elementor-element-db15b68 e-con-full e-flex e-con e-child\" data-id=\"db15b68\" data-element_type=\"container\" data-e-type=\"container\">\n\t\t\t\t<div class=\"elementor-element elementor-element-abd69b4 card card-accent elementor-widget elementor-widget-text-editor\" data-id=\"abd69b4\" data-element_type=\"widget\" data-e-type=\"widget\" data-widget_type=\"text-editor.default\">\n\t\t\t\t\t\t\t\t\t <p class=\"sub-heading\">Chi pu\u00f2 candidarsi?<\/p>\n          <p>Toute personne ayant une <strong>exp\u00e9rience professionnelle dans le secteur t\u00e9l\u00e9coms \/ Internet \/ interconnexion de r\u00e9seaux<\/strong>, pr\u00eate \u00e0 s&rsquo;impliquer et \u00e0 donner du temps au service de la communaut\u00e9 du peering en France.<\/p>\n          <div class=\"info-box\" style=\"margin-top:16px;\">\n            Vous pouvez postuler, que votre organisation soit ou non membre de FRNIX ou qu&rsquo;elle soit connect\u00e9e ou non sur France-IX.\n          <\/div>\n\t\t\t\t\t\t\t\t<\/div>\n\t\t\t\t<\/div>\n\t\t\t\t\t<\/div>\n\t\t\t\t<\/div>\n\t\t<div class=\"elementor-element elementor-element-ecbe152 e-flex e-con-boxed e-con e-parent\" data-id=\"ecbe152\" data-element_type=\"container\" data-e-type=\"container\">\n\t\t\t\t\t<div class=\"e-con-inner\">\n\t\t\t\t<div class=\"elementor-element elementor-element-5d6fade elementor-widget elementor-widget-text-editor\" data-id=\"5d6fade\" data-element_type=\"widget\" data-e-type=\"widget\" data-widget_type=\"text-editor.default\">\n\t\t\t\t\t\t\t\t\t<h2 class=\"section-heading\">Engagement attendu<\/h2><div class=\"body-text\"><p>Pour cette activit\u00e9\u00a0<strong>b\u00e9n\u00e9vole<\/strong>, il est attendu que vous apportiez votre connaissance du secteur, votre capacit\u00e9 \u00e0 identifier et collecter les besoins de la communaut\u00e9, et votre engagement \u00e0 contribuer activement au d\u00e9veloppement de l&rsquo;association. La dur\u00e9e du mandat est de\u00a0<strong>3 ans (renouvelables)<\/strong>.<\/p><\/div>\t\t\t\t\t\t\t\t<\/div>\n\t\t\t\t<div class=\"elementor-element elementor-element-221b276 info-box elementor-widget elementor-widget-text-editor\" data-id=\"221b276\" data-element_type=\"widget\" data-e-type=\"widget\" data-widget_type=\"text-editor.default\">\n\t\t\t\t\t\t\t\t\t<p><strong>Temps estim\u00e9 : 8 heures par mois<\/strong> \u2014 2 heures en r\u00e9union de CA et 6 heures en repr\u00e9sentation, ou en \u00e9change avec l&rsquo;\u00e9quipe salari\u00e9e (en heures ouvr\u00e9es), ou \u00e0 travailler sur des dossiers et projets.<\/p>\t\t\t\t\t\t\t\t<\/div>\n\t\t\t\t<div class=\"elementor-element elementor-element-9bc8393 warning-box elementor-widget elementor-widget-text-editor\" data-id=\"9bc8393\" data-element_type=\"widget\" data-e-type=\"widget\" data-widget_type=\"text-editor.default\">\n\t\t\t\t\t\t\t\t\t<p><strong>Si vous n&rsquo;avez pas cette disponibilit\u00e9, ne candidatez pas !<\/strong><\/p>\t\t\t\t\t\t\t\t<\/div>\n\t\t\t\t\t<\/div>\n\t\t\t\t<\/div>\n\t\t<div class=\"elementor-element elementor-element-5dc2455 section-light e-flex e-con-boxed e-con e-parent\" data-id=\"5dc2455\" data-element_type=\"container\" data-e-type=\"container\">\n\t\t\t\t\t<div class=\"e-con-inner\">\n\t\t\t\t<div class=\"elementor-element elementor-element-82e4b42 elementor-widget elementor-widget-text-editor\" data-id=\"82e4b42\" data-element_type=\"widget\" data-e-type=\"widget\" data-widget_type=\"text-editor.default\">\n\t\t\t\t\t\t\t\t\t<h2 class=\"section-heading\">Principales missions des membres du Conseil d&rsquo;Administration<\/h2><ul class=\"styled-list\"><li>Dedicare tempo al lavoro sulle questioni di cui si \u00e8 responsabili (come Presidente\/Tesoriere\/Segretario o qualsiasi altro ruolo che possa essere assegnato).<\/li><li>Participer aux <strong>r\u00e9unions mensuelles<\/strong>(dur\u00e9e 2h).<\/li><li>Participer aux<strong>r\u00e9unions en pr\u00e9sentiel<\/strong>(1 \u00e0 2 fois par an, toute la journ\u00e9e et lors de l&rsquo;AG).<\/li><li>Repr\u00e9senter l&rsquo;association FRNIX et \u00eatre un porte-parole.<\/li><li>Mantenere un legame attivo con la comunit\u00e0 FRNIX, in particolare raccogliendo esigenze e aspettative.<\/li><li>Participer \u00e0 la gouvernance de France-IX, notamment en rejoignant le Comit\u00e9 Strat\u00e9gique mis en place en 2024, dont 4 places sont r\u00e9serv\u00e9es pour les administrateurs de l&rsquo;Association.<\/li><li>\u0152uvrer au d\u00e9veloppement de l&rsquo;association en int\u00e9grant les besoins de tous ses membres (op\u00e9rateurs, h\u00e9bergeurs, fournisseurs de contenus, de mat\u00e9riel ou de service\u2026).<\/li><\/ul>\t\t\t\t\t\t\t\t<\/div>\n\t\t\t\t<div class=\"elementor-element elementor-element-12374fb elementor-widget elementor-widget-text-editor\" data-id=\"12374fb\" data-element_type=\"widget\" data-e-type=\"widget\" data-widget_type=\"text-editor.default\">\n\t\t\t\t\t\t\t\t\t<p>Nous souhaitons que la\u00a0<strong>diversit\u00e9 de nos membres<\/strong>\u00a0soit repr\u00e9sent\u00e9e au sein du Conseil d&rsquo;Administration. Tous les membres du Conseil d&rsquo;Administration doivent signer un\u00a0<span style=\"text-decoration: underline;\"><a href=\"https:\/\/frnix.org\/wp-content\/uploads\/FRNIX_Code-de-conduite-administrateurs.pdf\"><strong>Codice di condotta<\/strong><\/a><\/span>\u00a0afin de garantir la neutralit\u00e9 dans la prise de d\u00e9cision et \u00e9viter tout conflit d&rsquo;int\u00e9r\u00eat.<\/p>\t\t\t\t\t\t\t\t<\/div>\n\t\t\t\t\t<\/div>\n\t\t\t\t<\/div>\n\t\t<div class=\"elementor-element elementor-element-7d5e110 e-flex e-con-boxed e-con e-parent\" data-id=\"7d5e110\" data-element_type=\"container\" data-e-type=\"container\">\n\t\t\t\t\t<div class=\"e-con-inner\">\n\t\t\t\t<div class=\"elementor-element elementor-element-8f62161 elementor-widget elementor-widget-text-editor\" data-id=\"8f62161\" data-element_type=\"widget\" data-e-type=\"widget\" data-widget_type=\"text-editor.default\">\n\t\t\t\t\t\t\t\t\t<h2 class=\"section-heading\">Come e quando fare domanda?<\/h2>\n<div class=\"timeline\">\n<div class=\"timeline-item\">\n<div class=\"timeline-num\">1<\/div>\n<div class=\"timeline-body\">\n<h3>Message de motivation \u2014 40 jours avant l&rsquo;AG (\u00e0 midi) Vendredi 18 Avril 2026<\/h3>\n<p>Envoyez un message de motivation pr\u00e9sentant les sujets sur lesquels vous souhaitez vous engager. Ce message doit respecter les crit\u00e8res suivants :<\/p>\n<ul>\n<li>Maximum <strong>300 mots<\/strong>, r\u00e9dig\u00e9 en <strong>fran\u00e7ais<\/strong><\/li>\n<li>Envoy\u00e9 via notre formulaire de contact : <a href=\"https:\/\/frnix.org\/it\/contact\/\" target=\"_blank\" rel=\"noopener\">frnix.org\/contact<\/a><\/li>\n<\/ul>\n<p style=\"margin-top: 10px;\">Votre candidature sera examin\u00e9e par le Conseil d&rsquo;Administration actuel, et un retour vous sera adress\u00e9.<\/p>\n<\/div>\n<\/div>\n<div class=\"timeline-item\">\n<div class=\"timeline-num\">2<\/div>\n<div class=\"timeline-body\">\n<h3>Dossier complet \u2014 20 jours avant l&rsquo;AG&nbsp; Mardi 5 Mai 2026<\/h3>\n<p>En cas de validation, vous devrez nous envoyer les \u00e9l\u00e9ments \u00e0 partager avec les membres votants :<\/p>\n<ul>\n<li><strong>Vid\u00e9o de pr\u00e9sentation<\/strong> de votre candidature et des apports que vous souhaitez faire \u00e0 l&rsquo;association \u2014 dur\u00e9e max. 2 minutes, en fran\u00e7ais, format mp4 (Smartphone, ou Ordinateur, mont\u00e9 ou non)<\/li>\n<li><strong>Una foto<\/strong><\/li>\n<li><strong>Lien vers votre profil LinkedIn<\/strong> ou CV au format PDF<\/li>\n<\/ul>\n<div class=\"warning-box\" style=\"margin-top: 12px;\">Sans ces \u00e9l\u00e9ments, votre candidature, m\u00eame accept\u00e9e par le CA, devient <strong>caduque<\/strong>.<\/div>\n<\/div>\n<\/div>\n<div class=\"timeline-item\">\n<div class=\"timeline-num\">3<\/div>\n<div class=\"timeline-body\">\n<h3>Vote \u00e9lectronique \u2014 ouvert 2 semaines avant l&rsquo;AG<\/h3>\n<p>Le vote est \u00e9lectronique, ouvert 2 semaines avant l&rsquo;AG, jusqu&rsquo;au jour de l&rsquo;AG. Votre pr\u00e9sence lors de l&rsquo;AG est <strong>recommand\u00e9e mais non imp\u00e9rative<\/strong>.<\/p>\n<p style=\"margin-top: 8px;\">Les candidats ayant re\u00e7u le plus grand nombre de voix seront \u00e9lus et annonc\u00e9s \u00e0 la fin de l&rsquo;AG, puis sur le site Internet et les r\u00e9seaux sociaux. La bonne gestion de l&rsquo;association n&rsquo;est pas oubli\u00e9e !&nbsp;<\/p>\n<\/div>\n<\/div>\n<\/div>\t\t\t\t\t\t\t\t<\/div>\n\t\t\t\t\t<\/div>\n\t\t\t\t<\/div>\n\t\t<div class=\"elementor-element elementor-element-c0f0556 e-flex e-con-boxed e-con e-parent\" data-id=\"c0f0556\" data-element_type=\"container\" data-e-type=\"container\">\n\t\t\t\t\t<div class=\"e-con-inner\">\n\t\t\t\t<div class=\"elementor-element elementor-element-8616ef9 elementor-widget elementor-widget-text-editor\" data-id=\"8616ef9\" data-element_type=\"widget\" data-e-type=\"widget\" data-widget_type=\"text-editor.default\">\n\t\t\t\t\t\t\t\t\t<hr class=\"divider\" \/>\n<br>\n<h2 class=\"section-heading\">Perch\u00e9 entrare a far parte del Consiglio di amministrazione di FRNIX?<\/h2>\t\t\t\t\t\t\t\t<\/div>\n\t\t\t\t\t<\/div>\n\t\t\t\t<\/div>\n\t\t<div class=\"elementor-element elementor-element-c477552 grid-3 e-flex e-con-boxed e-con e-parent\" data-id=\"c477552\" data-element_type=\"container\" data-e-type=\"container\">\n\t\t\t\t\t<div class=\"e-con-inner\">\n\t\t<div class=\"elementor-element elementor-element-03f16e4 e-con-full e-flex e-con e-child\" data-id=\"03f16e4\" data-element_type=\"container\" data-e-type=\"container\">\n\t\t\t\t<div class=\"elementor-element elementor-element-d182a52 card elementor-widget elementor-widget-text-editor\" data-id=\"d182a52\" data-element_type=\"widget\" data-e-type=\"widget\" data-widget_type=\"text-editor.default\">\n\t\t\t\t\t\t\t\t\t<h3>Activit\u00e9 b\u00e9n\u00e9vole valorisante<\/h3><p>Les membres du CA ne sont pas r\u00e9mun\u00e9r\u00e9s (salaire, primes ou remises). Seules les d\u00e9penses li\u00e9es \u00e0 leurs fonctions sont rembours\u00e9es.<\/p>\t\t\t\t\t\t\t\t<\/div>\n\t\t\t\t<\/div>\n\t\t<div class=\"elementor-element elementor-element-af53150 e-con-full e-flex e-con e-child\" data-id=\"af53150\" data-element_type=\"container\" data-e-type=\"container\">\n\t\t\t\t<div class=\"elementor-element elementor-element-9010bf1 card elementor-widget elementor-widget-text-editor\" data-id=\"9010bf1\" data-element_type=\"widget\" data-e-type=\"widget\" data-widget_type=\"text-editor.default\">\n\t\t\t\t\t\t\t\t\t<h3>Vision strat\u00e9gique avant tout<\/h3><p>Tr\u00e8s peu de probl\u00e9matiques techniques sont discut\u00e9es en CA : les membres apportent leur vision innovante et leurs id\u00e9es pour am\u00e9liorer la satisfaction de la communaut\u00e9. La bonne gestion de l&rsquo;association n&rsquo;est pas oubli\u00e9e.<\/p>\t\t\t\t\t\t\t\t<\/div>\n\t\t\t\t<\/div>\n\t\t<div class=\"elementor-element elementor-element-d29f0ff e-con-full e-flex e-con e-child\" data-id=\"d29f0ff\" data-element_type=\"container\" data-e-type=\"container\">\n\t\t\t\t<div class=\"elementor-element elementor-element-2aa1fe6 card elementor-widget elementor-widget-text-editor\" data-id=\"2aa1fe6\" data-element_type=\"widget\" data-e-type=\"widget\" data-widget_type=\"text-editor.default\">\n\t\t\t\t\t\t\t\t\t<h3>Gouvernance de France IX Services<\/h3><p>Participez \u00e0 la gouvernance de France IX Services SAS en rejoignant le Comit\u00e9 Strat\u00e9gique \u2014 4 places r\u00e9serv\u00e9es aux administrateurs de l&rsquo;Association.<\/p>\t\t\t\t\t\t\t\t<\/div>\n\t\t\t\t<\/div>\n\t\t\t\t\t<\/div>\n\t\t\t\t<\/div>\n\t\t<div class=\"elementor-element elementor-element-76723f8 e-flex e-con-boxed e-con e-parent\" data-id=\"76723f8\" data-element_type=\"container\" data-e-type=\"container\">\n\t\t\t\t\t<div class=\"e-con-inner\">\n\t\t\t\t<div class=\"elementor-element elementor-element-a104aad elementor-widget elementor-widget-text-editor\" data-id=\"a104aad\" data-element_type=\"widget\" data-e-type=\"widget\" data-widget_type=\"text-editor.default\">\n\t\t\t\t\t\t\t\t\t<p>Consultez ici la\u00a0<span style=\"text-decoration: underline;\"><a href=\"https:\/\/frnix.org\/it\/a-propos\/le-conseil-d-administration\/\" target=\"_blank\" rel=\"noopener\">liste des membres du Conseil d&rsquo;Administration actuellement en poste<\/a><\/span>.<\/p>\t\t\t\t\t\t\t\t<\/div>\n\t\t\t\t\t<\/div>\n\t\t\t\t<\/div>\n\t\t\t\t<\/div>","protected":false},"excerpt":{"rendered":"<p>\u00c9lection des membres du Conseil d&rsquo;Administration 2026 Et pourquoi pas vous ? Les candidatures sont ouvertes chaque ann\u00e9e dans les 2 mois avant l&rsquo;Assembl\u00e9e G\u00e9n\u00e9rale Comme chaque ann\u00e9e, une nouvelle Assembl\u00e9e G\u00e9n\u00e9rale (AG) de l&rsquo;association FRNIX va avoir lieu. Avec l&rsquo;AG vient le temps du vote pour renouveler les si\u00e8ges disponibles au Conseil d&rsquo;Administration. Si [&hellip;]<\/p>\n","protected":false},"author":351,"featured_media":0,"parent":304,"menu_order":30,"comment_status":"closed","ping_status":"closed","template":"","meta":{"footnotes":""},"hf_cat_page":[],"class_list":["post-26255","page","type-page","status-publish","hentry"],"aioseo_notices":[],"_links":{"self":[{"href":"https:\/\/frnix.org\/it\/wp-json\/wp\/v2\/pages\/26255","targetHints":{"allow":["GET"]}}],"collection":[{"href":"https:\/\/frnix.org\/it\/wp-json\/wp\/v2\/pages"}],"about":[{"href":"https:\/\/frnix.org\/it\/wp-json\/wp\/v2\/types\/page"}],"author":[{"embeddable":true,"href":"https:\/\/frnix.org\/it\/wp-json\/wp\/v2\/users\/351"}],"replies":[{"embeddable":true,"href":"https:\/\/frnix.org\/it\/wp-json\/wp\/v2\/comments?post=26255"}],"version-history":[{"count":6,"href":"https:\/\/frnix.org\/it\/wp-json\/wp\/v2\/pages\/26255\/revisions"}],"predecessor-version":[{"id":26654,"href":"https:\/\/frnix.org\/it\/wp-json\/wp\/v2\/pages\/26255\/revisions\/26654"}],"up":[{"embeddable":true,"href":"https:\/\/frnix.org\/it\/wp-json\/wp\/v2\/pages\/304"}],"wp:attachment":[{"href":"https:\/\/frnix.org\/it\/wp-json\/wp\/v2\/media?parent=26255"}],"wp:term":[{"taxonomy":"hf_cat_page","embeddable":true,"href":"https:\/\/frnix.org\/it\/wp-json\/wp\/v2\/hf_cat_page?post=26255"}],"curies":[{"name":"wp","href":"https:\/\/api.w.org\/{rel}","templated":true}]}}