{"id":269,"date":"2023-11-05T19:11:55","date_gmt":"2023-11-05T18:11:55","guid":{"rendered":"https:\/\/frnix.org\/?page_id=269"},"modified":"2025-11-07T10:55:37","modified_gmt":"2025-11-07T09:55:37","slug":"lassociation","status":"publish","type":"page","link":"https:\/\/frnix.org\/it\/a-propos\/lassociation\/","title":{"rendered":"L'associazione"},"content":{"rendered":"<div data-elementor-type=\"wp-page\" data-elementor-id=\"269\" class=\"elementor elementor-269\" data-elementor-post-type=\"page\">\n\t\t\t\t<div class=\"elementor-element elementor-element-ee7ae54 e-flex e-con-boxed e-con e-parent\" data-id=\"ee7ae54\" data-element_type=\"container\" data-e-type=\"container\" data-settings=\"{&quot;background_background&quot;:&quot;classic&quot;,&quot;shape_divider_bottom&quot;:&quot;curve&quot;,&quot;shape_divider_bottom_negative&quot;:&quot;yes&quot;}\">\n\t\t\t\t\t<div class=\"e-con-inner\">\n\t\t\t\t<div class=\"elementor-shape elementor-shape-bottom\" aria-hidden=\"true\" data-negative=\"true\">\n\t\t\t<svg xmlns=\"http:\/\/www.w3.org\/2000\/svg\" viewbox=\"0 0 1000 100\" preserveaspectratio=\"none\">\n\t<path class=\"elementor-shape-fill\" d=\"M500,97C126.7,96.3,0.8,19.8,0,0v100l1000,0V1C1000,19.4,873.3,97.8,500,97z\"\/>\n<\/svg>\t\t<\/div>\n\t\t\t\t<div class=\"elementor-element elementor-element-9e33541 elementor-widget-mobile__width-initial elementor-widget elementor-widget-heading\" data-id=\"9e33541\" data-element_type=\"widget\" data-e-type=\"widget\" data-widget_type=\"heading.default\">\n\t\t\t\t\t<h1 class=\"elementor-heading-title elementor-size-default\">L'Associazione FRNIX<\/h1>\t\t\t\t<\/div>\n\t\t\t\t\t<\/div>\n\t\t\t\t<\/div>\n\t\t<div class=\"elementor-element elementor-element-30d3ab3 e-flex e-con-boxed e-con e-parent\" data-id=\"30d3ab3\" data-element_type=\"container\" data-e-type=\"container\" data-settings=\"{&quot;background_background&quot;:&quot;classic&quot;,&quot;shape_divider_bottom&quot;:&quot;curve&quot;,&quot;shape_divider_bottom_negative&quot;:&quot;yes&quot;}\">\n\t\t\t\t\t<div class=\"e-con-inner\">\n\t\t\t\t<div class=\"elementor-shape elementor-shape-bottom\" aria-hidden=\"true\" data-negative=\"true\">\n\t\t\t<svg xmlns=\"http:\/\/www.w3.org\/2000\/svg\" viewbox=\"0 0 1000 100\" preserveaspectratio=\"none\">\n\t<path class=\"elementor-shape-fill\" d=\"M500,97C126.7,96.3,0.8,19.8,0,0v100l1000,0V1C1000,19.4,873.3,97.8,500,97z\"\/>\n<\/svg>\t\t<\/div>\n\t\t<div class=\"elementor-element elementor-element-f68a4e1 e-flex e-con-boxed e-con e-child\" data-id=\"f68a4e1\" data-element_type=\"container\" data-e-type=\"container\">\n\t\t\t\t\t<div class=\"e-con-inner\">\n\t\t<div class=\"elementor-element elementor-element-e737aea e-con-full e-flex e-con e-child\" data-id=\"e737aea\" data-element_type=\"container\" data-e-type=\"container\" data-settings=\"{&quot;background_background&quot;:&quot;gradient&quot;}\">\n\t\t<div class=\"elementor-element elementor-element-b3f220b e-con-full e-flex e-con e-child\" data-id=\"b3f220b\" data-element_type=\"container\" data-e-type=\"container\">\n\t\t<div class=\"elementor-element elementor-element-ff16d51 e-con-full e-flex e-con e-child\" data-id=\"ff16d51\" data-element_type=\"container\" data-e-type=\"container\">\n\t\t\t\t<div class=\"elementor-element elementor-element-4d81670 elementor-widget-mobile__width-inherit elementor-widget elementor-widget-heading\" data-id=\"4d81670\" data-element_type=\"widget\" data-e-type=\"widget\" data-widget_type=\"heading.default\">\n\t\t\t\t\t<h2 class=\"elementor-heading-title elementor-size-default\">Una parola del Presidente<\/h2>\t\t\t\t<\/div>\n\t\t\t\t<div class=\"elementor-element elementor-element-361f575 elementor-widget-mobile__width-inherit elementor-widget elementor-widget-heading\" data-id=\"361f575\" data-element_type=\"widget\" data-e-type=\"widget\" data-widget_type=\"heading.default\">\n\t\t\t\t\t<h6 class=\"elementor-heading-title elementor-size-default\">Philippe Duby<\/h6>\t\t\t\t<\/div>\n\t\t\t\t<div class=\"elementor-element elementor-element-42b91d0 elementor-widget-mobile__width-inherit elementor-widget elementor-widget-heading\" data-id=\"42b91d0\" data-element_type=\"widget\" data-e-type=\"widget\" data-widget_type=\"heading.default\">\n\t\t\t\t\t<h6 class=\"elementor-heading-title elementor-size-default\">Presidente dell'Associazione FRNIX <\/h6>\t\t\t\t<\/div>\n\t\t\t\t<\/div>\n\t\t<div class=\"elementor-element elementor-element-2a0526a e-con-full e-flex e-con e-child\" data-id=\"2a0526a\" data-element_type=\"container\" data-e-type=\"container\" data-settings=\"{&quot;background_background&quot;:&quot;classic&quot;}\">\n\t\t\t\t<div class=\"elementor-element elementor-element-0880a4f elementor-widget__width-initial elementor-widget elementor-widget-image\" data-id=\"0880a4f\" data-element_type=\"widget\" data-e-type=\"widget\" data-widget_type=\"image.default\">\n\t\t\t\t\t\t\t\t\t\t\t\t\t\t\t<img decoding=\"async\" width=\"150\" height=\"150\" src=\"https:\/\/frnix.org\/wp-content\/uploads\/Philippe_Duby-1-150x150.webp\" class=\"attachment-thumbnail size-thumbnail wp-image-1248\" alt=\"Philippe Duby\" srcset=\"https:\/\/frnix.org\/wp-content\/uploads\/.\/Philippe_Duby-1-150x150.webp 150w, https:\/\/frnix.org\/wp-content\/uploads\/Philippe_Duby-1.webp 200w\" sizes=\"(max-width: 150px) 100vw, 150px\" \/>\t\t\t\t\t\t\t\t\t\t\t\t\t\t\t<\/div>\n\t\t\t\t<\/div>\n\t\t\t\t<\/div>\n\t\t<div class=\"elementor-element elementor-element-fd14b10 e-con-full e-flex e-con e-child\" data-id=\"fd14b10\" data-element_type=\"container\" data-e-type=\"container\">\n\t\t\t\t<div class=\"elementor-element elementor-element-2e9691d elementor-widget-mobile__width-initial elementor-widget__width-initial elementor-widget-tablet__width-initial elementor-widget elementor-widget-text-editor\" data-id=\"2e9691d\" data-element_type=\"widget\" data-e-type=\"widget\" data-widget_type=\"text-editor.default\">\n\t\t\t\t\t\t\t\t\t<p>FRNIX \u00e8 alla guida della comunit\u00e0 di peering e interconnessione in Francia. \u00c8 il risultato della fusione di due associazioni: France IX Association e Rezopole. Ciascuna di queste organizzazioni esisteva per supportare un IXP, e le due sono ora riunite in FRNIX.<\/p><p>Dal 2022, il Consiglio di amministrazione, che presiedo, ha cercato di dare nuova vita all'Associazione sviluppando nuove attivit\u00e0. In particolare, abbiamo ripreso alcuni dei servizi comunitari che hanno reso Rezopole un tale successo a Lione. Ma il principio d'ora in poi \u00e8 quello di essere al servizio dell'intera comunit\u00e0 a livello nazionale e di concentrarsi sulla gestione della comunit\u00e0. Samuel Triolet, con cui ho fondato Rezopole, ha accettato di diventare direttore generale e vorrei ringraziarlo per averci messo a disposizione la sua grande esperienza.<\/p><p>Le nostre attivit\u00e0 si concentrano principalmente sui soci e sui futuri soci:<\/p><ul><li>Promuovere la comunit\u00e0 dei membri attraverso l'organizzazione di eventi volti a facilitare il networking attivo tra i membri.<\/li><li>Organizzazione di workshop tecnici su argomenti di interesse relativi al peering, al BGP e, pi\u00f9 in generale, all'interconnessione dei dati.<\/li><\/ul><p>Il nostro obiettivo \u00e8 quello di riunire nella nostra comunit\u00e0 tutti gli attori del settore dell'interconnessione Internet in Francia, che si tratti di un IXP, di un operatore, di un fornitore di contenuti, di un integratore di rete, di un produttore di apparecchiature, di un'azienda o di un'autorit\u00e0 locale, o pi\u00f9 in generale di qualsiasi attore che si senta vicino al nostro scopo.<\/p><p>Faremo attenzione a non essere equiparati a un sindacato.<\/p><p>Mantenere la trasparenza ci sembra faccia parte della dottrina di base di un'associazione, soprattutto quando si tratta di strutture concorrenti di ogni dimensione e provenienza nazionale che agiscono di concerto.<\/p><p>Potete contare sul fatto che il Consiglio di amministrazione vi rappresenti e ascolti le vostre esigenze.<\/p>\t\t\t\t\t\t\t\t<\/div>\n\t\t\t\t<\/div>\n\t\t\t\t<\/div>\n\t\t\t\t\t<\/div>\n\t\t\t\t<\/div>\n\t\t\t\t\t<\/div>\n\t\t\t\t<\/div>\n\t\t<div class=\"elementor-element elementor-element-eee16c7 e-flex e-con-boxed e-con e-parent\" data-id=\"eee16c7\" data-element_type=\"container\" data-e-type=\"container\" data-settings=\"{&quot;background_background&quot;:&quot;classic&quot;}\">\n\t\t\t\t\t<div class=\"e-con-inner\">\n\t\t\t\t<div class=\"elementor-element elementor-element-829aa5d elementor-widget elementor-widget-heading\" data-id=\"829aa5d\" data-element_type=\"widget\" data-e-type=\"widget\" data-widget_type=\"heading.default\">\n\t\t\t\t\t<h4 class=\"elementor-heading-title elementor-size-default\">Un po' di storia<\/h4>\t\t\t\t<\/div>\n\t\t<div class=\"elementor-element elementor-element-914dc1c e-flex e-con-boxed e-con e-child\" data-id=\"914dc1c\" data-element_type=\"container\" data-e-type=\"container\" data-settings=\"{&quot;background_background&quot;:&quot;classic&quot;}\">\n\t\t\t\t\t<div class=\"e-con-inner\">\n\t\t\t\t<div class=\"elementor-element elementor-element-710d9a8 elementor-widget elementor-widget-text-editor\" data-id=\"710d9a8\" data-element_type=\"widget\" data-e-type=\"widget\" data-widget_type=\"text-editor.default\">\n\t\t\t\t\t\t\t\t\t<p>FRNIX \u00e8 un'associazione ai sensi della legge del 1901, nata dalla fusione di due organizzazioni:<\/p><ul><li>France IX Association, fondata nel 2010 da un gruppo di operatori che volevano creare un IXP a Parigi e in Francia e che avevano delegato questo ruolo a France IX Services SASU con l'IXP FranceIX.<\/li><li>Rezopole, un'altra associazione creata nel 2001 a Lione, che aveva creato IXP in altre citt\u00e0 (Lione Grenoble Annecy).<\/li><\/ul><p>L'obiettivo di queste due strutture era lo stesso: facilitare gli scambi e i trasferimenti di dati, istituendo un IXP per consentire ai flussi di dati di rimanere locali, il che comporta numerosi vantaggi tecnici, finanziari ed economici.<\/p><p>Per raggiungere questo obiettivo, SAS France-IX Services ha creato e gestisce il FranceIX Internet Exchange Point (IXP), con POP a Lille, Parigi, Lione, Marsiglia, Grenoble e Tolosa.<\/p><p>Gli IXP consentono agli operatori digitali di connettersi direttamente tra loro, senza passare attraverso un intermediario, migliorando cos\u00ec le prestazioni, la sicurezza e l'efficienza di Internet.<\/p><p>Oltre a gestire l'IXP FranceIX tramite la sua filiale France-IX Services SAS, FRNIX svolge anche attivit\u00e0 di sensibilizzazione e promozione di un Internet neutrale e aperto. Organizza eventi, mette a disposizione dei suoi membri risorse e partecipa a gruppi di lavoro principalmente nazionali.<\/p>\t\t\t\t\t\t\t\t<\/div>\n\t\t\t\t\t<\/div>\n\t\t\t\t<\/div>\n\t\t\t\t\t<\/div>\n\t\t\t\t<\/div>\n\t\t<div class=\"elementor-element elementor-element-27dbd3e e-con-full e-flex e-con e-parent\" data-id=\"27dbd3e\" data-element_type=\"container\" data-e-type=\"container\" data-settings=\"{&quot;background_background&quot;:&quot;gradient&quot;}\">\n\t\t<div class=\"elementor-element elementor-element-b12fbf5 e-flex e-con-boxed e-con e-child\" data-id=\"b12fbf5\" data-element_type=\"container\" data-e-type=\"container\" data-settings=\"{&quot;background_background&quot;:&quot;classic&quot;}\">\n\t\t\t\t\t<div class=\"e-con-inner\">\n\t\t<div class=\"elementor-element elementor-element-af654a0 e-flex e-con-boxed e-con e-child\" data-id=\"af654a0\" data-element_type=\"container\" data-e-type=\"container\">\n\t\t\t\t\t<div class=\"e-con-inner\">\n\t\t\t\t<div class=\"elementor-element elementor-element-8b78444 elementor-widget elementor-widget-heading\" data-id=\"8b78444\" data-element_type=\"widget\" data-e-type=\"widget\" data-widget_type=\"heading.default\">\n\t\t\t\t\t<h4 class=\"elementor-heading-title elementor-size-default\">La fusione France-IX \/ Rezopole<\/h4>\t\t\t\t<\/div>\n\t\t\t\t\t<\/div>\n\t\t\t\t<\/div>\n\t\t\t\t\t<\/div>\n\t\t\t\t<\/div>\n\t\t<div class=\"elementor-element elementor-element-e6b7b03 e-flex e-con-boxed e-con e-child\" data-id=\"e6b7b03\" data-element_type=\"container\" data-e-type=\"container\">\n\t\t\t\t\t<div class=\"e-con-inner\">\n\t\t\t\t<div class=\"elementor-element elementor-element-038d558 elementor-widget elementor-widget-text-editor\" data-id=\"038d558\" data-element_type=\"widget\" data-e-type=\"widget\" data-widget_type=\"text-editor.default\">\n\t\t\t\t\t\t\t\t\t<p>Rezopole e France-IX, due dei principali Internet exchange point francesi, si sono fusi il 1\u00b0 gennaio 2021. Questa fusione ha confermato FranceIX come il pi\u00f9 grande IXP in Francia.<\/p><p>Rezopole ha gestito LyonIX, il pi\u00f9 grande IXP regionale in Francia, con un traffico previsto di 80 Gbps entro il 2020 e 100 membri connessi. FranceIX, da parte sua, aveva gi\u00e0 un traffico di oltre 1 Tbs e pi\u00f9 di 400 membri. La fusione di questi due IXP ha creato un nuovo IXP distribuito su 5 citt\u00e0 (Parigi, Lione, Marsiglia, Grenoble e Tolosa) che \u00e8 il pi\u00f9 vicino possibile alle persone connesse nelle regioni. Il traffico di FranceIX \u00e8 ora prossimo alle 3 Tbs (novembre 2023).<\/p><p><span style=\"color: var( --e-global-color-text ); font-size: 1.1rem; text-align: var(--text-align); background-color: transparent;\">Questa fusione \u00e8 stata una buona notizia per l'ecosistema Internet francese. Ha rafforzato la connettivit\u00e0 tra le varie reti Internet in Francia e ha contribuito alla sovranit\u00e0 digitale del Paese.<\/span><\/p><p>I principali vantaggi di questa fusione tra Rezopole e France-IX sono i seguenti:<\/p><ul><li>Miglioramento della connettivit\u00e0 tra le reti Internet in Francia: la fusione ha permesso di combinare le risorse dei due IXP, aumentando la capacit\u00e0 di scambio di traffico tra i vari attori dell'ecosistema Internet francese.<\/li><li>Contribuire alla sovranit\u00e0 digitale del Paese: la fusione creer\u00e0 un IXP pi\u00f9 grande e pi\u00f9 resistente, contribuendo a rafforzare la sovranit\u00e0 digitale del Paese.<\/li><li>Miglioramento dell'efficienza e dell'affidabilit\u00e0 del traffico Internet: la fusione ha ridotto il numero di trunk di rete necessari per trasportare il traffico Internet, migliorando l'efficienza e l'affidabilit\u00e0.<\/li><li>Evitare la concorrenza tra due associazioni francesi.<\/li><\/ul>\t\t\t\t\t\t\t\t<\/div>\n\t\t\t\t\t<\/div>\n\t\t\t\t<\/div>\n\t\t\t\t<\/div>\n\t\t<div class=\"elementor-element elementor-element-c3427f8 e-con-full e-flex e-con e-parent\" data-id=\"c3427f8\" data-element_type=\"container\" data-e-type=\"container\">\n\t\t<div class=\"elementor-element elementor-element-e85d4b5 e-flex e-con-boxed e-con e-child\" data-id=\"e85d4b5\" data-element_type=\"container\" data-e-type=\"container\" data-settings=\"{&quot;background_background&quot;:&quot;classic&quot;}\">\n\t\t\t\t\t<div class=\"e-con-inner\">\n\t\t<div class=\"elementor-element elementor-element-8bb0384 e-flex e-con-boxed e-con e-child\" data-id=\"8bb0384\" data-element_type=\"container\" data-e-type=\"container\">\n\t\t\t\t\t<div class=\"e-con-inner\">\n\t\t\t\t<div class=\"elementor-element elementor-element-07a290c elementor-widget elementor-widget-heading\" data-id=\"07a290c\" data-element_type=\"widget\" data-e-type=\"widget\" data-widget_type=\"heading.default\">\n\t\t\t\t\t<h4 class=\"elementor-heading-title elementor-size-default\">Perch\u00e9 aderire?<\/h4>\t\t\t\t<\/div>\n\t\t\t\t\t<\/div>\n\t\t\t\t<\/div>\n\t\t\t\t\t<\/div>\n\t\t\t\t<\/div>\n\t\t<div class=\"elementor-element elementor-element-48cb73b e-flex e-con-boxed e-con e-child\" data-id=\"48cb73b\" data-element_type=\"container\" data-e-type=\"container\">\n\t\t\t\t\t<div class=\"e-con-inner\">\n\t\t\t\t<div class=\"elementor-element elementor-element-a390f9b elementor-widget elementor-widget-text-editor\" data-id=\"a390f9b\" data-element_type=\"widget\" data-e-type=\"widget\" data-widget_type=\"text-editor.default\">\n\t\t\t\t\t\t\t\t\t<p>Qualsiasi organizzazione privata o pubblica, francese o straniera, pu\u00f2 aderire a FRNIX. Non \u00e8 necessario essere collegati all'IXP FranceIX (gestito da France-IX Services SASU, di cui l'associazione \u00e8 l'unico azionista) per aderire all'Associazione.<\/p><p class=\"Standard\">Entrando a far parte di FRNIX, potrete partecipare attivamente, influenzare le decisioni attraverso i vostri voti, beneficiare di risorse di formazione, networking e collaborare per il bene comune dell'ecosistema di peering e interconnessione in Francia.<\/p><p class=\"Standard\">I membri attuali sono: francesi o stranieri, locali, nazionali o internazionali, fornitori di servizi Internet, operatori di fibra scura (CLEC), societ\u00e0 di hosting, data center, fornitori di cloud, societ\u00e0 di servizi IT, SSLL, integratori di rete, strutture pubbliche, aziende private (non professionisti di Internet), CDN, grandi operatori internazionali, operatori di sicurezza di rete e di sicurezza Internet in particolare.<\/p><h4 class=\"Standard\" style=\"text-align: left;\">Vantaggi per la vostra organizzazione<\/h4><p class=\"Standard\">Sarete rappresentati e potrete votare alle assemblee generali, influenzando le decisioni, le direzioni strategiche e le politiche perseguite dall'Associazione.<\/p><p class=\"Standard\">Potrete beneficiare di workshop e formazione tecnica e mantenere i vostri team allineati con le migliori pratiche, le tendenze del settore e gli sviluppi tecnologici.<\/p><p class=\"Standard\">Potrete beneficiare della rete umana di FRNIX. Networking, relazioni professionali, condivisione di esperienze e collaborazione con altri membri, siano essi pi\u00f9 grandi o pi\u00f9 piccoli della vostra organizzazione.<\/p><p class=\"Standard\">Oltre agli aspetti tecnici, l'associazione e i suoi membri offrono informalmente assistenza su questioni come gli aspetti contrattuali, commerciali o organizzativi. La condivisione delle informazioni \u00e8 davvero fondamentale, anche in un'associazione che tende a riunire i concorrenti.<\/p><p class=\"Standard\">Riunendo giocatori di diversa estrazione, l'associazione crea una vera e propria comunit\u00e0, incoraggiando la cooperazione e la collaborazione tra i membri.<\/p>\t\t\t\t\t\t\t\t<\/div>\n\t\t\t\t\t<\/div>\n\t\t\t\t<\/div>\n\t\t\t\t<\/div>\n\t\t\t\t<\/div>","protected":false},"excerpt":{"rendered":"<p>L&rsquo;Association FRNIX\u200b Le Mot du Pr\u00e9sident Philippe Duby Pr\u00e9sident de FRNIX Association FRNIX anime la communaut\u00e9 du peering et l&rsquo;interconnexion en France. Elle est issue de la fusion de deux associations : France IX Association et Rezopole. Chacune de ces structures existait pour porter un IXP, les deux \u00e9tant d\u00e9sormais r\u00e9unies dans FRNIX. Depuis 2022, [&hellip;]<\/p>\n","protected":false},"author":26,"featured_media":0,"parent":267,"menu_order":39,"comment_status":"closed","ping_status":"closed","template":"","meta":{"footnotes":""},"hf_cat_page":[],"class_list":["post-269","page","type-page","status-publish","hentry"],"aioseo_notices":[],"_links":{"self":[{"href":"https:\/\/frnix.org\/it\/wp-json\/wp\/v2\/pages\/269","targetHints":{"allow":["GET"]}}],"collection":[{"href":"https:\/\/frnix.org\/it\/wp-json\/wp\/v2\/pages"}],"about":[{"href":"https:\/\/frnix.org\/it\/wp-json\/wp\/v2\/types\/page"}],"author":[{"embeddable":true,"href":"https:\/\/frnix.org\/it\/wp-json\/wp\/v2\/users\/26"}],"replies":[{"embeddable":true,"href":"https:\/\/frnix.org\/it\/wp-json\/wp\/v2\/comments?post=269"}],"version-history":[{"count":1,"href":"https:\/\/frnix.org\/it\/wp-json\/wp\/v2\/pages\/269\/revisions"}],"predecessor-version":[{"id":18787,"href":"https:\/\/frnix.org\/it\/wp-json\/wp\/v2\/pages\/269\/revisions\/18787"}],"up":[{"embeddable":true,"href":"https:\/\/frnix.org\/it\/wp-json\/wp\/v2\/pages\/267"}],"wp:attachment":[{"href":"https:\/\/frnix.org\/it\/wp-json\/wp\/v2\/media?parent=269"}],"wp:term":[{"taxonomy":"hf_cat_page","embeddable":true,"href":"https:\/\/frnix.org\/it\/wp-json\/wp\/v2\/hf_cat_page?post=269"}],"curies":[{"name":"wp","href":"https:\/\/api.w.org\/{rel}","templated":true}]}}