{"id":276,"date":"2023-11-05T19:13:05","date_gmt":"2023-11-05T18:13:05","guid":{"rendered":"https:\/\/frnix.org\/?page_id=276"},"modified":"2025-11-07T10:55:37","modified_gmt":"2025-11-07T09:55:37","slug":"la-gouvernance","status":"publish","type":"page","link":"https:\/\/frnix.org\/it\/a-propos\/la-gouvernance\/","title":{"rendered":"La governance"},"content":{"rendered":"<div data-elementor-type=\"wp-page\" data-elementor-id=\"276\" class=\"elementor elementor-276\" data-elementor-post-type=\"page\">\n\t\t\t\t<div class=\"elementor-element elementor-element-1628975 e-flex e-con-boxed e-con e-parent\" data-id=\"1628975\" data-element_type=\"container\" data-e-type=\"container\" data-settings=\"{&quot;background_background&quot;:&quot;classic&quot;,&quot;shape_divider_bottom&quot;:&quot;curve&quot;,&quot;shape_divider_bottom_negative&quot;:&quot;yes&quot;}\">\n\t\t\t\t\t<div class=\"e-con-inner\">\n\t\t\t\t<div class=\"elementor-shape elementor-shape-bottom\" aria-hidden=\"true\" data-negative=\"true\">\n\t\t\t<svg xmlns=\"http:\/\/www.w3.org\/2000\/svg\" viewbox=\"0 0 1000 100\" preserveaspectratio=\"none\">\n\t<path class=\"elementor-shape-fill\" d=\"M500,97C126.7,96.3,0.8,19.8,0,0v100l1000,0V1C1000,19.4,873.3,97.8,500,97z\"\/>\n<\/svg>\t\t<\/div>\n\t\t<div class=\"elementor-element elementor-element-0b22c05 e-flex e-con-boxed e-con e-child\" data-id=\"0b22c05\" data-element_type=\"container\" data-e-type=\"container\">\n\t\t\t\t\t<div class=\"e-con-inner\">\n\t\t\t\t<div class=\"elementor-element elementor-element-69bb3f8 elementor-widget elementor-widget-heading\" data-id=\"69bb3f8\" data-element_type=\"widget\" data-e-type=\"widget\" data-widget_type=\"heading.default\">\n\t\t\t\t\t<h1 class=\"elementor-heading-title elementor-size-default\">Governance dell'Associazione<\/h1>\t\t\t\t<\/div>\n\t\t\t\t<div class=\"elementor-element elementor-element-0ebb18e elementor-widget elementor-widget-text-editor\" data-id=\"0ebb18e\" data-element_type=\"widget\" data-e-type=\"widget\" data-widget_type=\"text-editor.default\">\n\t\t\t\t\t\t\t\t\t<p class=\"Standard\">FRNIX \u00e8 un'associazione senza scopo di lucro registrata il 4 giugno 2010 con il numero W751205285.<\/p><p class=\"Standard\">\u00c8 organizzata come molte altre associazioni in Francia, con un Consiglio direttivo eletto per 3 anni e rinnovato per terzi.<\/p><ul><li class=\"Standard\">I candidati devono essere persone fisiche, che possono essere o meno soci, o la cui societ\u00e0 madre pu\u00f2 essere o meno socio.<\/li><li>Il Consiglio si organizza internamente per scegliere i propri rappresentanti (Presidente, Tesoriere, Segretario, ecc.).<\/li><li class=\"Standard\">Lo statuto dell'Associazione \u00e8 disponibile <span style=\"text-decoration: underline;\"><em><strong><a href=\"https:\/\/frnix.org\/wp-content\/uploads\/2025-03-06-Association-FRNIX-Statuts.pdf\" target=\"_blank\" rel=\"noopener\">qui<\/a><\/strong><\/em><\/span>.<\/li><li class=\"Standard\">Il regolamento viene modificato, se necessario, dopo una votazione da parte dei soci.<\/li><\/ul>\t\t\t\t\t\t\t\t<\/div>\n\t\t\t\t\t<\/div>\n\t\t\t\t<\/div>\n\t\t\t\t\t<\/div>\n\t\t\t\t<\/div>\n\t\t<div class=\"elementor-element elementor-element-5468416 e-flex e-con-boxed e-con e-parent\" data-id=\"5468416\" data-element_type=\"container\" data-e-type=\"container\">\n\t\t\t\t\t<div class=\"e-con-inner\">\n\t\t<div class=\"elementor-element elementor-element-1dbc444 e-con-full e-flex e-con e-child\" data-id=\"1dbc444\" data-element_type=\"container\" data-e-type=\"container\">\n\t\t<div class=\"elementor-element elementor-element-1575d3b e-flex e-con-boxed e-con e-child\" data-id=\"1575d3b\" data-element_type=\"container\" data-e-type=\"container\">\n\t\t\t\t\t<div class=\"e-con-inner\">\n\t\t\t\t<div class=\"elementor-element elementor-element-8b295b0 elementor-widget elementor-widget-heading\" data-id=\"8b295b0\" data-element_type=\"widget\" data-e-type=\"widget\" data-widget_type=\"heading.default\">\n\t\t\t\t\t<h4 class=\"elementor-heading-title elementor-size-default\">Come funziona<\/h4>\t\t\t\t<\/div>\n\t\t\t\t\t<\/div>\n\t\t\t\t<\/div>\n\t\t\t\t<\/div>\n\t\t<div class=\"elementor-element elementor-element-800369f e-con-full e-flex e-con e-child\" data-id=\"800369f\" data-element_type=\"container\" data-e-type=\"container\">\n\t\t\t\t<div class=\"elementor-element elementor-element-ac9938d elementor-widget elementor-widget-text-editor\" data-id=\"ac9938d\" data-element_type=\"widget\" data-e-type=\"widget\" data-widget_type=\"text-editor.default\">\n\t\t\t\t\t\t\t\t\t<p class=\"Textbody\" style=\"margin-bottom: 15.0pt;\">In quanto associazione senza scopo di lucro ai sensi della legge francese del 1901, la FRNIX ha l'obbligo di riunire i suoi membri una volta all'anno per convalidare la chiusura dei conti e il rinnovo dei membri del Consiglio di amministrazione. <a href=\"https:\/\/frnix.org\/it\/a-propos\/le-conseil-d-administration\/\" target=\"_blank\" rel=\"noopener\"><span style=\"text-decoration: underline;\"><em><strong>Consiglio di amministrazione<\/strong><\/em><\/span><\/a>.<\/p>\n<p class=\"Textbody\" style=\"margin: 15.0pt 0cm 15.0pt 0cm;\">Tenuta entro 6 mesi dalla fine dell'anno finanziario, l'Assemblea Generale Annuale (AGM) \u00e8 un evento chiave per l'intero ecosistema FRNIX. Oltre a fare il punto sull'attivit\u00e0 e sui risultati dell'IXP FranceIX nel periodo contabile precedente, questi eventi sono l'occasione per annunciare nuovi sviluppi e per avere un rilassato scambio di opinioni tra i membri e con i rappresentanti dell'Unione Europea. <a href=\"https:\/\/frnix.org\/it\/a-propos\/le-conseil-d-administration\/\" target=\"_blank\" rel=\"noopener\"><span style=\"text-decoration: underline;\"><em><strong>Consiglio di amministrazione<\/strong><\/em><\/span><\/a>.<\/p>\n<p class=\"Textbody\" style=\"margin: 15.0pt 0cm 0cm 0cm;\">Le votazioni sono riservate ai membri dell'Associazione, ma le Assemblee Generali sono aperte su invito e registrazione all'intero ecosistema di peering francese: membri, clienti di France-IX Services SAS, partner e ospiti.<\/p>\n<p class=\"Textbody\" style=\"margin: 15.0pt 0cm 0cm 0cm;\">Le assemblee generali si tengono generalmente come segue:<\/p>\n<p class=\"Textbody\" style=\"margin: 15.0pt 0cm 0cm 0cm;\"><\/p>\n\n<ul>\n \t<li>Osservazioni introduttive<\/li>\n \t<li>Presentazione dei risultati e delle attivit\u00e0 da parte del Consiglio di amministrazione<\/li>\n \t<li>Presentazione degli sponsor<\/li>\n \t<li>Presentazione dei candidati al Consiglio di amministrazione<\/li>\n \t<li>Voto<\/li>\n \t<li>Risultati della votazione.<\/li>\n<\/ul>\n&nbsp;\n<p class=\"Textbody\" style=\"margin: 15.0pt 0cm 0cm 0cm;\">Potete contare sul Consiglio di amministrazione per sviluppare l'ecosistema dell'interconnessione di rete attraverso la formazione, la collaborazione e l'innovazione.<\/p>\t\t\t\t\t\t\t\t<\/div>\n\t\t\t\t<\/div>\n\t\t\t\t\t<\/div>\n\t\t\t\t<\/div>\n\t\t\t\t<\/div>","protected":false},"excerpt":{"rendered":"<p>Gouvernance de l&rsquo;Association FRNIX est une association \u00e0 but non lucratif enregistr\u00e9e le 4 juin 2010 sous le num\u00e9ro W751205285. Elle est organis\u00e9e comme bon nombre d&rsquo;associations en France, avec un Conseil d&rsquo;Administration (CA) \u00e9lu pour 3 ans avec renouvellement par tiers. Les candidats \u00e0 l\u2019\u00e9lection doivent \u00eatre des personnes physiques, pouvant \u00eatre membre ou [&hellip;]<\/p>\n","protected":false},"author":26,"featured_media":0,"parent":267,"menu_order":42,"comment_status":"closed","ping_status":"closed","template":"","meta":{"footnotes":""},"hf_cat_page":[],"class_list":["post-276","page","type-page","status-publish","hentry"],"aioseo_notices":[],"_links":{"self":[{"href":"https:\/\/frnix.org\/it\/wp-json\/wp\/v2\/pages\/276","targetHints":{"allow":["GET"]}}],"collection":[{"href":"https:\/\/frnix.org\/it\/wp-json\/wp\/v2\/pages"}],"about":[{"href":"https:\/\/frnix.org\/it\/wp-json\/wp\/v2\/types\/page"}],"author":[{"embeddable":true,"href":"https:\/\/frnix.org\/it\/wp-json\/wp\/v2\/users\/26"}],"replies":[{"embeddable":true,"href":"https:\/\/frnix.org\/it\/wp-json\/wp\/v2\/comments?post=276"}],"version-history":[{"count":0,"href":"https:\/\/frnix.org\/it\/wp-json\/wp\/v2\/pages\/276\/revisions"}],"up":[{"embeddable":true,"href":"https:\/\/frnix.org\/it\/wp-json\/wp\/v2\/pages\/267"}],"wp:attachment":[{"href":"https:\/\/frnix.org\/it\/wp-json\/wp\/v2\/media?parent=276"}],"wp:term":[{"taxonomy":"hf_cat_page","embeddable":true,"href":"https:\/\/frnix.org\/it\/wp-json\/wp\/v2\/hf_cat_page?post=276"}],"curies":[{"name":"wp","href":"https:\/\/api.w.org\/{rel}","templated":true}]}}