{"id":298,"date":"2023-11-05T19:23:21","date_gmt":"2023-11-05T18:23:21","guid":{"rendered":"https:\/\/frnix.org\/?page_id=298"},"modified":"2025-11-07T10:55:37","modified_gmt":"2025-11-07T09:55:37","slug":"politique-de-confidentialite","status":"publish","type":"page","link":"https:\/\/frnix.org\/it\/politique-de-confidentialite\/","title":{"rendered":"Informativa sulla privacy"},"content":{"rendered":"<div data-elementor-type=\"wp-page\" data-elementor-id=\"298\" class=\"elementor elementor-298\" data-elementor-post-type=\"page\">\n\t\t\t\t<div class=\"elementor-element elementor-element-71e41cb e-flex e-con-boxed e-con e-parent\" data-id=\"71e41cb\" data-element_type=\"container\" data-e-type=\"container\" data-settings=\"{&quot;background_background&quot;:&quot;classic&quot;,&quot;shape_divider_bottom&quot;:&quot;curve&quot;,&quot;shape_divider_bottom_negative&quot;:&quot;yes&quot;}\">\n\t\t\t\t\t<div class=\"e-con-inner\">\n\t\t\t\t<div class=\"elementor-shape elementor-shape-bottom\" aria-hidden=\"true\" data-negative=\"true\">\n\t\t\t<svg xmlns=\"http:\/\/www.w3.org\/2000\/svg\" viewbox=\"0 0 1000 100\" preserveaspectratio=\"none\">\n\t<path class=\"elementor-shape-fill\" d=\"M500,97C126.7,96.3,0.8,19.8,0,0v100l1000,0V1C1000,19.4,873.3,97.8,500,97z\"\/>\n<\/svg>\t\t<\/div>\n\t\t\t\t<div class=\"elementor-element elementor-element-a1aa327 elementor-widget elementor-widget-heading\" data-id=\"a1aa327\" data-element_type=\"widget\" data-e-type=\"widget\" data-widget_type=\"heading.default\">\n\t\t\t\t\t<h2 class=\"elementor-heading-title elementor-size-default\">Informativa sulla privacy<\/h2>\t\t\t\t<\/div>\n\t\t\t\t\t<\/div>\n\t\t\t\t<\/div>\n\t\t<div class=\"elementor-element elementor-element-c251497 e-flex e-con-boxed e-con e-parent\" data-id=\"c251497\" data-element_type=\"container\" data-e-type=\"container\">\n\t\t\t\t\t<div class=\"e-con-inner\">\n\t\t\t\t<div class=\"elementor-element elementor-element-c00ab38 elementor-widget elementor-widget-text-editor\" data-id=\"c00ab38\" data-element_type=\"widget\" data-e-type=\"widget\" data-widget_type=\"text-editor.default\">\n\t\t\t\t\t\t\t\t\t<div class=\"page-content\"><div class=\"elementor elementor-3\" data-elementor-type=\"wp-page\" data-elementor-id=\"3\" data-elementor-post-type=\"page\"><div class=\"elementor-element elementor-element-39c18ec e-flex e-con-boxed e-con e-parent\" data-id=\"39c18ec\" data-element_type=\"container\" data-settings=\"{&quot;content_width&quot;:&quot;boxed&quot;}\" data-core-v316-plus=\"true\"><div class=\"e-con-inner\"><div class=\"elementor-element elementor-element-c5dc281 elementor-widget elementor-widget-text-editor\" data-id=\"c5dc281\" data-element_type=\"widget\" data-widget_type=\"text-editor.default\"><div class=\"elementor-widget-container\"><p>L'indirizzo del nostro sito web \u00e8 : <span style=\"text-decoration: underline;\"><em><a href=\"https:\/\/frnix.org\/it\/\" target=\"_blank\" rel=\"noopener\">https:\/\/frnix.org<\/a><\/em><\/span><\/p><p><strong>Commenti<\/strong><\/p><p>Quando i visitatori lasciano commenti sul sito, raccogliamo i dati visualizzati nel modulo di commento, nonch\u00e9 l'indirizzo IP del visitatore e la stringa dello user agent del browser per aiutare a rilevare lo spam.<\/p><p>Una stringa anonima creata dal vostro indirizzo e-mail (nota anche come hash) pu\u00f2 essere fornita al servizio Gravatar per verificare se lo utilizzate. L'informativa sulla privacy di Gravatar \u00e8 disponibile qui: https:\/\/automattic.com\/privacy\/. Una volta approvato il commento, la foto del profilo sar\u00e0 visibile al pubblico nel contesto del commento.<\/p><p><strong>Media<\/strong><\/p><p>Se si caricano immagini sul sito web, si dovrebbe evitare di caricare immagini con dati di localizzazione incorporati (SGP EXIF). I visitatori del sito web possono scaricare ed estrarre tutti i dati di localizzazione dalle immagini presenti sul sito.<\/p><p><strong>Biscotti<\/strong><\/p><p>Se lasciate un commento sul nostro sito, potete registrarvi per salvare il vostro nome, indirizzo e-mail e sito web nei cookie. Questi sono per vostra comodit\u00e0, in modo da non dover inserire nuovamente i vostri dati quando lasciate un altro commento. Questi cookie durano un anno.<\/p><p>Se visitate la nostra pagina di login, imposteremo un cookie temporaneo per determinare se il vostro browser accetta i cookie. Questo cookie non contiene dati personali e viene eliminato alla chiusura del browser.<\/p><p>Quando si accede, vengono impostati anche alcuni cookie per registrare le informazioni di accesso e le scelte di visualizzazione dello schermo. I cookie di accesso durano due giorni, mentre quelli relativi alle opzioni dello schermo durano un anno. Se selezionate \"Ricordami\", la vostra connessione rester\u00e0 attiva per quindici giorni. Se si esce dal proprio account, i cookie di accesso verranno cancellati.<\/p><p>Se modificate o pubblicate un articolo, nel vostro browser verr\u00e0 memorizzato un ulteriore cookie. Questo cookie non contiene dati personali e indica semplicemente l'ID di pubblicazione dell'articolo appena modificato. Scade dopo 1 giorno.<\/p><p><b>Contenuti integrati da altri siti web<\/b><\/p><p>Gli articoli di questo sito possono includere contenuti incorporati (ad esempio video, immagini, articoli, ecc.). I contenuti incorporati provenienti da altri siti web si comportano esattamente come se il visitatore avesse visitato l'altro sito web.<\/p><p>Questi siti web possono raccogliere dati sull'utente, utilizzare cookie, integrare un ulteriore tracciamento da parte di terzi e monitorare l'interazione dell'utente con questi contenuti integrati, compreso il tracciamento dell'interazione con i contenuti integrati se l'utente dispone di un account e ha effettuato l'accesso a questo sito web.<\/p><p><b>Con chi condividiamo i vostri dati\u00a0<\/b><\/p><p>Se si richiede la reimpostazione della password, il proprio indirizzo IP sar\u00e0 incluso nell'e-mail di reimpostazione.<\/p><p><b>Per quanto tempo conserviamo i vostri dati<\/b><\/p><p>Se si lascia un commento, il commento e i suoi metadati vengono conservati per 5 anni. Questo ci permette di riconoscere e approvare automaticamente i commenti successivi, invece di tenerli in coda di moderazione.<\/p><p>Per gli utenti che si registrano sul nostro sito web (ove applicabile), memorizziamo anche le informazioni personali fornite nel loro profilo utente. Tutti gli utenti possono visualizzare, modificare o cancellare le proprie informazioni personali in qualsiasi momento (ad eccezione del fatto che non possono modificare il proprio nome utente). Anche gli amministratori del sito web possono visualizzare e modificare tali informazioni.<\/p><p><b>Quali diritti avete sui vostri dati?<\/b><\/p><p>Se avete un account su questo sito o avete lasciato commenti, potete richiedere di ricevere un file esportato dei dati personali in nostro possesso, compresi i dati che ci avete fornito. Potete anche richiedere la cancellazione dei dati personali in nostro possesso. Ci\u00f2 non include i dati che siamo obbligati a conservare per scopi amministrativi, legali o di sicurezza.<\/p><p><b>Dove vengono inviati i dati?<\/b><\/p><p>I commenti dei visitatori possono essere controllati con un servizio automatico di rilevamento dello spam.<\/p><\/div><\/div><\/div><\/div><\/div><div class=\"post-tags\"><p style=\"padding-left: 40px;\">Per qualsiasi commento, si prega di contattare il DPO<\/p><p style=\"text-align: center;\">(<a href=\"\/it\/admin@frnix.org\/\">admin@frnix.org<\/a>)<\/p><\/div><\/div>\t\t\t\t\t\t\t\t<\/div>\n\t\t\t\t\t<\/div>\n\t\t\t\t<\/div>\n\t\t\t\t<\/div>","protected":false},"excerpt":{"rendered":"<p>Politique de confidentialit\u00e9 L\u2019adresse de notre site web est : https:\/\/frnix.org Commentaires Lorsque les visiteurs laissent des commentaires sur le site, nous collectons les donn\u00e9es affich\u00e9es dans le formulaire de commentaires, ainsi que l\u2019adresse IP du visiteur et la cha\u00eene d\u2019agent utilisateur du navigateur pour aider \u00e0 la d\u00e9tection du spam. Une cha\u00eene anonymis\u00e9e cr\u00e9\u00e9e [&hellip;]<\/p>\n","protected":false},"author":26,"featured_media":0,"parent":0,"menu_order":35,"comment_status":"closed","ping_status":"closed","template":"","meta":{"footnotes":""},"hf_cat_page":[381],"class_list":["post-298","page","type-page","status-publish","hentry"],"aioseo_notices":[],"_links":{"self":[{"href":"https:\/\/frnix.org\/it\/wp-json\/wp\/v2\/pages\/298","targetHints":{"allow":["GET"]}}],"collection":[{"href":"https:\/\/frnix.org\/it\/wp-json\/wp\/v2\/pages"}],"about":[{"href":"https:\/\/frnix.org\/it\/wp-json\/wp\/v2\/types\/page"}],"author":[{"embeddable":true,"href":"https:\/\/frnix.org\/it\/wp-json\/wp\/v2\/users\/26"}],"replies":[{"embeddable":true,"href":"https:\/\/frnix.org\/it\/wp-json\/wp\/v2\/comments?post=298"}],"version-history":[{"count":1,"href":"https:\/\/frnix.org\/it\/wp-json\/wp\/v2\/pages\/298\/revisions"}],"predecessor-version":[{"id":20166,"href":"https:\/\/frnix.org\/it\/wp-json\/wp\/v2\/pages\/298\/revisions\/20166"}],"wp:attachment":[{"href":"https:\/\/frnix.org\/it\/wp-json\/wp\/v2\/media?parent=298"}],"wp:term":[{"taxonomy":"hf_cat_page","embeddable":true,"href":"https:\/\/frnix.org\/it\/wp-json\/wp\/v2\/hf_cat_page?post=298"}],"curies":[{"name":"wp","href":"https:\/\/api.w.org\/{rel}","templated":true}]}}