{"id":308,"date":"2023-11-05T19:28:51","date_gmt":"2023-11-05T18:28:51","guid":{"rendered":"https:\/\/frnix.org\/?page_id=308"},"modified":"2025-11-07T10:55:36","modified_gmt":"2025-11-07T09:55:36","slug":"faq","status":"publish","type":"page","link":"https:\/\/frnix.org\/it\/ressources\/faq\/","title":{"rendered":"FAQ"},"content":{"rendered":"<div data-elementor-type=\"wp-page\" data-elementor-id=\"308\" class=\"elementor elementor-308\" data-elementor-post-type=\"page\">\n\t\t\t\t<div class=\"elementor-element elementor-element-29d3efb e-flex e-con-boxed e-con e-parent\" data-id=\"29d3efb\" data-element_type=\"container\" data-e-type=\"container\" data-settings=\"{&quot;background_background&quot;:&quot;classic&quot;,&quot;shape_divider_bottom&quot;:&quot;curve&quot;,&quot;shape_divider_bottom_negative&quot;:&quot;yes&quot;}\">\n\t\t\t\t\t<div class=\"e-con-inner\">\n\t\t\t\t<div class=\"elementor-shape elementor-shape-bottom\" aria-hidden=\"true\" data-negative=\"true\">\n\t\t\t<svg xmlns=\"http:\/\/www.w3.org\/2000\/svg\" viewbox=\"0 0 1000 100\" preserveaspectratio=\"none\">\n\t<path class=\"elementor-shape-fill\" d=\"M500,97C126.7,96.3,0.8,19.8,0,0v100l1000,0V1C1000,19.4,873.3,97.8,500,97z\"\/>\n<\/svg>\t\t<\/div>\n\t\t\t\t<div class=\"elementor-element elementor-element-5560520 elementor-widget elementor-widget-heading\" data-id=\"5560520\" data-element_type=\"widget\" data-e-type=\"widget\" data-widget_type=\"heading.default\">\n\t\t\t\t\t<h2 class=\"elementor-heading-title elementor-size-default\">Domande frequenti<\/h2>\t\t\t\t<\/div>\n\t\t\t\t\t<\/div>\n\t\t\t\t<\/div>\n\t\t<div class=\"elementor-element elementor-element-04f2006 e-flex e-con-boxed e-con e-parent\" data-id=\"04f2006\" data-element_type=\"container\" data-e-type=\"container\">\n\t\t\t\t\t<div class=\"e-con-inner\">\n\t\t\t\t<div class=\"elementor-element elementor-element-eb8bd8e elementor-widget elementor-widget-text-editor\" data-id=\"eb8bd8e\" data-element_type=\"widget\" data-e-type=\"widget\" data-widget_type=\"text-editor.default\">\n\t\t\t\t\t\t\t\t\t<h4><strong>Vari<\/strong><\/h4>\t\t\t\t\t\t\t\t<\/div>\n\t\t\t\t\t<\/div>\n\t\t\t\t<\/div>\n\t\t<div class=\"elementor-element elementor-element-0f3dc44 e-flex e-con-boxed e-con e-parent\" data-id=\"0f3dc44\" data-element_type=\"container\" data-e-type=\"container\">\n\t\t\t\t\t<div class=\"e-con-inner\">\n\t\t\t\t<div class=\"elementor-element elementor-element-5fb5171 elementor-widget elementor-widget-text-editor\" data-id=\"5fb5171\" data-element_type=\"widget\" data-e-type=\"widget\" data-widget_type=\"text-editor.default\">\n\t\t\t\t\t\t\t\t\t<h5><strong>Quali sono i vantaggi dell'adesione a FRNIX?<\/strong><\/h5><ul><li class=\"Standard\">Poter votare alle elezioni per i soci attivi (non per i soci partner o per i soci individuali)<\/li><li class=\"Standard\">Sconti sui servizi dell'associazione<\/li><li class=\"Standard\">Inviti prioritari agli eventi dell'associazione<\/li><li class=\"Standard\">Apparire sulle pubblicazioni FRNIX<\/li><\/ul>\t\t\t\t\t\t\t\t<\/div>\n\t\t\t\t\t<\/div>\n\t\t\t\t<\/div>\n\t\t<div class=\"elementor-element elementor-element-06122ca e-flex e-con-boxed e-con e-parent\" data-id=\"06122ca\" data-element_type=\"container\" data-e-type=\"container\">\n\t\t\t\t\t<div class=\"e-con-inner\">\n\t\t\t\t<div class=\"elementor-element elementor-element-6ee1f6a elementor-widget elementor-widget-text-editor\" data-id=\"6ee1f6a\" data-element_type=\"widget\" data-e-type=\"widget\" data-widget_type=\"text-editor.default\">\n\t\t\t\t\t\t\t\t\t<h5><strong>Posso aderire a FRNIX anche se non sono collegato a France-IX o a un altro IXP?<\/strong><\/h5><p style=\"padding-left: 40px;\">S\u00ec, contattateci!<\/p>\t\t\t\t\t\t\t\t<\/div>\n\t\t\t\t\t<\/div>\n\t\t\t\t<\/div>\n\t\t<div class=\"elementor-element elementor-element-00a43ce e-flex e-con-boxed e-con e-parent\" data-id=\"00a43ce\" data-element_type=\"container\" data-e-type=\"container\">\n\t\t\t\t\t<div class=\"e-con-inner\">\n\t\t\t\t<div class=\"elementor-element elementor-element-c2bfe1e elementor-widget elementor-widget-text-editor\" data-id=\"c2bfe1e\" data-element_type=\"widget\" data-e-type=\"widget\" data-widget_type=\"text-editor.default\">\n\t\t\t\t\t\t\t\t\t<h5><strong>Posso aderire alla FRNIX come individuo?<\/strong><\/h5>\n<p style=\"padding-left: 40px;\">S\u00ec, l'adesione individuale \u00e8 possibile dal 2025.<\/p>\t\t\t\t\t\t\t\t<\/div>\n\t\t\t\t\t<\/div>\n\t\t\t\t<\/div>\n\t\t<div class=\"elementor-element elementor-element-f61dd2a e-flex e-con-boxed e-con e-parent\" data-id=\"f61dd2a\" data-element_type=\"container\" data-e-type=\"container\">\n\t\t\t\t\t<div class=\"e-con-inner\">\n\t\t\t\t<div class=\"elementor-element elementor-element-1e48b99 elementor-widget elementor-widget-text-editor\" data-id=\"1e48b99\" data-element_type=\"widget\" data-e-type=\"widget\" data-widget_type=\"text-editor.default\">\n\t\t\t\t\t\t\t\t\t<h5><strong>Posso iscrivermi in qualsiasi momento dell'anno?<\/strong><\/h5><p style=\"padding-left: 40px;\">S\u00ec, la quota associativa del primo anno sar\u00e0 calcolata pro rata temporis fino alla fine dell'anno e la quota associativa successiva sar\u00e0 richiesta a gennaio.<\/p>\t\t\t\t\t\t\t\t<\/div>\n\t\t\t\t\t<\/div>\n\t\t\t\t<\/div>\n\t\t<div class=\"elementor-element elementor-element-447c530 e-flex e-con-boxed e-con e-parent\" data-id=\"447c530\" data-element_type=\"container\" data-e-type=\"container\">\n\t\t\t\t\t<div class=\"e-con-inner\">\n\t\t\t\t<div class=\"elementor-element elementor-element-22bdc26 elementor-widget elementor-widget-text-editor\" data-id=\"22bdc26\" data-element_type=\"widget\" data-e-type=\"widget\" data-widget_type=\"text-editor.default\">\n\t\t\t\t\t\t\t\t\t<h5><strong>Posso partecipare a un evento senza essere socio?<\/strong><\/h5><p style=\"padding-left: 40px;\">S\u00ec. Contattateci!<\/p>\t\t\t\t\t\t\t\t<\/div>\n\t\t\t\t\t<\/div>\n\t\t\t\t<\/div>\n\t\t<div class=\"elementor-element elementor-element-d86df26 e-flex e-con-boxed e-con e-parent\" data-id=\"d86df26\" data-element_type=\"container\" data-e-type=\"container\">\n\t\t\t\t\t<div class=\"e-con-inner\">\n\t\t\t\t<div class=\"elementor-element elementor-element-3195acb elementor-widget elementor-widget-text-editor\" data-id=\"3195acb\" data-element_type=\"widget\" data-e-type=\"widget\" data-widget_type=\"text-editor.default\">\n\t\t\t\t\t\t\t\t\t<h5><strong>Posso sponsorizzare un evento organizzato da FRNIX?<\/strong><\/h5><p style=\"padding-left: 40px;\">S\u00ec. Contattateci!<\/p>\t\t\t\t\t\t\t\t<\/div>\n\t\t\t\t\t<\/div>\n\t\t\t\t<\/div>\n\t\t<div class=\"elementor-element elementor-element-bfa07c1 e-flex e-con-boxed e-con e-parent\" data-id=\"bfa07c1\" data-element_type=\"container\" data-e-type=\"container\">\n\t\t\t\t\t<div class=\"e-con-inner\">\n\t\t\t\t<div class=\"elementor-element elementor-element-e9982fe elementor-widget elementor-widget-text-editor\" data-id=\"e9982fe\" data-element_type=\"widget\" data-e-type=\"widget\" data-widget_type=\"text-editor.default\">\n\t\t\t\t\t\t\t\t\t<h5><strong>Posso candidarmi alle elezioni del Consiglio di amministrazione senza essere membro della FRNIX?<\/strong><\/h5><p style=\"padding-left: 40px;\">S\u00ec. Contattateci!<\/p>\t\t\t\t\t\t\t\t<\/div>\n\t\t\t\t\t<\/div>\n\t\t\t\t<\/div>\n\t\t<div class=\"elementor-element elementor-element-052bf71 e-flex e-con-boxed e-con e-parent\" data-id=\"052bf71\" data-element_type=\"container\" data-e-type=\"container\">\n\t\t\t\t\t<div class=\"e-con-inner\">\n\t\t\t\t<div class=\"elementor-element elementor-element-60b81ff elementor-widget elementor-widget-text-editor\" data-id=\"60b81ff\" data-element_type=\"widget\" data-e-type=\"widget\" data-widget_type=\"text-editor.default\">\n\t\t\t\t\t\t\t\t\t<h4><strong>Scrutare?<\/strong><\/h4>\t\t\t\t\t\t\t\t<\/div>\n\t\t\t\t\t<\/div>\n\t\t\t\t<\/div>\n\t\t<div class=\"elementor-element elementor-element-7aa0cf0 e-flex e-con-boxed e-con e-parent\" data-id=\"7aa0cf0\" data-element_type=\"container\" data-e-type=\"container\">\n\t\t\t\t\t<div class=\"e-con-inner\">\n\t\t\t\t<div class=\"elementor-element elementor-element-6418fab elementor-widget elementor-widget-text-editor\" data-id=\"6418fab\" data-element_type=\"widget\" data-e-type=\"widget\" data-widget_type=\"text-editor.default\">\n\t\t\t\t\t\t\t\t\t<h5><strong>Ma cos'\u00e8 questo peering di cui continuate a parlare?<\/strong><\/h5><p class=\"Standard\">Il peering e l'interconnessione tramite un IXP (Internet Exchange Point) sono concetti essenziali per Internet e per il suo buon funzionamento.<\/p><p class=\"Standard\">Un IXP \u00e8 un punto fisico in cui diverse reti Internet, come quelle degli Internet Service Provider (ISP), delle grandi aziende, delle reti di contenuti, dei siti web, dei CDN, delle reti video, ecc. si incontrano per scambiarsi il traffico. Tutto questo avviene nei centri dati.<\/p><p class=\"Standard\">Il peering \u00e8 un accordo che consente a due reti Internet di scambiare traffico tra loro senza costi diretti. L'idea \u00e8 \"io porto il tuo traffico, tu porti il mio\".<\/p><h4>I vantaggi del peering sono molti e immediati:<\/h4><p class=\"Standard\"><strong>Riduzione dei costi<\/strong>\u00a0I due giocatori non devono pi\u00f9 pagare una terza parte per scambiarsi il traffico.<\/p><p class=\"Standard\"><strong>Miglioramento delle prestazioni<\/strong>\u00a0Un minor numero di hop (passaggi) tra le reti, che pu\u00f2 ridurre la latenza (tempo di risposta) e migliorare la velocit\u00e0 di connessione, nonch\u00e9 il rischio di guasti intermedi.<\/p><p class=\"Standard\"><strong>Autonomia e controllo<\/strong>\u00a0Le reti possono gestire in modo pi\u00f9 diretto i soggetti con cui scambiano il traffico.<\/p><h4>Impatto su utenti e aziende :<\/h4><p class=\"Standard\">Anche se questi concetti possono sembrare molto tecnici, hanno un impatto diretto sull'esperienza dell'utente. Una migliore interconnessione e peering significa sempre download pi\u00f9 veloci, streaming video di migliore qualit\u00e0 e riduzione dei ritardi nei giochi online, ad esempio.<\/p><p class=\"Standard\">Per le aziende, in particolare per quelle che utilizzano Internet in modo intensivo, l'adesione a un IXP \u00e8 un modo per entrare nella grande lega e diventare un vero giocatore di Internet, piuttosto che un semplice cliente di Internet.<\/p>\t\t\t\t\t\t\t\t<\/div>\n\t\t\t\t\t<\/div>\n\t\t\t\t<\/div>\n\t\t<div class=\"elementor-element elementor-element-2f464e3 e-flex e-con-boxed e-con e-parent\" data-id=\"2f464e3\" data-element_type=\"container\" data-e-type=\"container\">\n\t\t\t\t\t<div class=\"e-con-inner\">\n\t\t\t\t<div class=\"elementor-element elementor-element-5bbcb8b elementor-widget elementor-widget-text-editor\" data-id=\"5bbcb8b\" data-element_type=\"widget\" data-e-type=\"widget\" data-widget_type=\"text-editor.default\">\n\t\t\t\t\t\t\t\t\t<h5><strong>Perch\u00e9 vale la pena che un IXP sia sostenuto da un'organizzazione non commerciale?<\/strong><\/h5><p class=\"Standard\">Ci sono diversi motivi per cui ha senso che un IXP sia supportato da una struttura non commerciale.<\/p><ul><li class=\"Standard\"><b>L'indipendenza <\/b>Un IXP deve rimanere indipendente da ISP, operatori e altri soggetti. Le decisioni vengono prese nell'interesse dell'intero ecosistema Internet, piuttosto che nell'interesse di un singolo gruppo di attori.<\/li><li class=\"Standard\"><b>Trasparenza <\/b>Un IXP deve essere trasparente nei confronti dei suoi membri riguardo alle sue operazioni e decisioni. Ci\u00f2 consente alle parti interessate di comprendere il funzionamento dell'IXP e di assicurarsi che sia gestito in modo responsabile.<\/li><\/ul><p class=\"Standard\">Naturalmente, l'essere una struttura non commerciale comporta anche degli svantaggi. Ad esempio, per un IXP non commerciale pu\u00f2 essere pi\u00f9 difficile raccogliere fondi e investire nella propria infrastruttura. Per questo motivo, FRNIX ha deciso di isolare il funzionamento dell'IXP in una societ\u00e0: <a href=\"https:\/\/www.franceix.net\/fr\/\" target=\"_blank\" rel=\"noopener\">Servizi France-IX<\/a>.<\/p>\t\t\t\t\t\t\t\t<\/div>\n\t\t\t\t\t<\/div>\n\t\t\t\t<\/div>\n\t\t<div class=\"elementor-element elementor-element-71268b8 e-flex e-con-boxed e-con e-parent\" data-id=\"71268b8\" data-element_type=\"container\" data-e-type=\"container\">\n\t\t\t\t\t<div class=\"e-con-inner\">\n\t\t\t\t<div class=\"elementor-element elementor-element-56501b4 elementor-widget elementor-widget-text-editor\" data-id=\"56501b4\" data-element_type=\"widget\" data-e-type=\"widget\" data-widget_type=\"text-editor.default\">\n\t\t\t\t\t\t\t\t\t<h5><strong>Come posso fare per essere un esperto?<\/strong><\/h5><p class=\"Standard\">Il peering richiede un ASN, indirizzi IP e un router BGP. Se volete saperne di pi\u00f9, contattateci! Potete anche imparare a conoscere il BGP in un workshop BGP.<\/p>\t\t\t\t\t\t\t\t<\/div>\n\t\t\t\t\t<\/div>\n\t\t\t\t<\/div>\n\t\t<div class=\"elementor-element elementor-element-1928f7e e-flex e-con-boxed e-con e-parent\" data-id=\"1928f7e\" data-element_type=\"container\" data-e-type=\"container\">\n\t\t\t\t\t<div class=\"e-con-inner\">\n\t\t\t\t<div class=\"elementor-element elementor-element-f96902e elementor-widget elementor-widget-text-editor\" data-id=\"f96902e\" data-element_type=\"widget\" data-e-type=\"widget\" data-widget_type=\"text-editor.default\">\n\t\t\t\t\t\t\t\t\t<h5><strong>Che cos'\u00e8 un ASN?<\/strong><\/h5><p class=\"Standard\">Un sistema autonomo (AS) \u00e8 un numero, da cui Autonomous System Number (ASN). Viene assegnato da un Registro regionale di Internet (RIR). In Europa, \u00e8\u00a0<a href=\"https:\/\/www.ripe.net\" target=\"_blank\" rel=\"noopener\">RIPE<\/a>\u00a0che assegna gli ASN. Una volta ottenuto l'ASN, \u00e8 possibile utilizzarlo per ospitare i diversi intervalli di indirizzi IP v4 o v6.<\/p><p class=\"Standard\">FRNIX fornisce un <a href=\"https:\/\/frnix.org\/it\/activites\/ripe-training\/\" target=\"_blank\" rel=\"noopener\">supporto per ottenere il vostro ASN e gli indirizzi IP dal RIPE<\/a>.<\/p>\t\t\t\t\t\t\t\t<\/div>\n\t\t\t\t\t<\/div>\n\t\t\t\t<\/div>\n\t\t<div class=\"elementor-element elementor-element-87e3c9a e-flex e-con-boxed e-con e-parent\" data-id=\"87e3c9a\" data-element_type=\"container\" data-e-type=\"container\">\n\t\t\t\t\t<div class=\"e-con-inner\">\n\t\t\t\t<div class=\"elementor-element elementor-element-0bb3357 elementor-widget elementor-widget-text-editor\" data-id=\"0bb3357\" data-element_type=\"widget\" data-e-type=\"widget\" data-widget_type=\"text-editor.default\">\n\t\t\t\t\t\t\t\t\t<h5><strong>Che cos'\u00e8 la latenza?<\/strong><\/h5><p class=\"Standard\">La latenza \u00e8 la velocit\u00e0 di andata e ritorno tra due apparecchiature su Internet. Un computer e un server, ad esempio. Si parla raramente di latenza, ma \u00e8 importante quanto la velocit\u00e0. Pi\u00f9 bassa \u00e8 la latenza, migliore \u00e8 la qualit\u00e0 della connessione tra due punti di Internet.<\/p><p class=\"Standard\">La latenza \u00e8 calcolata in ms (millesimi di secondo). E viene generalmente indicata come RTT, che sta per Round Trip Time.<\/p>\t\t\t\t\t\t\t\t<\/div>\n\t\t\t\t\t<\/div>\n\t\t\t\t<\/div>\n\t\t<div class=\"elementor-element elementor-element-c7b7954 e-flex e-con-boxed e-con e-parent\" data-id=\"c7b7954\" data-element_type=\"container\" data-e-type=\"container\">\n\t\t\t\t\t<div class=\"e-con-inner\">\n\t\t\t\t<div class=\"elementor-element elementor-element-5ab9b1e elementor-widget elementor-widget-text-editor\" data-id=\"5ab9b1e\" data-element_type=\"widget\" data-e-type=\"widget\" data-widget_type=\"text-editor.default\">\n\t\t\t\t\t\t\t\t\t<h5><strong>Come si ottiene un ASN e gli indirizzi IP?<\/strong><\/h5><p class=\"Standard\">FRNIX pu\u00f2 aiutarvi a ottenere le risorse ASN e IP. \u00c8 inoltre possibile leggere le numerose documentazioni esistenti sull'argomento.<\/p>\t\t\t\t\t\t\t\t<\/div>\n\t\t\t\t\t<\/div>\n\t\t\t\t<\/div>\n\t\t<div class=\"elementor-element elementor-element-9eea8f6 e-flex e-con-boxed e-con e-parent\" data-id=\"9eea8f6\" data-element_type=\"container\" data-e-type=\"container\">\n\t\t\t\t\t<div class=\"e-con-inner\">\n\t\t\t\t<div class=\"elementor-element elementor-element-771b60a elementor-widget elementor-widget-text-editor\" data-id=\"771b60a\" data-element_type=\"widget\" data-e-type=\"widget\" data-widget_type=\"text-editor.default\">\n\t\t\t\t\t\t\t\t\t<h5><strong>A quale IXP devo collegarmi?<\/strong><\/h5><p>\u00c8 necessario prendere in considerazione una serie di criteri:<\/p><ul><li>il vostro sito di accesso originale<\/li><li>i flussi disponibili su questo sito<\/li><li>i vostri obiettivi di peering<\/li><\/ul><p class=\"Standard\">\u00a0<\/p>\t\t\t\t\t\t\t\t<\/div>\n\t\t\t\t\t<\/div>\n\t\t\t\t<\/div>\n\t\t\t\t<\/div>","protected":false},"excerpt":{"rendered":"<p>FAQs Divers Quels sont les avantages d&rsquo;\u00eatre membre de FRNIX ? Pouvoir voter aux \u00e9lections pour les membres actifs (pas les membres partenaires ni les membres individuels) Avoir des r\u00e9ductions sur les prestations de l&rsquo;association Etre invit\u00e9 en priorit\u00e9 aux \u00e9v\u00e8nements de l&rsquo;association Apparaitre sur les publications de FRNIX Peut-on adh\u00e9rer \u00e0 FRNIX m\u00eame si [&hellip;]<\/p>\n","protected":false},"author":26,"featured_media":0,"parent":304,"menu_order":29,"comment_status":"closed","ping_status":"closed","template":"","meta":{"footnotes":""},"hf_cat_page":[],"class_list":["post-308","page","type-page","status-publish","hentry"],"aioseo_notices":[],"_links":{"self":[{"href":"https:\/\/frnix.org\/it\/wp-json\/wp\/v2\/pages\/308","targetHints":{"allow":["GET"]}}],"collection":[{"href":"https:\/\/frnix.org\/it\/wp-json\/wp\/v2\/pages"}],"about":[{"href":"https:\/\/frnix.org\/it\/wp-json\/wp\/v2\/types\/page"}],"author":[{"embeddable":true,"href":"https:\/\/frnix.org\/it\/wp-json\/wp\/v2\/users\/26"}],"replies":[{"embeddable":true,"href":"https:\/\/frnix.org\/it\/wp-json\/wp\/v2\/comments?post=308"}],"version-history":[{"count":0,"href":"https:\/\/frnix.org\/it\/wp-json\/wp\/v2\/pages\/308\/revisions"}],"up":[{"embeddable":true,"href":"https:\/\/frnix.org\/it\/wp-json\/wp\/v2\/pages\/304"}],"wp:attachment":[{"href":"https:\/\/frnix.org\/it\/wp-json\/wp\/v2\/media?parent=308"}],"wp:term":[{"taxonomy":"hf_cat_page","embeddable":true,"href":"https:\/\/frnix.org\/it\/wp-json\/wp\/v2\/hf_cat_page?post=308"}],"curies":[{"name":"wp","href":"https:\/\/api.w.org\/{rel}","templated":true}]}}