{"id":310,"date":"2023-11-05T19:29:16","date_gmt":"2023-11-05T18:29:16","guid":{"rendered":"https:\/\/frnix.org\/?page_id=310"},"modified":"2026-04-29T11:10:48","modified_gmt":"2026-04-29T09:10:48","slug":"liens-utiles","status":"publish","type":"page","link":"https:\/\/frnix.org\/it\/ressources\/liens-utiles\/","title":{"rendered":"Link utili"},"content":{"rendered":"<div data-elementor-type=\"wp-page\" data-elementor-id=\"310\" class=\"elementor elementor-310\" data-elementor-post-type=\"page\">\n\t\t\t\t<div class=\"elementor-element elementor-element-16f012b e-flex e-con-boxed e-con e-parent\" data-id=\"16f012b\" data-element_type=\"container\" data-e-type=\"container\" data-settings=\"{&quot;background_background&quot;:&quot;classic&quot;,&quot;shape_divider_bottom&quot;:&quot;curve&quot;,&quot;shape_divider_bottom_negative&quot;:&quot;yes&quot;}\">\n\t\t\t\t\t<div class=\"e-con-inner\">\n\t\t\t\t<div class=\"elementor-shape elementor-shape-bottom\" aria-hidden=\"true\" data-negative=\"true\">\n\t\t\t<svg xmlns=\"http:\/\/www.w3.org\/2000\/svg\" viewbox=\"0 0 1000 100\" preserveaspectratio=\"none\">\n\t<path class=\"elementor-shape-fill\" d=\"M500,97C126.7,96.3,0.8,19.8,0,0v100l1000,0V1C1000,19.4,873.3,97.8,500,97z\"\/>\n<\/svg>\t\t<\/div>\n\t\t\t\t<div class=\"elementor-element elementor-element-b194bd1 elementor-widget elementor-widget-heading\" data-id=\"b194bd1\" data-element_type=\"widget\" data-e-type=\"widget\" data-widget_type=\"heading.default\">\n\t\t\t\t\t<h1 class=\"elementor-heading-title elementor-size-default\">Link utili<\/h1>\t\t\t\t<\/div>\n\t\t\t\t\t<\/div>\n\t\t\t\t<\/div>\n\t\t<div class=\"elementor-element elementor-element-b9e6bdc e-flex e-con-boxed e-con e-parent\" data-id=\"b9e6bdc\" data-element_type=\"container\" data-e-type=\"container\">\n\t\t\t\t\t<div class=\"e-con-inner\">\n\t\t\t\t<div class=\"elementor-element elementor-element-b39dd34 elementor-widget elementor-widget-text-editor\" data-id=\"b39dd34\" data-element_type=\"widget\" data-e-type=\"widget\" data-widget_type=\"text-editor.default\">\n\t\t\t\t\t\t\t\t\t<h3>I nostri articoli di approfondimento<\/h3><ul style=\"margin-bottom: 1.5rem;\"><li><a title=\"Articolo: Perch\u00e9 gli IXP sono importanti: le infrastrutture critiche al di l\u00e0 del clamore\" href=\"https:\/\/frnix.org\/it\/pourquoi-les-ixp-sont-importants\/\"><strong>Perch\u00e9 gli IXP sono importanti<\/strong> Infrastrutture critiche: oltre il clamore<\/a><\/li><li><a title=\"Articolo: Sicurezza del routing di rete e adozione di RPKI\" href=\"https:\/\/frnix.org\/it\/securite-du-routage-reseau-et-adoption-de-rpki\/\"><strong>Sicurezza<\/strong> routing di rete e adozione di <strong>RPKI<\/strong><\/a><\/li><li><a title=\"Articolo: Mappa degli IXP in Francia\" href=\"https:\/\/frnix.org\/it\/carte-des-ixp-sur-le-territoire-francais\/\"><strong>Mappa IXP<\/strong> in Francia<\/a><\/li><li><a href=\"https:\/\/frnix.org\/it\/ressources\/idees-recues\/\"><strong>Idee ricevute<\/strong> sul peering<\/a><\/li><li><a title=\"Articolo: L&#039;iperconcentrazione delle ASN\" href=\"https:\/\/frnix.org\/it\/ressources\/article-lhyper-concentration-des-asn\/\"><strong>Radiografia dell'Internet francese<\/strong> L'iperconcentrazione delle ASN e l'urgenza del decentramento<\/a><\/li><\/ul><h4>Ecco alcuni link utili... non esitate a suggerirne di nuovi!<\/h4><h3>Strumenti<strong> rete<\/strong><\/h3><ul><li><strong>AKVORADO <\/strong>: <a href=\"https:\/\/github.com\/akvorado\/akvorado\" target=\"_blank\" rel=\"noopener external\">https:\/\/github.com\/akvorado\/akvorado<\/a><\/li><li><strong>Strumenti di ricerca ASN <\/strong>: <a href=\"https:\/\/securitytrails.com\/blog\/asn-lookup\" target=\"_blank\" rel=\"noopener external\">https:\/\/securitytrails.com\/blog\/asn-lookup<\/a><\/li><li><strong>ASRank\u00a0<\/strong>: <a href=\"https:\/\/asrank.caida.org\/\" target=\"_blank\" rel=\"noopener external\">https:\/\/asrank.caida.org\/<\/a><\/li><li><strong>Strumenti BGP <\/strong>: <a href=\"https:\/\/bgp.tools\/\" target=\"_blank\" rel=\"noopener external\">https:\/\/bgp.tools\/<\/a><\/li><li><strong>BGPview <\/strong>:\u00a0<a href=\"https:\/\/bgpview.io\/\" target=\"_blank\" rel=\"noopener\">https:\/\/bgpview.io\/<\/a><\/li><li><strong>database ftp\u00a0<\/strong>:\u00a0<a href=\"http:\/\/ftp.rezopole.net\/\" target=\"_blank\" rel=\"noopener\">http:\/\/ftp.rezopole.net<\/a><\/li><li><strong>Strumenti BGP <\/strong>: <a href=\"https:\/\/www.bizety.com\/2022\/12\/19\/open-source-bgp-tools-overview\/\" target=\"_blank\" rel=\"noopener external\">https:\/\/www.bizety.com\/2022\/12\/19\/open-source-bgp-tools-overview\/<\/a><\/li><li><strong>Mappa IXP <\/strong>(Telegeografia) :\u00a0<a href=\"https:\/\/www.internetexchangemap.com\" target=\"_blank\" rel=\"noopener external\">https:\/\/www.internetexchangemap.com<\/a><\/li><li><strong>Rapporto IXP<\/strong>(PCH) :\u00a0<a href=\"https:\/\/www.pch.net\/ixp\/summary\" target=\"_blank\" rel=\"noopener external\">https:\/\/www.pch.net\/ixp\/summary<\/a><\/li><li><strong>IXP da zero <\/strong>: <a href=\"https:\/\/labs.ripe.net\/author\/liske\/ixp-from-scratch-building-a-new-ix\/?s=09\" target=\"_blank\" rel=\"noopener external\">https:\/\/labs.ripe.net\/author\/liske\/ixp-from-scratch-building-a-new-ix\/?s=09<\/a><\/li><li><strong>Inflettere\u00a0<\/strong>:\u00a0<a href=\"https:\/\/inflect.com\/as\/43100\" target=\"_blank\" rel=\"noopener\">https:\/\/inflect.com\/as\/43100<\/a><\/li><li><strong>BGP \u00e8 sicuro <\/strong>: <a href=\"https:\/\/isbgpsafeyet.com\/\" target=\"_blank\" rel=\"noopener external\">https:\/\/isbgpsafeyet.com\/<\/a><\/li><li><strong>Latenza <\/strong>: <a href=\"https:\/\/observablehq.com\/@ripencc\/atlas-latency-worldmap\" target=\"_blank\" rel=\"noopener external\">https:\/\/observablehq.com\/@ripencc\/atlas-latency-worldmap<\/a><\/li><li><strong>O su un altro ASN <\/strong>: <a href=\"https:\/\/ipinfo.io\/AS43100\" target=\"_blank\" rel=\"noopener external\">https:\/\/ipinfo.io\/AS43100<\/a><\/li><li><strong>PeeringDB <\/strong>: <a href=\"https:\/\/peeringdb.com\" target=\"_blank\" rel=\"noopener external\">https:\/\/peeringdb.com<\/a><\/li><li><strong>PeeringToolBox <\/strong>:\u00a0<a href=\"https:\/\/www.peeringtoolbox.net\/fr\/peering-database\" target=\"_blank\" rel=\"noopener external\">https:\/\/www.peeringtoolbox.net\/fr\/peering-database<\/a><\/li><li><strong>Potaroo <\/strong>: <a href=\"https:\/\/bgp.potaroo.net\/cidr\/autnums.html\" target=\"_blank\" rel=\"noopener external\">https:\/\/bgp.potaroo.net\/cidr\/autnums.html<\/a><\/li><li><strong>Progetti Route Views <\/strong>: <a href=\"https:\/\/www.routeviews.org\/routeviews\/\" target=\"_blank\" rel=\"noopener external\">https:\/\/www.routeviews.org\/routeviews\/<\/a><\/li><li><strong>Propagazione DNS <\/strong>: <a href=\"https:\/\/dnschecker.org\" target=\"_blank\" rel=\"noopener external\">https:\/\/dnschecker.org<\/a><\/li><li><strong>RIPEstat <\/strong>: <a href=\"https:\/\/stat.ripe.net\/\" target=\"_blank\" rel=\"noopener external\">https:\/\/stat.ripe.net\/<\/a><\/li><li><strong>Robtex\u00a0<\/strong>:\u00a0<a href=\"https:\/\/www.robtex.com\/asmacro\/AS-RAIN.html\" target=\"_blank\" rel=\"noopener\">https:\/\/www.robtex.com\/asmacro\/AS-RAIN.html<\/a><\/li><li class=\"translation-block\"><strong>Test del flusso Nperf <\/strong>: <a href=\"https:\/\/www.nperf.com\/fr\/?sp=428\" target=\"_blank\" rel=\"noopener noreferrer nofollow\">https:\/\/www.nperf.com\/fr\/?sp=428<\/a><\/li><li class=\"translation-block\"><strong>Tutto quello che c'\u00e8 da sapere su un ASN<\/strong>: <a href=\"https:\/\/whois.ipip.net\/AS43100\" target=\"_blank\" rel=\"noopener noreferrer nofollow\">https:\/\/whois.ipip.net\/AS43100<\/a><\/li><li><strong>Whosis IXP <\/strong>:\u00a0<a href=\"https:\/\/whois.ipip.net\/\">https:\/\/whois.ipip.net<\/a><\/li><\/ul><h3>\u00a0Soluzioni commerciali :<\/h3><ul><li><strong>BENOCS :<\/strong> <a href=\"https:\/\/www.benocs.com\" target=\"_blank\" rel=\"noopener external\">https:\/\/www.benocs.com<\/a><\/li><li><strong>Lablabee :<\/strong> <a href=\"https:\/\/www.lablabee.com\/\" target=\"_blank\" rel=\"noopener external\">https:\/\/www.lablabee.com\/<\/a><\/li><\/ul><div><h3>Associazioni francesi :<\/h3><ul><li><strong>ACSEL: Associazione per il Commercio e i Servizi in Rete :<\/strong> <a href=\"https:\/\/www.acsel.eu\/\" target=\"_blank\" rel=\"noopener external\">https:\/\/www.acsel.eu\/<\/a><\/li><li><strong>AFNum: AFNum \u00e8 l'associazione digitale francese:<\/strong> <a href=\"https:\/\/www.afnum.fr\/\" target=\"_blank\" rel=\"noopener external\">https:\/\/www.afnum.fr\/<\/a><\/li><li><strong>AGIT : Alliance Green IT :<\/strong> <a href=\"https:\/\/alliancegreenit.org\/\" target=\"_blank\" rel=\"noopener external\">https:\/\/alliancegreenit.org\/<\/a><\/li><li><strong>AOTA Associazione degli operatori alternativi di telecomunicazioni:<\/strong> <a href=\"https:\/\/www.aota.fr\/\" target=\"_blank\" rel=\"noopener external\">https:\/\/www.aota.fr\/<\/a><\/li><li><strong>Acad\u00e9mie Technologies :<\/strong> <a href=\"https:\/\/www.academie-technologies.fr\/\" target=\"_blank\" rel=\"noopener external\">https:\/\/www.academie-technologies.fr\/<\/a><\/li><li><strong>AlternativeTelecom :<\/strong> <a href=\"https:\/\/www.alternativetelecom.fr\/\" target=\"_blank\" rel=\"noopener external\">https:\/\/www.alternativetelecom.fr\/<\/a><\/li><li><strong>Avicca: Association des Villes et Collectivit\u00e9s pour les Communications \u00e9lectroniques et l'Audiovisuel:<\/strong> <a href=\"https:\/\/www.avicca.org\/\" target=\"_blank\" rel=\"noopener external\">https:\/\/www.avicca.org\/<\/a><\/li><li><strong>Lega digitale :<\/strong> <a href=\"https:\/\/digital-league.org\" target=\"_blank\" rel=\"noopener external\">https:\/\/digital-league.org<\/a><\/li><li><strong>Euclidia :<\/strong> <a href=\"https:\/\/www.euclidia.eu\/\" target=\"_blank\" rel=\"noopener external\">https:\/\/www.euclidia.eu\/<\/a><\/li><li><strong>FFT F\u00e9d\u00e9ration Fran\u00e7aise des T\u00e9l\u00e9com :<\/strong> <a href=\"https:\/\/www.fftelecoms.org\" target=\"_blank\" rel=\"noopener external\">https:\/\/www.fftelecoms.org<\/a><\/li><li><strong>FIEEC: F\u00e9d\u00e9ration des Industries Electriques, Electroniques et de Communication :<\/strong> <a href=\"https:\/\/www.fieec.fr\/\" target=\"_blank\" rel=\"noopener external\">https:\/\/www.fieec.fr\/<\/a><\/li><li><strong>FR-Nog: Gruppo operatori di rete francese :<\/strong> <a href=\"https:\/\/www.frnog.org\" target=\"_blank\" rel=\"noopener external\">https:\/\/www.frnog.org<\/a><\/li><li><strong>Francia Datacenter :<\/strong> <a href=\"https:\/\/www.francedatacenter.com\/\" target=\"_blank\" rel=\"noopener external\">https:\/\/www.francedatacenter.com\/<\/a><\/li><li><strong>Hexatrust :<\/strong> <a href=\"https:\/\/www.hexatrust.com\" target=\"_blank\" rel=\"noopener external\">https:\/\/www.hexatrust.com<\/a><\/li><li><strong>Infranum :<\/strong> <a href=\"https:\/\/infranum.fr\/\" target=\"_blank\" rel=\"noopener external\">https:\/\/infranum.fr\/<\/a><\/li><li><strong>Istituto Num\u00e9rique Responsabile :<\/strong> <a href=\"https:\/\/institutnr.org\/\" target=\"_blank\" rel=\"noopener external\">https:\/\/institutnr.org\/<\/a><\/li><li><strong>Numeum :<\/strong> <a href=\"https:\/\/numeum.fr\/en\" target=\"_blank\" rel=\"noopener external\">https:\/\/numeum.fr\/en<\/a><\/li><li><strong>Ofitem: Associazione francese degli operatori di infrastrutture di telefonia mobile:<\/strong> <a href=\"https:\/\/ofitem.fr\/\" target=\"_blank\" rel=\"noopener external\">https:\/\/ofitem.fr\/<\/a><\/li><li><strong>Quadratura della rete :<\/strong> <a href=\"https:\/\/www.laquadrature.net\/\" target=\"_blank\" rel=\"noopener external\">https:\/\/www.laquadrature.net\/<\/a><\/li><li><strong>ADIRA AURA Regione :<\/strong> <a href=\"https:\/\/www.adira.org\/\" target=\"_blank\" rel=\"noopener external\">https:\/\/www.adira.org\/<\/a><\/li><li><strong>Regione PACA CIP :<\/strong> <a href=\"https:\/\/www.cip-paca.org\/\" target=\"_blank\" rel=\"noopener external\">https:\/\/www.cip-paca.org\/<\/a><\/li><li><strong>CRIP Regione Francia :<\/strong> <a href=\"https:\/\/www.crip-asso.fr\" target=\"_blank\" rel=\"noopener external\">https:\/\/www.crip-asso.fr<\/a><\/li><li><strong>SYCABEL: Sindacato professionale dei costruttori di fili e cavi elettrici e di comunicazione:<\/strong> <a href=\"https:\/\/www.sycabel.com\/\" target=\"_blank\" rel=\"noopener external\">https:\/\/www.sycabel.com\/<\/a><\/li><li><strong>Teratec :<\/strong> <a href=\"https:\/\/www.teratec.eu\/\" target=\"_blank\" rel=\"noopener external\">https:\/\/www.teratec.eu\/<\/a><\/li><\/ul><h3>Associazioni internazionali :<\/h3><ul><li><strong>CISPE: fornitori di servizi di infrastruttura cloud in Europa :<\/strong> <a href=\"https:\/\/cispe.cloud\/\" target=\"_blank\" rel=\"noopener external\">https:\/\/cispe.cloud\/<\/a><\/li><li><strong>DigitalEurope :<\/strong> <a href=\"https:\/\/www.digitaleurope.org\/\" target=\"_blank\" rel=\"noopener external\">https:\/\/www.digitaleurope.org\/<\/a><\/li><li><strong>EUDCA :<\/strong> <a href=\"https:\/\/eudca.org\" target=\"_blank\" rel=\"noopener external\">https:\/\/eudca.org<\/a><\/li><li><strong>Euro IX :<\/strong> <a href=\"https:\/\/euro-ix.net\" target=\"_blank\" rel=\"noopener external\">https:\/\/euro-ix.net<\/a><\/li><li><strong>EuroCloud :<\/strong> <a href=\"https:\/\/eurocloud.fr\" target=\"_blank\" rel=\"noopener external\">https:\/\/eurocloud.fr<\/a><\/li><li><strong>EuropaCloudAlliance :<\/strong> <a href=\"https:\/\/www.europeancloudalliance.com\/\" target=\"_blank\" rel=\"noopener external\">https:\/\/www.europeancloudalliance.com\/<\/a><\/li><li><strong>Gaia-X :<\/strong> <a href=\"https:\/\/gaia-x.eu\/\" target=\"_blank\" rel=\"noopener external\">https:\/\/gaia-x.eu\/<\/a><\/li><li><strong>ISOC Societ\u00e0 Internet :<\/strong> <a href=\"https:\/\/www.internetsociety.org\" target=\"_blank\" rel=\"noopener external\">https:\/\/www.internetsociety.org<\/a><\/li><li><strong>Apertura IX :<\/strong>\u00a0<a href=\"https:\/\/www.oix.org\/\" target=\"_blank\" rel=\"noopener external\">https:\/\/www.oix.org\/<\/a><\/li><li><strong>Progetto Openinternet pro Associazione europea :<\/strong> <a href=\"https:\/\/www.openinternetproject.eu\/\" target=\"_blank\" rel=\"noopener external\">https:\/\/www.openinternetproject.eu\/<\/a><\/li><\/ul><h3><strong>Suite collaborative e strumenti per l'ufficio<\/strong><\/h3><ul><li><a href=\"https:\/\/www.libreoffice.org\/\" target=\"_blank\" rel=\"noopener\"><strong>LibreOffice<\/strong><\/a> <img decoding=\"async\" src=\"https:\/\/www.drapeauxdespays.fr\/data\/org\/h24\/eu.png\" alt=\"Drapeau europ\u00e9en\" width=\"15px\" \/>Suite per ufficio completa, alternativa a Microsoft Office, multipiattaforma (Windows, macOS, Linux)<\/li><li><a href=\"https:\/\/www.onlyoffice.com\/\" target=\"_blank\" rel=\"noopener\"><strong>SoloUfficio<\/strong><\/a> <img decoding=\"async\" src=\"https:\/\/www.drapeauxdespays.fr\/data\/org\/h24\/eu.png\" alt=\"Drapeau europ\u00e9en\" width=\"15px\" \/>\u00a0Collaborazione d'ufficio online, compatibile con i formati MS Office<\/li><li><a href=\"https:\/\/www.collaboraoffice.com\/\" target=\"_blank\" rel=\"noopener\"><strong>Collabora online<\/strong><\/a> Versione cloud ed enterprise di LibreOffice, integrata con Nextcloud o OwnCloud<\/li><li><strong><a href=\"https:\/\/lasuite.numerique.gouv.fr\/\" target=\"_blank\" rel=\"noopener\">La suite digitale<\/a> <\/strong>\u00a0<img decoding=\"async\" src=\"https:\/\/www.drapeauxdespays.fr\/data\/flags\/h24\/fr.png\" alt=\"Drapeau de la France\" width=\"15px\" \/> Un insieme di strumenti di collaborazione sovrana per le amministrazioni francesi<\/li><\/ul><h3><strong>Cloud, archiviazione e condivisione di file<\/strong><\/h3><ul><li><a href=\"https:\/\/nextcloud.com\/\" target=\"_blank\" rel=\"noopener\"><strong>Nextcloud\u00a0<\/strong><\/a><img decoding=\"async\" src=\"https:\/\/www.drapeauxdespays.fr\/data\/org\/h24\/eu.png\" alt=\"Drapeau europ\u00e9en\" width=\"15px\" \/>\u00a0Piattaforma cloud personale e collaborativa (alternativa a Google Drive, Dropbox, ecc.)<\/li><li><a href=\"https:\/\/www.seafile.com\/\" target=\"_blank\" rel=\"noopener\"><strong>Profilo marino<\/strong><\/a> Soluzione di sincronizzazione e condivisione dei file robusta e self-hosted<\/li><\/ul><h3><strong>Messaggi e agende<\/strong><\/h3><ul><li><a href=\"https:\/\/www.thunderbird.net\/\" target=\"_blank\" rel=\"noopener\"><strong>Thunderbird<\/strong><\/a> Client di posta elettronica gratuito con calendario integrato<\/li><li><a href=\"https:\/\/mailo.com\/\" target=\"_blank\" rel=\"noopener\"><strong>Mailo<\/strong><\/a> <img decoding=\"async\" src=\"https:\/\/www.drapeauxdespays.fr\/data\/flags\/h24\/fr.png\" alt=\"Drapeau de la France\" width=\"15px\" \/>\u00a0: Servizio di posta elettronica francese etico e senza rivendita di dati<\/li><li><a href=\"https:\/\/proton.me\/fr\/mail\" target=\"_blank\" rel=\"noopener\"><strong>ProtonMail<\/strong><\/a>, <a href=\"https:\/\/tutanota.com\/fr\/\" target=\"_blank\" rel=\"noopener\"><strong>Tutanota<\/strong><\/a> <img decoding=\"async\" src=\"https:\/\/www.drapeauxdespays.fr\/data\/org\/h24\/eu.png\" alt=\"Drapeau europ\u00e9en\" width=\"15px\" \/>\u00a0: casseforti europee per e-mail criptate<\/li><li><a href=\"https:\/\/ecomail.fr\/\" target=\"_blank\" rel=\"noopener\"><strong>Ecomail<\/strong><\/a> <img decoding=\"async\" src=\"https:\/\/www.drapeauxdespays.fr\/data\/flags\/h24\/fr.png\" alt=\"Drapeau de la France\" width=\"15px\" \/> : Servizio di posta elettronica francese eco-responsabile 100%<\/li><\/ul><h3><strong>Automazione, flusso di lavoro, integrazione<\/strong><\/h3><ul><li><a href=\"https:\/\/n8n.io\/\" target=\"_blank\" rel=\"noopener\"><strong>n8n\u00a0<\/strong><\/a><img decoding=\"async\" src=\"https:\/\/www.drapeauxdespays.fr\/data\/org\/h24\/eu.png\" alt=\"Drapeau europ\u00e9en\" width=\"15px\" \/>\u00a0Automazione di flussi di dati e API, alternativa open source a Zapier, possibilit\u00e0 di self-hosting<\/li><li><a href=\"https:\/\/www.talaxie.fr\/\" target=\"_blank\" rel=\"noopener\"><strong>Talaxie<\/strong><\/a> <img decoding=\"async\" src=\"https:\/\/www.drapeauxdespays.fr\/data\/flags\/h24\/fr.png\" alt=\"Drapeau de la France\" width=\"15px\" \/> ETL\/gestione dei dati open source per l'integrazione e la trasformazione<\/li><\/ul><h3><strong>Gestione dei documenti<\/strong><\/h3><ul><li><a href=\"https:\/\/www.alfresco.com\/open-source\" target=\"_blank\" rel=\"noopener\"><strong>Comunit\u00e0 Alfresco<\/strong><\/a> o <a href=\"https:\/\/www.nuxeo.com\/fr\/\" target=\"_blank\" rel=\"noopener\"><strong>Nuxeo<\/strong><\/a> <img decoding=\"async\" src=\"https:\/\/www.drapeauxdespays.fr\/data\/flags\/h24\/fr.png\" alt=\"Drapeau de la France\" width=\"15px\" \/> EDM (gestione elettronica dei documenti) open source<\/li><\/ul><h3><strong>Strumenti di collaborazione<\/strong><\/h3><ul><li><a href=\"https:\/\/meet.jit.si\/\" target=\"_blank\" rel=\"noopener\"><strong>Incontro di Jitsi<\/strong><\/a> Videoconferenze gratuite self-hosted (alternativa a Zoom, Teams)<\/li><li><a href=\"https:\/\/mattermost.com\/\" target=\"_blank\" rel=\"noopener\"><strong>Mattermost<\/strong><\/a>, <a href=\"https:\/\/www.rocket.chat\/\" target=\"_blank\" rel=\"noopener\"><strong>Rocket.Chat<\/strong><\/a> Messaggistica istantanea di gruppo, self-hosted (alternativa Slack\/Teams)<\/li><li><a href=\"https:\/\/framateam.org\/\" target=\"_blank\" rel=\"noopener\"><strong>Framateam<\/strong><\/a> <img decoding=\"async\" src=\"https:\/\/www.drapeauxdespays.fr\/data\/flags\/h24\/fr.png\" alt=\"Drapeau de la France\" width=\"15px\" \/> Istanza Mattermost gestita da Framasoft<\/li><li><a href=\"https:\/\/mobilizon.org\/\" target=\"_blank\" rel=\"noopener\"><strong>Mobilizon<\/strong><\/a> <img decoding=\"async\" src=\"https:\/\/www.drapeauxdespays.fr\/data\/flags\/h24\/fr.png\" alt=\"Drapeau de la France\" width=\"15px\" \/> Gestione eventi e registrazioni, federata<\/li><\/ul><h3><strong>Browser web e riservatezza<\/strong><\/h3><ul><li><a href=\"https:\/\/www.mozilla.org\/fr\/firefox\/new\/\" target=\"_blank\" rel=\"noopener\"><strong>Mozilla Firefox<\/strong><\/a> Browser open source e multipiattaforma, leader nella tutela della privacy<\/li><li><a href=\"https:\/\/brave.com\/fr\/\" target=\"_blank\" rel=\"noopener\"><strong>Coraggioso<\/strong><\/a> : browser incentrato sulla privacy<\/li><li><a href=\"https:\/\/www.qwant.com\/\" target=\"_blank\" rel=\"noopener\"><strong>Qwant<\/strong><\/a> <img decoding=\"async\" src=\"https:\/\/www.drapeauxdespays.fr\/data\/flags\/h24\/fr.png\" alt=\"Drapeau de la France\" width=\"15px\" \/>, <a href=\"https:\/\/searx.space\/\" target=\"_blank\" rel=\"noopener\"><strong>SearxNG<\/strong><\/a> <img decoding=\"async\" src=\"https:\/\/www.drapeauxdespays.fr\/data\/org\/h24\/eu.png\" alt=\"Drapeau europ\u00e9en\" width=\"15px\" \/>\u00a0Motori di ricerca europei\/open source con un occhio alla privacy<\/li><\/ul><h3><strong>Sicurezza, gestione degli accessi e crittografia<\/strong><\/h3><ul><li><a href=\"https:\/\/keepassxc.org\/\"><strong>KeePassXC<\/strong><\/a>, <a href=\"https:\/\/bitwarden.com\/\" target=\"_blank\" rel=\"noopener\"><strong>Bitwarden<\/strong><\/a> Gestori di password open source<\/li><li><a href=\"https:\/\/openvpn.net\/\" target=\"_blank\" rel=\"noopener\"><strong>OpenVPN<\/strong><\/a>, <a href=\"https:\/\/www.wireguard.com\/\" target=\"_blank\" rel=\"noopener\"><strong>WireGuard<\/strong><\/a> : VPN open source<\/li><li><a href=\"https:\/\/gnupg.org\/\" target=\"_blank\" rel=\"noopener\"><strong>GnuPG<\/strong><\/a> <img decoding=\"async\" src=\"https:\/\/www.drapeauxdespays.fr\/data\/org\/h24\/eu.png\" alt=\"Drapeau europ\u00e9en\" width=\"15px\" \/>\u00a0Crittografia e firma delle e-mail<\/li><\/ul><h3><strong>Cartografia, grafica, multimedia<\/strong><\/h3><ul><li><a href=\"https:\/\/www.gimp.org\/\" target=\"_blank\" rel=\"noopener\"><strong>GIMP<\/strong><\/a> Ritocco di foto\/immagini, un'alternativa a Photoshop<\/li><li><a href=\"https:\/\/inkscape.org\/fr\/\" target=\"_blank\" rel=\"noopener\"><strong>Inkscape<\/strong><\/a> : Disegno vettoriale, un'alternativa a Illustrator<\/li><li><a href=\"https:\/\/librecad.org\/\" target=\"_blank\" rel=\"noopener\"><strong>LibreCAD<\/strong><\/a> <img decoding=\"async\" src=\"https:\/\/www.drapeauxdespays.fr\/data\/org\/h24\/eu.png\" alt=\"Drapeau europ\u00e9en\" width=\"15px\" \/>\u00a0, <a href=\"https:\/\/qgis.org\/fr\/site\/\" target=\"_blank\" rel=\"noopener\"><strong>QGIS<\/strong><\/a> CAD 2D (disegni tecnici), GIS\/Mapping<\/li><\/ul><h3><strong>Amministrazione di sistema e di rete<\/strong><\/h3><ul><li><a href=\"https:\/\/ocsinventory-ng.org\/\" target=\"_blank\" rel=\"noopener\"><strong>Inventario OCS NG<\/strong><\/a> <img decoding=\"async\" src=\"https:\/\/www.drapeauxdespays.fr\/data\/flags\/h24\/fr.png\" alt=\"Drapeau de la France\" width=\"15px\" \/> Inventario e gestione degli asset IT<\/li><li><a href=\"https:\/\/glpi-project.org\/fr\/\" target=\"_blank\" rel=\"noopener\"><strong>GLPI<\/strong><\/a> <img decoding=\"async\" src=\"https:\/\/www.drapeauxdespays.fr\/data\/flags\/h24\/fr.png\" alt=\"Drapeau de la France\" width=\"15px\" \/> Gestione dei servizi IT e Helpdesk<\/li><\/ul><h3><strong>Prendere appunti<\/strong><\/h3><ul><li><a href=\"https:\/\/joplinapp.org\/\" target=\"_blank\" rel=\"noopener\"><strong>Joplin<\/strong><\/a> <img decoding=\"async\" src=\"https:\/\/www.drapeauxdespays.fr\/data\/flags\/h24\/fr.png\" alt=\"Drapeau de la France\" width=\"15px\" \/> Presa di appunti, sincronizzazione multipiattaforma, open source<\/li><li><a href=\"https:\/\/github.com\/zadam\/trilium\" target=\"_blank\" rel=\"noopener\"><strong>Note di Trilium<\/strong><\/a> <img decoding=\"async\" src=\"https:\/\/www.drapeauxdespays.fr\/data\/org\/h24\/eu.png\" alt=\"Drapeau europ\u00e9en\" width=\"15px\" \/>\u00a0Note gerarchiche con editing ricco e self-hosting<\/li><\/ul><h3><strong>Altri sistemi di riferimento<\/strong><\/h3><ul><li><a href=\"https:\/\/comptoir-du-libre.org\/fr\/\" target=\"_blank\" rel=\"noopener\"><strong>Comptoir du Libre<\/strong><\/a> Directory di software aziendali per il settore pubblico e per settori specifici<\/li><li><strong><a href=\"https:\/\/sill.code.gouv.fr\/\" target=\"_blank\" rel=\"noopener\">SILL<\/a> (Base interministeriale del software open source)<\/strong> : Elenco ufficiale raccomandato per l'amministrazione francese, molto aggiornato.<\/li><li><strong><a href=\"https:\/\/code.gouv.fr\/\" target=\"_blank\" rel=\"noopener\">Cluster open source e digital commons<\/a><\/strong>\u00a0Cataloghi, risorse e supporto per le amministrazioni francesi<\/li><\/ul><p><strong>Nota:<\/strong><br \/>Esistono diverse piattaforme recenti che elencano, verificano e valutano costantemente le soluzioni alternative europee (servizi cloud, sicurezza, lavoro collaborativo, ecc.), tra cui European Alternatives.<\/p><p>Questi strumenti sono disponibili, attivamente sviluppati, robusti e, per la maggior parte, referenziati dal governo francese, dalla comunit\u00e0 open source e dagli attori digitali sovrani.<\/p><\/div>\t\t\t\t\t\t\t\t<\/div>\n\t\t\t\t\t<\/div>\n\t\t\t\t<\/div>\n\t\t\t\t<\/div>","protected":false},"excerpt":{"rendered":"<p>Liens utiles Nos articles de fond Pourquoi les IXP sont importants : les infrastructures critiques au-del\u00e0 du battage m\u00e9diatique S\u00e9curit\u00e9 du routage r\u00e9seau et adoption de RPKI Carte des IXP sur le territoire fran\u00e7ais Id\u00e9es re\u00e7ues sur le peering Radiographie de l&rsquo;Internet fran\u00e7ais : L&rsquo;hyper-concentration des ASN et l&rsquo;urgence de la d\u00e9centralisation Quelques liens utiles&#8230; [&hellip;]<\/p>\n","protected":false},"author":26,"featured_media":0,"parent":304,"menu_order":30,"comment_status":"closed","ping_status":"closed","template":"","meta":{"footnotes":""},"hf_cat_page":[],"class_list":["post-310","page","type-page","status-publish","hentry"],"aioseo_notices":[],"_links":{"self":[{"href":"https:\/\/frnix.org\/it\/wp-json\/wp\/v2\/pages\/310","targetHints":{"allow":["GET"]}}],"collection":[{"href":"https:\/\/frnix.org\/it\/wp-json\/wp\/v2\/pages"}],"about":[{"href":"https:\/\/frnix.org\/it\/wp-json\/wp\/v2\/types\/page"}],"author":[{"embeddable":true,"href":"https:\/\/frnix.org\/it\/wp-json\/wp\/v2\/users\/26"}],"replies":[{"embeddable":true,"href":"https:\/\/frnix.org\/it\/wp-json\/wp\/v2\/comments?post=310"}],"version-history":[{"count":5,"href":"https:\/\/frnix.org\/it\/wp-json\/wp\/v2\/pages\/310\/revisions"}],"predecessor-version":[{"id":26850,"href":"https:\/\/frnix.org\/it\/wp-json\/wp\/v2\/pages\/310\/revisions\/26850"}],"up":[{"embeddable":true,"href":"https:\/\/frnix.org\/it\/wp-json\/wp\/v2\/pages\/304"}],"wp:attachment":[{"href":"https:\/\/frnix.org\/it\/wp-json\/wp\/v2\/media?parent=310"}],"wp:term":[{"taxonomy":"hf_cat_page","embeddable":true,"href":"https:\/\/frnix.org\/it\/wp-json\/wp\/v2\/hf_cat_page?post=310"}],"curies":[{"name":"wp","href":"https:\/\/api.w.org\/{rel}","templated":true}]}}