{"id":22174,"date":"2025-10-31T15:47:49","date_gmt":"2025-10-31T14:47:49","guid":{"rendered":"https:\/\/frnix.org\/?page_id=22174"},"modified":"2025-11-14T19:53:47","modified_gmt":"2025-11-14T18:53:47","slug":"comptes-admins","status":"publish","type":"page","link":"https:\/\/frnix.org\/nl\/comptes-admins\/","title":{"rendered":"Comptes admins"},"content":{"rendered":"<div data-elementor-type=\"wp-page\" data-elementor-id=\"22174\" class=\"elementor elementor-22174\" data-elementor-post-type=\"page\">\n\t\t\t\t<div class=\"elementor-element elementor-element-010eec1 jedv-enabled--yes e-flex e-con-boxed e-con e-parent\" data-id=\"010eec1\" data-element_type=\"container\" data-e-type=\"container\">\n\t\t\t\t\t<div class=\"e-con-inner\">\n\t\t\t\t<div class=\"elementor-element elementor-element-276abe3 elementor-widget elementor-widget-heading\" data-id=\"276abe3\" data-element_type=\"widget\" data-e-type=\"widget\" data-widget_type=\"heading.default\">\n\t\t\t\t\t<h2 class=\"elementor-heading-title elementor-size-default\">Sorry, je hebt geen toegangsrechten voor deze pagina.<\/h2>\t\t\t\t<\/div>\n\t\t\t\t\t<\/div>\n\t\t\t\t<\/div>\n\t\t\t\t<\/div>","protected":false},"excerpt":{"rendered":"<p>D\u00e9sol\u00e9, vous ne disposez pas des droits d&rsquo;acc\u00e8s \u00e0 cette page<\/p>","protected":false},"author":26,"featured_media":0,"parent":0,"menu_order":18,"comment_status":"closed","ping_status":"closed","template":"","meta":{"footnotes":""},"hf_cat_page":[],"class_list":["post-22174","page","type-page","status-publish","hentry"],"aioseo_notices":[],"_links":{"self":[{"href":"https:\/\/frnix.org\/nl\/wp-json\/wp\/v2\/pages\/22174","targetHints":{"allow":["GET"]}}],"collection":[{"href":"https:\/\/frnix.org\/nl\/wp-json\/wp\/v2\/pages"}],"about":[{"href":"https:\/\/frnix.org\/nl\/wp-json\/wp\/v2\/types\/page"}],"author":[{"embeddable":true,"href":"https:\/\/frnix.org\/nl\/wp-json\/wp\/v2\/users\/26"}],"replies":[{"embeddable":true,"href":"https:\/\/frnix.org\/nl\/wp-json\/wp\/v2\/comments?post=22174"}],"version-history":[{"count":1,"href":"https:\/\/frnix.org\/nl\/wp-json\/wp\/v2\/pages\/22174\/revisions"}],"predecessor-version":[{"id":23023,"href":"https:\/\/frnix.org\/nl\/wp-json\/wp\/v2\/pages\/22174\/revisions\/23023"}],"wp:attachment":[{"href":"https:\/\/frnix.org\/nl\/wp-json\/wp\/v2\/media?parent=22174"}],"wp:term":[{"taxonomy":"hf_cat_page","embeddable":true,"href":"https:\/\/frnix.org\/nl\/wp-json\/wp\/v2\/hf_cat_page?post=22174"}],"curies":[{"name":"wp","href":"https:\/\/api.w.org\/{rel}","templated":true}]}}