{"id":25972,"date":"2026-03-17T15:38:39","date_gmt":"2026-03-17T14:38:39","guid":{"rendered":"https:\/\/frnix.org\/?page_id=25972"},"modified":"2026-04-09T17:48:47","modified_gmt":"2026-04-09T15:48:47","slug":"idees-recues","status":"publish","type":"page","link":"https:\/\/frnix.org\/nl\/ressources\/idees-recues\/","title":{"rendered":"Id\u00e9es Re\u00e7ues"},"content":{"rendered":"<div data-elementor-type=\"wp-page\" data-elementor-id=\"25972\" class=\"elementor elementor-25972\" data-elementor-post-type=\"page\">\n\t\t\t\t<div class=\"elementor-element elementor-element-ffe5795 e-flex e-con-boxed e-con e-parent\" data-id=\"ffe5795\" data-element_type=\"container\" data-e-type=\"container\">\n\t\t\t\t\t<div class=\"e-con-inner\">\n\t\t<div class=\"elementor-element elementor-element-2aeef6a e-grid e-con-full e-con e-child\" data-id=\"2aeef6a\" data-element_type=\"container\" data-e-type=\"container\">\n\t\t\t\t<\/div>\n\t\t\t\t\t<\/div>\n\t\t\t\t<\/div>\n\t\t<div class=\"elementor-element elementor-element-b6a05db e-flex e-con-boxed e-con e-parent\" data-id=\"b6a05db\" data-element_type=\"container\" data-e-type=\"container\">\n\t\t\t\t\t<div class=\"e-con-inner\">\n\t\t<div class=\"elementor-element elementor-element-1eddbed e-con-full e-flex e-con e-child\" data-id=\"1eddbed\" data-element_type=\"container\" data-e-type=\"container\">\n\t\t\t\t<div class=\"elementor-element elementor-element-e3331c6 elementor-widget-laptop__width-initial elementor-widget elementor-widget-heading\" data-id=\"e3331c6\" data-element_type=\"widget\" data-e-type=\"widget\" data-widget_type=\"heading.default\">\n\t\t\t\t\t<h1 class=\"elementor-heading-title elementor-size-default\">Vaak voorkomende misvattingen over peering<\/h1>\t\t\t\t<\/div>\n\t\t\t\t<\/div>\n\t\t\t\t\t<\/div>\n\t\t\t\t<\/div>\n\t\t<div class=\"elementor-element elementor-element-cb8b6c0 e-flex e-con-boxed e-con e-parent\" data-id=\"cb8b6c0\" data-element_type=\"container\" data-e-type=\"container\">\n\t\t\t\t\t<div class=\"e-con-inner\">\n\t\t<div class=\"elementor-element elementor-element-962edcd e-con-full e-flex e-con e-child\" data-id=\"962edcd\" data-element_type=\"container\" data-e-type=\"container\">\n\t\t\t\t<div class=\"elementor-element elementor-element-95ae2ee elementor-widget elementor-widget-text-editor\" data-id=\"95ae2ee\" data-element_type=\"widget\" data-e-type=\"widget\" data-widget_type=\"text-editor.default\">\n\t\t\t\t\t\t\t\t\t<h2 style=\"font-size: 2rem;\">\u00abPeering is alleen voor de grote operators en de GAFAMs. Mijn netwerk is te klein om ervan te profiteren.\u00bb<\/h2><p><i>Dit is een van de meest voorkomende misvattingen! De realiteit is veel genuanceerder en inclusiever.<\/i><\/p><p class=\"MdParagraph\"><span style=\"font-family: 'Lato',sans-serif;\">Internet Exchange Points (IXP's) zijn neutrale marktplaatsen waar netwerken van <span class=\"MdStrong\">alle maten<\/span> samenkomen. Voor een regionale ISP, een start-up, een hostingbedrijf of een opkomende contentprovider is een verbinding met een IXP een formidabele versneller. In plaats van te vertrouwen op \u00e9\u00e9n of twee dure transits, kan \u00e9\u00e9n enkele poort op een IXP honderden directe routes naar andere netwerken openen.<\/span><\/p><p>Het resultaat? Lagere latentie, gecontroleerde bandbreedtekosten en meer veerkracht. Peering is geen kwestie van grootte, maar van strategie. Het gaat erom content dichter bij de gebruikers te brengen en daar profiteert iedereen in het ecosysteem van.<\/p>\t\t\t\t\t\t\t\t<\/div>\n\t\t\t\t<\/div>\n\t\t<div class=\"elementor-element elementor-element-8775a2f e-con-full e-flex e-con e-child\" data-id=\"8775a2f\" data-element_type=\"container\" data-e-type=\"container\" data-settings=\"{&quot;background_background&quot;:&quot;classic&quot;}\">\n\t\t\t\t<div class=\"elementor-element elementor-element-869cc2a elementor-widget elementor-widget-text-editor\" data-id=\"869cc2a\" data-element_type=\"widget\" data-e-type=\"widget\" data-widget_type=\"text-editor.default\">\n\t\t\t\t\t\t\t\t\t<p style=\"text-align: left;\">Ik doe mee aan aPEERo om meer te weten te komen over de betrokken spelers<\/p>\t\t\t\t\t\t\t\t<\/div>\n\t\t<div class=\"elementor-element elementor-element-7d74dfc e-flex e-con-boxed e-con e-child\" data-id=\"7d74dfc\" data-element_type=\"container\" data-e-type=\"container\">\n\t\t\t\t\t<div class=\"e-con-inner\">\n\t\t\t\t<div class=\"elementor-element elementor-element-dba75b5 elementor-align-center elementor-widget__width-initial elementor-widget elementor-widget-button\" data-id=\"dba75b5\" data-element_type=\"widget\" data-e-type=\"widget\" data-widget_type=\"button.default\">\n\t\t\t\t\t\t\t\t\t\t<a class=\"elementor-button elementor-button-link elementor-size-sm\" href=\"https:\/\/frnix.org\/nl\/activites\/\">\n\t\t\t\t\t\t<span class=\"elementor-button-content-wrapper\">\n\t\t\t\t\t\t\t\t\t<span class=\"elementor-button-text\">Ik wil me inschrijven voor de aPEERo<\/span>\n\t\t\t\t\t<\/span>\n\t\t\t\t\t<\/a>\n\t\t\t\t\t\t\t\t<\/div>\n\t\t\t\t<div class=\"elementor-element elementor-element-6b66439 elementor-align-center elementor-widget__width-initial elementor-widget elementor-widget-button\" data-id=\"6b66439\" data-element_type=\"widget\" data-e-type=\"widget\" data-widget_type=\"button.default\">\n\t\t\t\t\t\t\t\t\t\t<a class=\"elementor-button elementor-button-link elementor-size-sm\" href=\"https:\/\/frnix.org\/nl\/a-propos\/adherer-a-l-association\/\">\n\t\t\t\t\t\t<span class=\"elementor-button-content-wrapper\">\n\t\t\t\t\t\t\t\t\t<span class=\"elementor-button-text\">Ik abonneer me<\/span>\n\t\t\t\t\t<\/span>\n\t\t\t\t\t<\/a>\n\t\t\t\t\t\t\t\t<\/div>\n\t\t\t\t\t<\/div>\n\t\t\t\t<\/div>\n\t\t\t\t<\/div>\n\t\t\t\t\t<\/div>\n\t\t\t\t<\/div>\n\t\t<div class=\"elementor-element elementor-element-85268ae e-flex e-con-boxed e-con e-parent\" data-id=\"85268ae\" data-element_type=\"container\" data-e-type=\"container\">\n\t\t\t\t\t<div class=\"e-con-inner\">\n\t\t\t\t<div class=\"elementor-element elementor-element-5be4706 elementor-widget elementor-widget-text-editor\" data-id=\"5be4706\" data-element_type=\"widget\" data-e-type=\"widget\" data-widget_type=\"text-editor.default\">\n\t\t\t\t\t\t\t\t\t<h2 style=\"font-size: 2rem;\">\u00abPeering is gratis, het is een uitwisseling van verkeer zonder facturering.\u00bb<\/h2><p><em>Pas op voor verwarring! Hoewel het basisprincipe van peering vaak \u00absettlement-free\u00bb is (zonder financi\u00eble verrekening tussen de twee netwerken), is het niet zonder kosten.<\/em><\/p><p>\u00abSettlement-free\u00bb betekent dat netwerken die met elkaar peeren overeenkomen om elkaar geen kosten aan te rekenen voor het uitgewisselde verkeer. Het is een wederzijds voordelige overeenkomst, gebaseerd op het principe dat de uitwisseling van verkeer min of meer in evenwicht is.<\/p><p>Er moet echter rekening worden gehouden met infrastructuurkosten:<\/p><ul><li><strong>De poort op de IXP<\/strong> Uw fysieke verbinding met het exchange platform heeft kosten.<\/li><li><strong>Transport<\/strong> Uw verkeer moet worden omgeleid naar de IXP, wat glasvezel- of circuitkosten met zich meebrengt.<\/li><li><strong>De apparatuur<\/strong> De routers en andere apparatuur die nodig zijn voor het beheren van peering-sessies vormen een investering.<\/li><\/ul><p>Peering is daarom niet \u00abgratis\u00bb, maar het is een strategische investering. Het is de bedoeling dat de besparingen op de aankoop van IP-transit en de verbeterde prestaties deze infrastructuurkosten ruimschoots compenseren.<\/p>\t\t\t\t\t\t\t\t<\/div>\n\t\t\t\t\t<\/div>\n\t\t\t\t<\/div>\n\t\t<div class=\"elementor-element elementor-element-12b12cc e-flex e-con-boxed e-con e-parent\" data-id=\"12b12cc\" data-element_type=\"container\" data-e-type=\"container\">\n\t\t\t\t\t<div class=\"e-con-inner\">\n\t\t<div class=\"elementor-element elementor-element-5ba78c5 e-con-full e-flex e-con e-child\" data-id=\"5ba78c5\" data-element_type=\"container\" data-e-type=\"container\">\n\t\t\t\t<div class=\"elementor-element elementor-element-12f99c1 elementor-widget elementor-widget-text-editor\" data-id=\"12f99c1\" data-element_type=\"widget\" data-e-type=\"widget\" data-widget_type=\"text-editor.default\">\n\t\t\t\t\t\t\t\t\t<h2 style=\"font-size: 2rem;\">\u00abPeering is te complex. BGP configureren is een nachtmerrie en ik loop het risico mijn netwerk te destabiliseren.\u00bb<\/h2><p><em>De reputatie van BGP (Border Gateway Protocol) gaat er vaak aan vooraf. Maar vandaag de dag is deze angst niet langer gerechtvaardigd.<\/em><\/p><p>BGP is het protocol dat het internet laat werken en zoals elk krachtig hulpmiddel moet het worden beheerst. Het IXP-ecosysteem heeft de toepassing ervan echter sterk vereenvoudigd:<\/p><ul><li><strong>Route Servers<\/strong> Dit is de sleutel! In plaats van honderden individuele BGP-sessies op te zetten met elk IXP-lid, kunt u \u00e9\u00e9n enkele sessie opzetten met de IXP Route Server. De IXP Route Server propageert uw routes naar alle andere aangesloten leden (en omgekeerd). Dit bespaart tijd en vermindert de complexiteit drastisch.<\/li><li><strong>Meer controle<\/strong> BGP geeft je niet minder controle, maar juist meer! Je kunt een zeer fijnmazig routeringsbeleid defini\u00ebren om precies te bepalen waar je verkeer naartoe moet gaan, waardoor de prestaties en veerkracht worden geoptimaliseerd.<\/li><li><strong>Gemeenschap en ondersteuning<\/strong> IXP's zijn gemeenschappen. Er zijn talloze tutorials en trainingen beschikbaar om je te helpen je vaardigheden te verbeteren. Neem deel aan onze BGP-workshops die zijn opgezet en worden gegeven door erkende specialisten.<\/li><\/ul><p>Wees niet bang voor BGP! Het is je beste bondgenoot voor een succesvolle peeringstrategie.<\/p>\t\t\t\t\t\t\t\t<\/div>\n\t\t\t\t<\/div>\n\t\t<div class=\"elementor-element elementor-element-24d7edb e-con-full e-flex e-con e-child\" data-id=\"24d7edb\" data-element_type=\"container\" data-e-type=\"container\" data-settings=\"{&quot;background_background&quot;:&quot;classic&quot;}\">\n\t\t<div class=\"elementor-element elementor-element-c2451d8 e-con-full e-flex e-con e-child\" data-id=\"c2451d8\" data-element_type=\"container\" data-e-type=\"container\" data-settings=\"{&quot;background_background&quot;:&quot;classic&quot;}\">\n\t\t\t\t<div class=\"elementor-element elementor-element-d368ae1 elementor-widget elementor-widget-text-editor\" data-id=\"d368ae1\" data-element_type=\"widget\" data-e-type=\"widget\" data-widget_type=\"text-editor.default\">\n\t\t\t\t\t\t\t\t\t<h4><strong>Haal het beste uit je IXP: schrijf je in voor een BGP-workshop<\/strong><\/h4>\t\t\t\t\t\t\t\t<\/div>\n\t\t\t\t<div class=\"elementor-element elementor-element-ad3e4fb elementor-widget elementor-widget-image\" data-id=\"ad3e4fb\" data-element_type=\"widget\" data-e-type=\"widget\" data-widget_type=\"image.default\">\n\t\t\t\t\t\t\t\t\t\t\t\t\t\t\t<img decoding=\"async\" src=\"https:\/\/frnix.org\/wp-content\/uploads\/elementor\/thumbs\/sticker-workshop-bgp-ravvn76lw17139s2xy8kc4k3ho5gtralytf1miu7vg.webp\" title=\"sticker-workshop-bgp\" alt=\"sticker-workshop-bgp\" loading=\"lazy\" \/>\t\t\t\t\t\t\t\t\t\t\t\t\t\t\t<\/div>\n\t\t\t\t<div class=\"elementor-element elementor-element-77e979e elementor-align-center elementor-widget elementor-widget-button\" data-id=\"77e979e\" data-element_type=\"widget\" data-e-type=\"widget\" data-widget_type=\"button.default\">\n\t\t\t\t\t\t\t\t\t\t<a class=\"elementor-button elementor-button-link elementor-size-sm\" href=\"https:\/\/frnix.org\/nl\/activites\/workshops-bgp\/\">\n\t\t\t\t\t\t<span class=\"elementor-button-content-wrapper\">\n\t\t\t\t\t\t<span class=\"elementor-button-icon\">\n\t\t\t\t<svg aria-hidden=\"true\" class=\"e-font-icon-svg e-fas-arrow-right\" viewbox=\"0 0 448 512\" xmlns=\"http:\/\/www.w3.org\/2000\/svg\"><path d=\"M190.5 66.9l22.2-22.2c9.4-9.4 24.6-9.4 33.9 0L441 239c9.4 9.4 9.4 24.6 0 33.9L246.6 467.3c-9.4 9.4-24.6 9.4-33.9 0l-22.2-22.2c-9.5-9.5-9.3-25 .4-34.3L311.4 296H24c-13.3 0-24-10.7-24-24v-32c0-13.3 10.7-24 24-24h287.4L190.9 101.2c-9.8-9.3-10-24.8-.4-34.3z\"><\/path><\/svg>\t\t\t<\/span>\n\t\t\t\t\t\t\t\t\t<span class=\"elementor-button-text\">Lees meer<\/span>\n\t\t\t\t\t<\/span>\n\t\t\t\t\t<\/a>\n\t\t\t\t\t\t\t\t<\/div>\n\t\t\t\t<\/div>\n\t\t\t\t<\/div>\n\t\t\t\t\t<\/div>\n\t\t\t\t<\/div>\n\t\t<div class=\"elementor-element elementor-element-47d9ebf e-flex e-con-boxed e-con e-parent\" data-id=\"47d9ebf\" data-element_type=\"container\" data-e-type=\"container\">\n\t\t\t\t\t<div class=\"e-con-inner\">\n\t\t<div class=\"elementor-element elementor-element-3c85d20 e-con-full e-flex e-con e-child\" data-id=\"3c85d20\" data-element_type=\"container\" data-e-type=\"container\" data-settings=\"{&quot;background_background&quot;:&quot;classic&quot;}\">\n\t\t\t\t<div class=\"elementor-element elementor-element-95565f3 elementor-widget elementor-widget-text-editor\" data-id=\"95565f3\" data-element_type=\"widget\" data-e-type=\"widget\" data-widget_type=\"text-editor.default\">\n\t\t\t\t\t\t\t\t\t<p style=\"text-align: center;\"><strong>Ik vind de IXP<br \/>het dichtst bij mij<\/strong><\/p>\t\t\t\t\t\t\t\t<\/div>\n\t\t\t\t<div class=\"elementor-element elementor-element-15619a5 elementor-align-center elementor-widget elementor-widget-button\" data-id=\"15619a5\" data-element_type=\"widget\" data-e-type=\"widget\" data-widget_type=\"button.default\">\n\t\t\t\t\t\t\t\t\t\t<a class=\"elementor-button elementor-button-link elementor-size-sm\" href=\"https:\/\/frnix.org\/nl\/carte-des-ixp-sur-le-territoire-francais\/\">\n\t\t\t\t\t\t<span class=\"elementor-button-content-wrapper\">\n\t\t\t\t\t\t\t\t\t<span class=\"elementor-button-text\">De kaart verkennen<\/span>\n\t\t\t\t\t<\/span>\n\t\t\t\t\t<\/a>\n\t\t\t\t\t\t\t\t<\/div>\n\t\t\t\t<\/div>\n\t\t<div class=\"elementor-element elementor-element-cb8189a e-con-full e-flex e-con e-child\" data-id=\"cb8189a\" data-element_type=\"container\" data-e-type=\"container\">\n\t\t\t\t<div class=\"elementor-element elementor-element-5a2b2ed elementor-widget elementor-widget-text-editor\" data-id=\"5a2b2ed\" data-element_type=\"widget\" data-e-type=\"widget\" data-widget_type=\"text-editor.default\">\n\t\t\t\t\t\t\t\t\t<h2 style=\"font-size: 2rem;\">\u00abPeering kan mijn IP-transit volledig vervangen.\u00bb<\/h2><p><em>Dit is een gevaarlijke simplificatie. Peering en transit zijn geen vijanden, maar essenti\u00eble aanvullingen op een robuuste connectiviteitsstrategie.<\/em><\/p><ul><li>Le <strong>peering<\/strong> geeft je directe toegang tot de netwerken van andere IXP-leden. Het is een directe snelweg naar hun klanten en diensten, zonder tussenpersonen. Het is ideaal voor lokaal verkeer en verkeer met hoge volumes (streaming, gaming, enz.).<\/li><li>Le <strong>IP Doorvoer<\/strong> geeft je toegang tot het hele wereldwijde internet. Je transitprovider heeft al peeringovereenkomsten met duizenden netwerken over de hele wereld. Dit is je weg naar bestemmingen die je niet kunt bereiken via directe peering.<\/li><\/ul><p><br \/>Een peering-only netwerk zou ge\u00efsoleerd zijn, niet in staat om een groot deel van het Internet te bereiken. Omgekeerd zou een netwerk met alleen transit veel betalen voor verkeer dat lokaal tegen lagere kosten en met betere prestaties kan worden uitgewisseld.<\/p><p>De winnende strategie is om peering te gebruiken om het grootste deel van je verkeer te beheren (de beroemde wet van 80\/20 Pareto) en \u00e9\u00e9n of meer transitproviders te behouden voor de rest. Het is de perfecte balans tussen prestaties, kosten en veerkracht.<\/p>\t\t\t\t\t\t\t\t<\/div>\n\t\t\t\t<\/div>\n\t\t\t\t\t<\/div>\n\t\t\t\t<\/div>\n\t\t<div class=\"elementor-element elementor-element-513d5cb e-flex e-con-boxed e-con e-parent\" data-id=\"513d5cb\" data-element_type=\"container\" data-e-type=\"container\">\n\t\t\t\t\t<div class=\"e-con-inner\">\n\t\t<div class=\"elementor-element elementor-element-5923edf e-con-full e-flex e-con e-child\" data-id=\"5923edf\" data-element_type=\"container\" data-e-type=\"container\">\n\t\t\t\t<div class=\"elementor-element elementor-element-7d68dfa elementor-widget elementor-widget-text-editor\" data-id=\"7d68dfa\" data-element_type=\"widget\" data-e-type=\"widget\" data-widget_type=\"text-editor.default\">\n\t\t\t\t\t\t\t\t\t<h2 style=\"font-size: 2rem;\">\u00abEen IXP dient alleen om de bandbreedtekosten te verlagen.\u00bb<\/h2><p><em>Kostenbesparing is een belangrijk voordeel, maar slechts het topje van de ijsberg. Als je een IXP alleen vanuit deze invalshoek bekijkt, mis je de meest fundamentele waarde.<\/em><\/p><p>Een IXP is een kritieke infrastructuur voor de veerkracht en digitale soevereiniteit van een regio. Door het verkeer lokaal te houden, versterkt een IXP het digitale ecosysteem op een aantal manieren:<\/p><ul><li><strong>Veerkracht<\/strong> IXP: Als een onderzeese kabel uitvalt of een grote transitoperator het laat afweten, blijven lokaal gehoste diensten en communicatie tussen lokale gebruikers operationeel dankzij de IXP. Het fungeert als een vangnet voor het nationale internet.<\/li><li><strong>Prestaties<\/strong> IXP: Door de latentie te verlagen, verbetert IXP de gebruikerservaring voor gevoelige toepassingen zoals cloud, online gaming, videoconferenties en telegeneeskunde.<\/li><li><strong>Soevereiniteit<\/strong> Een dynamisch lokaal peering-ecosysteem vermindert de afhankelijkheid van buitenlandse spelers en internationale routes. Het geeft een regio of land meer controle over zijn digitale infrastructuur.<\/li><li><strong>Innovatie<\/strong> IXP's zijn plaatsen waar mensen elkaar ontmoeten en samenwerken om lokale innovatie te stimuleren. Hier worden nieuwe idee\u00ebn en nieuwe diensten geboren.<\/li><\/ul><p><br \/>Door verbinding te maken met een IXP optimaliseert u niet alleen uw kosten. U bouwt actief mee aan een robuuster, sneller en veerkrachtiger internet voor uw gemeenschap.<\/p>\t\t\t\t\t\t\t\t<\/div>\n\t\t\t\t<\/div>\n\t\t<div class=\"elementor-element elementor-element-13e0343 e-con-full e-flex e-con e-child\" data-id=\"13e0343\" data-element_type=\"container\" data-e-type=\"container\" data-settings=\"{&quot;background_background&quot;:&quot;classic&quot;}\">\n\t\t\t\t<div class=\"elementor-element elementor-element-0c6ef02 elementor-align-center elementor-widget elementor-widget-button\" data-id=\"0c6ef02\" data-element_type=\"widget\" data-e-type=\"widget\" data-widget_type=\"button.default\">\n\t\t\t\t\t\t\t\t\t\t<a class=\"elementor-button elementor-button-link elementor-size-sm\" href=\"https:\/\/frnix.org\/nl\/pourquoi-les-ixp-sont-importants\/\">\n\t\t\t\t\t\t<span class=\"elementor-button-content-wrapper\">\n\t\t\t\t\t\t\t\t\t<span class=\"elementor-button-text\">Meer lezen<\/span>\n\t\t\t\t\t<\/span>\n\t\t\t\t\t<\/a>\n\t\t\t\t\t\t\t\t<\/div>\n\t\t\t\t<div class=\"elementor-element elementor-element-32be5b3 elementor-widget elementor-widget-text-editor\" data-id=\"32be5b3\" data-element_type=\"widget\" data-e-type=\"widget\" data-widget_type=\"text-editor.default\">\n\t\t\t\t\t\t\t\t\t<p style=\"text-align: center;\"><span style=\"font-size: 2rem;\">\u201c<\/span>IXP's zijn geen \u00abeenvoudige switches\u00bb. Het zijn interconnectie-commons die openheid, decentralisatie en samenwerking ondersteunen.<span style=\"font-size: 2rem;\">\u201d<\/span><\/p>\t\t\t\t\t\t\t\t<\/div>\n\t\t\t\t<\/div>\n\t\t\t\t\t<\/div>\n\t\t\t\t<\/div>\n\t\t\t\t<\/div>","protected":false},"excerpt":{"rendered":"<p>Id\u00e9es re\u00e7ues sur le peering \u00ab\u00a0Le peering, c&rsquo;est uniquement pour les grands op\u00e9rateurs et les GAFAM. Mon r\u00e9seau est trop petit pour en b\u00e9n\u00e9ficier.\u00a0\u00bb C&rsquo;est l&rsquo;une des fausses croyances les plus r\u00e9pandues ! La r\u00e9alit\u00e9 est bien plus nuanc\u00e9e et inclusive. Les Points d&rsquo;\u00c9change Internet (IXP) sont pr\u00e9cis\u00e9ment des places de march\u00e9 neutres o\u00f9 des [&hellip;]<\/p>\n","protected":false},"author":351,"featured_media":0,"parent":304,"menu_order":0,"comment_status":"closed","ping_status":"closed","template":"","meta":{"footnotes":""},"hf_cat_page":[],"class_list":["post-25972","page","type-page","status-publish","hentry"],"aioseo_notices":[],"_links":{"self":[{"href":"https:\/\/frnix.org\/nl\/wp-json\/wp\/v2\/pages\/25972","targetHints":{"allow":["GET"]}}],"collection":[{"href":"https:\/\/frnix.org\/nl\/wp-json\/wp\/v2\/pages"}],"about":[{"href":"https:\/\/frnix.org\/nl\/wp-json\/wp\/v2\/types\/page"}],"author":[{"embeddable":true,"href":"https:\/\/frnix.org\/nl\/wp-json\/wp\/v2\/users\/351"}],"replies":[{"embeddable":true,"href":"https:\/\/frnix.org\/nl\/wp-json\/wp\/v2\/comments?post=25972"}],"version-history":[{"count":5,"href":"https:\/\/frnix.org\/nl\/wp-json\/wp\/v2\/pages\/25972\/revisions"}],"predecessor-version":[{"id":26344,"href":"https:\/\/frnix.org\/nl\/wp-json\/wp\/v2\/pages\/25972\/revisions\/26344"}],"up":[{"embeddable":true,"href":"https:\/\/frnix.org\/nl\/wp-json\/wp\/v2\/pages\/304"}],"wp:attachment":[{"href":"https:\/\/frnix.org\/nl\/wp-json\/wp\/v2\/media?parent=25972"}],"wp:term":[{"taxonomy":"hf_cat_page","embeddable":true,"href":"https:\/\/frnix.org\/nl\/wp-json\/wp\/v2\/hf_cat_page?post=25972"}],"curies":[{"name":"wp","href":"https:\/\/api.w.org\/{rel}","templated":true}]}}