{"id":26255,"date":"2026-04-09T10:10:47","date_gmt":"2026-04-09T08:10:47","guid":{"rendered":"https:\/\/frnix.org\/?page_id=26255"},"modified":"2026-04-14T18:44:16","modified_gmt":"2026-04-14T16:44:16","slug":"elections-2026","status":"publish","type":"page","link":"https:\/\/frnix.org\/nl\/ressources\/elections-2026\/","title":{"rendered":"Elections 2026"},"content":{"rendered":"<div data-elementor-type=\"wp-page\" data-elementor-id=\"26255\" class=\"elementor elementor-26255\" data-elementor-post-type=\"page\">\n\t\t\t\t<div class=\"elementor-element elementor-element-16f012b e-flex e-con-boxed e-con e-parent\" data-id=\"16f012b\" data-element_type=\"container\" data-e-type=\"container\" data-settings=\"{&quot;background_background&quot;:&quot;classic&quot;,&quot;shape_divider_bottom&quot;:&quot;curve&quot;,&quot;shape_divider_bottom_negative&quot;:&quot;yes&quot;}\">\n\t\t\t\t\t<div class=\"e-con-inner\">\n\t\t\t\t<div class=\"elementor-shape elementor-shape-bottom\" aria-hidden=\"true\" data-negative=\"true\">\n\t\t\t<svg xmlns=\"http:\/\/www.w3.org\/2000\/svg\" viewbox=\"0 0 1000 100\" preserveaspectratio=\"none\">\n\t<path class=\"elementor-shape-fill\" d=\"M500,97C126.7,96.3,0.8,19.8,0,0v100l1000,0V1C1000,19.4,873.3,97.8,500,97z\"\/>\n<\/svg>\t\t<\/div>\n\t\t\t\t<div class=\"elementor-element elementor-element-b194bd1 elementor-widget elementor-widget-heading\" data-id=\"b194bd1\" data-element_type=\"widget\" data-e-type=\"widget\" data-widget_type=\"heading.default\">\n\t\t\t\t\t<h1 class=\"elementor-heading-title elementor-size-default\">Verkiezing van de leden van de raad van bestuur van 2026<\/h1>\t\t\t\t<\/div>\n\t\t\t\t\t<\/div>\n\t\t\t\t<\/div>\n\t\t<div class=\"elementor-element elementor-element-94e9363 e-flex e-con-boxed e-con e-parent\" data-id=\"94e9363\" data-element_type=\"container\" data-e-type=\"container\">\n\t\t\t\t\t<div class=\"e-con-inner\">\n\t\t\t\t<div class=\"elementor-element elementor-element-1e961ea elementor-widget elementor-widget-text-editor\" data-id=\"1e961ea\" data-element_type=\"widget\" data-e-type=\"widget\" data-widget_type=\"text-editor.default\">\n\t\t\t\t\t\t\t\t\t<p style=\"font-size: 1.2rem; font-weight: bold; color: #0099ff; margin-bottom: 12px;\">En waarom zou je dat niet doen?<\/p><h2 style=\"font-size: 2rem; font-weight: 800; margin-bottom: 24px; line-height: 1.2;\">Elk jaar, 2 maanden voor de jaarlijkse Algemene Vergadering, worden kandidaten uitgenodigd om zich kandidaat te stellen.<\/h2><div class=\"body-text\"><p>Zoals elk jaar, een nieuwe <strong>Algemene vergadering van de FRNIX-vereniging<\/strong> staat op het punt plaats te vinden. Met de AVA komt ook de stemming om de beschikbare zetels in de Raad van Bestuur te vernieuwen.<\/p><p>Als je onze visie en waarden deelt en een actieve rol wilt spelen in de ontwikkeling van onze vereniging voor gehandicapten, neem dan contact met ons op. <strong>Komende 3 jaar<\/strong>, Stuur je sollicitatie in of maak je ideale kandidaat bekend!<\/p><\/div><hr class=\"divider\" \/>\t\t\t\t\t\t\t\t<\/div>\n\t\t\t\t\t<\/div>\n\t\t\t\t<\/div>\n\t\t<div class=\"elementor-element elementor-element-a1cc2f2 e-flex e-con-boxed e-con e-parent\" data-id=\"a1cc2f2\" data-element_type=\"container\" data-e-type=\"container\">\n\t\t\t\t\t<div class=\"e-con-inner\">\n\t\t<div class=\"elementor-element elementor-element-e1612ef e-con-full e-flex e-con e-child\" data-id=\"e1612ef\" data-element_type=\"container\" data-e-type=\"container\">\n\t\t\t\t<div class=\"elementor-element elementor-element-08956db card card-accent elementor-widget elementor-widget-text-editor\" data-id=\"08956db\" data-element_type=\"widget\" data-e-type=\"widget\" data-widget_type=\"text-editor.default\">\n\t\t\t\t\t\t\t\t\t<p class=\"sub-heading\">Hoeveel plaatsen zijn er beschikbaar?<\/p>\n          <p>Dit jaar, <strong>3 zetels<\/strong> worden vernieuwd of opgevuld in de Raad van Bestuur.<\/p>\n          <div>\n            <span class=\"badge\">3 zetels<\/span>\n            <span class=\"badge-outline\">Termijn van 3 jaar<\/span>\n          <\/div>\n\t\t\t\t\t\t\t\t<\/div>\n\t\t\t\t<\/div>\n\t\t<div class=\"elementor-element elementor-element-db15b68 e-con-full e-flex e-con e-child\" data-id=\"db15b68\" data-element_type=\"container\" data-e-type=\"container\">\n\t\t\t\t<div class=\"elementor-element elementor-element-abd69b4 card card-accent elementor-widget elementor-widget-text-editor\" data-id=\"abd69b4\" data-element_type=\"widget\" data-e-type=\"widget\" data-widget_type=\"text-editor.default\">\n\t\t\t\t\t\t\t\t\t <p class=\"sub-heading\">Wie kan solliciteren?<\/p>\n          <p>Iedereen met een <strong>beroepservaring in de sector telecom\/internet\/netwerkinterconnectie<\/strong>, klaar om betrokken te raken en wat van hun tijd te geven aan de peeringgemeenschap in Frankrijk.<\/p>\n          <div class=\"info-box\" style=\"margin-top:16px;\">\n            U kunt een aanvraag indienen, ongeacht of uw organisatie lid is van FRNIX of aangesloten is bij France-IX.\n          <\/div>\n\t\t\t\t\t\t\t\t<\/div>\n\t\t\t\t<\/div>\n\t\t\t\t\t<\/div>\n\t\t\t\t<\/div>\n\t\t<div class=\"elementor-element elementor-element-ecbe152 e-flex e-con-boxed e-con e-parent\" data-id=\"ecbe152\" data-element_type=\"container\" data-e-type=\"container\">\n\t\t\t\t\t<div class=\"e-con-inner\">\n\t\t\t\t<div class=\"elementor-element elementor-element-5d6fade elementor-widget elementor-widget-text-editor\" data-id=\"5d6fade\" data-element_type=\"widget\" data-e-type=\"widget\" data-widget_type=\"text-editor.default\">\n\t\t\t\t\t\t\t\t\t<h2 class=\"section-heading\">Verwachte verbintenis<\/h2><div class=\"body-text\"><p>Voor deze activiteit\u00a0<strong>vrijwilliger<\/strong>, Er wordt verwacht dat je je kennis van de sector meebrengt, je vermogen om de behoeften van de gemeenschap te identificeren en te verzamelen, en je inzet om actief bij te dragen aan de ontwikkeling van de vereniging. De ambtstermijn is\u00a0<strong>3 jaar (hernieuwbaar)<\/strong>.<\/p><\/div>\t\t\t\t\t\t\t\t<\/div>\n\t\t\t\t<div class=\"elementor-element elementor-element-221b276 info-box elementor-widget elementor-widget-text-editor\" data-id=\"221b276\" data-element_type=\"widget\" data-e-type=\"widget\" data-widget_type=\"text-editor.default\">\n\t\t\t\t\t\t\t\t\t<p><strong>Geschatte tijd: 8 uur per maand<\/strong> - 2 uur bestuursvergaderingen en 6 uur vertegenwoordiging, of besprekingen met het team in loondienst (in werktijd), of werk aan dossiers en projecten.<\/p>\t\t\t\t\t\t\t\t<\/div>\n\t\t\t\t<div class=\"elementor-element elementor-element-9bc8393 warning-box elementor-widget elementor-widget-text-editor\" data-id=\"9bc8393\" data-element_type=\"widget\" data-e-type=\"widget\" data-widget_type=\"text-editor.default\">\n\t\t\t\t\t\t\t\t\t<p><strong>Als je niet beschikbaar bent, solliciteer dan niet!<\/strong><\/p>\t\t\t\t\t\t\t\t<\/div>\n\t\t\t\t\t<\/div>\n\t\t\t\t<\/div>\n\t\t<div class=\"elementor-element elementor-element-5dc2455 section-light e-flex e-con-boxed e-con e-parent\" data-id=\"5dc2455\" data-element_type=\"container\" data-e-type=\"container\">\n\t\t\t\t\t<div class=\"e-con-inner\">\n\t\t\t\t<div class=\"elementor-element elementor-element-82e4b42 elementor-widget elementor-widget-text-editor\" data-id=\"82e4b42\" data-element_type=\"widget\" data-e-type=\"widget\" data-widget_type=\"text-editor.default\">\n\t\t\t\t\t\t\t\t\t<h2 class=\"section-heading\">Belangrijkste taken van de leden van de Raad van Bestuur<\/h2><ul class=\"styled-list\"><li>Trek tijd uit om te werken aan de kwesties waarvoor je verantwoordelijk zult zijn (als voorzitter\/penningmeester\/secretaris of een andere rol die aan je wordt toegewezen).<\/li><li>Deelnemen aan <strong>maandelijkse bijeenkomsten<\/strong>(duurt 2 uur).<\/li><li>Deelnemen aan<strong>persoonlijke ontmoetingen<\/strong>(1 of 2 keer per jaar, de hele dag en tijdens de AVA).<\/li><li>De FRNIX-vereniging vertegenwoordigen en optreden als woordvoerder.<\/li><li>Het onderhouden van een actieve band met de FRNIX-gemeenschap, met name wat betreft het verzamelen van behoeften en verwachtingen.<\/li><li>Deelnemen aan het bestuur van France-IX, met name door lid te worden van het Strategisch Comit\u00e9 dat in 2024 wordt opgericht, met 4 plaatsen voor bestuurders van de Association.<\/li><li>Werken aan de ontwikkeling van de vereniging door de behoeften van alle leden te integreren (exploitanten, hosts, leveranciers van inhoud, apparatuur en diensten, enz.).<\/li><\/ul>\t\t\t\t\t\t\t\t<\/div>\n\t\t\t\t<div class=\"elementor-element elementor-element-12374fb elementor-widget elementor-widget-text-editor\" data-id=\"12374fb\" data-element_type=\"widget\" data-e-type=\"widget\" data-widget_type=\"text-editor.default\">\n\t\t\t\t\t\t\t\t\t<p>We willen de\u00a0<strong>diversiteit van onze leden<\/strong>\u00a0is vertegenwoordigd in de Raad van Bestuur. Alle leden van de Raad van Bestuur moeten een\u00a0<span style=\"text-decoration: underline;\"><a href=\"https:\/\/frnix.org\/wp-content\/uploads\/FRNIX_Code-de-conduite-administrateurs.pdf\"><strong>Gedragscode<\/strong><\/a><\/span>\u00a0om neutraliteit in de besluitvorming te waarborgen en belangenverstrengeling te vermijden.<\/p>\t\t\t\t\t\t\t\t<\/div>\n\t\t\t\t\t<\/div>\n\t\t\t\t<\/div>\n\t\t<div class=\"elementor-element elementor-element-7d5e110 e-flex e-con-boxed e-con e-parent\" data-id=\"7d5e110\" data-element_type=\"container\" data-e-type=\"container\">\n\t\t\t\t\t<div class=\"e-con-inner\">\n\t\t\t\t<div class=\"elementor-element elementor-element-8f62161 elementor-widget elementor-widget-text-editor\" data-id=\"8f62161\" data-element_type=\"widget\" data-e-type=\"widget\" data-widget_type=\"text-editor.default\">\n\t\t\t\t\t\t\t\t\t<h2 class=\"section-heading\">Hoe en wanneer aanvragen?<\/h2>\n<div class=\"timeline\">\n<div class=\"timeline-item\">\n<div class=\"timeline-num\">1<\/div>\n<div class=\"timeline-body\">\n<h3>Motiverende boodschap - 40 dagen voor de AVA (middag) vrijdag 18 april 2026<\/h3>\n<p>Stuur een motiverend bericht waarin je aangeeft bij welke onderwerpen je betrokken wilt raken. Dit bericht moet aan de volgende criteria voldoen:<\/p>\n<ul>\n<li>Maximaal <strong>300 woorden<\/strong>, geschreven in <strong>Frans<\/strong><\/li>\n<li>Verzonden via ons contactformulier : <a href=\"https:\/\/frnix.org\/nl\/contact\/\" target=\"_blank\" rel=\"noopener\">frnix.org\/contact<\/a><\/li>\n<\/ul>\n<p style=\"margin-top: 10px;\">Je sollicitatie wordt onderzocht door de huidige Raad van Bestuur en je krijgt feedback.<\/p>\n<\/div>\n<\/div>\n<div class=\"timeline-item\">\n<div class=\"timeline-num\">2<\/div>\n<div class=\"timeline-body\">\n<h3>Volledig dossier - 20 dagen voor de AVA dinsdag 5 mei 2026<\/h3>\n<p>Als je wordt goedgekeurd, moet je ons de informatie sturen die moet worden gedeeld met stemgerechtigde leden:<\/p>\n<ul>\n<li><strong>Videopresentatie<\/strong> je sollicitatie en de bijdragen die je wilt leveren aan de vereniging - max. lengte 2 minuten, in het Frans, mp4-formaat (smartphone of computer, bewerkt of niet)<\/li>\n<li><strong>Een foto<\/strong><\/li>\n<li><strong>Link naar je LinkedIn profiel<\/strong> of CV in PDF-formaat<\/li>\n<\/ul>\n<div class=\"warning-box\" style=\"margin-top: 12px;\">Zonder deze elementen wordt je aanvraag, zelfs als deze wordt geaccepteerd door de Board, <strong>nul<\/strong>.<\/div>\n<\/div>\n<\/div>\n<div class=\"timeline-item\">\n<div class=\"timeline-num\">3<\/div>\n<div class=\"timeline-body\">\n<h3>Elektronisch stemmen - open 2 weken voor de AVA<\/h3>\n<p>Stemmen kan elektronisch vanaf 2 weken voor de AVA tot de dag van de AVA. Je aanwezigheid op de AVA is <strong>aanbevolen maar niet noodzakelijk<\/strong>.<\/p>\n<p style=\"margin-top: 8px;\">De kandidaten met de meeste stemmen worden gekozen en bekendgemaakt aan het einde van de AVA, daarna op de website en sociale netwerken. Goed bestuur van de vereniging wordt niet vergeten!&nbsp;<\/p>\n<\/div>\n<\/div>\n<\/div>\t\t\t\t\t\t\t\t<\/div>\n\t\t\t\t\t<\/div>\n\t\t\t\t<\/div>\n\t\t<div class=\"elementor-element elementor-element-c0f0556 e-flex e-con-boxed e-con e-parent\" data-id=\"c0f0556\" data-element_type=\"container\" data-e-type=\"container\">\n\t\t\t\t\t<div class=\"e-con-inner\">\n\t\t\t\t<div class=\"elementor-element elementor-element-8616ef9 elementor-widget elementor-widget-text-editor\" data-id=\"8616ef9\" data-element_type=\"widget\" data-e-type=\"widget\" data-widget_type=\"text-editor.default\">\n\t\t\t\t\t\t\t\t\t<hr class=\"divider\" \/>\n<br>\n<h2 class=\"section-heading\">Waarom lid worden van de raad van bestuur van FRNIX?<\/h2>\t\t\t\t\t\t\t\t<\/div>\n\t\t\t\t\t<\/div>\n\t\t\t\t<\/div>\n\t\t<div class=\"elementor-element elementor-element-c477552 grid-3 e-flex e-con-boxed e-con e-parent\" data-id=\"c477552\" data-element_type=\"container\" data-e-type=\"container\">\n\t\t\t\t\t<div class=\"e-con-inner\">\n\t\t<div class=\"elementor-element elementor-element-03f16e4 e-con-full e-flex e-con e-child\" data-id=\"03f16e4\" data-element_type=\"container\" data-e-type=\"container\">\n\t\t\t\t<div class=\"elementor-element elementor-element-d182a52 card elementor-widget elementor-widget-text-editor\" data-id=\"d182a52\" data-element_type=\"widget\" data-e-type=\"widget\" data-widget_type=\"text-editor.default\">\n\t\t\t\t\t\t\t\t\t<h3>Vrijwilligerswerk belonen<\/h3><p>Bestuursleden ontvangen geen salaris (salaris, bonussen of kortingen). Alleen onkosten die verband houden met hun taken worden vergoed.<\/p>\t\t\t\t\t\t\t\t<\/div>\n\t\t\t\t<\/div>\n\t\t<div class=\"elementor-element elementor-element-af53150 e-con-full e-flex e-con e-child\" data-id=\"af53150\" data-element_type=\"container\" data-e-type=\"container\">\n\t\t\t\t<div class=\"elementor-element elementor-element-9010bf1 card elementor-widget elementor-widget-text-editor\" data-id=\"9010bf1\" data-element_type=\"widget\" data-e-type=\"widget\" data-widget_type=\"text-editor.default\">\n\t\t\t\t\t\t\t\t\t<h3>Strategische visie boven alles<\/h3><p>Er worden weinig technische kwesties besproken door het bestuur: de leden brengen hun innovatieve visie en idee\u00ebn in om de tevredenheid van de gemeenschap te verbeteren. Goed beheer van de vereniging wordt niet vergeten.<\/p>\t\t\t\t\t\t\t\t<\/div>\n\t\t\t\t<\/div>\n\t\t<div class=\"elementor-element elementor-element-d29f0ff e-con-full e-flex e-con e-child\" data-id=\"d29f0ff\" data-element_type=\"container\" data-e-type=\"container\">\n\t\t\t\t<div class=\"elementor-element elementor-element-2aa1fe6 card elementor-widget elementor-widget-text-editor\" data-id=\"2aa1fe6\" data-element_type=\"widget\" data-e-type=\"widget\" data-widget_type=\"text-editor.default\">\n\t\t\t\t\t\t\t\t\t<h3>Bestuur van France IX-diensten<\/h3><p>Neem deel aan het bestuur van France IX Services SAS door lid te worden van het Strategisch Comit\u00e9 - 4 plaatsen gereserveerd voor bestuurders van de vereniging.<\/p>\t\t\t\t\t\t\t\t<\/div>\n\t\t\t\t<\/div>\n\t\t\t\t\t<\/div>\n\t\t\t\t<\/div>\n\t\t<div class=\"elementor-element elementor-element-76723f8 e-flex e-con-boxed e-con e-parent\" data-id=\"76723f8\" data-element_type=\"container\" data-e-type=\"container\">\n\t\t\t\t\t<div class=\"e-con-inner\">\n\t\t\t\t<div class=\"elementor-element elementor-element-a104aad elementor-widget elementor-widget-text-editor\" data-id=\"a104aad\" data-element_type=\"widget\" data-e-type=\"widget\" data-widget_type=\"text-editor.default\">\n\t\t\t\t\t\t\t\t\t<p>Raadpleeg de\u00a0<span style=\"text-decoration: underline;\"><a href=\"https:\/\/frnix.org\/nl\/a-propos\/le-conseil-d-administration\/\" target=\"_blank\" rel=\"noopener\">lijst van huidige leden van de raad van bestuur<\/a><\/span>.<\/p>\t\t\t\t\t\t\t\t<\/div>\n\t\t\t\t\t<\/div>\n\t\t\t\t<\/div>\n\t\t\t\t<\/div>","protected":false},"excerpt":{"rendered":"<p>\u00c9lection des membres du Conseil d&rsquo;Administration 2026 Et pourquoi pas vous ? Les candidatures sont ouvertes chaque ann\u00e9e dans les 2 mois avant l&rsquo;Assembl\u00e9e G\u00e9n\u00e9rale Comme chaque ann\u00e9e, une nouvelle Assembl\u00e9e G\u00e9n\u00e9rale (AG) de l&rsquo;association FRNIX va avoir lieu. Avec l&rsquo;AG vient le temps du vote pour renouveler les si\u00e8ges disponibles au Conseil d&rsquo;Administration. Si [&hellip;]<\/p>\n","protected":false},"author":351,"featured_media":0,"parent":304,"menu_order":30,"comment_status":"closed","ping_status":"closed","template":"","meta":{"footnotes":""},"hf_cat_page":[],"class_list":["post-26255","page","type-page","status-publish","hentry"],"aioseo_notices":[],"_links":{"self":[{"href":"https:\/\/frnix.org\/nl\/wp-json\/wp\/v2\/pages\/26255","targetHints":{"allow":["GET"]}}],"collection":[{"href":"https:\/\/frnix.org\/nl\/wp-json\/wp\/v2\/pages"}],"about":[{"href":"https:\/\/frnix.org\/nl\/wp-json\/wp\/v2\/types\/page"}],"author":[{"embeddable":true,"href":"https:\/\/frnix.org\/nl\/wp-json\/wp\/v2\/users\/351"}],"replies":[{"embeddable":true,"href":"https:\/\/frnix.org\/nl\/wp-json\/wp\/v2\/comments?post=26255"}],"version-history":[{"count":6,"href":"https:\/\/frnix.org\/nl\/wp-json\/wp\/v2\/pages\/26255\/revisions"}],"predecessor-version":[{"id":26654,"href":"https:\/\/frnix.org\/nl\/wp-json\/wp\/v2\/pages\/26255\/revisions\/26654"}],"up":[{"embeddable":true,"href":"https:\/\/frnix.org\/nl\/wp-json\/wp\/v2\/pages\/304"}],"wp:attachment":[{"href":"https:\/\/frnix.org\/nl\/wp-json\/wp\/v2\/media?parent=26255"}],"wp:term":[{"taxonomy":"hf_cat_page","embeddable":true,"href":"https:\/\/frnix.org\/nl\/wp-json\/wp\/v2\/hf_cat_page?post=26255"}],"curies":[{"name":"wp","href":"https:\/\/api.w.org\/{rel}","templated":true}]}}