{"id":276,"date":"2023-11-05T19:13:05","date_gmt":"2023-11-05T18:13:05","guid":{"rendered":"https:\/\/frnix.org\/?page_id=276"},"modified":"2025-11-07T10:55:37","modified_gmt":"2025-11-07T09:55:37","slug":"la-gouvernance","status":"publish","type":"page","link":"https:\/\/frnix.org\/nl\/a-propos\/la-gouvernance\/","title":{"rendered":"Bestuur"},"content":{"rendered":"<div data-elementor-type=\"wp-page\" data-elementor-id=\"276\" class=\"elementor elementor-276\" data-elementor-post-type=\"page\">\n\t\t\t\t<div class=\"elementor-element elementor-element-1628975 e-flex e-con-boxed e-con e-parent\" data-id=\"1628975\" data-element_type=\"container\" data-e-type=\"container\" data-settings=\"{&quot;background_background&quot;:&quot;classic&quot;,&quot;shape_divider_bottom&quot;:&quot;curve&quot;,&quot;shape_divider_bottom_negative&quot;:&quot;yes&quot;}\">\n\t\t\t\t\t<div class=\"e-con-inner\">\n\t\t\t\t<div class=\"elementor-shape elementor-shape-bottom\" aria-hidden=\"true\" data-negative=\"true\">\n\t\t\t<svg xmlns=\"http:\/\/www.w3.org\/2000\/svg\" viewbox=\"0 0 1000 100\" preserveaspectratio=\"none\">\n\t<path class=\"elementor-shape-fill\" d=\"M500,97C126.7,96.3,0.8,19.8,0,0v100l1000,0V1C1000,19.4,873.3,97.8,500,97z\"\/>\n<\/svg>\t\t<\/div>\n\t\t<div class=\"elementor-element elementor-element-0b22c05 e-flex e-con-boxed e-con e-child\" data-id=\"0b22c05\" data-element_type=\"container\" data-e-type=\"container\">\n\t\t\t\t\t<div class=\"e-con-inner\">\n\t\t\t\t<div class=\"elementor-element elementor-element-69bb3f8 elementor-widget elementor-widget-heading\" data-id=\"69bb3f8\" data-element_type=\"widget\" data-e-type=\"widget\" data-widget_type=\"heading.default\">\n\t\t\t\t\t<h1 class=\"elementor-heading-title elementor-size-default\">Bestuur van de vereniging<\/h1>\t\t\t\t<\/div>\n\t\t\t\t<div class=\"elementor-element elementor-element-0ebb18e elementor-widget elementor-widget-text-editor\" data-id=\"0ebb18e\" data-element_type=\"widget\" data-e-type=\"widget\" data-widget_type=\"text-editor.default\">\n\t\t\t\t\t\t\t\t\t<p class=\"Standard\">FRNIX is een vereniging zonder winstoogmerk geregistreerd op 4 juni 2010 onder nummer W751205285.<\/p><p class=\"Standard\">Het is georganiseerd zoals veel andere verenigingen in Frankrijk, met een Raad van Bestuur die voor 3 jaar wordt gekozen en met derden wordt verlengd.<\/p><ul><li class=\"Standard\">Kandidaten voor verkiezing moeten natuurlijke personen zijn, die al dan niet lid kunnen zijn, of wier moedermaatschappij al dan niet lid kan zijn.<\/li><li>Het bestuur organiseert zichzelf intern om zijn vertegenwoordigers te kiezen (voorzitter, penningmeester, secretaris, enz.).<\/li><li class=\"Standard\">De statuten van de Vereniging zijn beschikbaar <span style=\"text-decoration: underline;\"><em><strong><a href=\"https:\/\/frnix.org\/wp-content\/uploads\/2025-03-06-Association-FRNIX-Statuts.pdf\" target=\"_blank\" rel=\"noopener\">hier<\/a><\/strong><\/em><\/span>.<\/li><li class=\"Standard\">Ze worden indien nodig gewijzigd na een stemming door de leden.<\/li><\/ul>\t\t\t\t\t\t\t\t<\/div>\n\t\t\t\t\t<\/div>\n\t\t\t\t<\/div>\n\t\t\t\t\t<\/div>\n\t\t\t\t<\/div>\n\t\t<div class=\"elementor-element elementor-element-5468416 e-flex e-con-boxed e-con e-parent\" data-id=\"5468416\" data-element_type=\"container\" data-e-type=\"container\">\n\t\t\t\t\t<div class=\"e-con-inner\">\n\t\t<div class=\"elementor-element elementor-element-1dbc444 e-con-full e-flex e-con e-child\" data-id=\"1dbc444\" data-element_type=\"container\" data-e-type=\"container\">\n\t\t<div class=\"elementor-element elementor-element-1575d3b e-flex e-con-boxed e-con e-child\" data-id=\"1575d3b\" data-element_type=\"container\" data-e-type=\"container\">\n\t\t\t\t\t<div class=\"e-con-inner\">\n\t\t\t\t<div class=\"elementor-element elementor-element-8b295b0 elementor-widget elementor-widget-heading\" data-id=\"8b295b0\" data-element_type=\"widget\" data-e-type=\"widget\" data-widget_type=\"heading.default\">\n\t\t\t\t\t<h4 class=\"elementor-heading-title elementor-size-default\">Hoe het werkt<\/h4>\t\t\t\t<\/div>\n\t\t\t\t\t<\/div>\n\t\t\t\t<\/div>\n\t\t\t\t<\/div>\n\t\t<div class=\"elementor-element elementor-element-800369f e-con-full e-flex e-con e-child\" data-id=\"800369f\" data-element_type=\"container\" data-e-type=\"container\">\n\t\t\t\t<div class=\"elementor-element elementor-element-ac9938d elementor-widget elementor-widget-text-editor\" data-id=\"ac9938d\" data-element_type=\"widget\" data-e-type=\"widget\" data-widget_type=\"text-editor.default\">\n\t\t\t\t\t\t\t\t\t<p class=\"Textbody\" style=\"margin-bottom: 15.0pt;\">Als vereniging zonder winstoogmerk volgens de Franse wet van 1901 is FRNIX verplicht om zijn leden \u00e9\u00e9n keer per jaar samen te brengen om de afsluiting van de rekeningen en de vervanging van de leden van het bestuur te valideren. <a href=\"https:\/\/frnix.org\/nl\/a-propos\/le-conseil-d-administration\/\" target=\"_blank\" rel=\"noopener\"><span style=\"text-decoration: underline;\"><em><strong>Raad van bestuur<\/strong><\/em><\/span><\/a>.<\/p>\n<p class=\"Textbody\" style=\"margin: 15.0pt 0cm 15.0pt 0cm;\">De jaarlijkse algemene vergadering (AGM), die binnen 6 maanden na het einde van het boekjaar wordt gehouden, is een belangrijk evenement voor het hele FRNIX-ecosysteem. Naast een overzicht van de activiteiten en resultaten van het FranceIX IXP over het afgelopen boekjaar, zijn deze evenementen een gelegenheid om nieuwe ontwikkelingen aan te kondigen en om op een ontspannen manier van gedachten te wisselen tussen leden onderling en met vertegenwoordigers van het <a href=\"https:\/\/frnix.org\/nl\/a-propos\/le-conseil-d-administration\/\" target=\"_blank\" rel=\"noopener\"><span style=\"text-decoration: underline;\"><em><strong>Raad van bestuur<\/strong><\/em><\/span><\/a>.<\/p>\n<p class=\"Textbody\" style=\"margin: 15.0pt 0cm 0cm 0cm;\">Stemmen is voorbehouden aan leden van de vereniging, maar algemene vergaderingen zijn open op uitnodiging en registratie voor het hele Franse peering ecosysteem: leden, klanten van France-IX Services SAS, partners en gasten.<\/p>\n<p class=\"Textbody\" style=\"margin: 15.0pt 0cm 0cm 0cm;\">Algemene vergaderingen worden over het algemeen als volgt gehouden:<\/p>\n<p class=\"Textbody\" style=\"margin: 15.0pt 0cm 0cm 0cm;\"><\/p>\n\n<ul>\n \t<li>Inleidende opmerkingen<\/li>\n \t<li>Presentatie van resultaten en activiteiten door de Raad van Bestuur<\/li>\n \t<li>Presentatie van sponsors<\/li>\n \t<li>Voorstellen van kandidaten voor de Raad van Bestuur<\/li>\n \t<li>Stem<\/li>\n \t<li>Stemuitslag.<\/li>\n<\/ul>\n&nbsp;\n<p class=\"Textbody\" style=\"margin: 15.0pt 0cm 0cm 0cm;\">Je kunt rekenen op de Raad van Bestuur om het netwerkinterconnectie-ecosysteem te ontwikkelen door middel van onderwijs, samenwerking en innovatie.<\/p>\t\t\t\t\t\t\t\t<\/div>\n\t\t\t\t<\/div>\n\t\t\t\t\t<\/div>\n\t\t\t\t<\/div>\n\t\t\t\t<\/div>","protected":false},"excerpt":{"rendered":"<p>Gouvernance de l&rsquo;Association FRNIX est une association \u00e0 but non lucratif enregistr\u00e9e le 4 juin 2010 sous le num\u00e9ro W751205285. Elle est organis\u00e9e comme bon nombre d&rsquo;associations en France, avec un Conseil d&rsquo;Administration (CA) \u00e9lu pour 3 ans avec renouvellement par tiers. Les candidats \u00e0 l\u2019\u00e9lection doivent \u00eatre des personnes physiques, pouvant \u00eatre membre ou [&hellip;]<\/p>\n","protected":false},"author":26,"featured_media":0,"parent":267,"menu_order":42,"comment_status":"closed","ping_status":"closed","template":"","meta":{"footnotes":""},"hf_cat_page":[],"class_list":["post-276","page","type-page","status-publish","hentry"],"aioseo_notices":[],"_links":{"self":[{"href":"https:\/\/frnix.org\/nl\/wp-json\/wp\/v2\/pages\/276","targetHints":{"allow":["GET"]}}],"collection":[{"href":"https:\/\/frnix.org\/nl\/wp-json\/wp\/v2\/pages"}],"about":[{"href":"https:\/\/frnix.org\/nl\/wp-json\/wp\/v2\/types\/page"}],"author":[{"embeddable":true,"href":"https:\/\/frnix.org\/nl\/wp-json\/wp\/v2\/users\/26"}],"replies":[{"embeddable":true,"href":"https:\/\/frnix.org\/nl\/wp-json\/wp\/v2\/comments?post=276"}],"version-history":[{"count":0,"href":"https:\/\/frnix.org\/nl\/wp-json\/wp\/v2\/pages\/276\/revisions"}],"up":[{"embeddable":true,"href":"https:\/\/frnix.org\/nl\/wp-json\/wp\/v2\/pages\/267"}],"wp:attachment":[{"href":"https:\/\/frnix.org\/nl\/wp-json\/wp\/v2\/media?parent=276"}],"wp:term":[{"taxonomy":"hf_cat_page","embeddable":true,"href":"https:\/\/frnix.org\/nl\/wp-json\/wp\/v2\/hf_cat_page?post=276"}],"curies":[{"name":"wp","href":"https:\/\/api.w.org\/{rel}","templated":true}]}}