{"id":298,"date":"2023-11-05T19:23:21","date_gmt":"2023-11-05T18:23:21","guid":{"rendered":"https:\/\/frnix.org\/?page_id=298"},"modified":"2025-11-07T10:55:37","modified_gmt":"2025-11-07T09:55:37","slug":"politique-de-confidentialite","status":"publish","type":"page","link":"https:\/\/frnix.org\/nl\/politique-de-confidentialite\/","title":{"rendered":"privacybeleid"},"content":{"rendered":"<div data-elementor-type=\"wp-page\" data-elementor-id=\"298\" class=\"elementor elementor-298\" data-elementor-post-type=\"page\">\n\t\t\t\t<div class=\"elementor-element elementor-element-71e41cb e-flex e-con-boxed e-con e-parent\" data-id=\"71e41cb\" data-element_type=\"container\" data-e-type=\"container\" data-settings=\"{&quot;background_background&quot;:&quot;classic&quot;,&quot;shape_divider_bottom&quot;:&quot;curve&quot;,&quot;shape_divider_bottom_negative&quot;:&quot;yes&quot;}\">\n\t\t\t\t\t<div class=\"e-con-inner\">\n\t\t\t\t<div class=\"elementor-shape elementor-shape-bottom\" aria-hidden=\"true\" data-negative=\"true\">\n\t\t\t<svg xmlns=\"http:\/\/www.w3.org\/2000\/svg\" viewbox=\"0 0 1000 100\" preserveaspectratio=\"none\">\n\t<path class=\"elementor-shape-fill\" d=\"M500,97C126.7,96.3,0.8,19.8,0,0v100l1000,0V1C1000,19.4,873.3,97.8,500,97z\"\/>\n<\/svg>\t\t<\/div>\n\t\t\t\t<div class=\"elementor-element elementor-element-a1aa327 elementor-widget elementor-widget-heading\" data-id=\"a1aa327\" data-element_type=\"widget\" data-e-type=\"widget\" data-widget_type=\"heading.default\">\n\t\t\t\t\t<h2 class=\"elementor-heading-title elementor-size-default\">Privacybeleid<\/h2>\t\t\t\t<\/div>\n\t\t\t\t\t<\/div>\n\t\t\t\t<\/div>\n\t\t<div class=\"elementor-element elementor-element-c251497 e-flex e-con-boxed e-con e-parent\" data-id=\"c251497\" data-element_type=\"container\" data-e-type=\"container\">\n\t\t\t\t\t<div class=\"e-con-inner\">\n\t\t\t\t<div class=\"elementor-element elementor-element-c00ab38 elementor-widget elementor-widget-text-editor\" data-id=\"c00ab38\" data-element_type=\"widget\" data-e-type=\"widget\" data-widget_type=\"text-editor.default\">\n\t\t\t\t\t\t\t\t\t<div class=\"page-content\"><div class=\"elementor elementor-3\" data-elementor-type=\"wp-page\" data-elementor-id=\"3\" data-elementor-post-type=\"page\"><div class=\"elementor-element elementor-element-39c18ec e-flex e-con-boxed e-con e-parent\" data-id=\"39c18ec\" data-element_type=\"container\" data-settings=\"{&quot;content_width&quot;:&quot;boxed&quot;}\" data-core-v316-plus=\"true\"><div class=\"e-con-inner\"><div class=\"elementor-element elementor-element-c5dc281 elementor-widget elementor-widget-text-editor\" data-id=\"c5dc281\" data-element_type=\"widget\" data-widget_type=\"text-editor.default\"><div class=\"elementor-widget-container\"><p>Ons website adres is : <span style=\"text-decoration: underline;\"><em><a href=\"https:\/\/frnix.org\/nl\/\" target=\"_blank\" rel=\"noopener\">https:\/\/frnix.org<\/a><\/em><\/span><\/p><p><strong>Reacties<\/strong><\/p><p>Wanneer bezoekers reacties achterlaten op de site, verzamelen we de gegevens die worden weergegeven in het reactieformulier, evenals het IP-adres van de bezoeker en de user agent string van de browser om spam te helpen detecteren.<\/p><p>Een geanonimiseerde tekenreeks die is gemaakt van je e-mailadres (ook bekend als een hash) kan worden verstrekt aan de Gravatar-service om te zien of je deze gebruikt. Het privacybeleid van Gravatar is hier beschikbaar: https:\/\/automattic.com\/privacy\/. Zodra je commentaar is goedgekeurd, is je profielfoto zichtbaar voor het publiek in de context van je commentaar.<\/p><p><strong>Media<\/strong><\/p><p>Als u afbeeldingen uploadt naar de website, moet u het uploaden van afbeeldingen met ingebedde locatiegegevens (SGP EXIF) vermijden. Bezoekers van de website kunnen alle locatiegegevens van afbeeldingen op de website downloaden en extraheren.<\/p><p><strong>Cookies<\/strong><\/p><p>Als je een reactie achterlaat op onze site, kun je je registreren om je naam, e-mailadres en website op te slaan in cookies. Deze zijn voor uw gemak, zodat u uw gegevens niet opnieuw hoeft in te vullen als u weer een reactie achterlaat. Deze cookies gaan een jaar mee.<\/p><p>Als u onze inlogpagina bezoekt, plaatsen we een tijdelijke cookie om te bepalen of uw browser cookies accepteert. Deze cookie bevat geen persoonlijke gegevens en wordt verwijderd wanneer u uw browser afsluit.<\/p><p>Wanneer u inlogt, plaatsen we ook een aantal cookies om uw inloggegevens en schermkeuzes te registreren. De aanmeldingscookies gaan twee dagen mee en de schermoptiescookies gaan een jaar mee. Als u \"Onthoud mij\" selecteert, blijft uw verbinding twee weken bestaan. Als u zich afmeldt bij uw account, worden de aanmeldingscookies supprim\u00e9s.,admin@frnix.org.<\/p><p>Als u een artikel wijzigt of publiceert, wordt er een extra cookie opgeslagen in uw browser. Deze cookie bevat geen persoonlijke gegevens en geeft alleen de publicatie-ID weer van het artikel dat u zojuist hebt gewijzigd. Het vervalt na 1 dag.<\/p><p><b>Ge\u00efntegreerde inhoud van andere websites<\/b><\/p><p>Artikelen op deze site kunnen ingesloten inhoud bevatten (bijv. video's, afbeeldingen, artikelen, enz.). Ingesloten inhoud van andere websites gedraagt zich op precies dezelfde manier als wanneer de bezoeker de andere website had bezocht.<\/p><p>Deze websites kunnen gegevens over u verzamelen, cookies gebruiken, extra tracking door derden integreren en uw interactie met deze ge\u00efntegreerde inhoud bijhouden, inclusief het bijhouden van uw interactie met ge\u00efntegreerde inhoud als u een account hebt en bent ingelogd op deze website.<\/p><p><b>Met wie we uw gegevens delen\u00a0<\/b><\/p><p>Als u een wachtwoord-reset aanvraagt, wordt uw IP-adres opgenomen in de reset-e-mail.<\/p><p><b>Hoe lang we uw gegevens bewaren<\/b><\/p><p>Als je een opmerking achterlaat, worden de opmerking en de metagegevens 5 jaar bewaard. Hierdoor kunnen we vervolgcommentaren automatisch herkennen en goedkeuren in plaats van ze in een moderatiewachtrij te bewaren.<\/p><p>Voor gebruikers die zich op onze website registreren (indien van toepassing), slaan we ook de persoonlijke informatie op die ze in hun gebruikersprofiel verstrekken. Alle gebruikers kunnen hun persoonlijke gegevens op elk moment bekijken, wijzigen of verwijderen (behalve dat ze hun gebruikersnaam niet kunnen wijzigen). Websitebeheerders kunnen deze informatie ook bekijken en wijzigen.<\/p><p><b>Welke rechten heb je op je gegevens?<\/b><\/p><p>Als u een account hebt op deze site of opmerkingen hebt achtergelaten, kunt u verzoeken om een ge\u00ebxporteerd bestand te ontvangen van de persoonlijke gegevens die wij over u hebben, inclusief de gegevens die u aan ons hebt verstrekt. U kunt ook verzoeken dat wij uw persoonlijke gegevens verwijderen. Dit geldt niet voor gegevens die we verplicht moeten bewaren voor administratieve, juridische of veiligheidsdoeleinden.<\/p><p><b>Waar worden je gegevens naartoe gestuurd?<\/b><\/p><p>Reacties van bezoekers kunnen worden gecontroleerd met een geautomatiseerde spamdetectieservice.<\/p><\/div><\/div><\/div><\/div><\/div><div class=\"post-tags\"><p style=\"padding-left: 40px;\">Als u opmerkingen hebt, neem dan contact op met de DPO<\/p><p style=\"text-align: center;\">(<a href=\"\/nl\/admin@frnix.org\/\">admin@frnix.org<\/a>)<\/p><\/div><\/div>\t\t\t\t\t\t\t\t<\/div>\n\t\t\t\t\t<\/div>\n\t\t\t\t<\/div>\n\t\t\t\t<\/div>","protected":false},"excerpt":{"rendered":"<p>Politique de confidentialit\u00e9 L\u2019adresse de notre site web est : https:\/\/frnix.org Commentaires Lorsque les visiteurs laissent des commentaires sur le site, nous collectons les donn\u00e9es affich\u00e9es dans le formulaire de commentaires, ainsi que l\u2019adresse IP du visiteur et la cha\u00eene d\u2019agent utilisateur du navigateur pour aider \u00e0 la d\u00e9tection du spam. Une cha\u00eene anonymis\u00e9e cr\u00e9\u00e9e [&hellip;]<\/p>\n","protected":false},"author":26,"featured_media":0,"parent":0,"menu_order":35,"comment_status":"closed","ping_status":"closed","template":"","meta":{"footnotes":""},"hf_cat_page":[381],"class_list":["post-298","page","type-page","status-publish","hentry"],"aioseo_notices":[],"_links":{"self":[{"href":"https:\/\/frnix.org\/nl\/wp-json\/wp\/v2\/pages\/298","targetHints":{"allow":["GET"]}}],"collection":[{"href":"https:\/\/frnix.org\/nl\/wp-json\/wp\/v2\/pages"}],"about":[{"href":"https:\/\/frnix.org\/nl\/wp-json\/wp\/v2\/types\/page"}],"author":[{"embeddable":true,"href":"https:\/\/frnix.org\/nl\/wp-json\/wp\/v2\/users\/26"}],"replies":[{"embeddable":true,"href":"https:\/\/frnix.org\/nl\/wp-json\/wp\/v2\/comments?post=298"}],"version-history":[{"count":1,"href":"https:\/\/frnix.org\/nl\/wp-json\/wp\/v2\/pages\/298\/revisions"}],"predecessor-version":[{"id":20166,"href":"https:\/\/frnix.org\/nl\/wp-json\/wp\/v2\/pages\/298\/revisions\/20166"}],"wp:attachment":[{"href":"https:\/\/frnix.org\/nl\/wp-json\/wp\/v2\/media?parent=298"}],"wp:term":[{"taxonomy":"hf_cat_page","embeddable":true,"href":"https:\/\/frnix.org\/nl\/wp-json\/wp\/v2\/hf_cat_page?post=298"}],"curies":[{"name":"wp","href":"https:\/\/api.w.org\/{rel}","templated":true}]}}