{"id":308,"date":"2023-11-05T19:28:51","date_gmt":"2023-11-05T18:28:51","guid":{"rendered":"https:\/\/frnix.org\/?page_id=308"},"modified":"2025-11-07T10:55:36","modified_gmt":"2025-11-07T09:55:36","slug":"faq","status":"publish","type":"page","link":"https:\/\/frnix.org\/nl\/ressources\/faq\/","title":{"rendered":"FAQ"},"content":{"rendered":"<div data-elementor-type=\"wp-page\" data-elementor-id=\"308\" class=\"elementor elementor-308\" data-elementor-post-type=\"page\">\n\t\t\t\t<div class=\"elementor-element elementor-element-29d3efb e-flex e-con-boxed e-con e-parent\" data-id=\"29d3efb\" data-element_type=\"container\" data-e-type=\"container\" data-settings=\"{&quot;background_background&quot;:&quot;classic&quot;,&quot;shape_divider_bottom&quot;:&quot;curve&quot;,&quot;shape_divider_bottom_negative&quot;:&quot;yes&quot;}\">\n\t\t\t\t\t<div class=\"e-con-inner\">\n\t\t\t\t<div class=\"elementor-shape elementor-shape-bottom\" aria-hidden=\"true\" data-negative=\"true\">\n\t\t\t<svg xmlns=\"http:\/\/www.w3.org\/2000\/svg\" viewbox=\"0 0 1000 100\" preserveaspectratio=\"none\">\n\t<path class=\"elementor-shape-fill\" d=\"M500,97C126.7,96.3,0.8,19.8,0,0v100l1000,0V1C1000,19.4,873.3,97.8,500,97z\"\/>\n<\/svg>\t\t<\/div>\n\t\t\t\t<div class=\"elementor-element elementor-element-5560520 elementor-widget elementor-widget-heading\" data-id=\"5560520\" data-element_type=\"widget\" data-e-type=\"widget\" data-widget_type=\"heading.default\">\n\t\t\t\t\t<h2 class=\"elementor-heading-title elementor-size-default\">FAQs<\/h2>\t\t\t\t<\/div>\n\t\t\t\t\t<\/div>\n\t\t\t\t<\/div>\n\t\t<div class=\"elementor-element elementor-element-04f2006 e-flex e-con-boxed e-con e-parent\" data-id=\"04f2006\" data-element_type=\"container\" data-e-type=\"container\">\n\t\t\t\t\t<div class=\"e-con-inner\">\n\t\t\t\t<div class=\"elementor-element elementor-element-eb8bd8e elementor-widget elementor-widget-text-editor\" data-id=\"eb8bd8e\" data-element_type=\"widget\" data-e-type=\"widget\" data-widget_type=\"text-editor.default\">\n\t\t\t\t\t\t\t\t\t<h4><strong>Diverse<\/strong><\/h4>\t\t\t\t\t\t\t\t<\/div>\n\t\t\t\t\t<\/div>\n\t\t\t\t<\/div>\n\t\t<div class=\"elementor-element elementor-element-0f3dc44 e-flex e-con-boxed e-con e-parent\" data-id=\"0f3dc44\" data-element_type=\"container\" data-e-type=\"container\">\n\t\t\t\t\t<div class=\"e-con-inner\">\n\t\t\t\t<div class=\"elementor-element elementor-element-5fb5171 elementor-widget elementor-widget-text-editor\" data-id=\"5fb5171\" data-element_type=\"widget\" data-e-type=\"widget\" data-widget_type=\"text-editor.default\">\n\t\t\t\t\t\t\t\t\t<h5><strong>Wat zijn de voordelen van het FRNIX-lidmaatschap?<\/strong><\/h5><ul><li class=\"Standard\">Stemmen bij verkiezingen voor actieve leden (geen partnerleden of individuele leden)<\/li><li class=\"Standard\">Kortingen op de diensten van de vereniging<\/li><li class=\"Standard\">Voorrang bij uitnodigingen voor evenementen van de vereniging<\/li><li class=\"Standard\">Verschijnen op FRNIX-publicaties<\/li><\/ul>\t\t\t\t\t\t\t\t<\/div>\n\t\t\t\t\t<\/div>\n\t\t\t\t<\/div>\n\t\t<div class=\"elementor-element elementor-element-06122ca e-flex e-con-boxed e-con e-parent\" data-id=\"06122ca\" data-element_type=\"container\" data-e-type=\"container\">\n\t\t\t\t\t<div class=\"e-con-inner\">\n\t\t\t\t<div class=\"elementor-element elementor-element-6ee1f6a elementor-widget elementor-widget-text-editor\" data-id=\"6ee1f6a\" data-element_type=\"widget\" data-e-type=\"widget\" data-widget_type=\"text-editor.default\">\n\t\t\t\t\t\t\t\t\t<h5><strong>Kan ik ook lid worden van FRNIX als ik geen verbinding heb met France-IX of een andere IXP?<\/strong><\/h5><p style=\"padding-left: 40px;\">Ja, neem contact met ons op!<\/p>\t\t\t\t\t\t\t\t<\/div>\n\t\t\t\t\t<\/div>\n\t\t\t\t<\/div>\n\t\t<div class=\"elementor-element elementor-element-00a43ce e-flex e-con-boxed e-con e-parent\" data-id=\"00a43ce\" data-element_type=\"container\" data-e-type=\"container\">\n\t\t\t\t\t<div class=\"e-con-inner\">\n\t\t\t\t<div class=\"elementor-element elementor-element-c2bfe1e elementor-widget elementor-widget-text-editor\" data-id=\"c2bfe1e\" data-element_type=\"widget\" data-e-type=\"widget\" data-widget_type=\"text-editor.default\">\n\t\t\t\t\t\t\t\t\t<h5><strong>Kan ik als individu lid worden van FRNIX?<\/strong><\/h5>\n<p style=\"padding-left: 40px;\">Ja, individueel lidmaatschap is mogelijk sinds 2025.<\/p>\t\t\t\t\t\t\t\t<\/div>\n\t\t\t\t\t<\/div>\n\t\t\t\t<\/div>\n\t\t<div class=\"elementor-element elementor-element-f61dd2a e-flex e-con-boxed e-con e-parent\" data-id=\"f61dd2a\" data-element_type=\"container\" data-e-type=\"container\">\n\t\t\t\t\t<div class=\"e-con-inner\">\n\t\t\t\t<div class=\"elementor-element elementor-element-1e48b99 elementor-widget elementor-widget-text-editor\" data-id=\"1e48b99\" data-element_type=\"widget\" data-e-type=\"widget\" data-widget_type=\"text-editor.default\">\n\t\t\t\t\t\t\t\t\t<h5><strong>Kan ik op elk moment van het jaar lid worden?<\/strong><\/h5><p style=\"padding-left: 40px;\">Ja, de lidmaatschapsbijdrage voor het eerste jaar wordt pro rata temporis berekend tot het einde van het jaar, en de volgende lidmaatschapsbijdrage wordt in januari gevraagd.<\/p>\t\t\t\t\t\t\t\t<\/div>\n\t\t\t\t\t<\/div>\n\t\t\t\t<\/div>\n\t\t<div class=\"elementor-element elementor-element-447c530 e-flex e-con-boxed e-con e-parent\" data-id=\"447c530\" data-element_type=\"container\" data-e-type=\"container\">\n\t\t\t\t\t<div class=\"e-con-inner\">\n\t\t\t\t<div class=\"elementor-element elementor-element-22bdc26 elementor-widget elementor-widget-text-editor\" data-id=\"22bdc26\" data-element_type=\"widget\" data-e-type=\"widget\" data-widget_type=\"text-editor.default\">\n\t\t\t\t\t\t\t\t\t<h5><strong>Kan ik naar een evenement komen zonder lid te zijn?<\/strong><\/h5><p style=\"padding-left: 40px;\">Ja, neem contact met ons op!<\/p>\t\t\t\t\t\t\t\t<\/div>\n\t\t\t\t\t<\/div>\n\t\t\t\t<\/div>\n\t\t<div class=\"elementor-element elementor-element-d86df26 e-flex e-con-boxed e-con e-parent\" data-id=\"d86df26\" data-element_type=\"container\" data-e-type=\"container\">\n\t\t\t\t\t<div class=\"e-con-inner\">\n\t\t\t\t<div class=\"elementor-element elementor-element-3195acb elementor-widget elementor-widget-text-editor\" data-id=\"3195acb\" data-element_type=\"widget\" data-e-type=\"widget\" data-widget_type=\"text-editor.default\">\n\t\t\t\t\t\t\t\t\t<h5><strong>Kan ik een evenement van FRNIX sponsoren?<\/strong><\/h5><p style=\"padding-left: 40px;\">Ja, neem contact met ons op!<\/p>\t\t\t\t\t\t\t\t<\/div>\n\t\t\t\t\t<\/div>\n\t\t\t\t<\/div>\n\t\t<div class=\"elementor-element elementor-element-bfa07c1 e-flex e-con-boxed e-con e-parent\" data-id=\"bfa07c1\" data-element_type=\"container\" data-e-type=\"container\">\n\t\t\t\t\t<div class=\"e-con-inner\">\n\t\t\t\t<div class=\"elementor-element elementor-element-e9982fe elementor-widget elementor-widget-text-editor\" data-id=\"e9982fe\" data-element_type=\"widget\" data-e-type=\"widget\" data-widget_type=\"text-editor.default\">\n\t\t\t\t\t\t\t\t\t<h5><strong>Kan ik me verkiesbaar stellen voor de Raad van Bestuur zonder lid te zijn van FRNIX?<\/strong><\/h5><p style=\"padding-left: 40px;\">Ja, neem contact met ons op!<\/p>\t\t\t\t\t\t\t\t<\/div>\n\t\t\t\t\t<\/div>\n\t\t\t\t<\/div>\n\t\t<div class=\"elementor-element elementor-element-052bf71 e-flex e-con-boxed e-con e-parent\" data-id=\"052bf71\" data-element_type=\"container\" data-e-type=\"container\">\n\t\t\t\t\t<div class=\"e-con-inner\">\n\t\t\t\t<div class=\"elementor-element elementor-element-60b81ff elementor-widget elementor-widget-text-editor\" data-id=\"60b81ff\" data-element_type=\"widget\" data-e-type=\"widget\" data-widget_type=\"text-editor.default\">\n\t\t\t\t\t\t\t\t\t<h4><strong>Peering?<\/strong><\/h4>\t\t\t\t\t\t\t\t<\/div>\n\t\t\t\t\t<\/div>\n\t\t\t\t<\/div>\n\t\t<div class=\"elementor-element elementor-element-7aa0cf0 e-flex e-con-boxed e-con e-parent\" data-id=\"7aa0cf0\" data-element_type=\"container\" data-e-type=\"container\">\n\t\t\t\t\t<div class=\"e-con-inner\">\n\t\t\t\t<div class=\"elementor-element elementor-element-6418fab elementor-widget elementor-widget-text-editor\" data-id=\"6418fab\" data-element_type=\"widget\" data-e-type=\"widget\" data-widget_type=\"text-editor.default\">\n\t\t\t\t\t\t\t\t\t<h5><strong>Maar wat is dat gluren waar je het steeds over hebt?<\/strong><\/h5><p class=\"Standard\">Peering en interconnectie via een IXP (Internet Exchange Point) zijn essenti\u00eble concepten voor het internet en de goede werking ervan.<\/p><p class=\"Standard\">Een IXP is een fysiek punt waar verschillende internetnetwerken, zoals die van Internet Service Providers (ISP's), grote bedrijven, inhoudsnetwerken, websites, CDN's, videonetwerken, enz. samenkomen om verkeer uit te wisselen. Dit alles vindt plaats in datacenters.<\/p><p class=\"Standard\">Peering is een overeenkomst waardoor twee internetnetwerken verkeer met elkaar kunnen uitwisselen zonder directe kosten. Het idee is \"ik draag jouw verkeer, jij draagt het mijne\".<\/p><h4>De voordelen van peering zijn talrijk en onmiddellijk:<\/h4><p class=\"Standard\"><strong>Kostenreductie<\/strong>\u00a0De twee spelers hoeven niet langer een derde partij te betalen om verkeer uit te wisselen.<\/p><p class=\"Standard\"><strong>Prestatieverbetering<\/strong>\u00a0Minder hops (stappen) tussen netwerken, wat de latentie (reactietijd) kan verlagen en de verbindingssnelheid en het risico op tussenliggende storingen kan verbeteren.<\/p><p class=\"Standard\"><strong>Autonomie en controle<\/strong>\u00a0Netwerken kunnen directer beheren met wie ze verkeer uitwisselen.<\/p><h4>Gevolgen voor gebruikers en bedrijven :<\/h4><p class=\"Standard\">Hoewel deze concepten erg technisch lijken, hebben ze een directe impact op de gebruikerservaring. Betere interconnectie en peering betekenen bijvoorbeeld altijd snellere downloads, betere kwaliteit videostreaming en minder vertragingen bij online games.<\/p><p class=\"Standard\">Voor bedrijven, met name bedrijven die intensief gebruik maken van het internet, is aansluiting bij een IXP een manier om in de eredivisie te komen en een echte internetspeler te worden, in plaats van slechts een internetklant.<\/p>\t\t\t\t\t\t\t\t<\/div>\n\t\t\t\t\t<\/div>\n\t\t\t\t<\/div>\n\t\t<div class=\"elementor-element elementor-element-2f464e3 e-flex e-con-boxed e-con e-parent\" data-id=\"2f464e3\" data-element_type=\"container\" data-e-type=\"container\">\n\t\t\t\t\t<div class=\"e-con-inner\">\n\t\t\t\t<div class=\"elementor-element elementor-element-5bbcb8b elementor-widget elementor-widget-text-editor\" data-id=\"5bbcb8b\" data-element_type=\"widget\" data-e-type=\"widget\" data-widget_type=\"text-editor.default\">\n\t\t\t\t\t\t\t\t\t<h5><strong>Waarom is het de moeite waard voor een IXP om ondersteund te worden door een niet-commerci\u00eble organisatie?<\/strong><\/h5><p class=\"Standard\">Er zijn verschillende redenen waarom het zinvol is om een IXP te laten ondersteunen door een niet-commerci\u00eble structuur.<\/p><ul><li class=\"Standard\"><b>Onafhankelijkheid <\/b>Een IXP moet onafhankelijk blijven van ISP's, exploitanten en andere spelers. Beslissingen worden genomen in het belang van het gehele internetecosysteem, in plaats van in het belang van een enkele groep spelers.<\/li><li class=\"Standard\"><b>Transparantie <\/b>Een IXP moet tegenover zijn leden transparant zijn over zijn activiteiten en beslissingen. Dit stelt belanghebbenden in staat om te begrijpen hoe de IXP functioneert en ervoor te zorgen dat het op verantwoorde wijze wordt beheerd.<\/li><\/ul><p class=\"Standard\">Natuurlijk kleven er ook nadelen aan een niet-commerci\u00eble structuur. Zo kan het voor een niet-commercieel IXP moeilijker zijn om fondsen te werven en te investeren in zijn infrastructuur. Daarom heeft FRNIX besloten om de exploitatie van het IXP onder te brengen in een bedrijf: <a href=\"https:\/\/www.franceix.net\/fr\/\" target=\"_blank\" rel=\"noopener\">France-IX diensten<\/a>.<\/p>\t\t\t\t\t\t\t\t<\/div>\n\t\t\t\t\t<\/div>\n\t\t\t\t<\/div>\n\t\t<div class=\"elementor-element elementor-element-71268b8 e-flex e-con-boxed e-con e-parent\" data-id=\"71268b8\" data-element_type=\"container\" data-e-type=\"container\">\n\t\t\t\t\t<div class=\"e-con-inner\">\n\t\t\t\t<div class=\"elementor-element elementor-element-56501b4 elementor-widget elementor-widget-text-editor\" data-id=\"56501b4\" data-element_type=\"widget\" data-e-type=\"widget\" data-widget_type=\"text-editor.default\">\n\t\t\t\t\t\t\t\t\t<h5><strong>Hoe kan ik peeren?<\/strong><\/h5><p class=\"Standard\">Peering vereist een ASN, IP-adressen en een BGP-router. Als je meer wilt weten, neem dan contact met ons op! Je kunt ook meer leren over BGP tijdens een BGP Workshop.<\/p>\t\t\t\t\t\t\t\t<\/div>\n\t\t\t\t\t<\/div>\n\t\t\t\t<\/div>\n\t\t<div class=\"elementor-element elementor-element-1928f7e e-flex e-con-boxed e-con e-parent\" data-id=\"1928f7e\" data-element_type=\"container\" data-e-type=\"container\">\n\t\t\t\t\t<div class=\"e-con-inner\">\n\t\t\t\t<div class=\"elementor-element elementor-element-f96902e elementor-widget elementor-widget-text-editor\" data-id=\"f96902e\" data-element_type=\"widget\" data-e-type=\"widget\" data-widget_type=\"text-editor.default\">\n\t\t\t\t\t\t\t\t\t<h5><strong>Wat is een ASN?<\/strong><\/h5><p class=\"Standard\">Een Autonoom Systeem (AS) is een nummer, vandaar Autonoom Systeem Nummer (ASN). Het wordt toegewezen door een regionaal internetregister (RIR). In Europa is het\u00a0<a href=\"https:\/\/www.ripe.net\" target=\"_blank\" rel=\"noopener\">RIPE<\/a>\u00a0die ASN's toewijst. Zodra je een ASN hebt, kun je deze gebruiken om je verschillende v4 of v6 IP adresbereiken onder te brengen.<\/p><p class=\"Standard\">FRNIX biedt een <a href=\"https:\/\/frnix.org\/nl\/activites\/ripe-training\/\" target=\"_blank\" rel=\"noopener\">ondersteuning bij het verkrijgen van uw ASN en IP-adressen van RIPE<\/a>.<\/p>\t\t\t\t\t\t\t\t<\/div>\n\t\t\t\t\t<\/div>\n\t\t\t\t<\/div>\n\t\t<div class=\"elementor-element elementor-element-87e3c9a e-flex e-con-boxed e-con e-parent\" data-id=\"87e3c9a\" data-element_type=\"container\" data-e-type=\"container\">\n\t\t\t\t\t<div class=\"e-con-inner\">\n\t\t\t\t<div class=\"elementor-element elementor-element-0bb3357 elementor-widget elementor-widget-text-editor\" data-id=\"0bb3357\" data-element_type=\"widget\" data-e-type=\"widget\" data-widget_type=\"text-editor.default\">\n\t\t\t\t\t\t\t\t\t<h5><strong>Wat is latentie?<\/strong><\/h5><p class=\"Standard\">Latency is de omloopsnelheid tussen twee apparaten op het internet. Bijvoorbeeld een computer en een server. We praten zelden over latency, maar het is net zo belangrijk als snelheid. Hoe lager de latentie, hoe beter de kwaliteit van de verbinding tussen twee punten op het internet.<\/p><p class=\"Standard\">Latency wordt berekend in ms (duizendsten van een seconde). En het wordt meestal aangeduid als RTT, wat staat voor Round Trip Time.<\/p>\t\t\t\t\t\t\t\t<\/div>\n\t\t\t\t\t<\/div>\n\t\t\t\t<\/div>\n\t\t<div class=\"elementor-element elementor-element-c7b7954 e-flex e-con-boxed e-con e-parent\" data-id=\"c7b7954\" data-element_type=\"container\" data-e-type=\"container\">\n\t\t\t\t\t<div class=\"e-con-inner\">\n\t\t\t\t<div class=\"elementor-element elementor-element-5ab9b1e elementor-widget elementor-widget-text-editor\" data-id=\"5ab9b1e\" data-element_type=\"widget\" data-e-type=\"widget\" data-widget_type=\"text-editor.default\">\n\t\t\t\t\t\t\t\t\t<h5><strong>Hoe krijg ik een ASN en IP-adressen?<\/strong><\/h5><p class=\"Standard\">FRNIX kan je helpen bij het verkrijgen van je ASN en IP bronnen. Je kunt ook de vele bestaande documentaties over dit onderwerp lezen.<\/p>\t\t\t\t\t\t\t\t<\/div>\n\t\t\t\t\t<\/div>\n\t\t\t\t<\/div>\n\t\t<div class=\"elementor-element elementor-element-9eea8f6 e-flex e-con-boxed e-con e-parent\" data-id=\"9eea8f6\" data-element_type=\"container\" data-e-type=\"container\">\n\t\t\t\t\t<div class=\"e-con-inner\">\n\t\t\t\t<div class=\"elementor-element elementor-element-771b60a elementor-widget elementor-widget-text-editor\" data-id=\"771b60a\" data-element_type=\"widget\" data-e-type=\"widget\" data-widget_type=\"text-editor.default\">\n\t\t\t\t\t\t\t\t\t<h5><strong>Met welke IXP moet ik verbinding maken?<\/strong><\/h5><p>Er moet rekening worden gehouden met een aantal criteria:<\/p><ul><li>uw oorspronkelijke aanmeldsite<\/li><li>de stromen die beschikbaar zijn op deze site<\/li><li>je peering-doelen<\/li><\/ul><p class=\"Standard\">\u00a0<\/p>\t\t\t\t\t\t\t\t<\/div>\n\t\t\t\t\t<\/div>\n\t\t\t\t<\/div>\n\t\t\t\t<\/div>","protected":false},"excerpt":{"rendered":"<p>FAQs Divers Quels sont les avantages d&rsquo;\u00eatre membre de FRNIX ? Pouvoir voter aux \u00e9lections pour les membres actifs (pas les membres partenaires ni les membres individuels) Avoir des r\u00e9ductions sur les prestations de l&rsquo;association Etre invit\u00e9 en priorit\u00e9 aux \u00e9v\u00e8nements de l&rsquo;association Apparaitre sur les publications de FRNIX Peut-on adh\u00e9rer \u00e0 FRNIX m\u00eame si [&hellip;]<\/p>\n","protected":false},"author":26,"featured_media":0,"parent":304,"menu_order":29,"comment_status":"closed","ping_status":"closed","template":"","meta":{"footnotes":""},"hf_cat_page":[],"class_list":["post-308","page","type-page","status-publish","hentry"],"aioseo_notices":[],"_links":{"self":[{"href":"https:\/\/frnix.org\/nl\/wp-json\/wp\/v2\/pages\/308","targetHints":{"allow":["GET"]}}],"collection":[{"href":"https:\/\/frnix.org\/nl\/wp-json\/wp\/v2\/pages"}],"about":[{"href":"https:\/\/frnix.org\/nl\/wp-json\/wp\/v2\/types\/page"}],"author":[{"embeddable":true,"href":"https:\/\/frnix.org\/nl\/wp-json\/wp\/v2\/users\/26"}],"replies":[{"embeddable":true,"href":"https:\/\/frnix.org\/nl\/wp-json\/wp\/v2\/comments?post=308"}],"version-history":[{"count":0,"href":"https:\/\/frnix.org\/nl\/wp-json\/wp\/v2\/pages\/308\/revisions"}],"up":[{"embeddable":true,"href":"https:\/\/frnix.org\/nl\/wp-json\/wp\/v2\/pages\/304"}],"wp:attachment":[{"href":"https:\/\/frnix.org\/nl\/wp-json\/wp\/v2\/media?parent=308"}],"wp:term":[{"taxonomy":"hf_cat_page","embeddable":true,"href":"https:\/\/frnix.org\/nl\/wp-json\/wp\/v2\/hf_cat_page?post=308"}],"curies":[{"name":"wp","href":"https:\/\/api.w.org\/{rel}","templated":true}]}}