{"id":310,"date":"2023-11-05T19:29:16","date_gmt":"2023-11-05T18:29:16","guid":{"rendered":"https:\/\/frnix.org\/?page_id=310"},"modified":"2026-04-29T11:10:48","modified_gmt":"2026-04-29T09:10:48","slug":"liens-utiles","status":"publish","type":"page","link":"https:\/\/frnix.org\/nl\/ressources\/liens-utiles\/","title":{"rendered":"Nuttige links"},"content":{"rendered":"<div data-elementor-type=\"wp-page\" data-elementor-id=\"310\" class=\"elementor elementor-310\" data-elementor-post-type=\"page\">\n\t\t\t\t<div class=\"elementor-element elementor-element-16f012b e-flex e-con-boxed e-con e-parent\" data-id=\"16f012b\" data-element_type=\"container\" data-e-type=\"container\" data-settings=\"{&quot;background_background&quot;:&quot;classic&quot;,&quot;shape_divider_bottom&quot;:&quot;curve&quot;,&quot;shape_divider_bottom_negative&quot;:&quot;yes&quot;}\">\n\t\t\t\t\t<div class=\"e-con-inner\">\n\t\t\t\t<div class=\"elementor-shape elementor-shape-bottom\" aria-hidden=\"true\" data-negative=\"true\">\n\t\t\t<svg xmlns=\"http:\/\/www.w3.org\/2000\/svg\" viewbox=\"0 0 1000 100\" preserveaspectratio=\"none\">\n\t<path class=\"elementor-shape-fill\" d=\"M500,97C126.7,96.3,0.8,19.8,0,0v100l1000,0V1C1000,19.4,873.3,97.8,500,97z\"\/>\n<\/svg>\t\t<\/div>\n\t\t\t\t<div class=\"elementor-element elementor-element-b194bd1 elementor-widget elementor-widget-heading\" data-id=\"b194bd1\" data-element_type=\"widget\" data-e-type=\"widget\" data-widget_type=\"heading.default\">\n\t\t\t\t\t<h1 class=\"elementor-heading-title elementor-size-default\">Nuttige links<\/h1>\t\t\t\t<\/div>\n\t\t\t\t\t<\/div>\n\t\t\t\t<\/div>\n\t\t<div class=\"elementor-element elementor-element-b9e6bdc e-flex e-con-boxed e-con e-parent\" data-id=\"b9e6bdc\" data-element_type=\"container\" data-e-type=\"container\">\n\t\t\t\t\t<div class=\"e-con-inner\">\n\t\t\t\t<div class=\"elementor-element elementor-element-b39dd34 elementor-widget elementor-widget-text-editor\" data-id=\"b39dd34\" data-element_type=\"widget\" data-e-type=\"widget\" data-widget_type=\"text-editor.default\">\n\t\t\t\t\t\t\t\t\t<h3>Onze hoofdartikelen<\/h3><ul style=\"margin-bottom: 1.5rem;\"><li><a title=\"Artikel: Waarom IXP&#039;s belangrijk zijn: kritieke infrastructuur voorbij de hype\" href=\"https:\/\/frnix.org\/nl\/pourquoi-les-ixp-sont-importants\/\"><strong>Waarom IXP's belangrijk zijn<\/strong> Kritieke infrastructuur: voorbij de hype<\/a><\/li><li><a title=\"Artikel: Netwerkrouteringsveiligheid en de toepassing van RPKI\" href=\"https:\/\/frnix.org\/nl\/securite-du-routage-reseau-et-adoption-de-rpki\/\"><strong>Beveiliging<\/strong> netwerkroutering en toepassing van <strong>RPKI<\/strong><\/a><\/li><li><a title=\"Artikel: Kaart van IXP&#039;s in Frankrijk\" href=\"https:\/\/frnix.org\/nl\/carte-des-ixp-sur-le-territoire-francais\/\"><strong>IXP-kaart<\/strong> in Frankrijk<\/a><\/li><li><a href=\"https:\/\/frnix.org\/nl\/ressources\/idees-recues\/\"><strong>Idee\u00ebn ontvangen<\/strong> op peering<\/a><\/li><li><a title=\"Artikel: De hyperconcentratie van ASN&#039;s\" href=\"https:\/\/frnix.org\/nl\/ressources\/article-lhyper-concentration-des-asn\/\"><strong>Radiografie van het Franse internet<\/strong> De hyperconcentratie van ASN's en de dringende nood aan decentralisatie<\/a><\/li><\/ul><h4>Hier zijn enkele nuttige links... aarzel niet om nieuwe voor te stellen!<\/h4><h3>Gereedschap<strong> netwerk<\/strong><\/h3><ul><li><strong>AKVORADO <\/strong>: <a href=\"https:\/\/github.com\/akvorado\/akvorado\" target=\"_blank\" rel=\"noopener external\">https:\/\/github.com\/akvorado\/akvorado<\/a><\/li><li><strong>ASN-opzoektools <\/strong>: <a href=\"https:\/\/securitytrails.com\/blog\/asn-lookup\" target=\"_blank\" rel=\"noopener external\">https:\/\/securitytrails.com\/blog\/asn-lookup<\/a><\/li><li><strong>ASRank\u00a0<\/strong>: <a href=\"https:\/\/asrank.caida.org\/\" target=\"_blank\" rel=\"noopener external\">https:\/\/asrank.caida.org\/<\/a><\/li><li><strong>BGP-tools <\/strong>: <a href=\"https:\/\/bgp.tools\/\" target=\"_blank\" rel=\"noopener external\">https:\/\/bgp.tools\/<\/a><\/li><li><strong>BGP-weergave <\/strong>:\u00a0<a href=\"https:\/\/bgpview.io\/\" target=\"_blank\" rel=\"noopener\">https:\/\/bgpview.io\/<\/a><\/li><li><strong>ftp-database\u00a0<\/strong>:\u00a0<a href=\"http:\/\/ftp.rezopole.net\/\" target=\"_blank\" rel=\"noopener\">http:\/\/ftp.rezopole.net<\/a><\/li><li><strong>BGP-tools <\/strong>: <a href=\"https:\/\/www.bizety.com\/2022\/12\/19\/open-source-bgp-tools-overview\/\" target=\"_blank\" rel=\"noopener external\">https:\/\/www.bizety.com\/2022\/12\/19\/open-source-bgp-tools-overview\/<\/a><\/li><li><strong>IXP-kaart <\/strong>(Telegeografie) :\u00a0<a href=\"https:\/\/www.internetexchangemap.com\" target=\"_blank\" rel=\"noopener external\">https:\/\/www.internetexchangemap.com<\/a><\/li><li><strong>IXP-verslag<\/strong>(PCH) :\u00a0<a href=\"https:\/\/www.pch.net\/ixp\/summary\" target=\"_blank\" rel=\"noopener external\">https:\/\/www.pch.net\/ixp\/summary<\/a><\/li><li><strong>IXP-from-Scratch <\/strong>: <a href=\"https:\/\/labs.ripe.net\/author\/liske\/ixp-from-scratch-building-a-new-ix\/?s=09\" target=\"_blank\" rel=\"noopener external\">https:\/\/labs.ripe.net\/author\/liske\/ixp-from-scratch-building-a-new-ix\/?s=09<\/a><\/li><li><strong>Inspiegelen\u00a0<\/strong>:\u00a0<a href=\"https:\/\/inflect.com\/as\/43100\" target=\"_blank\" rel=\"noopener\">https:\/\/inflect.com\/as\/43100<\/a><\/li><li><strong>Is BGP veilig <\/strong>: <a href=\"https:\/\/isbgpsafeyet.com\/\" target=\"_blank\" rel=\"noopener external\">https:\/\/isbgpsafeyet.com\/<\/a><\/li><li><strong>Latency <\/strong>: <a href=\"https:\/\/observablehq.com\/@ripencc\/atlas-latency-worldmap\" target=\"_blank\" rel=\"noopener external\">https:\/\/observablehq.com\/@ripencc\/atlas-latency-worldmap<\/a><\/li><li><strong>Of op een andere ASN <\/strong>: <a href=\"https:\/\/ipinfo.io\/AS43100\" target=\"_blank\" rel=\"noopener external\">https:\/\/ipinfo.io\/AS43100<\/a><\/li><li><strong>PeeringDB <\/strong>: <a href=\"https:\/\/peeringdb.com\" target=\"_blank\" rel=\"noopener external\">https:\/\/peeringdb.com<\/a><\/li><li><strong>PeeringToolBox <\/strong>:\u00a0<a href=\"https:\/\/www.peeringtoolbox.net\/fr\/peering-database\" target=\"_blank\" rel=\"noopener external\">https:\/\/www.peeringtoolbox.net\/fr\/peering-database<\/a><\/li><li><strong>Potaroo <\/strong>: <a href=\"https:\/\/bgp.potaroo.net\/cidr\/autnums.html\" target=\"_blank\" rel=\"noopener external\">https:\/\/bgp.potaroo.net\/cidr\/autnums.html<\/a><\/li><li><strong>Routeweergaven projecten <\/strong>: <a href=\"https:\/\/www.routeviews.org\/routeviews\/\" target=\"_blank\" rel=\"noopener external\">https:\/\/www.routeviews.org\/routeviews\/<\/a><\/li><li><strong>DNS-verspreiding <\/strong>: <a href=\"https:\/\/dnschecker.org\" target=\"_blank\" rel=\"noopener external\">https:\/\/dnschecker.org<\/a><\/li><li><strong>RIPEstat <\/strong>: <a href=\"https:\/\/stat.ripe.net\/\" target=\"_blank\" rel=\"noopener external\">https:\/\/stat.ripe.net\/<\/a><\/li><li><strong>Robtex\u00a0<\/strong>:\u00a0<a href=\"https:\/\/www.robtex.com\/asmacro\/AS-RAIN.html\" target=\"_blank\" rel=\"noopener\">https:\/\/www.robtex.com\/asmacro\/AS-RAIN.html<\/a><\/li><li class=\"translation-block\"><strong>Nperf flow test <\/strong>: <a href=\"https:\/\/www.nperf.com\/fr\/?sp=428\" target=\"_blank\" rel=\"noopener noreferrer nofollow\">https:\/\/www.nperf.com\/fr\/?sp=428<\/a><\/li><li class=\"translation-block\"><strong>Alles wat je moet weten over een ASN<\/strong>: <a href=\"https:\/\/whois.ipip.net\/AS43100\" target=\"_blank\" rel=\"noopener noreferrer nofollow\">https:\/\/whois.ipip.net\/AS43100<\/a><\/li><li><strong>Whosis IXP <\/strong>:\u00a0<a href=\"https:\/\/whois.ipip.net\/\">https:\/\/whois.ipip.net<\/a><\/li><\/ul><h3>\u00a0Commerci\u00eble oplossingen :<\/h3><ul><li><strong>BENOCS :<\/strong> <a href=\"https:\/\/www.benocs.com\" target=\"_blank\" rel=\"noopener external\">https:\/\/www.benocs.com<\/a><\/li><li><strong>Lablabee :<\/strong> <a href=\"https:\/\/www.lablabee.com\/\" target=\"_blank\" rel=\"noopener external\">https:\/\/www.lablabee.com\/<\/a><\/li><\/ul><div><h3>Franse verenigingen :<\/h3><ul><li><strong>ACSEL: Association pour le Commerce et les Services En Ligne :<\/strong> <a href=\"https:\/\/www.acsel.eu\/\" target=\"_blank\" rel=\"noopener external\">https:\/\/www.acsel.eu\/<\/a><\/li><li><strong>AFNum : AFNum is de Franse digitale vereniging:<\/strong> <a href=\"https:\/\/www.afnum.fr\/\" target=\"_blank\" rel=\"noopener external\">https:\/\/www.afnum.fr\/<\/a><\/li><li><strong>AGIT: Alliantie Groene IT :<\/strong> <a href=\"https:\/\/alliancegreenit.org\/\" target=\"_blank\" rel=\"noopener external\">https:\/\/alliancegreenit.org\/<\/a><\/li><li><strong>AOTA Vereniging van Alternatieve Telecomoperatoren:<\/strong> <a href=\"https:\/\/www.aota.fr\/\" target=\"_blank\" rel=\"noopener external\">https:\/\/www.aota.fr\/<\/a><\/li><li><strong>Acad\u00e9mie Technologiques :<\/strong> <a href=\"https:\/\/www.academie-technologies.fr\/\" target=\"_blank\" rel=\"noopener external\">https:\/\/www.academie-technologies.fr\/<\/a><\/li><li><strong>AlternativeTelecom :<\/strong> <a href=\"https:\/\/www.alternativetelecom.fr\/\" target=\"_blank\" rel=\"noopener external\">https:\/\/www.alternativetelecom.fr\/<\/a><\/li><li><strong>Avicca: Association des Villes et Collectivit\u00e9s pour les Communications \u00e9lectroniques et l'Audiovisuel:<\/strong> <a href=\"https:\/\/www.avicca.org\/\" target=\"_blank\" rel=\"noopener external\">https:\/\/www.avicca.org\/<\/a><\/li><li><strong>Digitale Liga :<\/strong> <a href=\"https:\/\/digital-league.org\" target=\"_blank\" rel=\"noopener external\">https:\/\/digital-league.org<\/a><\/li><li><strong>Euclidia :<\/strong> <a href=\"https:\/\/www.euclidia.eu\/\" target=\"_blank\" rel=\"noopener external\">https:\/\/www.euclidia.eu\/<\/a><\/li><li><strong>FFT F\u00e9d\u00e9ration Fran\u00e7aise des T\u00e9l\u00e9com :<\/strong> <a href=\"https:\/\/www.fftelecoms.org\" target=\"_blank\" rel=\"noopener external\">https:\/\/www.fftelecoms.org<\/a><\/li><li><strong>FIEEC: F\u00e9d\u00e9ration des Industries Electriques, Electroniques et de Communication :<\/strong> <a href=\"https:\/\/www.fieec.fr\/\" target=\"_blank\" rel=\"noopener external\">https:\/\/www.fieec.fr\/<\/a><\/li><li><strong>FR-Nog: Franse groep van netwerkexploitanten :<\/strong> <a href=\"https:\/\/www.frnog.org\" target=\"_blank\" rel=\"noopener external\">https:\/\/www.frnog.org<\/a><\/li><li><strong>Frankrijk Datacenter :<\/strong> <a href=\"https:\/\/www.francedatacenter.com\/\" target=\"_blank\" rel=\"noopener external\">https:\/\/www.francedatacenter.com\/<\/a><\/li><li><strong>Hexatrust :<\/strong> <a href=\"https:\/\/www.hexatrust.com\" target=\"_blank\" rel=\"noopener external\">https:\/\/www.hexatrust.com<\/a><\/li><li><strong>Infranum :<\/strong> <a href=\"https:\/\/infranum.fr\/\" target=\"_blank\" rel=\"noopener external\">https:\/\/infranum.fr\/<\/a><\/li><li><strong>Institut Num\u00e9rique Verantwoordelijk :<\/strong> <a href=\"https:\/\/institutnr.org\/\" target=\"_blank\" rel=\"noopener external\">https:\/\/institutnr.org\/<\/a><\/li><li><strong>Numeum :<\/strong> <a href=\"https:\/\/numeum.fr\/en\" target=\"_blank\" rel=\"noopener external\">https:\/\/numeum.fr\/en<\/a><\/li><li><strong>Ofitem: Franse vereniging van infrastructuurbeheerders voor mobiele telefonie:<\/strong> <a href=\"https:\/\/ofitem.fr\/\" target=\"_blank\" rel=\"noopener external\">https:\/\/ofitem.fr\/<\/a><\/li><li><strong>Kwadratuur van het net :<\/strong> <a href=\"https:\/\/www.laquadrature.net\/\" target=\"_blank\" rel=\"noopener external\">https:\/\/www.laquadrature.net\/<\/a><\/li><li><strong>Regio ADIRA AURA :<\/strong> <a href=\"https:\/\/www.adira.org\/\" target=\"_blank\" rel=\"noopener external\">https:\/\/www.adira.org\/<\/a><\/li><li><strong>PACA CIP-regio :<\/strong> <a href=\"https:\/\/www.cip-paca.org\/\" target=\"_blank\" rel=\"noopener external\">https:\/\/www.cip-paca.org\/<\/a><\/li><li><strong>Regio CRIP Frankrijk :<\/strong> <a href=\"https:\/\/www.crip-asso.fr\" target=\"_blank\" rel=\"noopener external\">https:\/\/www.crip-asso.fr<\/a><\/li><li><strong>SYCABEL: Syndicat professionnel des fabricants de fils et de c\u00e2bles \u00e9lectriques et de communication :<\/strong> <a href=\"https:\/\/www.sycabel.com\/\" target=\"_blank\" rel=\"noopener external\">https:\/\/www.sycabel.com\/<\/a><\/li><li><strong>Teratec :<\/strong> <a href=\"https:\/\/www.teratec.eu\/\" target=\"_blank\" rel=\"noopener external\">https:\/\/www.teratec.eu\/<\/a><\/li><\/ul><h3>Internationale verenigingen :<\/h3><ul><li><strong>CISPE: Aanbieders van cloudinfrastructuurdiensten in Europa :<\/strong> <a href=\"https:\/\/cispe.cloud\/\" target=\"_blank\" rel=\"noopener external\">https:\/\/cispe.cloud\/<\/a><\/li><li><strong>Digitaal Europa :<\/strong> <a href=\"https:\/\/www.digitaleurope.org\/\" target=\"_blank\" rel=\"noopener external\">https:\/\/www.digitaleurope.org\/<\/a><\/li><li><strong>EUDCA :<\/strong> <a href=\"https:\/\/eudca.org\" target=\"_blank\" rel=\"noopener external\">https:\/\/eudca.org<\/a><\/li><li><strong>Euro IX :<\/strong> <a href=\"https:\/\/euro-ix.net\" target=\"_blank\" rel=\"noopener external\">https:\/\/euro-ix.net<\/a><\/li><li><strong>EuroCloud :<\/strong> <a href=\"https:\/\/eurocloud.fr\" target=\"_blank\" rel=\"noopener external\">https:\/\/eurocloud.fr<\/a><\/li><li><strong>EuropaCloudAlliantie :<\/strong> <a href=\"https:\/\/www.europeancloudalliance.com\/\" target=\"_blank\" rel=\"noopener external\">https:\/\/www.europeancloudalliance.com\/<\/a><\/li><li><strong>Gaia-X :<\/strong> <a href=\"https:\/\/gaia-x.eu\/\" target=\"_blank\" rel=\"noopener external\">https:\/\/gaia-x.eu\/<\/a><\/li><li><strong>ISOC Internetvereniging :<\/strong> <a href=\"https:\/\/www.internetsociety.org\" target=\"_blank\" rel=\"noopener external\">https:\/\/www.internetsociety.org<\/a><\/li><li><strong>Open IX :<\/strong>\u00a0<a href=\"https:\/\/www.oix.org\/\" target=\"_blank\" rel=\"noopener external\">https:\/\/www.oix.org\/<\/a><\/li><li><strong>Openinternet pro project Europese vereniging :<\/strong> <a href=\"https:\/\/www.openinternetproject.eu\/\" target=\"_blank\" rel=\"noopener external\">https:\/\/www.openinternetproject.eu\/<\/a><\/li><\/ul><h3><strong>Samenwerkingssuites en kantoortools<\/strong><\/h3><ul><li><a href=\"https:\/\/www.libreoffice.org\/\" target=\"_blank\" rel=\"noopener\"><strong>LibreOffice<\/strong><\/a> <img decoding=\"async\" src=\"https:\/\/www.drapeauxdespays.fr\/data\/org\/h24\/eu.png\" alt=\"Drapeau europ\u00e9en\" width=\"15px\" \/>Compleet kantoorpakket, alternatief voor Microsoft Office, multiplatform (Windows, macOS, Linux)<\/li><li><a href=\"https:\/\/www.onlyoffice.com\/\" target=\"_blank\" rel=\"noopener\"><strong>OnlyOffice<\/strong><\/a> <img decoding=\"async\" src=\"https:\/\/www.drapeauxdespays.fr\/data\/org\/h24\/eu.png\" alt=\"Drapeau europ\u00e9en\" width=\"15px\" \/>\u00a0Online kantoorsamenwerking, compatibel met MS Office-indelingen<\/li><li><a href=\"https:\/\/www.collaboraoffice.com\/\" target=\"_blank\" rel=\"noopener\"><strong>Online samenwerken<\/strong><\/a> Cloud- en bedrijfsversie van LibreOffice, ge\u00efntegreerd met Nextcloud of OwnCloud<\/li><li><strong><a href=\"https:\/\/lasuite.numerique.gouv.fr\/\" target=\"_blank\" rel=\"noopener\">De digitale suite<\/a> <\/strong>\u00a0<img decoding=\"async\" src=\"https:\/\/www.drapeauxdespays.fr\/data\/flags\/h24\/fr.png\" alt=\"Drapeau de la France\" width=\"15px\" \/> Een set soevereine samenwerkingstools voor Franse overheden<\/li><\/ul><h3><strong>Cloud, bestandsopslag en delen<\/strong><\/h3><ul><li><a href=\"https:\/\/nextcloud.com\/\" target=\"_blank\" rel=\"noopener\"><strong>Nextcloud\u00a0<\/strong><\/a><img decoding=\"async\" src=\"https:\/\/www.drapeauxdespays.fr\/data\/org\/h24\/eu.png\" alt=\"Drapeau europ\u00e9en\" width=\"15px\" \/>\u00a0Persoonlijk en collaboratief cloudplatform (alternatief voor Google Drive, Dropbox, enz.)<\/li><li><a href=\"https:\/\/www.seafile.com\/\" target=\"_blank\" rel=\"noopener\"><strong>Zeevijl<\/strong><\/a> Robuuste, zelf gehoste oplossing voor het synchroniseren en delen van bestanden<\/li><\/ul><h3><strong>Berichten en agenda's<\/strong><\/h3><ul><li><a href=\"https:\/\/www.thunderbird.net\/\" target=\"_blank\" rel=\"noopener\"><strong>Thunderbird<\/strong><\/a> Gratis e-mailclient met ge\u00efntegreerde kalender<\/li><li><a href=\"https:\/\/mailo.com\/\" target=\"_blank\" rel=\"noopener\"><strong>Mailo<\/strong><\/a> <img decoding=\"async\" src=\"https:\/\/www.drapeauxdespays.fr\/data\/flags\/h24\/fr.png\" alt=\"Drapeau de la France\" width=\"15px\" \/>\u00a0: Ethische Franse e-mailservice zonder doorverkoop van gegevens<\/li><li><a href=\"https:\/\/proton.me\/fr\/mail\" target=\"_blank\" rel=\"noopener\"><strong>ProtonMail<\/strong><\/a>, <a href=\"https:\/\/tutanota.com\/fr\/\" target=\"_blank\" rel=\"noopener\"><strong>Tutanota<\/strong><\/a> <img decoding=\"async\" src=\"https:\/\/www.drapeauxdespays.fr\/data\/org\/h24\/eu.png\" alt=\"Drapeau europ\u00e9en\" width=\"15px\" \/>\u00a0Europese versleutelde e-mailkluizen<\/li><li><a href=\"https:\/\/ecomail.fr\/\" target=\"_blank\" rel=\"noopener\"><strong>Ecomail<\/strong><\/a> <img decoding=\"async\" src=\"https:\/\/www.drapeauxdespays.fr\/data\/flags\/h24\/fr.png\" alt=\"Drapeau de la France\" width=\"15px\" \/> : Eco-verantwoordelijke 100% Franse e-mailservice<\/li><\/ul><h3><strong>Automatisering, workflow, integratie<\/strong><\/h3><ul><li><a href=\"https:\/\/n8n.io\/\" target=\"_blank\" rel=\"noopener\"><strong>n8n\u00a0<\/strong><\/a><img decoding=\"async\" src=\"https:\/\/www.drapeauxdespays.fr\/data\/org\/h24\/eu.png\" alt=\"Drapeau europ\u00e9en\" width=\"15px\" \/>\u00a0: Automatisering van gegevensstromen en API's, open source alternatief voor Zapier, zelf hosten mogelijk<\/li><li><a href=\"https:\/\/www.talaxie.fr\/\" target=\"_blank\" rel=\"noopener\"><strong>Talaxie<\/strong><\/a> <img decoding=\"async\" src=\"https:\/\/www.drapeauxdespays.fr\/data\/flags\/h24\/fr.png\" alt=\"Drapeau de la France\" width=\"15px\" \/> ETL\/open source gegevensbeheer voor integratie en transformatie<\/li><\/ul><h3><strong>Documentbeheer<\/strong><\/h3><ul><li><a href=\"https:\/\/www.alfresco.com\/open-source\" target=\"_blank\" rel=\"noopener\"><strong>Alfresco Gemeenschap<\/strong><\/a> of <a href=\"https:\/\/www.nuxeo.com\/fr\/\" target=\"_blank\" rel=\"noopener\"><strong>Nuxeo<\/strong><\/a> <img decoding=\"async\" src=\"https:\/\/www.drapeauxdespays.fr\/data\/flags\/h24\/fr.png\" alt=\"Drapeau de la France\" width=\"15px\" \/> Open source EDM (elektronisch documentbeheer)<\/li><\/ul><h3><strong>Hulpmiddelen voor samenwerking<\/strong><\/h3><ul><li><a href=\"https:\/\/meet.jit.si\/\" target=\"_blank\" rel=\"noopener\"><strong>Jitsi ontmoeten<\/strong><\/a> Gratis zelf gehoste videoconferenties (alternatief voor Zoom, Teams)<\/li><li><a href=\"https:\/\/mattermost.com\/\" target=\"_blank\" rel=\"noopener\"><strong>Mattermost<\/strong><\/a>, <a href=\"https:\/\/www.rocket.chat\/\" target=\"_blank\" rel=\"noopener\"><strong>Raket.chat<\/strong><\/a> Team instant messaging, zelf gehost (Slack\/Teams alternatief)<\/li><li><a href=\"https:\/\/framateam.org\/\" target=\"_blank\" rel=\"noopener\"><strong>Framateam<\/strong><\/a> <img decoding=\"async\" src=\"https:\/\/www.drapeauxdespays.fr\/data\/flags\/h24\/fr.png\" alt=\"Drapeau de la France\" width=\"15px\" \/> Mattermost Instance beheerd door Framasoft<\/li><li><a href=\"https:\/\/mobilizon.org\/\" target=\"_blank\" rel=\"noopener\"><strong>Mobilizon<\/strong><\/a> <img decoding=\"async\" src=\"https:\/\/www.drapeauxdespays.fr\/data\/flags\/h24\/fr.png\" alt=\"Drapeau de la France\" width=\"15px\" \/> Evenement- en registratiebeheer, gefedereerd<\/li><\/ul><h3><strong>Webbrowsers en vertrouwelijkheid<\/strong><\/h3><ul><li><a href=\"https:\/\/www.mozilla.org\/fr\/firefox\/new\/\" target=\"_blank\" rel=\"noopener\"><strong>Mozilla Firefox<\/strong><\/a> Open source, cross-platform browser, leider op het gebied van privacy<\/li><li><a href=\"https:\/\/brave.com\/fr\/\" target=\"_blank\" rel=\"noopener\"><strong>Dappere<\/strong><\/a> : Op privacy gerichte browser<\/li><li><a href=\"https:\/\/www.qwant.com\/\" target=\"_blank\" rel=\"noopener\"><strong>Qwant<\/strong><\/a> <img decoding=\"async\" src=\"https:\/\/www.drapeauxdespays.fr\/data\/flags\/h24\/fr.png\" alt=\"Drapeau de la France\" width=\"15px\" \/>, <a href=\"https:\/\/searx.space\/\" target=\"_blank\" rel=\"noopener\"><strong>SearxNG<\/strong><\/a> <img decoding=\"async\" src=\"https:\/\/www.drapeauxdespays.fr\/data\/org\/h24\/eu.png\" alt=\"Drapeau europ\u00e9en\" width=\"15px\" \/>\u00a0Europese\/open source zoekmachines met oog voor privacy<\/li><\/ul><h3><strong>Beveiliging, toegangsbeheer en encryptie<\/strong><\/h3><ul><li><a href=\"https:\/\/keepassxc.org\/\"><strong>KeePassXC<\/strong><\/a>, <a href=\"https:\/\/bitwarden.com\/\" target=\"_blank\" rel=\"noopener\"><strong>Bitwarden<\/strong><\/a> Open source wachtwoordbeheerders<\/li><li><a href=\"https:\/\/openvpn.net\/\" target=\"_blank\" rel=\"noopener\"><strong>OpenVPN<\/strong><\/a>, <a href=\"https:\/\/www.wireguard.com\/\" target=\"_blank\" rel=\"noopener\"><strong>WireGuard<\/strong><\/a> Open bron VPN<\/li><li><a href=\"https:\/\/gnupg.org\/\" target=\"_blank\" rel=\"noopener\"><strong>GnuPG<\/strong><\/a> <img decoding=\"async\" src=\"https:\/\/www.drapeauxdespays.fr\/data\/org\/h24\/eu.png\" alt=\"Drapeau europ\u00e9en\" width=\"15px\" \/>\u00a0E-mails versleutelen en ondertekenen<\/li><\/ul><h3><strong>Cartografie, grafiek, multimedia<\/strong><\/h3><ul><li><a href=\"https:\/\/www.gimp.org\/\" target=\"_blank\" rel=\"noopener\"><strong>GIMP<\/strong><\/a> Foto\/beeld retoucheren, een alternatief voor Photoshop<\/li><li><a href=\"https:\/\/inkscape.org\/fr\/\" target=\"_blank\" rel=\"noopener\"><strong>Inkscape<\/strong><\/a> Vectortekenen, een alternatief voor Illustrator<\/li><li><a href=\"https:\/\/librecad.org\/\" target=\"_blank\" rel=\"noopener\"><strong>LibreCAD<\/strong><\/a> <img decoding=\"async\" src=\"https:\/\/www.drapeauxdespays.fr\/data\/org\/h24\/eu.png\" alt=\"Drapeau europ\u00e9en\" width=\"15px\" \/>\u00a0, <a href=\"https:\/\/qgis.org\/fr\/site\/\" target=\"_blank\" rel=\"noopener\"><strong>QGIS<\/strong><\/a> 2D CAD (technische tekeningen), GIS\/Mapping<\/li><\/ul><h3><strong>Systeem- en netwerkbeheer<\/strong><\/h3><ul><li><a href=\"https:\/\/ocsinventory-ng.org\/\" target=\"_blank\" rel=\"noopener\"><strong>OCS inventaris NG<\/strong><\/a> <img decoding=\"async\" src=\"https:\/\/www.drapeauxdespays.fr\/data\/flags\/h24\/fr.png\" alt=\"Drapeau de la France\" width=\"15px\" \/> Inventarisatie en beheer van IT-middelen<\/li><li><a href=\"https:\/\/glpi-project.org\/fr\/\" target=\"_blank\" rel=\"noopener\"><strong>GLPI<\/strong><\/a> <img decoding=\"async\" src=\"https:\/\/www.drapeauxdespays.fr\/data\/flags\/h24\/fr.png\" alt=\"Drapeau de la France\" width=\"15px\" \/> IT-servicemanagement en helpdesk<\/li><\/ul><h3><strong>Notities maken<\/strong><\/h3><ul><li><a href=\"https:\/\/joplinapp.org\/\" target=\"_blank\" rel=\"noopener\"><strong>Joplin<\/strong><\/a> <img decoding=\"async\" src=\"https:\/\/www.drapeauxdespays.fr\/data\/flags\/h24\/fr.png\" alt=\"Drapeau de la France\" width=\"15px\" \/> Notities maken, synchronisatie met meerdere platforms, open source<\/li><li><a href=\"https:\/\/github.com\/zadam\/trilium\" target=\"_blank\" rel=\"noopener\"><strong>Trilium Opmerkingen<\/strong><\/a> <img decoding=\"async\" src=\"https:\/\/www.drapeauxdespays.fr\/data\/org\/h24\/eu.png\" alt=\"Drapeau europ\u00e9en\" width=\"15px\" \/>\u00a0Hi\u00ebrarchische notities met uitgebreide bewerkingsmogelijkheden en zelf hosten<\/li><\/ul><h3><strong>Andere referentiesystemen<\/strong><\/h3><ul><li><a href=\"https:\/\/comptoir-du-libre.org\/fr\/\" target=\"_blank\" rel=\"noopener\"><strong>Comptoir du Libre<\/strong><\/a> Directory van software voor de publieke sector en sectorspecifieke bedrijfssoftware<\/li><li><strong><a href=\"https:\/\/sill.code.gouv.fr\/\" target=\"_blank\" rel=\"noopener\">SILL<\/a> (Interministeri\u00eble Basis voor Open Source Software)<\/strong> : Aanbevolen offici\u00eble directory voor de Franse overheid, zeer up-to-date<\/li><li><strong><a href=\"https:\/\/code.gouv.fr\/\" target=\"_blank\" rel=\"noopener\">Open source en digital commons cluster<\/a><\/strong>\u00a0Catalogi, hulpbronnen en ondersteuning voor Franse overheden<\/li><\/ul><p><strong>Opmerking:<\/strong><br \/>Er zijn een aantal recente platforms die Europese alternatieve oplossingen (clouddiensten, beveiliging, samenwerken, enz.) inventariseren, verifi\u00ebren en continu evalueren, waaronder European Alternatives.<\/p><p>Deze tools zijn beschikbaar, worden actief ontwikkeld, zijn robuust en worden, voor het grootste deel, gebruikt door de Franse overheid, de open source gemeenschap en soevereine digitale spelers.<\/p><\/div>\t\t\t\t\t\t\t\t<\/div>\n\t\t\t\t\t<\/div>\n\t\t\t\t<\/div>\n\t\t\t\t<\/div>","protected":false},"excerpt":{"rendered":"<p>Liens utiles Nos articles de fond Pourquoi les IXP sont importants : les infrastructures critiques au-del\u00e0 du battage m\u00e9diatique S\u00e9curit\u00e9 du routage r\u00e9seau et adoption de RPKI Carte des IXP sur le territoire fran\u00e7ais Id\u00e9es re\u00e7ues sur le peering Radiographie de l&rsquo;Internet fran\u00e7ais : L&rsquo;hyper-concentration des ASN et l&rsquo;urgence de la d\u00e9centralisation Quelques liens utiles&#8230; [&hellip;]<\/p>\n","protected":false},"author":26,"featured_media":0,"parent":304,"menu_order":30,"comment_status":"closed","ping_status":"closed","template":"","meta":{"footnotes":""},"hf_cat_page":[],"class_list":["post-310","page","type-page","status-publish","hentry"],"aioseo_notices":[],"_links":{"self":[{"href":"https:\/\/frnix.org\/nl\/wp-json\/wp\/v2\/pages\/310","targetHints":{"allow":["GET"]}}],"collection":[{"href":"https:\/\/frnix.org\/nl\/wp-json\/wp\/v2\/pages"}],"about":[{"href":"https:\/\/frnix.org\/nl\/wp-json\/wp\/v2\/types\/page"}],"author":[{"embeddable":true,"href":"https:\/\/frnix.org\/nl\/wp-json\/wp\/v2\/users\/26"}],"replies":[{"embeddable":true,"href":"https:\/\/frnix.org\/nl\/wp-json\/wp\/v2\/comments?post=310"}],"version-history":[{"count":5,"href":"https:\/\/frnix.org\/nl\/wp-json\/wp\/v2\/pages\/310\/revisions"}],"predecessor-version":[{"id":26850,"href":"https:\/\/frnix.org\/nl\/wp-json\/wp\/v2\/pages\/310\/revisions\/26850"}],"up":[{"embeddable":true,"href":"https:\/\/frnix.org\/nl\/wp-json\/wp\/v2\/pages\/304"}],"wp:attachment":[{"href":"https:\/\/frnix.org\/nl\/wp-json\/wp\/v2\/media?parent=310"}],"wp:term":[{"taxonomy":"hf_cat_page","embeddable":true,"href":"https:\/\/frnix.org\/nl\/wp-json\/wp\/v2\/hf_cat_page?post=310"}],"curies":[{"name":"wp","href":"https:\/\/api.w.org\/{rel}","templated":true}]}}