{"id":25972,"date":"2026-03-17T15:38:39","date_gmt":"2026-03-17T14:38:39","guid":{"rendered":"https:\/\/frnix.org\/?page_id=25972"},"modified":"2026-04-09T17:48:47","modified_gmt":"2026-04-09T15:48:47","slug":"idees-recues","status":"publish","type":"page","link":"https:\/\/frnix.org\/pt\/ressources\/idees-recues\/","title":{"rendered":"Id\u00e9es Re\u00e7ues"},"content":{"rendered":"<div data-elementor-type=\"wp-page\" data-elementor-id=\"25972\" class=\"elementor elementor-25972\" data-elementor-post-type=\"page\">\n\t\t\t\t<div class=\"elementor-element elementor-element-ffe5795 e-flex e-con-boxed e-con e-parent\" data-id=\"ffe5795\" data-element_type=\"container\" data-e-type=\"container\">\n\t\t\t\t\t<div class=\"e-con-inner\">\n\t\t<div class=\"elementor-element elementor-element-2aeef6a e-grid e-con-full e-con e-child\" data-id=\"2aeef6a\" data-element_type=\"container\" data-e-type=\"container\">\n\t\t\t\t<\/div>\n\t\t\t\t\t<\/div>\n\t\t\t\t<\/div>\n\t\t<div class=\"elementor-element elementor-element-b6a05db e-flex e-con-boxed e-con e-parent\" data-id=\"b6a05db\" data-element_type=\"container\" data-e-type=\"container\">\n\t\t\t\t\t<div class=\"e-con-inner\">\n\t\t<div class=\"elementor-element elementor-element-1eddbed e-con-full e-flex e-con e-child\" data-id=\"1eddbed\" data-element_type=\"container\" data-e-type=\"container\">\n\t\t\t\t<div class=\"elementor-element elementor-element-e3331c6 elementor-widget-laptop__width-initial elementor-widget elementor-widget-heading\" data-id=\"e3331c6\" data-element_type=\"widget\" data-e-type=\"widget\" data-widget_type=\"heading.default\">\n\t\t\t\t\t<h1 class=\"elementor-heading-title elementor-size-default\">Equ\u00edvocos comuns sobre peering<\/h1>\t\t\t\t<\/div>\n\t\t\t\t<\/div>\n\t\t\t\t\t<\/div>\n\t\t\t\t<\/div>\n\t\t<div class=\"elementor-element elementor-element-cb8b6c0 e-flex e-con-boxed e-con e-parent\" data-id=\"cb8b6c0\" data-element_type=\"container\" data-e-type=\"container\">\n\t\t\t\t\t<div class=\"e-con-inner\">\n\t\t<div class=\"elementor-element elementor-element-962edcd e-con-full e-flex e-con e-child\" data-id=\"962edcd\" data-element_type=\"container\" data-e-type=\"container\">\n\t\t\t\t<div class=\"elementor-element elementor-element-95ae2ee elementor-widget elementor-widget-text-editor\" data-id=\"95ae2ee\" data-element_type=\"widget\" data-e-type=\"widget\" data-widget_type=\"text-editor.default\">\n\t\t\t\t\t\t\t\t\t<h2 style=\"font-size: 2rem;\">\u00abO peering \u00e9 apenas para os grandes operadores e os GAFAM. A minha rede \u00e9 demasiado pequena para beneficiar dela.\u00bb<\/h2><p><i>Este \u00e9 um dos equ\u00edvocos mais comuns! A realidade \u00e9 muito mais matizada e inclusiva.<\/i><\/p><p class=\"MdParagraph\"><span style=\"font-family: 'Lato',sans-serif;\">Os pontos de troca de tr\u00e1fego na Internet (IXP) s\u00e3o mercados neutros onde as redes de <span class=\"MdStrong\">todos os tamanhos<\/span> se unem. Para um ISP regional, uma empresa em fase de arranque, uma empresa de alojamento ou um fornecedor de conte\u00fados emergente, a liga\u00e7\u00e3o a um IXP \u00e9 um acelerador formid\u00e1vel. Em vez de depender de um ou dois tr\u00e2nsitos dispendiosos, uma \u00fanica porta num IXP pode abrir centenas de rotas diretas para outras redes.<\/span><\/p><p>O resultado? Lat\u00eancia reduzida, custos de largura de banda controlados e maior resili\u00eancia. O peering n\u00e3o \u00e9 uma quest\u00e3o de tamanho, mas de estrat\u00e9gia. Trata-se de aproximar o conte\u00fado dos utilizadores, o que beneficia todos no ecossistema.<\/p>\t\t\t\t\t\t\t\t<\/div>\n\t\t\t\t<\/div>\n\t\t<div class=\"elementor-element elementor-element-8775a2f e-con-full e-flex e-con e-child\" data-id=\"8775a2f\" data-element_type=\"container\" data-e-type=\"container\" data-settings=\"{&quot;background_background&quot;:&quot;classic&quot;}\">\n\t\t\t\t<div class=\"elementor-element elementor-element-869cc2a elementor-widget elementor-widget-text-editor\" data-id=\"869cc2a\" data-element_type=\"widget\" data-e-type=\"widget\" data-widget_type=\"text-editor.default\">\n\t\t\t\t\t\t\t\t\t<p style=\"text-align: left;\">Estou a participar no aPEERo para saber mais sobre os jogadores envolvidos<\/p>\t\t\t\t\t\t\t\t<\/div>\n\t\t<div class=\"elementor-element elementor-element-7d74dfc e-flex e-con-boxed e-con e-child\" data-id=\"7d74dfc\" data-element_type=\"container\" data-e-type=\"container\">\n\t\t\t\t\t<div class=\"e-con-inner\">\n\t\t\t\t<div class=\"elementor-element elementor-element-dba75b5 elementor-align-center elementor-widget__width-initial elementor-widget elementor-widget-button\" data-id=\"dba75b5\" data-element_type=\"widget\" data-e-type=\"widget\" data-widget_type=\"button.default\">\n\t\t\t\t\t\t\t\t\t\t<a class=\"elementor-button elementor-button-link elementor-size-sm\" href=\"https:\/\/frnix.org\/pt\/activites\/\">\n\t\t\t\t\t\t<span class=\"elementor-button-content-wrapper\">\n\t\t\t\t\t\t\t\t\t<span class=\"elementor-button-text\">Gostaria de me inscrever no aPEERo<\/span>\n\t\t\t\t\t<\/span>\n\t\t\t\t\t<\/a>\n\t\t\t\t\t\t\t\t<\/div>\n\t\t\t\t<div class=\"elementor-element elementor-element-6b66439 elementor-align-center elementor-widget__width-initial elementor-widget elementor-widget-button\" data-id=\"6b66439\" data-element_type=\"widget\" data-e-type=\"widget\" data-widget_type=\"button.default\">\n\t\t\t\t\t\t\t\t\t\t<a class=\"elementor-button elementor-button-link elementor-size-sm\" href=\"https:\/\/frnix.org\/pt\/a-propos\/adherer-a-l-association\/\">\n\t\t\t\t\t\t<span class=\"elementor-button-content-wrapper\">\n\t\t\t\t\t\t\t\t\t<span class=\"elementor-button-text\">Eu subscrevo<\/span>\n\t\t\t\t\t<\/span>\n\t\t\t\t\t<\/a>\n\t\t\t\t\t\t\t\t<\/div>\n\t\t\t\t\t<\/div>\n\t\t\t\t<\/div>\n\t\t\t\t<\/div>\n\t\t\t\t\t<\/div>\n\t\t\t\t<\/div>\n\t\t<div class=\"elementor-element elementor-element-85268ae e-flex e-con-boxed e-con e-parent\" data-id=\"85268ae\" data-element_type=\"container\" data-e-type=\"container\">\n\t\t\t\t\t<div class=\"e-con-inner\">\n\t\t\t\t<div class=\"elementor-element elementor-element-5be4706 elementor-widget elementor-widget-text-editor\" data-id=\"5be4706\" data-element_type=\"widget\" data-e-type=\"widget\" data-widget_type=\"text-editor.default\">\n\t\t\t\t\t\t\t\t\t<h2 style=\"font-size: 2rem;\">\u00abO peering \u00e9 gratuito, \u00e9 uma troca de tr\u00e1fego sem qualquer fatura\u00e7\u00e3o.\u00bb<\/h2><p><em>Cuidado com a confus\u00e3o! Embora o princ\u00edpio de base do peering seja muitas vezes \u00ablivre de acordos\u00bb (sem acordo financeiro entre as duas redes), n\u00e3o deixa de ter os seus custos.<\/em><\/p><p>\u00abLivre de liquida\u00e7\u00e3o\u00bb significa que as redes que se encontram em p\u00e9 de igualdade concordam em n\u00e3o cobrar umas \u00e0s outras pelo tr\u00e1fego trocado. Trata-se de um acordo mutuamente ben\u00e9fico, baseado no princ\u00edpio de que a troca de tr\u00e1fego \u00e9 mais ou menos equilibrada.<\/p><p>No entanto, h\u00e1 custos de infra-estruturas a ter em conta:<\/p><ul><li><strong>A porta no IXP<\/strong> A sua liga\u00e7\u00e3o f\u00edsica \u00e0 plataforma de troca tem um custo.<\/li><li><strong>Transporte<\/strong> O seu tr\u00e1fego tem de ser encaminhado para o IXP, o que implica custos de fibra \u00f3tica ou de circuito.<\/li><li><strong>O equipamento<\/strong> Os routers e outros equipamentos necess\u00e1rios para gerir as sess\u00f5es de peering representam um investimento.<\/li><\/ul><p>O peering n\u00e3o \u00e9, portanto, \u00abgratuito\u00bb, mas \u00e9 um investimento estrat\u00e9gico. O objetivo \u00e9 que as economias realizadas na compra de tr\u00e2nsito IP e a melhoria do desempenho mais do que compensem estes custos de infraestrutura.<\/p>\t\t\t\t\t\t\t\t<\/div>\n\t\t\t\t\t<\/div>\n\t\t\t\t<\/div>\n\t\t<div class=\"elementor-element elementor-element-12b12cc e-flex e-con-boxed e-con e-parent\" data-id=\"12b12cc\" data-element_type=\"container\" data-e-type=\"container\">\n\t\t\t\t\t<div class=\"e-con-inner\">\n\t\t<div class=\"elementor-element elementor-element-5ba78c5 e-con-full e-flex e-con e-child\" data-id=\"5ba78c5\" data-element_type=\"container\" data-e-type=\"container\">\n\t\t\t\t<div class=\"elementor-element elementor-element-12f99c1 elementor-widget elementor-widget-text-editor\" data-id=\"12f99c1\" data-element_type=\"widget\" data-e-type=\"widget\" data-widget_type=\"text-editor.default\">\n\t\t\t\t\t\t\t\t\t<h2 style=\"font-size: 2rem;\">\u00abO peering \u00e9 demasiado complexo. A configura\u00e7\u00e3o do BGP \u00e9 um pesadelo e arrisco-me a desestabilizar a minha rede.\u00bb<\/h2><p><em>A reputa\u00e7\u00e3o do BGP (Border Gateway Protocol) precede-o frequentemente. Mas atualmente, este receio j\u00e1 n\u00e3o se justifica.<\/em><\/p><p>O BGP \u00e9 o protocolo que faz a Internet funcionar e, como qualquer ferramenta poderosa, precisa de ser dominado. No entanto, o ecossistema IXP simplificou bastante a sua ado\u00e7\u00e3o:<\/p><ul><li><strong>Servidores de rotas<\/strong> Esta \u00e9 a chave! Em vez de ter de configurar centenas de sess\u00f5es BGP individuais com cada membro IXP, pode estabelecer uma \u00fanica sess\u00e3o com o servidor de rotas IXP. O servidor de rotas IXP propagar\u00e1 as suas rotas a todos os outros membros ligados (e vice-versa). Isto poupa tempo e reduz drasticamente a complexidade.<\/li><li><strong>Maior controlo<\/strong> Longe de lhe dar menos controlo, o BGP d\u00e1-lhe mais! Pode definir pol\u00edticas de encaminhamento muito detalhadas para decidir exatamente para onde deve ir o seu tr\u00e1fego, optimizando o desempenho e a resili\u00eancia.<\/li><li><strong>Comunidade e apoio<\/strong> Os IXP s\u00e3o comunidades. Est\u00e3o dispon\u00edveis numerosos tutoriais e cursos de forma\u00e7\u00e3o para o ajudar a melhorar as suas compet\u00eancias. Participe nos nossos workshops BGP criados e dirigidos por especialistas reconhecidos.<\/li><\/ul><p>N\u00e3o tenha medo do BGP! \u00c9 o seu melhor aliado para uma estrat\u00e9gia de peering bem sucedida.<\/p>\t\t\t\t\t\t\t\t<\/div>\n\t\t\t\t<\/div>\n\t\t<div class=\"elementor-element elementor-element-24d7edb e-con-full e-flex e-con e-child\" data-id=\"24d7edb\" data-element_type=\"container\" data-e-type=\"container\" data-settings=\"{&quot;background_background&quot;:&quot;classic&quot;}\">\n\t\t<div class=\"elementor-element elementor-element-c2451d8 e-con-full e-flex e-con e-child\" data-id=\"c2451d8\" data-element_type=\"container\" data-e-type=\"container\" data-settings=\"{&quot;background_background&quot;:&quot;classic&quot;}\">\n\t\t\t\t<div class=\"elementor-element elementor-element-d368ae1 elementor-widget elementor-widget-text-editor\" data-id=\"d368ae1\" data-element_type=\"widget\" data-e-type=\"widget\" data-widget_type=\"text-editor.default\">\n\t\t\t\t\t\t\t\t\t<h4><strong>Tire o m\u00e1ximo partido do seu IXP: inscreva-se num workshop sobre BGP<\/strong><\/h4>\t\t\t\t\t\t\t\t<\/div>\n\t\t\t\t<div class=\"elementor-element elementor-element-ad3e4fb elementor-widget elementor-widget-image\" data-id=\"ad3e4fb\" data-element_type=\"widget\" data-e-type=\"widget\" data-widget_type=\"image.default\">\n\t\t\t\t\t\t\t\t\t\t\t\t\t\t\t<img decoding=\"async\" src=\"https:\/\/frnix.org\/wp-content\/uploads\/elementor\/thumbs\/sticker-workshop-bgp-ravvn76lw17139s2xy8kc4k3ho5gtralytf1miu7vg.webp\" title=\"sticker-workshop-bgp\" alt=\"sticker-workshop-bgp\" loading=\"lazy\" \/>\t\t\t\t\t\t\t\t\t\t\t\t\t\t\t<\/div>\n\t\t\t\t<div class=\"elementor-element elementor-element-77e979e elementor-align-center elementor-widget elementor-widget-button\" data-id=\"77e979e\" data-element_type=\"widget\" data-e-type=\"widget\" data-widget_type=\"button.default\">\n\t\t\t\t\t\t\t\t\t\t<a class=\"elementor-button elementor-button-link elementor-size-sm\" href=\"https:\/\/frnix.org\/pt\/activites\/workshops-bgp\/\">\n\t\t\t\t\t\t<span class=\"elementor-button-content-wrapper\">\n\t\t\t\t\t\t<span class=\"elementor-button-icon\">\n\t\t\t\t<svg aria-hidden=\"true\" class=\"e-font-icon-svg e-fas-arrow-right\" viewbox=\"0 0 448 512\" xmlns=\"http:\/\/www.w3.org\/2000\/svg\"><path d=\"M190.5 66.9l22.2-22.2c9.4-9.4 24.6-9.4 33.9 0L441 239c9.4 9.4 9.4 24.6 0 33.9L246.6 467.3c-9.4 9.4-24.6 9.4-33.9 0l-22.2-22.2c-9.5-9.5-9.3-25 .4-34.3L311.4 296H24c-13.3 0-24-10.7-24-24v-32c0-13.3 10.7-24 24-24h287.4L190.9 101.2c-9.8-9.3-10-24.8-.4-34.3z\"><\/path><\/svg>\t\t\t<\/span>\n\t\t\t\t\t\t\t\t\t<span class=\"elementor-button-text\">Saiba mais<\/span>\n\t\t\t\t\t<\/span>\n\t\t\t\t\t<\/a>\n\t\t\t\t\t\t\t\t<\/div>\n\t\t\t\t<\/div>\n\t\t\t\t<\/div>\n\t\t\t\t\t<\/div>\n\t\t\t\t<\/div>\n\t\t<div class=\"elementor-element elementor-element-47d9ebf e-flex e-con-boxed e-con e-parent\" data-id=\"47d9ebf\" data-element_type=\"container\" data-e-type=\"container\">\n\t\t\t\t\t<div class=\"e-con-inner\">\n\t\t<div class=\"elementor-element elementor-element-3c85d20 e-con-full e-flex e-con e-child\" data-id=\"3c85d20\" data-element_type=\"container\" data-e-type=\"container\" data-settings=\"{&quot;background_background&quot;:&quot;classic&quot;}\">\n\t\t\t\t<div class=\"elementor-element elementor-element-95565f3 elementor-widget elementor-widget-text-editor\" data-id=\"95565f3\" data-element_type=\"widget\" data-e-type=\"widget\" data-widget_type=\"text-editor.default\">\n\t\t\t\t\t\t\t\t\t<p style=\"text-align: center;\"><strong>Acho que o IXP<br \/>mais pr\u00f3ximo de mim<\/strong><\/p>\t\t\t\t\t\t\t\t<\/div>\n\t\t\t\t<div class=\"elementor-element elementor-element-15619a5 elementor-align-center elementor-widget elementor-widget-button\" data-id=\"15619a5\" data-element_type=\"widget\" data-e-type=\"widget\" data-widget_type=\"button.default\">\n\t\t\t\t\t\t\t\t\t\t<a class=\"elementor-button elementor-button-link elementor-size-sm\" href=\"https:\/\/frnix.org\/pt\/carte-des-ixp-sur-le-territoire-francais\/\">\n\t\t\t\t\t\t<span class=\"elementor-button-content-wrapper\">\n\t\t\t\t\t\t\t\t\t<span class=\"elementor-button-text\">Explorar o mapa<\/span>\n\t\t\t\t\t<\/span>\n\t\t\t\t\t<\/a>\n\t\t\t\t\t\t\t\t<\/div>\n\t\t\t\t<\/div>\n\t\t<div class=\"elementor-element elementor-element-cb8189a e-con-full e-flex e-con e-child\" data-id=\"cb8189a\" data-element_type=\"container\" data-e-type=\"container\">\n\t\t\t\t<div class=\"elementor-element elementor-element-5a2b2ed elementor-widget elementor-widget-text-editor\" data-id=\"5a2b2ed\" data-element_type=\"widget\" data-e-type=\"widget\" data-widget_type=\"text-editor.default\">\n\t\t\t\t\t\t\t\t\t<h2 style=\"font-size: 2rem;\">\u00abO peering pode substituir completamente o meu tr\u00e2nsito IP.\u00bb<\/h2><p><em>Esta \u00e9 uma simplifica\u00e7\u00e3o perigosa. O peering e o tr\u00e2nsito n\u00e3o s\u00e3o inimigos, mas sim complementos essenciais de uma estrat\u00e9gia de conetividade s\u00f3lida.<\/em><\/p><ul><li>Le <strong>espreitar<\/strong> d\u00e1-lhe acesso direto \u00e0s redes de outros membros do IXP. \u00c9 uma autoestrada direta para os seus clientes e servi\u00e7os, sem intermedi\u00e1rios. \u00c9 ideal para tr\u00e1fego local e de grande volume (streaming, jogos, etc.).<\/li><li>Le <strong>Tr\u00e2nsito IP<\/strong> d\u00e1-lhe acesso a toda a Internet global. O seu fornecedor de tr\u00e2nsito j\u00e1 tem acordos de peering com milhares de redes em todo o mundo. Esta \u00e9 a sua sa\u00edda para destinos que n\u00e3o consegue alcan\u00e7ar atrav\u00e9s de peering direto.<\/li><\/ul><p><br \/>Uma rede apenas de peering ficaria isolada, incapaz de alcan\u00e7ar uma grande parte da Internet. Inversamente, uma rede exclusivamente de tr\u00e2nsito pagaria muito caro pelo tr\u00e1fego que poderia ser trocado localmente a um custo mais baixo e com melhor desempenho.<\/p><p>A estrat\u00e9gia vencedora \u00e9 utilizar o peering para gerir a maior parte do seu tr\u00e1fego (a famosa lei de Pareto 80\/20) e manter um ou mais fornecedores de tr\u00e2nsito para o resto. \u00c9 o equil\u00edbrio perfeito entre desempenho, custo e resili\u00eancia.<\/p>\t\t\t\t\t\t\t\t<\/div>\n\t\t\t\t<\/div>\n\t\t\t\t\t<\/div>\n\t\t\t\t<\/div>\n\t\t<div class=\"elementor-element elementor-element-513d5cb e-flex e-con-boxed e-con e-parent\" data-id=\"513d5cb\" data-element_type=\"container\" data-e-type=\"container\">\n\t\t\t\t\t<div class=\"e-con-inner\">\n\t\t<div class=\"elementor-element elementor-element-5923edf e-con-full e-flex e-con e-child\" data-id=\"5923edf\" data-element_type=\"container\" data-e-type=\"container\">\n\t\t\t\t<div class=\"elementor-element elementor-element-7d68dfa elementor-widget elementor-widget-text-editor\" data-id=\"7d68dfa\" data-element_type=\"widget\" data-e-type=\"widget\" data-widget_type=\"text-editor.default\">\n\t\t\t\t\t\t\t\t\t<h2 style=\"font-size: 2rem;\">\u00abUm IXP serve apenas para reduzir os custos de largura de banda.\u00bb<\/h2><p><em>A redu\u00e7\u00e3o de custos \u00e9 um benef\u00edcio importante, mas \u00e9 apenas a ponta do icebergue. Ver um IXP apenas deste ponto de vista \u00e9 perder o seu valor mais fundamental.<\/em><\/p><p>Um IXP \u00e9 uma infraestrutura cr\u00edtica para a resili\u00eancia e a soberania digital de uma regi\u00e3o. Ao manter o tr\u00e1fego local... local, um IXP fortalece o ecossistema digital de v\u00e1rias maneiras:<\/p><ul><li><strong>Resili\u00eancia<\/strong> IXP: Se um cabo submarino for cortado ou um grande operador de tr\u00e2nsito falhar, os servi\u00e7os alojados localmente e as comunica\u00e7\u00f5es entre utilizadores locais permanecem operacionais gra\u00e7as ao IXP. Funciona como uma rede de seguran\u00e7a para a Internet nacional.<\/li><li><strong>Desempenho<\/strong> IXP: Ao reduzir a lat\u00eancia, o IXP melhora a experi\u00eancia do utilizador em aplica\u00e7\u00f5es sens\u00edveis, como a nuvem, os jogos em linha, as videoconfer\u00eancias e a telemedicina.<\/li><li><strong>Soberania<\/strong> Um ecossistema de peering local din\u00e2mico reduz a depend\u00eancia de actores estrangeiros e de rotas internacionais. D\u00e1 a uma regi\u00e3o ou pa\u00eds um maior controlo sobre a sua infraestrutura digital.<\/li><li><strong>Inova\u00e7\u00e3o<\/strong> Os IXP s\u00e3o locais onde as pessoas se encontram e trabalham em conjunto para estimular a inova\u00e7\u00e3o local. \u00c9 aqui que nascem novas ideias e novos servi\u00e7os.<\/li><\/ul><p><br \/>Ao ligar-se a um IXP, n\u00e3o est\u00e1 apenas a otimizar os seus custos. Est\u00e1 a ajudar ativamente a construir uma Internet mais robusta, mais r\u00e1pida e mais resistente para a sua comunidade.<\/p>\t\t\t\t\t\t\t\t<\/div>\n\t\t\t\t<\/div>\n\t\t<div class=\"elementor-element elementor-element-13e0343 e-con-full e-flex e-con e-child\" data-id=\"13e0343\" data-element_type=\"container\" data-e-type=\"container\" data-settings=\"{&quot;background_background&quot;:&quot;classic&quot;}\">\n\t\t\t\t<div class=\"elementor-element elementor-element-0c6ef02 elementor-align-center elementor-widget elementor-widget-button\" data-id=\"0c6ef02\" data-element_type=\"widget\" data-e-type=\"widget\" data-widget_type=\"button.default\">\n\t\t\t\t\t\t\t\t\t\t<a class=\"elementor-button elementor-button-link elementor-size-sm\" href=\"https:\/\/frnix.org\/pt\/pourquoi-les-ixp-sont-importants\/\">\n\t\t\t\t\t\t<span class=\"elementor-button-content-wrapper\">\n\t\t\t\t\t\t\t\t\t<span class=\"elementor-button-text\">Ler mais<\/span>\n\t\t\t\t\t<\/span>\n\t\t\t\t\t<\/a>\n\t\t\t\t\t\t\t\t<\/div>\n\t\t\t\t<div class=\"elementor-element elementor-element-32be5b3 elementor-widget elementor-widget-text-editor\" data-id=\"32be5b3\" data-element_type=\"widget\" data-e-type=\"widget\" data-widget_type=\"text-editor.default\">\n\t\t\t\t\t\t\t\t\t<p style=\"text-align: center;\"><span style=\"font-size: 2rem;\">\u201c<\/span>Os IXP n\u00e3o s\u00e3o \u00absimples comutadores\u00bb. S\u00e3o bens comuns de interconex\u00e3o, que apoiam a abertura, a descentraliza\u00e7\u00e3o e a colabora\u00e7\u00e3o.<span style=\"font-size: 2rem;\">\u201d<\/span><\/p>\t\t\t\t\t\t\t\t<\/div>\n\t\t\t\t<\/div>\n\t\t\t\t\t<\/div>\n\t\t\t\t<\/div>\n\t\t\t\t<\/div>","protected":false},"excerpt":{"rendered":"<p>Id\u00e9es re\u00e7ues sur le peering \u00ab\u00a0Le peering, c&rsquo;est uniquement pour les grands op\u00e9rateurs et les GAFAM. Mon r\u00e9seau est trop petit pour en b\u00e9n\u00e9ficier.\u00a0\u00bb C&rsquo;est l&rsquo;une des fausses croyances les plus r\u00e9pandues ! La r\u00e9alit\u00e9 est bien plus nuanc\u00e9e et inclusive. Les Points d&rsquo;\u00c9change Internet (IXP) sont pr\u00e9cis\u00e9ment des places de march\u00e9 neutres o\u00f9 des [&hellip;]<\/p>\n","protected":false},"author":351,"featured_media":0,"parent":304,"menu_order":0,"comment_status":"closed","ping_status":"closed","template":"","meta":{"footnotes":""},"hf_cat_page":[],"class_list":["post-25972","page","type-page","status-publish","hentry"],"aioseo_notices":[],"_links":{"self":[{"href":"https:\/\/frnix.org\/pt\/wp-json\/wp\/v2\/pages\/25972","targetHints":{"allow":["GET"]}}],"collection":[{"href":"https:\/\/frnix.org\/pt\/wp-json\/wp\/v2\/pages"}],"about":[{"href":"https:\/\/frnix.org\/pt\/wp-json\/wp\/v2\/types\/page"}],"author":[{"embeddable":true,"href":"https:\/\/frnix.org\/pt\/wp-json\/wp\/v2\/users\/351"}],"replies":[{"embeddable":true,"href":"https:\/\/frnix.org\/pt\/wp-json\/wp\/v2\/comments?post=25972"}],"version-history":[{"count":5,"href":"https:\/\/frnix.org\/pt\/wp-json\/wp\/v2\/pages\/25972\/revisions"}],"predecessor-version":[{"id":26344,"href":"https:\/\/frnix.org\/pt\/wp-json\/wp\/v2\/pages\/25972\/revisions\/26344"}],"up":[{"embeddable":true,"href":"https:\/\/frnix.org\/pt\/wp-json\/wp\/v2\/pages\/304"}],"wp:attachment":[{"href":"https:\/\/frnix.org\/pt\/wp-json\/wp\/v2\/media?parent=25972"}],"wp:term":[{"taxonomy":"hf_cat_page","embeddable":true,"href":"https:\/\/frnix.org\/pt\/wp-json\/wp\/v2\/hf_cat_page?post=25972"}],"curies":[{"name":"wp","href":"https:\/\/api.w.org\/{rel}","templated":true}]}}