{"id":273,"date":"2023-11-05T19:12:28","date_gmt":"2023-11-05T18:12:28","guid":{"rendered":"https:\/\/frnix.org\/?page_id=273"},"modified":"2025-11-07T10:55:37","modified_gmt":"2025-11-07T09:55:37","slug":"le-conseil-d-administration","status":"publish","type":"page","link":"https:\/\/frnix.org\/pt\/a-propos\/le-conseil-d-administration\/","title":{"rendered":"O Conselho de Administra\u00e7\u00e3o"},"content":{"rendered":"<div data-elementor-type=\"wp-page\" data-elementor-id=\"273\" class=\"elementor elementor-273\" data-elementor-post-type=\"page\">\n\t\t\t\t<div class=\"elementor-element elementor-element-9652cd7 e-flex e-con-boxed e-con e-parent\" data-id=\"9652cd7\" data-element_type=\"container\" data-e-type=\"container\" data-settings=\"{&quot;background_background&quot;:&quot;classic&quot;,&quot;shape_divider_bottom&quot;:&quot;curve&quot;,&quot;shape_divider_bottom_negative&quot;:&quot;yes&quot;}\">\n\t\t\t\t\t<div class=\"e-con-inner\">\n\t\t\t\t<div class=\"elementor-shape elementor-shape-bottom\" aria-hidden=\"true\" data-negative=\"true\">\n\t\t\t<svg xmlns=\"http:\/\/www.w3.org\/2000\/svg\" viewbox=\"0 0 1000 100\" preserveaspectratio=\"none\">\n\t<path class=\"elementor-shape-fill\" d=\"M500,97C126.7,96.3,0.8,19.8,0,0v100l1000,0V1C1000,19.4,873.3,97.8,500,97z\"\/>\n<\/svg>\t\t<\/div>\n\t\t\t\t<div class=\"elementor-element elementor-element-ada8976 elementor-widget elementor-widget-heading\" data-id=\"ada8976\" data-element_type=\"widget\" data-e-type=\"widget\" data-widget_type=\"heading.default\">\n\t\t\t\t\t<h1 class=\"elementor-heading-title elementor-size-default\">Conselho de Administra\u00e7\u00e3o do FRNIX<\/h1>\t\t\t\t<\/div>\n\t\t<div class=\"elementor-element elementor-element-37c2317 e-flex e-con-boxed e-con e-child\" data-id=\"37c2317\" data-element_type=\"container\" data-e-type=\"container\">\n\t\t\t\t\t<div class=\"e-con-inner\">\n\t\t\t\t<div class=\"elementor-element elementor-element-d3fd004 elementor-cta--skin-cover elementor-widget__width-initial elementor-widget-mobile__width-inherit elementor-animated-content elementor-widget elementor-widget-call-to-action\" data-id=\"d3fd004\" data-element_type=\"widget\" data-e-type=\"widget\" data-widget_type=\"call-to-action.default\">\n\t\t\t\t\t\t\t<div class=\"elementor-cta\">\n\t\t\t\t\t<div class=\"elementor-cta__bg-wrapper\">\n\t\t\t\t<div class=\"elementor-cta__bg elementor-bg\" style=\"background-image: url();\" role=\"img\" aria-label=\"\"><\/div>\n\t\t\t\t<div class=\"elementor-cta__bg-overlay\"><\/div>\n\t\t\t<\/div>\n\t\t\t\t\t\t\t<div class=\"elementor-cta__content\">\n\t\t\t\t\t\t\t\t\t<div class=\"elementor-content-item elementor-cta__content-item elementor-cta__image elementor-animated-item--grow\">\n\t\t\t\t\t\t<img decoding=\"async\" width=\"200\" height=\"200\" src=\"https:\/\/frnix.org\/wp-content\/uploads\/Philippe_Duby-1.webp\" class=\"attachment-medium_large size-medium_large wp-image-1248\" alt=\"Philippe Duby\" srcset=\"https:\/\/frnix.org\/wp-content\/uploads\/Philippe_Duby-1.webp 200w, https:\/\/frnix.org\/wp-content\/uploads\/.\/Philippe_Duby-1-150x150.webp 150w\" sizes=\"(max-width: 200px) 100vw, 200px\" \/>\t\t\t\t\t<\/div>\n\t\t\t\t\n\t\t\t\t\t\t\t\t\t<h4 class=\"elementor-cta__title elementor-cta__content-item elementor-content-item elementor-animated-item--grow\">\n\t\t\t\t\t\tPhilippe Duby\t\t\t\t\t<\/h4>\n\t\t\t\t\n\t\t\t\t\t\t\t\t\t<h6 class=\"elementor-cta__description elementor-cta__content-item elementor-content-item elementor-animated-item--grow\">\n\t\t\t\t\t\tPresidente do Conselho de Administra\u00e7\u00e3o\t\t\t\t\t<\/h6>\n\t\t\t\t\n\t\t\t\t\t\t\t\t\t<div class=\"elementor-cta__button-wrapper elementor-cta__content-item elementor-content-item elementor-animated-item--grow\">\n\t\t\t\t\t<a class=\"elementor-cta__button elementor-button elementor-size-\" href=\"https:\/\/www.linkedin.com\/in\/philippe-duby-b836641\/\" target=\"_blank\" rel=\"nofollow\">\n\t\t\t\t\t\tSeguir-me no Linkedin\t\t\t\t\t<\/a>\n\t\t\t\t\t<\/div>\n\t\t\t\t\t\t\t<\/div>\n\t\t\t\t\t\t<\/div>\n\t\t\t\t\t\t<\/div>\n\t\t\t\t<div class=\"elementor-element elementor-element-bbe98f9 elementor-cta--skin-cover elementor-widget__width-initial elementor-widget-mobile__width-inherit elementor-animated-content elementor-widget elementor-widget-call-to-action\" data-id=\"bbe98f9\" data-element_type=\"widget\" data-e-type=\"widget\" data-widget_type=\"call-to-action.default\">\n\t\t\t\t\t\t\t<div class=\"elementor-cta\">\n\t\t\t\t\t<div class=\"elementor-cta__bg-wrapper\">\n\t\t\t\t<div class=\"elementor-cta__bg elementor-bg\" style=\"background-image: url();\" role=\"img\" aria-label=\"\"><\/div>\n\t\t\t\t<div class=\"elementor-cta__bg-overlay\"><\/div>\n\t\t\t<\/div>\n\t\t\t\t\t\t\t<div class=\"elementor-cta__content\">\n\t\t\t\t\t\t\t\t\t<div class=\"elementor-content-item elementor-cta__content-item elementor-cta__image elementor-animated-item--grow\">\n\t\t\t\t\t\t<img fetchpriority=\"high\" decoding=\"async\" width=\"703\" height=\"703\" src=\"https:\/\/frnix.org\/wp-content\/uploads\/Raphael1-e1750334251640.webp\" class=\"attachment-medium_large size-medium_large wp-image-20157\" alt=\"\" srcset=\"https:\/\/frnix.org\/wp-content\/uploads\/Raphael1-e1750334251640.webp 703w, https:\/\/frnix.org\/wp-content\/uploads\/.\/Raphael1-e1750334251640-150x150.webp 150w, https:\/\/frnix.org\/wp-content\/uploads\/Raphael1-e1750334251640-600x600.webp 600w, https:\/\/frnix.org\/wp-content\/uploads\/Raphael1-e1750334251640-300x300.webp 300w, https:\/\/frnix.org\/wp-content\/uploads\/Raphael1-e1750334251640-12x12.webp 12w\" sizes=\"(max-width: 703px) 100vw, 703px\" \/>\t\t\t\t\t<\/div>\n\t\t\t\t\n\t\t\t\t\t\t\t\t\t<h4 class=\"elementor-cta__title elementor-cta__content-item elementor-content-item elementor-animated-item--grow\">\n\t\t\t\t\t\tRapha\u00ebl Boukris\t\t\t\t\t<\/h4>\n\t\t\t\t\n\t\t\t\t\t\t\t\t\t<h6 class=\"elementor-cta__description elementor-cta__content-item elementor-content-item elementor-animated-item--grow\">\n\t\t\t\t\t\tTesoureiro\t\t\t\t\t<\/h6>\n\t\t\t\t\n\t\t\t\t\t\t\t\t\t<div class=\"elementor-cta__button-wrapper elementor-cta__content-item elementor-content-item elementor-animated-item--grow\">\n\t\t\t\t\t<a class=\"elementor-cta__button elementor-button elementor-size-\" href=\"https:\/\/www.linkedin.com\/in\/raphaelboukris\">\n\t\t\t\t\t\tSeguir-me no Linkedin\t\t\t\t\t<\/a>\n\t\t\t\t\t<\/div>\n\t\t\t\t\t\t\t<\/div>\n\t\t\t\t\t\t<\/div>\n\t\t\t\t\t\t<\/div>\n\t\t\t\t<div class=\"elementor-element elementor-element-02d3a97 elementor-cta--skin-cover elementor-widget__width-initial elementor-widget-mobile__width-inherit elementor-animated-content elementor-widget elementor-widget-call-to-action\" data-id=\"02d3a97\" data-element_type=\"widget\" data-e-type=\"widget\" data-widget_type=\"call-to-action.default\">\n\t\t\t\t\t\t\t<div class=\"elementor-cta\">\n\t\t\t\t\t<div class=\"elementor-cta__bg-wrapper\">\n\t\t\t\t<div class=\"elementor-cta__bg elementor-bg\" style=\"background-image: url();\" role=\"img\" aria-label=\"\"><\/div>\n\t\t\t\t<div class=\"elementor-cta__bg-overlay\"><\/div>\n\t\t\t<\/div>\n\t\t\t\t\t\t\t<div class=\"elementor-cta__content\">\n\t\t\t\t\t\t\t\t\t<div class=\"elementor-content-item elementor-cta__content-item elementor-cta__image elementor-animated-item--grow\">\n\t\t\t\t\t\t<img decoding=\"async\" width=\"336\" height=\"336\" src=\"https:\/\/frnix.org\/wp-content\/uploads\/G-Chenevoy.webp\" class=\"attachment-medium_large size-medium_large wp-image-1569\" alt=\"\" srcset=\"https:\/\/frnix.org\/wp-content\/uploads\/G-Chenevoy.webp 336w, https:\/\/frnix.org\/wp-content\/uploads\/.\/G-Chenevoy-150x150.webp 150w, https:\/\/frnix.org\/wp-content\/uploads\/.\/G-Chenevoy-300.webp 300w\" sizes=\"(max-width: 336px) 100vw, 336px\" \/>\t\t\t\t\t<\/div>\n\t\t\t\t\n\t\t\t\t\t\t\t\t\t<h4 class=\"elementor-cta__title elementor-cta__content-item elementor-content-item elementor-animated-item--grow\">\n\t\t\t\t\t\tGabriel Chenevoy\t\t\t\t\t<\/h4>\n\t\t\t\t\n\t\t\t\t\t\t\t\t\t<h6 class=\"elementor-cta__description elementor-cta__content-item elementor-content-item elementor-animated-item--grow\">\n\t\t\t\t\t\tPresidente do Comit\u00e9 Estrat\u00e9gico\t\t\t\t\t<\/h6>\n\t\t\t\t\n\t\t\t\t\t\t\t\t\t<div class=\"elementor-cta__button-wrapper elementor-cta__content-item elementor-content-item elementor-animated-item--grow\">\n\t\t\t\t\t<a class=\"elementor-cta__button elementor-button elementor-size-\" href=\"https:\/\/www.linkedin.com\/in\/gchenevoy\/\">\n\t\t\t\t\t\tSeguir-me no Linkedin\t\t\t\t\t<\/a>\n\t\t\t\t\t<\/div>\n\t\t\t\t\t\t\t<\/div>\n\t\t\t\t\t\t<\/div>\n\t\t\t\t\t\t<\/div>\n\t\t\t\t<div class=\"elementor-element elementor-element-40afa33 elementor-cta--skin-cover elementor-widget__width-initial elementor-widget-mobile__width-inherit elementor-animated-content elementor-widget elementor-widget-call-to-action\" data-id=\"40afa33\" data-element_type=\"widget\" data-e-type=\"widget\" data-widget_type=\"call-to-action.default\">\n\t\t\t\t\t\t\t<div class=\"elementor-cta\">\n\t\t\t\t\t<div class=\"elementor-cta__bg-wrapper\">\n\t\t\t\t<div class=\"elementor-cta__bg elementor-bg\" style=\"background-image: url();\" role=\"img\" aria-label=\"\"><\/div>\n\t\t\t\t<div class=\"elementor-cta__bg-overlay\"><\/div>\n\t\t\t<\/div>\n\t\t\t\t\t\t\t<div class=\"elementor-cta__content\">\n\t\t\t\t\t\t\t\t\t<div class=\"elementor-content-item elementor-cta__content-item elementor-cta__image elementor-animated-item--grow\">\n\t\t\t\t\t\t<img decoding=\"async\" src=\"https:\/\/frnix.org\/wp-content\/uploads\/Antoine_Fournier.webp\" title=\"\" alt=\"\" loading=\"lazy\" \/>\t\t\t\t\t<\/div>\n\t\t\t\t\n\t\t\t\t\t\t\t\t\t<h4 class=\"elementor-cta__title elementor-cta__content-item elementor-content-item elementor-animated-item--grow\">\n\t\t\t\t\t\tAntoine Fournier\t\t\t\t\t<\/h4>\n\t\t\t\t\n\t\t\t\t\t\t\t\t\t<h6 class=\"elementor-cta__description elementor-cta__content-item elementor-content-item elementor-animated-item--grow\">\n\t\t\t\t\t\tVice-tesoureiro\t\t\t\t\t<\/h6>\n\t\t\t\t\n\t\t\t\t\t\t\t\t\t<div class=\"elementor-cta__button-wrapper elementor-cta__content-item elementor-content-item elementor-animated-item--grow\">\n\t\t\t\t\t<a class=\"elementor-cta__button elementor-button elementor-size-\" href=\"https:\/\/www.linkedin.com\/in\/fournier-a\/\" target=\"_blank\" rel=\"nofollow\">\n\t\t\t\t\t\tSeguir-me no Linkedin\t\t\t\t\t<\/a>\n\t\t\t\t\t<\/div>\n\t\t\t\t\t\t\t<\/div>\n\t\t\t\t\t\t<\/div>\n\t\t\t\t\t\t<\/div>\n\t\t\t\t<div class=\"elementor-element elementor-element-fb085e8 elementor-cta--skin-cover elementor-widget__width-initial elementor-widget-mobile__width-inherit elementor-animated-content elementor-widget elementor-widget-call-to-action\" data-id=\"fb085e8\" data-element_type=\"widget\" data-e-type=\"widget\" data-widget_type=\"call-to-action.default\">\n\t\t\t\t\t\t\t<div class=\"elementor-cta\">\n\t\t\t\t\t<div class=\"elementor-cta__bg-wrapper\">\n\t\t\t\t<div class=\"elementor-cta__bg elementor-bg\" style=\"background-image: url();\" role=\"img\" aria-label=\"\"><\/div>\n\t\t\t\t<div class=\"elementor-cta__bg-overlay\"><\/div>\n\t\t\t<\/div>\n\t\t\t\t\t\t\t<div class=\"elementor-cta__content\">\n\t\t\t\t\t\t\t\t\t<div class=\"elementor-content-item elementor-cta__content-item elementor-cta__image elementor-animated-item--grow\">\n\t\t\t\t\t\t<img loading=\"lazy\" decoding=\"async\" width=\"400\" height=\"400\" src=\"https:\/\/frnix.org\/wp-content\/uploads\/plo.webp\" class=\"attachment-full size-full wp-image-20135\" alt=\"\" srcset=\"https:\/\/frnix.org\/wp-content\/uploads\/plo.webp 400w, https:\/\/frnix.org\/wp-content\/uploads\/.\/plo-150x150.webp 150w, https:\/\/frnix.org\/wp-content\/uploads\/.\/plo-300.webp 300w\" sizes=\"(max-width: 400px) 100vw, 400px\" \/>\t\t\t\t\t<\/div>\n\t\t\t\t\n\t\t\t\t\t\t\t\t\t<h4 class=\"elementor-cta__title elementor-cta__content-item elementor-content-item elementor-animated-item--grow\">\n\t\t\t\t\t\tPierre-Olivier <br>Lompr\u00e9\t\t\t\t\t<\/h4>\n\t\t\t\t\n\t\t\t\t\t\t\t\t\t<h6 class=\"elementor-cta__description elementor-cta__content-item elementor-content-item elementor-animated-item--grow\">\n\t\t\t\t\t\tDiretor\t\t\t\t\t<\/h6>\n\t\t\t\t\n\t\t\t\t\t\t\t\t\t<div class=\"elementor-cta__button-wrapper elementor-cta__content-item elementor-content-item elementor-animated-item--grow\">\n\t\t\t\t\t<a class=\"elementor-cta__button elementor-button elementor-size-\" href=\"https:\/\/www.linkedin.com\/in\/pierreolivierlompre\/\" target=\"_blank\" rel=\"nofollow\">\n\t\t\t\t\t\tSeguir-me no Linkedin\t\t\t\t\t<\/a>\n\t\t\t\t\t<\/div>\n\t\t\t\t\t\t\t<\/div>\n\t\t\t\t\t\t<\/div>\n\t\t\t\t\t\t<\/div>\n\t\t\t\t<div class=\"elementor-element elementor-element-c78aba3 elementor-cta--skin-cover elementor-widget__width-initial elementor-widget-mobile__width-inherit elementor-animated-content elementor-widget elementor-widget-call-to-action\" data-id=\"c78aba3\" data-element_type=\"widget\" data-e-type=\"widget\" data-widget_type=\"call-to-action.default\">\n\t\t\t\t\t\t\t<div class=\"elementor-cta\">\n\t\t\t\t\t<div class=\"elementor-cta__bg-wrapper\">\n\t\t\t\t<div class=\"elementor-cta__bg elementor-bg\" style=\"background-image: url();\" role=\"img\" aria-label=\"\"><\/div>\n\t\t\t\t<div class=\"elementor-cta__bg-overlay\"><\/div>\n\t\t\t<\/div>\n\t\t\t\t\t\t\t<div class=\"elementor-cta__content\">\n\t\t\t\t\t\t\t\t\t<div class=\"elementor-content-item elementor-cta__content-item elementor-cta__image elementor-animated-item--grow\">\n\t\t\t\t\t\t<img loading=\"lazy\" decoding=\"async\" width=\"230\" height=\"230\" src=\"https:\/\/frnix.org\/wp-content\/uploads\/david_marciano-e1750074527549.webp\" class=\"attachment-custom-600 size-custom-600 wp-image-18795\" alt=\"\" srcset=\"https:\/\/frnix.org\/wp-content\/uploads\/david_marciano-e1750074527549.webp 230w, https:\/\/frnix.org\/wp-content\/uploads\/.\/david_marciano-e1750074527549-150x150.webp 150w, https:\/\/frnix.org\/wp-content\/uploads\/david_marciano-e1750074527549-12x12.webp 12w\" sizes=\"(max-width: 230px) 100vw, 230px\" \/>\t\t\t\t\t<\/div>\n\t\t\t\t\n\t\t\t\t\t\t\t\t\t<h4 class=\"elementor-cta__title elementor-cta__content-item elementor-content-item elementor-animated-item--grow\">\n\t\t\t\t\t\tDavid Marciano\t\t\t\t\t<\/h4>\n\t\t\t\t\n\t\t\t\t\t\t\t\t\t<h6 class=\"elementor-cta__description elementor-cta__content-item elementor-content-item elementor-animated-item--grow\">\n\t\t\t\t\t\tSecret\u00e1rio Adjunto\t\t\t\t\t<\/h6>\n\t\t\t\t\n\t\t\t\t\t\t\t\t\t<div class=\"elementor-cta__button-wrapper elementor-cta__content-item elementor-content-item elementor-animated-item--grow\">\n\t\t\t\t\t<a class=\"elementor-cta__button elementor-button elementor-size-\" href=\"https:\/\/www.linkedin.com\/in\/david-marciano-0557271\">\n\t\t\t\t\t\tSeguir-me no Linkedin\t\t\t\t\t<\/a>\n\t\t\t\t\t<\/div>\n\t\t\t\t\t\t\t<\/div>\n\t\t\t\t\t\t<\/div>\n\t\t\t\t\t\t<\/div>\n\t\t\t\t<div class=\"elementor-element elementor-element-c28a9b4 elementor-cta--skin-cover elementor-widget__width-initial elementor-widget-mobile__width-inherit elementor-animated-content elementor-widget elementor-widget-call-to-action\" data-id=\"c28a9b4\" data-element_type=\"widget\" data-e-type=\"widget\" data-widget_type=\"call-to-action.default\">\n\t\t\t\t\t\t\t<div class=\"elementor-cta\">\n\t\t\t\t\t<div class=\"elementor-cta__bg-wrapper\">\n\t\t\t\t<div class=\"elementor-cta__bg elementor-bg\" style=\"background-image: url();\" role=\"img\" aria-label=\"\"><\/div>\n\t\t\t\t<div class=\"elementor-cta__bg-overlay\"><\/div>\n\t\t\t<\/div>\n\t\t\t\t\t\t\t<div class=\"elementor-cta__content\">\n\t\t\t\t\t\t\t\t\t<div class=\"elementor-content-item elementor-cta__content-item elementor-cta__image elementor-animated-item--grow\">\n\t\t\t\t\t\t<img loading=\"lazy\" decoding=\"async\" width=\"600\" height=\"600\" src=\"https:\/\/frnix.org\/wp-content\/uploads\/Antoine_Nivard_2023-e1750074492254-600x600.webp\" class=\"attachment-custom-600 size-custom-600 wp-image-18796\" alt=\"\" srcset=\"https:\/\/frnix.org\/wp-content\/uploads\/Antoine_Nivard_2023-e1750074492254-600x600.webp 600w, https:\/\/frnix.org\/wp-content\/uploads\/Antoine_Nivard_2023-e1750074492254-300x300.webp 300w, https:\/\/frnix.org\/wp-content\/uploads\/.\/Antoine_Nivard_2023-e1750074492254-150x150.webp 150w, https:\/\/frnix.org\/wp-content\/uploads\/Antoine_Nivard_2023-e1750074492254-12x12.webp 12w, https:\/\/frnix.org\/wp-content\/uploads\/Antoine_Nivard_2023-e1750074492254.webp 654w\" sizes=\"(max-width: 600px) 100vw, 600px\" \/>\t\t\t\t\t<\/div>\n\t\t\t\t\n\t\t\t\t\t\t\t\t\t<h4 class=\"elementor-cta__title elementor-cta__content-item elementor-content-item elementor-animated-item--grow\">\n\t\t\t\t\t\tAntoine Nivard\t\t\t\t\t<\/h4>\n\t\t\t\t\n\t\t\t\t\t\t\t\t\t<h6 class=\"elementor-cta__description elementor-cta__content-item elementor-content-item elementor-animated-item--grow\">\n\t\t\t\t\t\tSecret\u00e1rio\t\t\t\t\t<\/h6>\n\t\t\t\t\n\t\t\t\t\t\t\t\t\t<div class=\"elementor-cta__button-wrapper elementor-cta__content-item elementor-content-item elementor-animated-item--grow\">\n\t\t\t\t\t<a class=\"elementor-cta__button elementor-button elementor-size-\" href=\"https:\/\/www.linkedin.com\/in\/antoinenivard\">\n\t\t\t\t\t\tSeguir-me no Linkedin\t\t\t\t\t<\/a>\n\t\t\t\t\t<\/div>\n\t\t\t\t\t\t\t<\/div>\n\t\t\t\t\t\t<\/div>\n\t\t\t\t\t\t<\/div>\n\t\t\t\t<div class=\"elementor-element elementor-element-f714560 elementor-cta--skin-cover elementor-widget__width-initial elementor-widget-mobile__width-inherit elementor-animated-content elementor-widget elementor-widget-call-to-action\" data-id=\"f714560\" data-element_type=\"widget\" data-e-type=\"widget\" data-widget_type=\"call-to-action.default\">\n\t\t\t\t\t\t\t<div class=\"elementor-cta\">\n\t\t\t\t\t<div class=\"elementor-cta__bg-wrapper\">\n\t\t\t\t<div class=\"elementor-cta__bg elementor-bg\" style=\"background-image: url();\" role=\"img\" aria-label=\"\"><\/div>\n\t\t\t\t<div class=\"elementor-cta__bg-overlay\"><\/div>\n\t\t\t<\/div>\n\t\t\t\t\t\t\t<div class=\"elementor-cta__content\">\n\t\t\t\t\t\t\t\t\t<div class=\"elementor-content-item elementor-cta__content-item elementor-cta__image elementor-animated-item--grow\">\n\t\t\t\t\t\t<img loading=\"lazy\" decoding=\"async\" width=\"1200\" height=\"1200\" src=\"https:\/\/frnix.org\/wp-content\/uploads\/Thomas_Volmer-portrait-1.webp\" class=\"attachment-full size-full wp-image-16276\" alt=\"\" srcset=\"https:\/\/frnix.org\/wp-content\/uploads\/.\/Thomas_Volmer-portrait-1-1200.webp 1200w, https:\/\/frnix.org\/wp-content\/uploads\/.\/Thomas_Volmer-portrait-1-150x150.webp 150w, https:\/\/frnix.org\/wp-content\/uploads\/.\/Thomas_Volmer-portrait-1-600.webp 600w, https:\/\/frnix.org\/wp-content\/uploads\/.\/Thomas_Volmer-portrait-1-300.webp 300w\" sizes=\"(max-width: 1200px) 100vw, 1200px\" \/>\t\t\t\t\t<\/div>\n\t\t\t\t\n\t\t\t\t\t\t\t\t\t<h4 class=\"elementor-cta__title elementor-cta__content-item elementor-content-item elementor-animated-item--grow\">\n\t\t\t\t\t\tThomas Volmer\t\t\t\t\t<\/h4>\n\t\t\t\t\n\t\t\t\t\t\t\t\t\t<h6 class=\"elementor-cta__description elementor-cta__content-item elementor-content-item elementor-animated-item--grow\">\n\t\t\t\t\t\tVice-presidente\t\t\t\t\t<\/h6>\n\t\t\t\t\n\t\t\t\t\t\t\t\t\t<div class=\"elementor-cta__button-wrapper elementor-cta__content-item elementor-content-item elementor-animated-item--grow\">\n\t\t\t\t\t<a class=\"elementor-cta__button elementor-button elementor-size-\" href=\"https:\/\/www.linkedin.com\/in\/tvolmer\/\">\n\t\t\t\t\t\tSeguir-me no Linkedin\t\t\t\t\t<\/a>\n\t\t\t\t\t<\/div>\n\t\t\t\t\t\t\t<\/div>\n\t\t\t\t\t\t<\/div>\n\t\t\t\t\t\t<\/div>\n\t\t\t\t\t<\/div>\n\t\t\t\t<\/div>\n\t\t\t\t\t<\/div>\n\t\t\t\t<\/div>\n\t\t<div class=\"elementor-element elementor-element-0c74fb3 e-grid e-con-boxed e-con e-parent\" data-id=\"0c74fb3\" data-element_type=\"container\" data-e-type=\"container\">\n\t\t\t\t\t<div class=\"e-con-inner\">\n\t\t\t\t<div class=\"elementor-element elementor-element-9f6d8a0 elementor-widget elementor-widget-heading\" data-id=\"9f6d8a0\" data-element_type=\"widget\" data-e-type=\"widget\" data-widget_type=\"heading.default\">\n\t\t\t\t\t<h2 class=\"elementor-heading-title elementor-size-default\">Novo Conselho de Administra\u00e7\u00e3o 2025<\/h2>\t\t\t\t<\/div>\n\t\t\t\t<div class=\"elementor-element elementor-element-6ab4044 elementor-widget elementor-widget-text-editor\" data-id=\"6ab4044\" data-element_type=\"widget\" data-e-type=\"widget\" data-widget_type=\"text-editor.default\">\n\t\t\t\t\t\t\t\t\t<p>A Assembleia Geral de 10\/06\/25 elegeu um novo Conselho de Administra\u00e7\u00e3o.<\/p><p>Os novos membros s\u00e3o :<\/p><p>- Rapha\u00ebl Boukris<br \/>- David Marciano<br \/>- Antoine Nivard<\/p><p>Claire Audin e Richard Nguyen est\u00e3o a deixar o cargo e foram calorosamente agradecidos pelo Presidente cessante pelo seu trabalho ao longo dos \u00faltimos tr\u00eas anos.\u00a0<\/p>\t\t\t\t\t\t\t\t<\/div>\n\t\t\t\t\t<\/div>\n\t\t\t\t<\/div>\n\t\t\t\t<\/div>","protected":false},"excerpt":{"rendered":"<p>Le Conseil d&rsquo;Administration FRNIX Philippe Duby Pr\u00e9sident du Conseil d&rsquo;Administration Suivez-moi sur Linkedin Rapha\u00ebl Boukris Tr\u00e9sorier Suivez-moi sur Linkedin Gabriel Chenevoy Pr\u00e9sident du Comit\u00e9 Strat\u00e9gique Suivez-moi sur Linkedin Antoine Fournier Vice-Tr\u00e9sorier Suivez-moi sur Linkedin Pierre-Olivier Lompr\u00e9 Administrateur Suivez-moi sur Linkedin David Marciano Vice-Secr\u00e9taire Suivez-moi sur Linkedin Antoine Nivard Secr\u00e9taire Suivez-moi sur Linkedin Thomas Volmer Vice-Pr\u00e9sident [&hellip;]<\/p>\n","protected":false},"author":26,"featured_media":0,"parent":267,"menu_order":41,"comment_status":"closed","ping_status":"closed","template":"","meta":{"footnotes":""},"hf_cat_page":[],"class_list":["post-273","page","type-page","status-publish","hentry"],"aioseo_notices":[],"_links":{"self":[{"href":"https:\/\/frnix.org\/pt\/wp-json\/wp\/v2\/pages\/273","targetHints":{"allow":["GET"]}}],"collection":[{"href":"https:\/\/frnix.org\/pt\/wp-json\/wp\/v2\/pages"}],"about":[{"href":"https:\/\/frnix.org\/pt\/wp-json\/wp\/v2\/types\/page"}],"author":[{"embeddable":true,"href":"https:\/\/frnix.org\/pt\/wp-json\/wp\/v2\/users\/26"}],"replies":[{"embeddable":true,"href":"https:\/\/frnix.org\/pt\/wp-json\/wp\/v2\/comments?post=273"}],"version-history":[{"count":1,"href":"https:\/\/frnix.org\/pt\/wp-json\/wp\/v2\/pages\/273\/revisions"}],"predecessor-version":[{"id":20611,"href":"https:\/\/frnix.org\/pt\/wp-json\/wp\/v2\/pages\/273\/revisions\/20611"}],"up":[{"embeddable":true,"href":"https:\/\/frnix.org\/pt\/wp-json\/wp\/v2\/pages\/267"}],"wp:attachment":[{"href":"https:\/\/frnix.org\/pt\/wp-json\/wp\/v2\/media?parent=273"}],"wp:term":[{"taxonomy":"hf_cat_page","embeddable":true,"href":"https:\/\/frnix.org\/pt\/wp-json\/wp\/v2\/hf_cat_page?post=273"}],"curies":[{"name":"wp","href":"https:\/\/api.w.org\/{rel}","templated":true}]}}