{"id":276,"date":"2023-11-05T19:13:05","date_gmt":"2023-11-05T18:13:05","guid":{"rendered":"https:\/\/frnix.org\/?page_id=276"},"modified":"2025-11-07T10:55:37","modified_gmt":"2025-11-07T09:55:37","slug":"la-gouvernance","status":"publish","type":"page","link":"https:\/\/frnix.org\/pt\/a-propos\/la-gouvernance\/","title":{"rendered":"Governa\u00e7\u00e3o"},"content":{"rendered":"<div data-elementor-type=\"wp-page\" data-elementor-id=\"276\" class=\"elementor elementor-276\" data-elementor-post-type=\"page\">\n\t\t\t\t<div class=\"elementor-element elementor-element-1628975 e-flex e-con-boxed e-con e-parent\" data-id=\"1628975\" data-element_type=\"container\" data-e-type=\"container\" data-settings=\"{&quot;background_background&quot;:&quot;classic&quot;,&quot;shape_divider_bottom&quot;:&quot;curve&quot;,&quot;shape_divider_bottom_negative&quot;:&quot;yes&quot;}\">\n\t\t\t\t\t<div class=\"e-con-inner\">\n\t\t\t\t<div class=\"elementor-shape elementor-shape-bottom\" aria-hidden=\"true\" data-negative=\"true\">\n\t\t\t<svg xmlns=\"http:\/\/www.w3.org\/2000\/svg\" viewbox=\"0 0 1000 100\" preserveaspectratio=\"none\">\n\t<path class=\"elementor-shape-fill\" d=\"M500,97C126.7,96.3,0.8,19.8,0,0v100l1000,0V1C1000,19.4,873.3,97.8,500,97z\"\/>\n<\/svg>\t\t<\/div>\n\t\t<div class=\"elementor-element elementor-element-0b22c05 e-flex e-con-boxed e-con e-child\" data-id=\"0b22c05\" data-element_type=\"container\" data-e-type=\"container\">\n\t\t\t\t\t<div class=\"e-con-inner\">\n\t\t\t\t<div class=\"elementor-element elementor-element-69bb3f8 elementor-widget elementor-widget-heading\" data-id=\"69bb3f8\" data-element_type=\"widget\" data-e-type=\"widget\" data-widget_type=\"heading.default\">\n\t\t\t\t\t<h1 class=\"elementor-heading-title elementor-size-default\">Governa\u00e7\u00e3o da Associa\u00e7\u00e3o<\/h1>\t\t\t\t<\/div>\n\t\t\t\t<div class=\"elementor-element elementor-element-0ebb18e elementor-widget elementor-widget-text-editor\" data-id=\"0ebb18e\" data-element_type=\"widget\" data-e-type=\"widget\" data-widget_type=\"text-editor.default\">\n\t\t\t\t\t\t\t\t\t<p class=\"Standard\">A FRNIX \u00e9 uma associa\u00e7\u00e3o sem fins lucrativos registada em 4 de junho de 2010 com o n\u00famero W751205285.<\/p><p class=\"Standard\">Est\u00e1 organizada como muitas outras associa\u00e7\u00f5es em Fran\u00e7a, com um Conselho de Administra\u00e7\u00e3o eleito por 3 anos e renovado por tr\u00eas ter\u00e7os.<\/p><ul><li class=\"Standard\">Os candidatos \u00e0 elei\u00e7\u00e3o devem ser pessoas singulares, que podem ou n\u00e3o ser membros, ou cuja empresa-m\u00e3e pode ou n\u00e3o ser membro.<\/li><li>O Conselho de Administra\u00e7\u00e3o organiza-se internamente para escolher os seus representantes (Presidente, Tesoureiro, Secret\u00e1rio, etc.).<\/li><li class=\"Standard\">Os estatutos da Associa\u00e7\u00e3o est\u00e3o dispon\u00edveis <span style=\"text-decoration: underline;\"><em><strong><a href=\"https:\/\/frnix.org\/wp-content\/uploads\/2025-03-06-Association-FRNIX-Statuts.pdf\" target=\"_blank\" rel=\"noopener\">aqui<\/a><\/strong><\/em><\/span>.<\/li><li class=\"Standard\">S\u00e3o alterados, se necess\u00e1rio, ap\u00f3s vota\u00e7\u00e3o dos membros.<\/li><\/ul>\t\t\t\t\t\t\t\t<\/div>\n\t\t\t\t\t<\/div>\n\t\t\t\t<\/div>\n\t\t\t\t\t<\/div>\n\t\t\t\t<\/div>\n\t\t<div class=\"elementor-element elementor-element-5468416 e-flex e-con-boxed e-con e-parent\" data-id=\"5468416\" data-element_type=\"container\" data-e-type=\"container\">\n\t\t\t\t\t<div class=\"e-con-inner\">\n\t\t<div class=\"elementor-element elementor-element-1dbc444 e-con-full e-flex e-con e-child\" data-id=\"1dbc444\" data-element_type=\"container\" data-e-type=\"container\">\n\t\t<div class=\"elementor-element elementor-element-1575d3b e-flex e-con-boxed e-con e-child\" data-id=\"1575d3b\" data-element_type=\"container\" data-e-type=\"container\">\n\t\t\t\t\t<div class=\"e-con-inner\">\n\t\t\t\t<div class=\"elementor-element elementor-element-8b295b0 elementor-widget elementor-widget-heading\" data-id=\"8b295b0\" data-element_type=\"widget\" data-e-type=\"widget\" data-widget_type=\"heading.default\">\n\t\t\t\t\t<h4 class=\"elementor-heading-title elementor-size-default\">Como funciona<\/h4>\t\t\t\t<\/div>\n\t\t\t\t\t<\/div>\n\t\t\t\t<\/div>\n\t\t\t\t<\/div>\n\t\t<div class=\"elementor-element elementor-element-800369f e-con-full e-flex e-con e-child\" data-id=\"800369f\" data-element_type=\"container\" data-e-type=\"container\">\n\t\t\t\t<div class=\"elementor-element elementor-element-ac9938d elementor-widget elementor-widget-text-editor\" data-id=\"ac9938d\" data-element_type=\"widget\" data-e-type=\"widget\" data-widget_type=\"text-editor.default\">\n\t\t\t\t\t\t\t\t\t<p class=\"Textbody\" style=\"margin-bottom: 15.0pt;\">Enquanto associa\u00e7\u00e3o sem fins lucrativos ao abrigo da lei francesa de 1901, a FRNIX tem o dever de reunir os seus membros uma vez por ano para validar o encerramento das contas e a renova\u00e7\u00e3o dos membros do Conselho de Administra\u00e7\u00e3o. <a href=\"https:\/\/frnix.org\/pt\/a-propos\/le-conseil-d-administration\/\" target=\"_blank\" rel=\"noopener\"><span style=\"text-decoration: underline;\"><em><strong>Conselho de Administra\u00e7\u00e3o<\/strong><\/em><\/span><\/a>.<\/p>\n<p class=\"Textbody\" style=\"margin: 15.0pt 0cm 15.0pt 0cm;\">Realizada no prazo de 6 meses ap\u00f3s o final do exerc\u00edcio financeiro, a Assembleia Geral Anual (AGM) \u00e9 um evento fundamental para todo o ecossistema FRNIX. Para al\u00e9m de fazer o balan\u00e7o da atividade e dos resultados do IXP FranceIX durante o exerc\u00edcio anterior, estes eventos s\u00e3o uma oportunidade para anunciar novos desenvolvimentos e para uma troca de pontos de vista descontra\u00edda entre os membros e com os representantes da <a href=\"https:\/\/frnix.org\/pt\/a-propos\/le-conseil-d-administration\/\" target=\"_blank\" rel=\"noopener\"><span style=\"text-decoration: underline;\"><em><strong>Conselho de Administra\u00e7\u00e3o<\/strong><\/em><\/span><\/a>.<\/p>\n<p class=\"Textbody\" style=\"margin: 15.0pt 0cm 0cm 0cm;\">A vota\u00e7\u00e3o \u00e9 reservada aos membros da Associa\u00e7\u00e3o, mas as Assembleias Gerais est\u00e3o abertas por convite e registo a todo o ecossistema de peering franc\u00eas: membros, clientes da France-IX Services SAS, parceiros e convidados.<\/p>\n<p class=\"Textbody\" style=\"margin: 15.0pt 0cm 0cm 0cm;\">As assembleias gerais realizam-se geralmente da seguinte forma:<\/p>\n<p class=\"Textbody\" style=\"margin: 15.0pt 0cm 0cm 0cm;\"><\/p>\n\n<ul>\n \t<li>Observa\u00e7\u00f5es introdut\u00f3rias<\/li>\n \t<li>Apresenta\u00e7\u00e3o dos resultados e das actividades pelo Conselho de Administra\u00e7\u00e3o<\/li>\n \t<li>Apresenta\u00e7\u00e3o dos patrocinadores<\/li>\n \t<li>Apresenta\u00e7\u00e3o dos candidatos ao Conselho de Administra\u00e7\u00e3o<\/li>\n \t<li>Vota\u00e7\u00e3o<\/li>\n \t<li>Resultados da vota\u00e7\u00e3o.<\/li>\n<\/ul>\n&nbsp;\n<p class=\"Textbody\" style=\"margin: 15.0pt 0cm 0cm 0cm;\">Pode contar com o Conselho de Administra\u00e7\u00e3o para desenvolver o ecossistema de interliga\u00e7\u00e3o de redes atrav\u00e9s da educa\u00e7\u00e3o, colabora\u00e7\u00e3o e inova\u00e7\u00e3o.<\/p>\t\t\t\t\t\t\t\t<\/div>\n\t\t\t\t<\/div>\n\t\t\t\t\t<\/div>\n\t\t\t\t<\/div>\n\t\t\t\t<\/div>","protected":false},"excerpt":{"rendered":"<p>Gouvernance de l&rsquo;Association FRNIX est une association \u00e0 but non lucratif enregistr\u00e9e le 4 juin 2010 sous le num\u00e9ro W751205285. Elle est organis\u00e9e comme bon nombre d&rsquo;associations en France, avec un Conseil d&rsquo;Administration (CA) \u00e9lu pour 3 ans avec renouvellement par tiers. Les candidats \u00e0 l\u2019\u00e9lection doivent \u00eatre des personnes physiques, pouvant \u00eatre membre ou [&hellip;]<\/p>\n","protected":false},"author":26,"featured_media":0,"parent":267,"menu_order":42,"comment_status":"closed","ping_status":"closed","template":"","meta":{"footnotes":""},"hf_cat_page":[],"class_list":["post-276","page","type-page","status-publish","hentry"],"aioseo_notices":[],"_links":{"self":[{"href":"https:\/\/frnix.org\/pt\/wp-json\/wp\/v2\/pages\/276","targetHints":{"allow":["GET"]}}],"collection":[{"href":"https:\/\/frnix.org\/pt\/wp-json\/wp\/v2\/pages"}],"about":[{"href":"https:\/\/frnix.org\/pt\/wp-json\/wp\/v2\/types\/page"}],"author":[{"embeddable":true,"href":"https:\/\/frnix.org\/pt\/wp-json\/wp\/v2\/users\/26"}],"replies":[{"embeddable":true,"href":"https:\/\/frnix.org\/pt\/wp-json\/wp\/v2\/comments?post=276"}],"version-history":[{"count":0,"href":"https:\/\/frnix.org\/pt\/wp-json\/wp\/v2\/pages\/276\/revisions"}],"up":[{"embeddable":true,"href":"https:\/\/frnix.org\/pt\/wp-json\/wp\/v2\/pages\/267"}],"wp:attachment":[{"href":"https:\/\/frnix.org\/pt\/wp-json\/wp\/v2\/media?parent=276"}],"wp:term":[{"taxonomy":"hf_cat_page","embeddable":true,"href":"https:\/\/frnix.org\/pt\/wp-json\/wp\/v2\/hf_cat_page?post=276"}],"curies":[{"name":"wp","href":"https:\/\/api.w.org\/{rel}","templated":true}]}}