{"id":298,"date":"2023-11-05T19:23:21","date_gmt":"2023-11-05T18:23:21","guid":{"rendered":"https:\/\/frnix.org\/?page_id=298"},"modified":"2025-11-07T10:55:37","modified_gmt":"2025-11-07T09:55:37","slug":"politique-de-confidentialite","status":"publish","type":"page","link":"https:\/\/frnix.org\/pt\/politique-de-confidentialite\/","title":{"rendered":"pol\u00edtica de privacidade"},"content":{"rendered":"<div data-elementor-type=\"wp-page\" data-elementor-id=\"298\" class=\"elementor elementor-298\" data-elementor-post-type=\"page\">\n\t\t\t\t<div class=\"elementor-element elementor-element-71e41cb e-flex e-con-boxed e-con e-parent\" data-id=\"71e41cb\" data-element_type=\"container\" data-e-type=\"container\" data-settings=\"{&quot;background_background&quot;:&quot;classic&quot;,&quot;shape_divider_bottom&quot;:&quot;curve&quot;,&quot;shape_divider_bottom_negative&quot;:&quot;yes&quot;}\">\n\t\t\t\t\t<div class=\"e-con-inner\">\n\t\t\t\t<div class=\"elementor-shape elementor-shape-bottom\" aria-hidden=\"true\" data-negative=\"true\">\n\t\t\t<svg xmlns=\"http:\/\/www.w3.org\/2000\/svg\" viewbox=\"0 0 1000 100\" preserveaspectratio=\"none\">\n\t<path class=\"elementor-shape-fill\" d=\"M500,97C126.7,96.3,0.8,19.8,0,0v100l1000,0V1C1000,19.4,873.3,97.8,500,97z\"\/>\n<\/svg>\t\t<\/div>\n\t\t\t\t<div class=\"elementor-element elementor-element-a1aa327 elementor-widget elementor-widget-heading\" data-id=\"a1aa327\" data-element_type=\"widget\" data-e-type=\"widget\" data-widget_type=\"heading.default\">\n\t\t\t\t\t<h2 class=\"elementor-heading-title elementor-size-default\">Pol\u00edtica de privacidade<\/h2>\t\t\t\t<\/div>\n\t\t\t\t\t<\/div>\n\t\t\t\t<\/div>\n\t\t<div class=\"elementor-element elementor-element-c251497 e-flex e-con-boxed e-con e-parent\" data-id=\"c251497\" data-element_type=\"container\" data-e-type=\"container\">\n\t\t\t\t\t<div class=\"e-con-inner\">\n\t\t\t\t<div class=\"elementor-element elementor-element-c00ab38 elementor-widget elementor-widget-text-editor\" data-id=\"c00ab38\" data-element_type=\"widget\" data-e-type=\"widget\" data-widget_type=\"text-editor.default\">\n\t\t\t\t\t\t\t\t\t<div class=\"page-content\"><div class=\"elementor elementor-3\" data-elementor-type=\"wp-page\" data-elementor-id=\"3\" data-elementor-post-type=\"page\"><div class=\"elementor-element elementor-element-39c18ec e-flex e-con-boxed e-con e-parent\" data-id=\"39c18ec\" data-element_type=\"container\" data-settings=\"{&quot;content_width&quot;:&quot;boxed&quot;}\" data-core-v316-plus=\"true\"><div class=\"e-con-inner\"><div class=\"elementor-element elementor-element-c5dc281 elementor-widget elementor-widget-text-editor\" data-id=\"c5dc281\" data-element_type=\"widget\" data-widget_type=\"text-editor.default\"><div class=\"elementor-widget-container\"><p>O endere\u00e7o do nosso s\u00edtio Web \u00e9 : <span style=\"text-decoration: underline;\"><em><a href=\"https:\/\/frnix.org\/pt\/\" target=\"_blank\" rel=\"noopener\">https:\/\/frnix.org<\/a><\/em><\/span><\/p><p><strong>Coment\u00e1rios<\/strong><\/p><p>Quando os visitantes deixam coment\u00e1rios no s\u00edtio, recolhemos os dados apresentados no formul\u00e1rio de coment\u00e1rio, bem como o endere\u00e7o IP do visitante e a cadeia de agentes do utilizador do browser para ajudar a detetar spam.<\/p><p>Uma cadeia an\u00f3nima criada a partir do seu endere\u00e7o de correio eletr\u00f3nico (tamb\u00e9m conhecida como hash) pode ser fornecida ao servi\u00e7o Gravatar para verificar se o utiliza. A pol\u00edtica de privacidade do Gravatar est\u00e1 dispon\u00edvel aqui: https:\/\/automattic.com\/privacy\/. Quando o seu coment\u00e1rio for aprovado, a sua fotografia de perfil ficar\u00e1 vis\u00edvel para o p\u00fablico no contexto do seu coment\u00e1rio.<\/p><p><strong>Media<\/strong><\/p><p>Se carregar imagens para o s\u00edtio Web, deve evitar carregar imagens com dados de localiza\u00e7\u00e3o incorporados (SGP EXIF). Os visitantes do s\u00edtio Web podem descarregar e extrair todos os dados de localiza\u00e7\u00e3o das imagens no s\u00edtio Web.<\/p><p><strong>Biscoitos<\/strong><\/p><p>Se deixar um coment\u00e1rio no nosso s\u00edtio, pode registar-se para guardar o seu nome, endere\u00e7o de correio eletr\u00f3nico e s\u00edtio Web nos cookies. Estes s\u00e3o para sua conveni\u00eancia, para que n\u00e3o tenha de preencher os seus dados novamente quando deixar outro coment\u00e1rio. Estes cookies t\u00eam a dura\u00e7\u00e3o de um ano.<\/p><p>Se visitar a nossa p\u00e1gina de in\u00edcio de sess\u00e3o, definiremos um cookie tempor\u00e1rio para determinar se o seu browser aceita cookies. Este cookie n\u00e3o cont\u00e9m dados pessoais e \u00e9 eliminado quando o utilizador fecha o seu browser.<\/p><p>Quando iniciar sess\u00e3o, tamb\u00e9m definimos uma s\u00e9rie de cookies para registar as suas informa\u00e7\u00f5es de in\u00edcio de sess\u00e3o e as suas op\u00e7\u00f5es de visualiza\u00e7\u00e3o do ecr\u00e3. Os cookies de in\u00edcio de sess\u00e3o duram dois dias e os cookies de op\u00e7\u00f5es de ecr\u00e3 duram um ano. Se selecionar \"Lembrar-me\", a sua liga\u00e7\u00e3o persistir\u00e1 durante quinze dias. Se terminar a sess\u00e3o na sua conta, os cookies de in\u00edcio de sess\u00e3o ser\u00e3o eliminados.<\/p><p>Se modificar ou publicar um artigo, ser\u00e1 guardado um cookie adicional no seu browser. Este cookie n\u00e3o cont\u00e9m dados pessoais e indica simplesmente o ID de publica\u00e7\u00e3o do artigo que acabou de modificar. Expira ao fim de 1 dia.<\/p><p><b>Conte\u00fado integrado de outros s\u00edtios Web<\/b><\/p><p>Os artigos deste s\u00edtio podem incluir conte\u00fados incorporados (por exemplo, v\u00eddeos, imagens, artigos, etc.). O conte\u00fado incorporado de outros s\u00edtios Web comporta-se exatamente da mesma forma como se o visitante tivesse visitado o outro s\u00edtio Web.<\/p><p>Estes s\u00edtios Web podem recolher dados sobre o utilizador, utilizar cookies, integrar rastreio adicional de terceiros e monitorizar a sua intera\u00e7\u00e3o com este conte\u00fado integrado, incluindo o rastreio da sua intera\u00e7\u00e3o com o conte\u00fado integrado se tiver uma conta e estiver ligado a este s\u00edtio Web.<\/p><p><b>Com quem partilhamos os seus dados\u00a0<\/b><\/p><p>Se solicitar uma reposi\u00e7\u00e3o da palavra-passe, o seu endere\u00e7o IP ser\u00e1 inclu\u00eddo na mensagem de correio eletr\u00f3nico de reposi\u00e7\u00e3o.<\/p><p><b>Durante quanto tempo conservamos os seus dados<\/b><\/p><p>Se deixar um coment\u00e1rio, o coment\u00e1rio e os seus metadados s\u00e3o conservados durante 5 anos. Isto permite-nos reconhecer e aprovar automaticamente quaisquer coment\u00e1rios subsequentes, em vez de os manter numa fila de modera\u00e7\u00e3o.<\/p><p>Para os utilizadores que se registam no nosso s\u00edtio Web (quando aplic\u00e1vel), tamb\u00e9m guardamos as informa\u00e7\u00f5es pessoais que fornecem no seu perfil de utilizador. Todos os utilizadores podem ver, alterar ou eliminar as suas informa\u00e7\u00f5es pessoais em qualquer altura (exceto que n\u00e3o podem alterar o seu nome de utilizador). Os administradores do s\u00edtio Web tamb\u00e9m podem ver e modificar estas informa\u00e7\u00f5es.<\/p><p><b>Que direitos tem sobre os seus dados?<\/b><\/p><p>Se tiver uma conta neste s\u00edtio ou tiver deixado coment\u00e1rios, pode pedir para receber um ficheiro exportado dos dados pessoais que temos sobre si, incluindo os dados que nos forneceu. Pode tamb\u00e9m solicitar a elimina\u00e7\u00e3o de quaisquer dados pessoais que tenhamos sobre si. Isto n\u00e3o inclui quaisquer dados que sejamos obrigados a reter para fins administrativos, legais ou de seguran\u00e7a.<\/p><p><b>Para onde s\u00e3o enviados os seus dados?<\/b><\/p><p>Os coment\u00e1rios dos visitantes podem ser verificados atrav\u00e9s de um servi\u00e7o autom\u00e1tico de dete\u00e7\u00e3o de spam.<\/p><\/div><\/div><\/div><\/div><\/div><div class=\"post-tags\"><p style=\"padding-left: 40px;\">Se tiver quaisquer coment\u00e1rios, contacte o RPD<\/p><p style=\"text-align: center;\">(<a href=\"\/pt\/admin@frnix.org\/\">admin@frnix.org<\/a>)<\/p><\/div><\/div>\t\t\t\t\t\t\t\t<\/div>\n\t\t\t\t\t<\/div>\n\t\t\t\t<\/div>\n\t\t\t\t<\/div>","protected":false},"excerpt":{"rendered":"<p>Politique de confidentialit\u00e9 L\u2019adresse de notre site web est : https:\/\/frnix.org Commentaires Lorsque les visiteurs laissent des commentaires sur le site, nous collectons les donn\u00e9es affich\u00e9es dans le formulaire de commentaires, ainsi que l\u2019adresse IP du visiteur et la cha\u00eene d\u2019agent utilisateur du navigateur pour aider \u00e0 la d\u00e9tection du spam. Une cha\u00eene anonymis\u00e9e cr\u00e9\u00e9e [&hellip;]<\/p>\n","protected":false},"author":26,"featured_media":0,"parent":0,"menu_order":35,"comment_status":"closed","ping_status":"closed","template":"","meta":{"footnotes":""},"hf_cat_page":[381],"class_list":["post-298","page","type-page","status-publish","hentry"],"aioseo_notices":[],"_links":{"self":[{"href":"https:\/\/frnix.org\/pt\/wp-json\/wp\/v2\/pages\/298","targetHints":{"allow":["GET"]}}],"collection":[{"href":"https:\/\/frnix.org\/pt\/wp-json\/wp\/v2\/pages"}],"about":[{"href":"https:\/\/frnix.org\/pt\/wp-json\/wp\/v2\/types\/page"}],"author":[{"embeddable":true,"href":"https:\/\/frnix.org\/pt\/wp-json\/wp\/v2\/users\/26"}],"replies":[{"embeddable":true,"href":"https:\/\/frnix.org\/pt\/wp-json\/wp\/v2\/comments?post=298"}],"version-history":[{"count":1,"href":"https:\/\/frnix.org\/pt\/wp-json\/wp\/v2\/pages\/298\/revisions"}],"predecessor-version":[{"id":20166,"href":"https:\/\/frnix.org\/pt\/wp-json\/wp\/v2\/pages\/298\/revisions\/20166"}],"wp:attachment":[{"href":"https:\/\/frnix.org\/pt\/wp-json\/wp\/v2\/media?parent=298"}],"wp:term":[{"taxonomy":"hf_cat_page","embeddable":true,"href":"https:\/\/frnix.org\/pt\/wp-json\/wp\/v2\/hf_cat_page?post=298"}],"curies":[{"name":"wp","href":"https:\/\/api.w.org\/{rel}","templated":true}]}}