{"id":308,"date":"2023-11-05T19:28:51","date_gmt":"2023-11-05T18:28:51","guid":{"rendered":"https:\/\/frnix.org\/?page_id=308"},"modified":"2025-11-07T10:55:36","modified_gmt":"2025-11-07T09:55:36","slug":"faq","status":"publish","type":"page","link":"https:\/\/frnix.org\/pt\/ressources\/faq\/","title":{"rendered":"FAQ"},"content":{"rendered":"<div data-elementor-type=\"wp-page\" data-elementor-id=\"308\" class=\"elementor elementor-308\" data-elementor-post-type=\"page\">\n\t\t\t\t<div class=\"elementor-element elementor-element-29d3efb e-flex e-con-boxed e-con e-parent\" data-id=\"29d3efb\" data-element_type=\"container\" data-e-type=\"container\" data-settings=\"{&quot;background_background&quot;:&quot;classic&quot;,&quot;shape_divider_bottom&quot;:&quot;curve&quot;,&quot;shape_divider_bottom_negative&quot;:&quot;yes&quot;}\">\n\t\t\t\t\t<div class=\"e-con-inner\">\n\t\t\t\t<div class=\"elementor-shape elementor-shape-bottom\" aria-hidden=\"true\" data-negative=\"true\">\n\t\t\t<svg xmlns=\"http:\/\/www.w3.org\/2000\/svg\" viewbox=\"0 0 1000 100\" preserveaspectratio=\"none\">\n\t<path class=\"elementor-shape-fill\" d=\"M500,97C126.7,96.3,0.8,19.8,0,0v100l1000,0V1C1000,19.4,873.3,97.8,500,97z\"\/>\n<\/svg>\t\t<\/div>\n\t\t\t\t<div class=\"elementor-element elementor-element-5560520 elementor-widget elementor-widget-heading\" data-id=\"5560520\" data-element_type=\"widget\" data-e-type=\"widget\" data-widget_type=\"heading.default\">\n\t\t\t\t\t<h2 class=\"elementor-heading-title elementor-size-default\">Perguntas frequentes<\/h2>\t\t\t\t<\/div>\n\t\t\t\t\t<\/div>\n\t\t\t\t<\/div>\n\t\t<div class=\"elementor-element elementor-element-04f2006 e-flex e-con-boxed e-con e-parent\" data-id=\"04f2006\" data-element_type=\"container\" data-e-type=\"container\">\n\t\t\t\t\t<div class=\"e-con-inner\">\n\t\t\t\t<div class=\"elementor-element elementor-element-eb8bd8e elementor-widget elementor-widget-text-editor\" data-id=\"eb8bd8e\" data-element_type=\"widget\" data-e-type=\"widget\" data-widget_type=\"text-editor.default\">\n\t\t\t\t\t\t\t\t\t<h4><strong>Diversos<\/strong><\/h4>\t\t\t\t\t\t\t\t<\/div>\n\t\t\t\t\t<\/div>\n\t\t\t\t<\/div>\n\t\t<div class=\"elementor-element elementor-element-0f3dc44 e-flex e-con-boxed e-con e-parent\" data-id=\"0f3dc44\" data-element_type=\"container\" data-e-type=\"container\">\n\t\t\t\t\t<div class=\"e-con-inner\">\n\t\t\t\t<div class=\"elementor-element elementor-element-5fb5171 elementor-widget elementor-widget-text-editor\" data-id=\"5fb5171\" data-element_type=\"widget\" data-e-type=\"widget\" data-widget_type=\"text-editor.default\">\n\t\t\t\t\t\t\t\t\t<h5><strong>Quais s\u00e3o as vantagens de ser membro do FRNIX?<\/strong><\/h5><ul><li class=\"Standard\">Poder votar nas elei\u00e7\u00f5es para membros activos (n\u00e3o para membros parceiros ou membros individuais)<\/li><li class=\"Standard\">Descontos nos servi\u00e7os da associa\u00e7\u00e3o<\/li><li class=\"Standard\">Convites priorit\u00e1rios para eventos da associa\u00e7\u00e3o<\/li><li class=\"Standard\">Aparecer nas publica\u00e7\u00f5es FRNIX<\/li><\/ul>\t\t\t\t\t\t\t\t<\/div>\n\t\t\t\t\t<\/div>\n\t\t\t\t<\/div>\n\t\t<div class=\"elementor-element elementor-element-06122ca e-flex e-con-boxed e-con e-parent\" data-id=\"06122ca\" data-element_type=\"container\" data-e-type=\"container\">\n\t\t\t\t\t<div class=\"e-con-inner\">\n\t\t\t\t<div class=\"elementor-element elementor-element-6ee1f6a elementor-widget elementor-widget-text-editor\" data-id=\"6ee1f6a\" data-element_type=\"widget\" data-e-type=\"widget\" data-widget_type=\"text-editor.default\">\n\t\t\t\t\t\t\t\t\t<h5><strong>Posso aderir ao FRNIX mesmo que n\u00e3o esteja ligado ao France-IX ou a outro IXP?<\/strong><\/h5><p style=\"padding-left: 40px;\">Sim, contacte-nos!<\/p>\t\t\t\t\t\t\t\t<\/div>\n\t\t\t\t\t<\/div>\n\t\t\t\t<\/div>\n\t\t<div class=\"elementor-element elementor-element-00a43ce e-flex e-con-boxed e-con e-parent\" data-id=\"00a43ce\" data-element_type=\"container\" data-e-type=\"container\">\n\t\t\t\t\t<div class=\"e-con-inner\">\n\t\t\t\t<div class=\"elementor-element elementor-element-c2bfe1e elementor-widget elementor-widget-text-editor\" data-id=\"c2bfe1e\" data-element_type=\"widget\" data-e-type=\"widget\" data-widget_type=\"text-editor.default\">\n\t\t\t\t\t\t\t\t\t<h5><strong>Posso aderir ao FRNIX a t\u00edtulo individual?<\/strong><\/h5>\n<p style=\"padding-left: 40px;\">Sim, a ades\u00e3o individual \u00e9 poss\u00edvel desde 2025.<\/p>\t\t\t\t\t\t\t\t<\/div>\n\t\t\t\t\t<\/div>\n\t\t\t\t<\/div>\n\t\t<div class=\"elementor-element elementor-element-f61dd2a e-flex e-con-boxed e-con e-parent\" data-id=\"f61dd2a\" data-element_type=\"container\" data-e-type=\"container\">\n\t\t\t\t\t<div class=\"e-con-inner\">\n\t\t\t\t<div class=\"elementor-element elementor-element-1e48b99 elementor-widget elementor-widget-text-editor\" data-id=\"1e48b99\" data-element_type=\"widget\" data-e-type=\"widget\" data-widget_type=\"text-editor.default\">\n\t\t\t\t\t\t\t\t\t<h5><strong>Posso inscrever-me em qualquer altura do ano?<\/strong><\/h5><p style=\"padding-left: 40px;\">Sim, a assinatura do primeiro ano ser\u00e1 calculada pro rata temporis at\u00e9 ao final do ano, e a assinatura seguinte ser\u00e1 solicitada em janeiro.<\/p>\t\t\t\t\t\t\t\t<\/div>\n\t\t\t\t\t<\/div>\n\t\t\t\t<\/div>\n\t\t<div class=\"elementor-element elementor-element-447c530 e-flex e-con-boxed e-con e-parent\" data-id=\"447c530\" data-element_type=\"container\" data-e-type=\"container\">\n\t\t\t\t\t<div class=\"e-con-inner\">\n\t\t\t\t<div class=\"elementor-element elementor-element-22bdc26 elementor-widget elementor-widget-text-editor\" data-id=\"22bdc26\" data-element_type=\"widget\" data-e-type=\"widget\" data-widget_type=\"text-editor.default\">\n\t\t\t\t\t\t\t\t\t<h5><strong>Posso ir a um evento sem ser membro?<\/strong><\/h5><p style=\"padding-left: 40px;\">Sim. Contacte-nos!<\/p>\t\t\t\t\t\t\t\t<\/div>\n\t\t\t\t\t<\/div>\n\t\t\t\t<\/div>\n\t\t<div class=\"elementor-element elementor-element-d86df26 e-flex e-con-boxed e-con e-parent\" data-id=\"d86df26\" data-element_type=\"container\" data-e-type=\"container\">\n\t\t\t\t\t<div class=\"e-con-inner\">\n\t\t\t\t<div class=\"elementor-element elementor-element-3195acb elementor-widget elementor-widget-text-editor\" data-id=\"3195acb\" data-element_type=\"widget\" data-e-type=\"widget\" data-widget_type=\"text-editor.default\">\n\t\t\t\t\t\t\t\t\t<h5><strong>Posso patrocinar um evento organizado pelo FRNIX?<\/strong><\/h5><p style=\"padding-left: 40px;\">Sim. Contacte-nos!<\/p>\t\t\t\t\t\t\t\t<\/div>\n\t\t\t\t\t<\/div>\n\t\t\t\t<\/div>\n\t\t<div class=\"elementor-element elementor-element-bfa07c1 e-flex e-con-boxed e-con e-parent\" data-id=\"bfa07c1\" data-element_type=\"container\" data-e-type=\"container\">\n\t\t\t\t\t<div class=\"e-con-inner\">\n\t\t\t\t<div class=\"elementor-element elementor-element-e9982fe elementor-widget elementor-widget-text-editor\" data-id=\"e9982fe\" data-element_type=\"widget\" data-e-type=\"widget\" data-widget_type=\"text-editor.default\">\n\t\t\t\t\t\t\t\t\t<h5><strong>Posso candidatar-me \u00e0 elei\u00e7\u00e3o para o Conselho de Administra\u00e7\u00e3o sem ser membro da FRNIX?<\/strong><\/h5><p style=\"padding-left: 40px;\">Sim. Contacte-nos!<\/p>\t\t\t\t\t\t\t\t<\/div>\n\t\t\t\t\t<\/div>\n\t\t\t\t<\/div>\n\t\t<div class=\"elementor-element elementor-element-052bf71 e-flex e-con-boxed e-con e-parent\" data-id=\"052bf71\" data-element_type=\"container\" data-e-type=\"container\">\n\t\t\t\t\t<div class=\"e-con-inner\">\n\t\t\t\t<div class=\"elementor-element elementor-element-60b81ff elementor-widget elementor-widget-text-editor\" data-id=\"60b81ff\" data-element_type=\"widget\" data-e-type=\"widget\" data-widget_type=\"text-editor.default\">\n\t\t\t\t\t\t\t\t\t<h4><strong>A espreitar?<\/strong><\/h4>\t\t\t\t\t\t\t\t<\/div>\n\t\t\t\t\t<\/div>\n\t\t\t\t<\/div>\n\t\t<div class=\"elementor-element elementor-element-7aa0cf0 e-flex e-con-boxed e-con e-parent\" data-id=\"7aa0cf0\" data-element_type=\"container\" data-e-type=\"container\">\n\t\t\t\t\t<div class=\"e-con-inner\">\n\t\t\t\t<div class=\"elementor-element elementor-element-6418fab elementor-widget elementor-widget-text-editor\" data-id=\"6418fab\" data-element_type=\"widget\" data-e-type=\"widget\" data-widget_type=\"text-editor.default\">\n\t\t\t\t\t\t\t\t\t<h5><strong>Mas o que \u00e9 isso de \"peering\" de que est\u00e1 sempre a falar?<\/strong><\/h5><p class=\"Standard\">O peering e a interconex\u00e3o atrav\u00e9s de um IXP (Internet Exchange Point) s\u00e3o conceitos essenciais para a Internet e o seu bom funcionamento.<\/p><p class=\"Standard\">Um IXP \u00e9 um ponto f\u00edsico onde diferentes redes Internet, como as dos fornecedores de servi\u00e7os Internet (ISP), grandes empresas, redes de conte\u00fados, s\u00edtios Web, CDN, redes de v\u00eddeo, etc., se encontram para trocar tr\u00e1fego. Tudo isto tem lugar em centros de dados.<\/p><p class=\"Standard\">O peering \u00e9 um acordo que permite a duas redes Internet trocarem tr\u00e1fego entre si sem custos directos. A ideia \u00e9 \"eu transporto o seu tr\u00e1fego, voc\u00ea transporta o meu\".<\/p><h4>As vantagens do peering s\u00e3o muitas e imediatas:<\/h4><p class=\"Standard\"><strong>Redu\u00e7\u00e3o de custos<\/strong>\u00a0Os dois jogadores j\u00e1 n\u00e3o t\u00eam de pagar a um terceiro para trocar tr\u00e1fego.<\/p><p class=\"Standard\"><strong>Melhoria do desempenho<\/strong>\u00a0Menos hops (passos) entre redes, o que pode reduzir a lat\u00eancia (tempo de resposta) e melhorar a velocidade de liga\u00e7\u00e3o, bem como o risco de falhas interm\u00e9dias.<\/p><p class=\"Standard\"><strong>Autonomia e controlo<\/strong>\u00a0As redes podem gerir mais diretamente com quem trocam tr\u00e1fego.<\/p><h4>Impacto nos utilizadores e nas empresas :<\/h4><p class=\"Standard\">Embora estes conceitos possam parecer altamente t\u00e9cnicos, t\u00eam um impacto direto na experi\u00eancia do utilizador. Uma melhor interconex\u00e3o e peering significar\u00e3o sempre downloads mais r\u00e1pidos, streaming de v\u00eddeo de melhor qualidade e menos atrasos nos jogos em linha, por exemplo.<\/p><p class=\"Standard\">Para as empresas, em especial as que utilizam intensivamente a Internet, aderir a um IXP \u00e9 uma forma de entrar na grande liga e tornar-se um verdadeiro interveniente na Internet, em vez de apenas um cliente da Internet.<\/p>\t\t\t\t\t\t\t\t<\/div>\n\t\t\t\t\t<\/div>\n\t\t\t\t<\/div>\n\t\t<div class=\"elementor-element elementor-element-2f464e3 e-flex e-con-boxed e-con e-parent\" data-id=\"2f464e3\" data-element_type=\"container\" data-e-type=\"container\">\n\t\t\t\t\t<div class=\"e-con-inner\">\n\t\t\t\t<div class=\"elementor-element elementor-element-5bbcb8b elementor-widget elementor-widget-text-editor\" data-id=\"5bbcb8b\" data-element_type=\"widget\" data-e-type=\"widget\" data-widget_type=\"text-editor.default\">\n\t\t\t\t\t\t\t\t\t<h5><strong>Porque \u00e9 que vale a pena um IXP ser apoiado por uma organiza\u00e7\u00e3o n\u00e3o comercial?<\/strong><\/h5><p class=\"Standard\">Existem v\u00e1rias raz\u00f5es pelas quais faz sentido que um IXP seja apoiado por uma estrutura n\u00e3o comercial.<\/p><ul><li class=\"Standard\"><b>Independ\u00eancia <\/b>Um IXP deve manter-se independente dos ISP, dos operadores e de outros intervenientes. As decis\u00f5es s\u00e3o tomadas no interesse de todo o ecossistema da Internet e n\u00e3o no interesse de um \u00fanico grupo de intervenientes.<\/li><li class=\"Standard\"><b>Transpar\u00eancia <\/b>Um IXP deve ser transparente para os seus membros no que respeita \u00e0s suas opera\u00e7\u00f5es e decis\u00f5es. Isto permite que as partes interessadas compreendam o funcionamento do IXP e garantam que este \u00e9 gerido de forma respons\u00e1vel.<\/li><\/ul><p class=\"Standard\">\u00c9 claro que tamb\u00e9m h\u00e1 desvantagens em ser uma estrutura n\u00e3o comercial. Por exemplo, um IXP n\u00e3o comercial pode ter mais dificuldade em angariar fundos e investir na sua infraestrutura. Por esta raz\u00e3o, a FRNIX decidiu isolar a opera\u00e7\u00e3o do IXP numa empresa: <a href=\"https:\/\/www.franceix.net\/fr\/\" target=\"_blank\" rel=\"noopener\">Servi\u00e7os France-IX<\/a>.<\/p>\t\t\t\t\t\t\t\t<\/div>\n\t\t\t\t\t<\/div>\n\t\t\t\t<\/div>\n\t\t<div class=\"elementor-element elementor-element-71268b8 e-flex e-con-boxed e-con e-parent\" data-id=\"71268b8\" data-element_type=\"container\" data-e-type=\"container\">\n\t\t\t\t\t<div class=\"e-con-inner\">\n\t\t\t\t<div class=\"elementor-element elementor-element-56501b4 elementor-widget elementor-widget-text-editor\" data-id=\"56501b4\" data-element_type=\"widget\" data-e-type=\"widget\" data-widget_type=\"text-editor.default\">\n\t\t\t\t\t\t\t\t\t<h5><strong>Como \u00e9 que eu posso fazer pares?<\/strong><\/h5><p class=\"Standard\">O peering requer um ASN, endere\u00e7os IP e um router BGP. Se quiser saber mais, contacte-nos! Tamb\u00e9m pode aprender sobre BGP num Workshop BGP.<\/p>\t\t\t\t\t\t\t\t<\/div>\n\t\t\t\t\t<\/div>\n\t\t\t\t<\/div>\n\t\t<div class=\"elementor-element elementor-element-1928f7e e-flex e-con-boxed e-con e-parent\" data-id=\"1928f7e\" data-element_type=\"container\" data-e-type=\"container\">\n\t\t\t\t\t<div class=\"e-con-inner\">\n\t\t\t\t<div class=\"elementor-element elementor-element-f96902e elementor-widget elementor-widget-text-editor\" data-id=\"f96902e\" data-element_type=\"widget\" data-e-type=\"widget\" data-widget_type=\"text-editor.default\">\n\t\t\t\t\t\t\t\t\t<h5><strong>O que \u00e9 um ASN?<\/strong><\/h5><p class=\"Standard\">Um Sistema Aut\u00f3nomo (AS) \u00e9 um n\u00famero, da\u00ed o N\u00famero de Sistema Aut\u00f3nomo (ASN). \u00c9 atribu\u00eddo por um Registo Regional da Internet (RIR). Na Europa, \u00e9\u00a0<a href=\"https:\/\/www.ripe.net\" target=\"_blank\" rel=\"noopener\">RIPE<\/a>\u00a0que atribui ASNs. Assim que tiver o seu ASN, pode utiliz\u00e1-lo para alojar os seus diferentes intervalos de endere\u00e7os IP v4 ou v6.<\/p><p class=\"Standard\">O FRNIX fornece um <a href=\"https:\/\/frnix.org\/pt\/activites\/ripe-training\/\" target=\"_blank\" rel=\"noopener\">apoio na obten\u00e7\u00e3o do seu ASN e endere\u00e7os IP junto da RIPE<\/a>.<\/p>\t\t\t\t\t\t\t\t<\/div>\n\t\t\t\t\t<\/div>\n\t\t\t\t<\/div>\n\t\t<div class=\"elementor-element elementor-element-87e3c9a e-flex e-con-boxed e-con e-parent\" data-id=\"87e3c9a\" data-element_type=\"container\" data-e-type=\"container\">\n\t\t\t\t\t<div class=\"e-con-inner\">\n\t\t\t\t<div class=\"elementor-element elementor-element-0bb3357 elementor-widget elementor-widget-text-editor\" data-id=\"0bb3357\" data-element_type=\"widget\" data-e-type=\"widget\" data-widget_type=\"text-editor.default\">\n\t\t\t\t\t\t\t\t\t<h5><strong>O que \u00e9 a lat\u00eancia?<\/strong><\/h5><p class=\"Standard\">A lat\u00eancia \u00e9 a velocidade de ida e volta entre dois equipamentos na Internet. Um computador e um servidor, por exemplo. Raramente falamos de lat\u00eancia, mas ela \u00e9 t\u00e3o importante quanto a velocidade. Quanto menor for a lat\u00eancia, melhor ser\u00e1 a qualidade da liga\u00e7\u00e3o entre dois pontos na Internet.<\/p><p class=\"Standard\">A lat\u00eancia \u00e9 calculada em ms (mil\u00e9simos de segundo). E \u00e9 normalmente indicada como RTT, que significa Round Trip Time.<\/p>\t\t\t\t\t\t\t\t<\/div>\n\t\t\t\t\t<\/div>\n\t\t\t\t<\/div>\n\t\t<div class=\"elementor-element elementor-element-c7b7954 e-flex e-con-boxed e-con e-parent\" data-id=\"c7b7954\" data-element_type=\"container\" data-e-type=\"container\">\n\t\t\t\t\t<div class=\"e-con-inner\">\n\t\t\t\t<div class=\"elementor-element elementor-element-5ab9b1e elementor-widget elementor-widget-text-editor\" data-id=\"5ab9b1e\" data-element_type=\"widget\" data-e-type=\"widget\" data-widget_type=\"text-editor.default\">\n\t\t\t\t\t\t\t\t\t<h5><strong>Como \u00e9 que obtenho um ASN e endere\u00e7os IP?<\/strong><\/h5><p class=\"Standard\">O FRNIX pode ajud\u00e1-lo a obter os seus recursos de ASN e IP. Tamb\u00e9m \u00e9 poss\u00edvel ler as diversas documenta\u00e7\u00f5es existentes sobre o assunto.<\/p>\t\t\t\t\t\t\t\t<\/div>\n\t\t\t\t\t<\/div>\n\t\t\t\t<\/div>\n\t\t<div class=\"elementor-element elementor-element-9eea8f6 e-flex e-con-boxed e-con e-parent\" data-id=\"9eea8f6\" data-element_type=\"container\" data-e-type=\"container\">\n\t\t\t\t\t<div class=\"e-con-inner\">\n\t\t\t\t<div class=\"elementor-element elementor-element-771b60a elementor-widget elementor-widget-text-editor\" data-id=\"771b60a\" data-element_type=\"widget\" data-e-type=\"widget\" data-widget_type=\"text-editor.default\">\n\t\t\t\t\t\t\t\t\t<h5><strong>A que IXP devo ligar-me?<\/strong><\/h5><p>\u00c9 necess\u00e1rio ter em conta um certo n\u00famero de crit\u00e9rios:<\/p><ul><li>o seu s\u00edtio de in\u00edcio de sess\u00e3o original<\/li><li>os fluxos dispon\u00edveis neste s\u00edtio<\/li><li>os seus alvos de peering<\/li><\/ul><p class=\"Standard\">\u00a0<\/p>\t\t\t\t\t\t\t\t<\/div>\n\t\t\t\t\t<\/div>\n\t\t\t\t<\/div>\n\t\t\t\t<\/div>","protected":false},"excerpt":{"rendered":"<p>FAQs Divers Quels sont les avantages d&rsquo;\u00eatre membre de FRNIX ? Pouvoir voter aux \u00e9lections pour les membres actifs (pas les membres partenaires ni les membres individuels) Avoir des r\u00e9ductions sur les prestations de l&rsquo;association Etre invit\u00e9 en priorit\u00e9 aux \u00e9v\u00e8nements de l&rsquo;association Apparaitre sur les publications de FRNIX Peut-on adh\u00e9rer \u00e0 FRNIX m\u00eame si [&hellip;]<\/p>\n","protected":false},"author":26,"featured_media":0,"parent":304,"menu_order":29,"comment_status":"closed","ping_status":"closed","template":"","meta":{"footnotes":""},"hf_cat_page":[],"class_list":["post-308","page","type-page","status-publish","hentry"],"aioseo_notices":[],"_links":{"self":[{"href":"https:\/\/frnix.org\/pt\/wp-json\/wp\/v2\/pages\/308","targetHints":{"allow":["GET"]}}],"collection":[{"href":"https:\/\/frnix.org\/pt\/wp-json\/wp\/v2\/pages"}],"about":[{"href":"https:\/\/frnix.org\/pt\/wp-json\/wp\/v2\/types\/page"}],"author":[{"embeddable":true,"href":"https:\/\/frnix.org\/pt\/wp-json\/wp\/v2\/users\/26"}],"replies":[{"embeddable":true,"href":"https:\/\/frnix.org\/pt\/wp-json\/wp\/v2\/comments?post=308"}],"version-history":[{"count":0,"href":"https:\/\/frnix.org\/pt\/wp-json\/wp\/v2\/pages\/308\/revisions"}],"up":[{"embeddable":true,"href":"https:\/\/frnix.org\/pt\/wp-json\/wp\/v2\/pages\/304"}],"wp:attachment":[{"href":"https:\/\/frnix.org\/pt\/wp-json\/wp\/v2\/media?parent=308"}],"wp:term":[{"taxonomy":"hf_cat_page","embeddable":true,"href":"https:\/\/frnix.org\/pt\/wp-json\/wp\/v2\/hf_cat_page?post=308"}],"curies":[{"name":"wp","href":"https:\/\/api.w.org\/{rel}","templated":true}]}}